{"id":10099,"date":"2013-07-06T00:00:46","date_gmt":"2013-07-05T17:00:46","guid":{"rendered":"https:\/\/banbientan.com\/?page_id=10099"},"modified":"2013-07-06T00:00:46","modified_gmt":"2013-07-05T17:00:46","slug":"h7ec","status":"publish","type":"page","link":"https:\/\/hunglong.banbientan.com\/?page_id=10099","title":{"rendered":"H7EC"},"content":{"rendered":"<table style=\"width: 705px;\" border=\"0\" cellspacing=\"0\" cellpadding=\"0\">\n<colgroup>\n<col width=\"239\" \/>\n<col width=\"236\" \/>\n<col width=\"230\" \/> <\/colgroup>\n<tbody>\n<tr>\n<td width=\"239\" height=\"17\"><a href=\"https:\/\/banbientan.com\/h7ec-n\/\">H7EC-N<\/a><\/td>\n<td width=\"236\"><a href=\"https:\/\/banbientan.com\/h7ec-nfv\/\">H7EC-NFV<\/a><\/td>\n<td width=\"230\"><a href=\"https:\/\/banbientan.com\/h7ec-nv\">H7EC-NV<\/a><\/td>\n<\/tr>\n<tr>\n<td height=\"17\">\u00a0<a href=\"https:\/\/banbientan.com\/wp-content\/uploads\/2012\/10\/H7EC-N.jpg\"><img loading=\"lazy\" decoding=\"async\" title=\"H7EC-N\" src=\"https:\/\/banbientan.com\/wp-content\/uploads\/2012\/10\/H7EC-N-300x204.jpg\" alt=\"\" width=\"180\" height=\"122\" \/><\/a><\/td>\n<td>\u00a0<a href=\"https:\/\/banbientan.com\/wp-content\/uploads\/2012\/10\/H7EC-N.jpg\"><img loading=\"lazy\" decoding=\"async\" title=\"H7EC-N\" src=\"https:\/\/banbientan.com\/wp-content\/uploads\/2012\/10\/H7EC-N-300x204.jpg\" alt=\"\" width=\"180\" height=\"122\" \/><\/a><\/td>\n<td>\u00a0<a href=\"https:\/\/banbientan.com\/wp-content\/uploads\/2012\/10\/H7EC-N.jpg\"><img loading=\"lazy\" decoding=\"async\" title=\"H7EC-N\" src=\"https:\/\/banbientan.com\/wp-content\/uploads\/2012\/10\/H7EC-N-300x204.jpg\" alt=\"\" width=\"180\" height=\"122\" \/><\/a><\/td>\n<\/tr>\n<tr>\n<td height=\"17\">B\u1ed9 \u0111\u1ebfm, \u0111\u1ea7u v\u00e0o Kh\u00f4ng \u0111i\u1ec7n \u00e1p<\/td>\n<td>B\u1ed9 \u0111\u1ebfm, \u0110\u1ea7u v\u00e0o \u0111a \u0111i\u1ec7n \u00e1p AC\/DC<\/td>\n<td>B\u1ed9 \u0111\u1ebfm LCD, \u0111\u1ea7u v\u00e0o NPN, PNP<\/td>\n<\/tr>\n<tr>\n<td height=\"17\"><a href=\"https:\/\/banbientan.com\/h7ec-nv-h\">H7EC-NV-H<\/a><\/td>\n<td><\/td>\n<td><\/td>\n<\/tr>\n<tr>\n<td height=\"17\">\u00a0<a href=\"https:\/\/banbientan.com\/wp-content\/uploads\/2012\/10\/H7EC-N.jpg\"><img loading=\"lazy\" decoding=\"async\" title=\"H7EC-N\" src=\"https:\/\/banbientan.com\/wp-content\/uploads\/2012\/10\/H7EC-N-300x204.jpg\" alt=\"\" width=\"180\" height=\"122\" \/><\/a><\/td>\n<td><\/td>\n<td><\/td>\n<\/tr>\n<tr>\n<td colspan=\"2\" height=\"17\">B\u1ed9 \u0111\u1ebfm LCD c\u00f3 \u0111\u00e8n n\u1ec1n, \u0111\u1ea7u v\u00e0o NPN, PNP<\/td>\n<td><\/td>\n<\/tr>\n<\/tbody>\n<\/table>\n","protected":false},"excerpt":{"rendered":"<p>H7EC-N H7EC-NFV H7EC-NV \u00a0 \u00a0 \u00a0 B\u1ed9 \u0111\u1ebfm, \u0111\u1ea7u v\u00e0o Kh\u00f4ng \u0111i\u1ec7n \u00e1p B\u1ed9 \u0111\u1ebfm, \u0110\u1ea7u v\u00e0o \u0111a \u0111i\u1ec7n \u00e1p AC\/DC B\u1ed9 \u0111\u1ebfm LCD, \u0111\u1ea7u v\u00e0o NPN, PNP H7EC-NV-H \u00a0 B\u1ed9 \u0111\u1ebfm LCD c\u00f3 \u0111\u00e8n n\u1ec1n, \u0111\u1ea7u v\u00e0o NPN, PNP<\/p>\n","protected":false},"author":2,"featured_media":0,"parent":8467,"menu_order":1,"comment_status":"open","ping_status":"closed","template":"","meta":{"footnotes":""},"class_list":["post-10099","page","type-page","status-publish","hentry"],"_links":{"self":[{"href":"https:\/\/hunglong.banbientan.com\/index.php?rest_route=\/wp\/v2\/pages\/10099","targetHints":{"allow":["GET"]}}],"collection":[{"href":"https:\/\/hunglong.banbientan.com\/index.php?rest_route=\/wp\/v2\/pages"}],"about":[{"href":"https:\/\/hunglong.banbientan.com\/index.php?rest_route=\/wp\/v2\/types\/page"}],"author":[{"embeddable":true,"href":"https:\/\/hunglong.banbientan.com\/index.php?rest_route=\/wp\/v2\/users\/2"}],"replies":[{"embeddable":true,"href":"https:\/\/hunglong.banbientan.com\/index.php?rest_route=%2Fwp%2Fv2%2Fcomments&post=10099"}],"version-history":[{"count":0,"href":"https:\/\/hunglong.banbientan.com\/index.php?rest_route=\/wp\/v2\/pages\/10099\/revisions"}],"up":[{"embeddable":true,"href":"https:\/\/hunglong.banbientan.com\/index.php?rest_route=\/wp\/v2\/pages\/8467"}],"wp:attachment":[{"href":"https:\/\/hunglong.banbientan.com\/index.php?rest_route=%2Fwp%2Fv2%2Fmedia&parent=10099"}],"curies":[{"name":"wp","href":"https:\/\/api.w.org\/{rel}","templated":true}]}}