{"id":10118,"date":"2013-07-06T00:00:18","date_gmt":"2013-07-05T17:00:18","guid":{"rendered":"https:\/\/banbientan.com\/?page_id=10118"},"modified":"2013-07-06T00:00:18","modified_gmt":"2013-07-05T17:00:18","slug":"h7et","status":"publish","type":"page","link":"https:\/\/hunglong.banbientan.com\/?page_id=10118","title":{"rendered":"H7ET"},"content":{"rendered":"<table style=\"width: 705px;\" border=\"0\" cellspacing=\"0\" cellpadding=\"0\">\n<colgroup>\n<col width=\"239\" \/>\n<col width=\"236\" \/>\n<col width=\"230\" \/> <\/colgroup>\n<tbody>\n<tr>\n<td width=\"239\" height=\"17\"><a href=\"https:\/\/banbientan.com\/h7et-nv\"><strong>H7ET-NV<\/strong><\/a><\/td>\n<td width=\"236\"><strong>\u00a0<a href=\"https:\/\/banbientan.com\/h7et-nfv\">H7ET-NFV<\/a><\/strong><\/td>\n<td width=\"230\"><a href=\"https:\/\/banbientan.com\/h7et-n\"><strong>H7ET-N<\/strong><\/a><\/td>\n<\/tr>\n<tr>\n<td width=\"239\" height=\"51\">\u0110\u1ebfm th\u1eddi gian, \u0110\u1ea7u v\u00e0o PNP\/NPN<br \/>\n\u0111i\u1ec7n \u00e1p DC, 999999.9 gi\u1edd ho\u1eb7c 3999 ng\u00e0y 23,9 gi\u1edd<\/td>\n<td>\u0110\u1ebfm th\u1eddi gian, \u0110\u1ea7u v\u00e0o \u0111a \u0111i\u1ec7n \u00e1p AC\/DC, 999999.9 gi\u1edd ho\u1eb7c 3999 ng\u00e0y 23,9 gi\u1edd<\/td>\n<td>\u0110\u1ebfm th\u1eddi gian, \u0110\u1ea7u v\u00e0o kh\u00f4ng \u0111i\u1ec7n \u00e1p, 999999.9 gi\u1edd ho\u1eb7c 3999 ng\u00e0y 23,9 gi\u1edd<\/td>\n<\/tr>\n<tr>\n<td height=\"17\">\u00a0<a href=\"https:\/\/banbientan.com\/wp-content\/uploads\/2011\/10\/counter_H7ET_small.jpg\"><img loading=\"lazy\" decoding=\"async\" title=\"counter_H7ET_small\" src=\"https:\/\/banbientan.com\/wp-content\/uploads\/2011\/10\/counter_H7ET_small.jpg\" alt=\"counter H7ET small H7ET N \u0110\u1ebfm th\u1eddi gian\" width=\"210\" height=\"101\" \/><\/a><\/td>\n<td>\u00a0<a href=\"https:\/\/banbientan.com\/wp-content\/uploads\/2011\/10\/counter_H7ET_small.jpg\"><img loading=\"lazy\" decoding=\"async\" title=\"counter_H7ET_small\" src=\"https:\/\/banbientan.com\/wp-content\/uploads\/2011\/10\/counter_H7ET_small.jpg\" alt=\"counter H7ET small H7ET N \u0110\u1ebfm th\u1eddi gian\" width=\"210\" height=\"101\" \/><\/a><\/td>\n<td><a href=\"https:\/\/banbientan.com\/wp-content\/uploads\/2011\/10\/counter_H7ET_small.jpg\"><img loading=\"lazy\" decoding=\"async\" title=\"counter_H7ET_small\" src=\"https:\/\/banbientan.com\/wp-content\/uploads\/2011\/10\/counter_H7ET_small.jpg\" alt=\"counter H7ET small H7ET N \u0110\u1ebfm th\u1eddi gian\" width=\"210\" height=\"101\" \/><\/a><\/td>\n<\/tr>\n<tr>\n<td height=\"20\"><a href=\"https:\/\/banbientan.com\/h7et-nv1\"><strong>H7ET-NV1<\/strong><\/a><\/td>\n<td><a href=\"https:\/\/banbientan.com\/h7et-nfv1\"><strong>H7ET-NFV1<\/strong><\/a><\/td>\n<td><a href=\"https:\/\/banbientan.com\/h7et-n1\"><strong>H7ET-N1<\/strong><\/a><\/td>\n<\/tr>\n<tr>\n<td height=\"17\">\u00a0<a href=\"https:\/\/banbientan.com\/wp-content\/uploads\/2011\/10\/counter_H7ET_small.jpg\"><img loading=\"lazy\" decoding=\"async\" title=\"counter_H7ET_small\" src=\"https:\/\/banbientan.com\/wp-content\/uploads\/2011\/10\/counter_H7ET_small.jpg\" alt=\"counter H7ET small H7ET N \u0110\u1ebfm th\u1eddi gian\" width=\"210\" height=\"101\" \/><\/a><\/td>\n<td>\u00a0<a href=\"https:\/\/banbientan.com\/wp-content\/uploads\/2011\/10\/counter_H7ET_small.jpg\"><img loading=\"lazy\" decoding=\"async\" title=\"counter_H7ET_small\" src=\"https:\/\/banbientan.com\/wp-content\/uploads\/2011\/10\/counter_H7ET_small.jpg\" alt=\"counter H7ET small H7ET N \u0110\u1ebfm th\u1eddi gian\" width=\"210\" height=\"101\" \/><\/a><\/td>\n<td>\u00a0<a href=\"https:\/\/banbientan.com\/wp-content\/uploads\/2011\/10\/counter_H7ET_small.jpg\"><img loading=\"lazy\" decoding=\"async\" title=\"counter_H7ET_small\" src=\"https:\/\/banbientan.com\/wp-content\/uploads\/2011\/10\/counter_H7ET_small.jpg\" alt=\"counter H7ET small H7ET N \u0110\u1ebfm th\u1eddi gian\" width=\"210\" height=\"101\" \/><\/a><\/td>\n<\/tr>\n<tr>\n<td width=\"239\" height=\"51\">\u0110\u1ebfm th\u1eddi gian, \u0110\u1ea7u v\u00e0o PNP\/NPN<br \/>\n\u0111i\u1ec7n \u00e1p DC, 999 gi\u1edd 59 ph\u00fat 59 gi\u00e2yho\u1eb7c 9999 gi\u1edd 59,9 ph\u00fat<\/td>\n<td>\u0110\u1ebfm th\u1eddi gian, \u0110\u1ea7u v\u00e0o \u0111a \u0111i\u1ec7n \u00e1p AC\/DC,\u00a0 999 gi\u1edd 59 ph\u00fat 59 gi\u00e2yho\u1eb7c 9999 gi\u1edd 59,9 ph\u00fat<\/td>\n<td>\u0110\u1ebfm th\u1eddi gian, \u0110\u1ea7u v\u00e0o kh\u00f4ng \u0111i\u1ec7n \u00e1p,\u00a0 999 gi\u1edd 59 ph\u00fat 59 gi\u00e2yho\u1eb7c 9999 gi\u1edd 59,9 ph\u00fat<\/td>\n<\/tr>\n<\/tbody>\n<\/table>\n","protected":false},"excerpt":{"rendered":"<p>H7ET-NV \u00a0H7ET-NFV H7ET-N \u0110\u1ebfm th\u1eddi gian, \u0110\u1ea7u v\u00e0o PNP\/NPN \u0111i\u1ec7n \u00e1p DC, 999999.9 gi\u1edd ho\u1eb7c 3999 ng\u00e0y 23,9 gi\u1edd \u0110\u1ebfm th\u1eddi gian, \u0110\u1ea7u v\u00e0o \u0111a \u0111i\u1ec7n \u00e1p AC\/DC, 999999.9 gi\u1edd ho\u1eb7c 3999 ng\u00e0y 23,9 gi\u1edd \u0110\u1ebfm th\u1eddi gian, \u0110\u1ea7u v\u00e0o kh\u00f4ng \u0111i\u1ec7n \u00e1p, 999999.9 gi\u1edd ho\u1eb7c 3999 ng\u00e0y 23,9 gi\u1edd \u00a0 \u00a0 H7ET-NV1 H7ET-NFV1 H7ET-N1 [&hellip;]<\/p>\n","protected":false},"author":2,"featured_media":0,"parent":8467,"menu_order":2,"comment_status":"open","ping_status":"closed","template":"","meta":{"footnotes":""},"class_list":["post-10118","page","type-page","status-publish","hentry"],"_links":{"self":[{"href":"https:\/\/hunglong.banbientan.com\/index.php?rest_route=\/wp\/v2\/pages\/10118","targetHints":{"allow":["GET"]}}],"collection":[{"href":"https:\/\/hunglong.banbientan.com\/index.php?rest_route=\/wp\/v2\/pages"}],"about":[{"href":"https:\/\/hunglong.banbientan.com\/index.php?rest_route=\/wp\/v2\/types\/page"}],"author":[{"embeddable":true,"href":"https:\/\/hunglong.banbientan.com\/index.php?rest_route=\/wp\/v2\/users\/2"}],"replies":[{"embeddable":true,"href":"https:\/\/hunglong.banbientan.com\/index.php?rest_route=%2Fwp%2Fv2%2Fcomments&post=10118"}],"version-history":[{"count":0,"href":"https:\/\/hunglong.banbientan.com\/index.php?rest_route=\/wp\/v2\/pages\/10118\/revisions"}],"up":[{"embeddable":true,"href":"https:\/\/hunglong.banbientan.com\/index.php?rest_route=\/wp\/v2\/pages\/8467"}],"wp:attachment":[{"href":"https:\/\/hunglong.banbientan.com\/index.php?rest_route=%2Fwp%2Fv2%2Fmedia&parent=10118"}],"curies":[{"name":"wp","href":"https:\/\/api.w.org\/{rel}","templated":true}]}}