{"id":10539,"date":"2013-07-09T00:00:18","date_gmt":"2013-07-08T17:00:18","guid":{"rendered":"https:\/\/banbientan.com\/?page_id=10539"},"modified":"2013-07-09T00:00:18","modified_gmt":"2013-07-08T17:00:18","slug":"e5ec","status":"publish","type":"page","link":"https:\/\/hunglong.banbientan.com\/?page_id=10539","title":{"rendered":"E5EC"},"content":{"rendered":"<table style=\"width: 705px;\" border=\"0\" cellspacing=\"0\" cellpadding=\"0\">\n<colgroup>\n<col width=\"239\" \/>\n<col width=\"236\" \/>\n<col width=\"230\" \/> <\/colgroup>\n<tbody>\n<tr>\n<td width=\"239\" height=\"18\"><a href=\"https:\/\/banbientan.com\/e5ec-rx2asm-800\"><strong>E5EC-RX2ASM-800<\/strong><\/a><\/td>\n<td width=\"236\"><a href=\"https:\/\/banbientan.com\/e5ec-qx2asm-800\"><strong>E5EC-QX2ASM-800<\/strong><\/a><\/td>\n<td width=\"230\"><a href=\"https:\/\/banbientan.com\/e5ec-cx2asm-800\"><strong>E5EC-CX2ASM-800<\/strong><\/a><\/td>\n<\/tr>\n<tr>\n<td width=\"239\" height=\"17\">\u00a0<a href=\"https:\/\/banbientan.com\/wp-content\/uploads\/2012\/10\/E5EC-RX2ASM-800.jpg\"><img loading=\"lazy\" decoding=\"async\" title=\"E5EC-RX2ASM-800\" src=\"https:\/\/banbientan.com\/wp-content\/uploads\/2012\/10\/E5EC-RX2ASM-800.jpg\" alt=\"\" width=\"198\" height=\"198\" \/><\/a><\/td>\n<td width=\"236\">\u00a0<a href=\"https:\/\/banbientan.com\/wp-content\/uploads\/2012\/10\/E5EC-RX2ASM-800.jpg\"><img loading=\"lazy\" decoding=\"async\" title=\"E5EC-RX2ASM-800\" src=\"https:\/\/banbientan.com\/wp-content\/uploads\/2012\/10\/E5EC-RX2ASM-800.jpg\" alt=\"\" width=\"198\" height=\"198\" \/><\/a><\/td>\n<td width=\"230\">\u00a0<a href=\"https:\/\/banbientan.com\/wp-content\/uploads\/2012\/10\/E5EC-RX2ASM-800.jpg\"><img loading=\"lazy\" decoding=\"async\" title=\"E5EC-RX2ASM-800\" src=\"https:\/\/banbientan.com\/wp-content\/uploads\/2012\/10\/E5EC-RX2ASM-800.jpg\" alt=\"\" width=\"198\" height=\"198\" \/><\/a><\/td>\n<\/tr>\n<tr>\n<td width=\"239\" height=\"34\">Lo\u1ea1i 48&#215;96, \u0110\u1ea7u ra \u0111i\u1ec1u khi\u1ec3n 1 r\u01a1 le, 2 Alarm, ngu\u1ed3n AC100-240<\/td>\n<td width=\"236\">Lo\u1ea1i 48&#215;96, \u0110\u1ea7u ra \u0111i\u1ec1u khi\u1ec3n SSR, 2 Alarm, ngu\u1ed3n AC100-240<\/td>\n<td width=\"230\">Lo\u1ea1i 48&#215;96, \u0110\u1ea7u ra \u0111i\u1ec1u 4-20mA, 2 Alarm, ngu\u1ed3n AC100-240<\/td>\n<\/tr>\n<tr>\n<td width=\"239\" height=\"18\"><a href=\"https:\/\/banbientan.com\/e5ec-rr2asm-800\"><strong>E5EC-RR2ASM-800<\/strong><\/a><\/td>\n<td width=\"236\"><a href=\"https:\/\/banbientan.com\/e5ec-qr2asm-800\"><strong>E5EC-QR2ASM-800<\/strong><\/a><\/td>\n<td width=\"230\"><a href=\"https:\/\/banbientan.com\/e5ec-cr2asm-800\"><strong>E5EC-CR2ASM-800<\/strong><\/a><\/td>\n<\/tr>\n<tr>\n<td width=\"239\" height=\"17\">\u00a0<a href=\"https:\/\/banbientan.com\/wp-content\/uploads\/2012\/10\/E5EC-RX2ASM-800.jpg\"><img loading=\"lazy\" decoding=\"async\" title=\"E5EC-RX2ASM-800\" src=\"https:\/\/banbientan.com\/wp-content\/uploads\/2012\/10\/E5EC-RX2ASM-800.jpg\" alt=\"\" width=\"198\" height=\"198\" \/><\/a><\/td>\n<td width=\"236\">\u00a0<a href=\"https:\/\/banbientan.com\/wp-content\/uploads\/2012\/10\/E5EC-RX2ASM-800.jpg\"><img loading=\"lazy\" decoding=\"async\" title=\"E5EC-RX2ASM-800\" src=\"https:\/\/banbientan.com\/wp-content\/uploads\/2012\/10\/E5EC-RX2ASM-800.jpg\" alt=\"\" width=\"198\" height=\"198\" \/><\/a><\/td>\n<td width=\"230\">\u00a0<a href=\"https:\/\/banbientan.com\/wp-content\/uploads\/2012\/10\/E5EC-RX2ASM-800.jpg\"><img loading=\"lazy\" decoding=\"async\" title=\"E5EC-RX2ASM-800\" src=\"https:\/\/banbientan.com\/wp-content\/uploads\/2012\/10\/E5EC-RX2ASM-800.jpg\" alt=\"\" width=\"198\" height=\"198\" \/><\/a><\/td>\n<\/tr>\n<tr>\n<td width=\"239\" height=\"51\">Lo\u1ea1i 48&#215;96, 1 \u0111\u1ea7u ra \u0111i\u1ec1u khi\u1ec3n r\u01a1 le v\u00e0 1 ng\u00f5 ra transfer r\u01a1 le, 2 Alarm, ngu\u1ed3n AC100-240<\/td>\n<td width=\"236\">Lo\u1ea1i 48&#215;96, \u0110\u1ea7u ra \u0111i\u1ec1u khi\u1ec3n SSR v\u00e0 1 ng\u00f5 ra transfer r\u01a1 le , 2 Alarm, ngu\u1ed3n AC100-240<\/td>\n<td width=\"230\">Lo\u1ea1i 48&#215;96, \u0110\u1ea7u ra \u0111i\u1ec1u 4-20mA v\u00e0 1 ng\u00f5 ra transfer r\u01a1 le, 2 Alarm, ngu\u1ed3n AC100-240<\/td>\n<\/tr>\n<tr>\n<td width=\"239\" height=\"21\"><a href=\"https:\/\/banbientan.com\/e5ec-rx2dsm-800\"><strong>E5EC-RX2DSM-800<\/strong><\/a><\/td>\n<td width=\"236\"><a href=\"https:\/\/banbientan.com\/e5ec-qx2dsm-800\"><strong>E5EC-QX2DSM-800<\/strong><\/a><\/td>\n<td><a href=\"https:\/\/banbientan.com\/e5ec-cx2dsm-800\"><strong>E5EC-CX2DSM-800<\/strong><\/a><\/td>\n<\/tr>\n<tr>\n<td width=\"239\" height=\"17\">\u00a0<a href=\"https:\/\/banbientan.com\/wp-content\/uploads\/2012\/10\/E5EC-RX2ASM-800.jpg\"><img loading=\"lazy\" decoding=\"async\" title=\"E5EC-RX2ASM-800\" src=\"https:\/\/banbientan.com\/wp-content\/uploads\/2012\/10\/E5EC-RX2ASM-800.jpg\" alt=\"\" width=\"198\" height=\"198\" \/><\/a><\/td>\n<td width=\"236\">\u00a0<a href=\"https:\/\/banbientan.com\/wp-content\/uploads\/2012\/10\/E5EC-RX2ASM-800.jpg\"><img loading=\"lazy\" decoding=\"async\" title=\"E5EC-RX2ASM-800\" src=\"https:\/\/banbientan.com\/wp-content\/uploads\/2012\/10\/E5EC-RX2ASM-800.jpg\" alt=\"\" width=\"198\" height=\"198\" \/><\/a><\/td>\n<td width=\"230\">\u00a0<a href=\"https:\/\/banbientan.com\/wp-content\/uploads\/2012\/10\/E5EC-RX2ASM-800.jpg\"><img loading=\"lazy\" decoding=\"async\" title=\"E5EC-RX2ASM-800\" src=\"https:\/\/banbientan.com\/wp-content\/uploads\/2012\/10\/E5EC-RX2ASM-800.jpg\" alt=\"\" width=\"198\" height=\"198\" \/><\/a><\/td>\n<\/tr>\n<tr>\n<td width=\"239\" height=\"34\">Lo\u1ea1i 48&#215;96, \u0110\u1ea7u ra \u0111i\u1ec1u khi\u1ec3n 1 r\u01a1 le, 2 Alarm, ngu\u1ed3n 24 VAC\/VDC<\/td>\n<td width=\"236\">Lo\u1ea1i 48&#215;96, \u0110\u1ea7u ra \u0111i\u1ec1u khi\u1ec3n SSR, 2 Alarm, ngu\u1ed3n 24 VAC\/VDC<\/td>\n<td width=\"230\">Lo\u1ea1i 48&#215;96, \u0110\u1ea7u ra \u0111i\u1ec1u 4-20mA, 2 Alarm, ngu\u1ed3n 24 VAC\/VDC<\/td>\n<\/tr>\n<tr>\n<td height=\"20\"><a href=\"https:\/\/banbientan.com\/e5ec-rr2dsm-800\"><strong>E5EC-RR2DSM-800<\/strong><\/a><\/td>\n<td><a href=\"https:\/\/banbientan.com\/e5ec-qr2dsm-800\/\"><strong>E5EC-QR2DSM-800<\/strong><\/a><\/td>\n<td><a href=\"https:\/\/banbientan.com\/e5ec-cr2dsm-800\"><strong>E5EC-CR2DSM-800<\/strong><\/a><\/td>\n<\/tr>\n<tr>\n<td width=\"239\" height=\"17\">\u00a0<a href=\"https:\/\/banbientan.com\/wp-content\/uploads\/2012\/10\/E5EC-RX2ASM-800.jpg\"><img loading=\"lazy\" decoding=\"async\" title=\"E5EC-RX2ASM-800\" src=\"https:\/\/banbientan.com\/wp-content\/uploads\/2012\/10\/E5EC-RX2ASM-800.jpg\" alt=\"\" width=\"198\" height=\"198\" \/><\/a><\/td>\n<td width=\"236\">\u00a0<a href=\"https:\/\/banbientan.com\/wp-content\/uploads\/2012\/10\/E5EC-RX2ASM-800.jpg\"><img loading=\"lazy\" decoding=\"async\" title=\"E5EC-RX2ASM-800\" src=\"https:\/\/banbientan.com\/wp-content\/uploads\/2012\/10\/E5EC-RX2ASM-800.jpg\" alt=\"\" width=\"198\" height=\"198\" \/><\/a><\/td>\n<td width=\"230\">\u00a0<a href=\"https:\/\/banbientan.com\/wp-content\/uploads\/2012\/10\/E5EC-RX2ASM-800.jpg\"><img loading=\"lazy\" decoding=\"async\" title=\"E5EC-RX2ASM-800\" src=\"https:\/\/banbientan.com\/wp-content\/uploads\/2012\/10\/E5EC-RX2ASM-800.jpg\" alt=\"\" width=\"198\" height=\"198\" \/><\/a><\/td>\n<\/tr>\n<tr>\n<td width=\"239\" height=\"51\">Lo\u1ea1i 48&#215;96, 1 \u0111\u1ea7u ra \u0111i\u1ec1u khi\u1ec3n r\u01a1 le v\u00e0 1 ng\u00f5 ra transfer r\u01a1 le, 2 Alarm, ngu\u1ed3n 24 VAC\/VDC<\/td>\n<td width=\"236\">Lo\u1ea1i 48&#215;96, \u0110\u1ea7u ra \u0111i\u1ec1u khi\u1ec3n SSR v\u00e0 1 ng\u00f5 ra transfer r\u01a1 le , 2 Alarm, ngu\u1ed3n 24 VAC\/VDC<\/td>\n<td width=\"230\">Lo\u1ea1i 48&#215;96, \u0110\u1ea7u ra \u0111i\u1ec1u 4-20mA v\u00e0 1 ng\u00f5 ra transfer r\u01a1 le, 2 Alarm, ngu\u1ed3n 24 VAC\/VDC<\/td>\n<\/tr>\n<tr>\n<td height=\"20\"><a href=\"https:\/\/banbientan.com\/e5ec-rr2asm-808\/\"><strong>E5EC-RR2ASM-808<\/strong><\/a><\/td>\n<td><a href=\"https:\/\/banbientan.com\/e5ec-qr2asm-808\/\"><strong>E5EC-QR2ASM-808<\/strong><\/a><\/td>\n<td><a href=\"https:\/\/banbientan.com\/e5ec-rr2dsm-808\"><strong>E5EC-RR2DSM-808<\/strong><\/a><\/td>\n<\/tr>\n<tr>\n<td height=\"22\">\u00a0<a href=\"https:\/\/banbientan.com\/wp-content\/uploads\/2012\/10\/E5EC-RX2ASM-800.jpg\"><img loading=\"lazy\" decoding=\"async\" title=\"E5EC-RX2ASM-800\" src=\"https:\/\/banbientan.com\/wp-content\/uploads\/2012\/10\/E5EC-RX2ASM-800.jpg\" alt=\"\" width=\"198\" height=\"198\" \/><\/a><\/td>\n<td>\u00a0<a href=\"https:\/\/banbientan.com\/wp-content\/uploads\/2012\/10\/E5EC-RX2ASM-800.jpg\"><img loading=\"lazy\" decoding=\"async\" title=\"E5EC-RX2ASM-800\" src=\"https:\/\/banbientan.com\/wp-content\/uploads\/2012\/10\/E5EC-RX2ASM-800.jpg\" alt=\"\" width=\"198\" height=\"198\" \/><\/a><\/td>\n<td width=\"230\">\u00a0<a href=\"https:\/\/banbientan.com\/wp-content\/uploads\/2012\/10\/E5EC-RX2ASM-800.jpg\"><img loading=\"lazy\" decoding=\"async\" title=\"E5EC-RX2ASM-800\" src=\"https:\/\/banbientan.com\/wp-content\/uploads\/2012\/10\/E5EC-RX2ASM-800.jpg\" alt=\"\" width=\"198\" height=\"198\" \/><\/a><\/td>\n<\/tr>\n<tr>\n<td width=\"239\" height=\"69\">Lo\u1ea1i 48&#215;96, 1 \u0111\u1ea7u ra \u0111i\u1ec1u khi\u1ec3n r\u01a1 le v\u00e0 1 ng\u00f5 ra transfer r\u01a1 le, 2 Alarm, RS485, 2 \u0111\u1ea7u v\u00e0o s\u1ef1 ki\u1ec7n, ngu\u1ed3n AC100-240<\/td>\n<td width=\"236\">Lo\u1ea1i 48&#215;96, \u0110\u1ea7u ra \u0111i\u1ec1u khi\u1ec3n SSR v\u00e0 1 ng\u00f5 ra transfer r\u01a1 le , 2 Alarm, RS485, 2 \u0111\u1ea7u v\u00e0o s\u1ef1 ki\u1ec7n, ngu\u1ed3n AC100-240<\/td>\n<td width=\"230\">Lo\u1ea1i 48&#215;96, 1 \u0111\u1ea7u ra \u0111i\u1ec1u khi\u1ec3n r\u01a1 le v\u00e0 1 ng\u00f5 ra transfer r\u01a1 le, 2 Alarm, RS485, 2 \u0111\u1ea7u v\u00e0o s\u1ef1 ki\u1ec7n, ngu\u1ed3n 24 VAC\/VDC<\/td>\n<\/tr>\n<tr>\n<td height=\"21\"><a href=\"https:\/\/banbientan.com\/e5ec-qr2dsm-808\"><strong>E5EC-QR2DSM-808<\/strong><\/a><\/td>\n<td><a href=\"https:\/\/banbientan.com\/e5ec-rr2asm-810\"><strong>E5EC-RR2ASM-810<\/strong><\/a><\/td>\n<td><a href=\"https:\/\/banbientan.com\/e5ec-qr2asm-810\"><strong>E5EC-QR2ASM-810<\/strong><\/a><\/td>\n<\/tr>\n<tr>\n<td width=\"239\" height=\"18\">\u00a0<a href=\"https:\/\/banbientan.com\/wp-content\/uploads\/2012\/10\/E5EC-RX2ASM-800.jpg\"><img loading=\"lazy\" decoding=\"async\" title=\"E5EC-RX2ASM-800\" src=\"https:\/\/banbientan.com\/wp-content\/uploads\/2012\/10\/E5EC-RX2ASM-800.jpg\" alt=\"\" width=\"198\" height=\"198\" \/><\/a><\/td>\n<td width=\"236\">\u00a0<a href=\"https:\/\/banbientan.com\/wp-content\/uploads\/2012\/10\/E5EC-RX2ASM-800.jpg\"><img loading=\"lazy\" decoding=\"async\" title=\"E5EC-RX2ASM-800\" src=\"https:\/\/banbientan.com\/wp-content\/uploads\/2012\/10\/E5EC-RX2ASM-800.jpg\" alt=\"\" width=\"198\" height=\"198\" \/><\/a><\/td>\n<td width=\"230\">\u00a0<a href=\"https:\/\/banbientan.com\/wp-content\/uploads\/2012\/10\/E5EC-RX2ASM-800.jpg\"><img loading=\"lazy\" decoding=\"async\" title=\"E5EC-RX2ASM-800\" src=\"https:\/\/banbientan.com\/wp-content\/uploads\/2012\/10\/E5EC-RX2ASM-800.jpg\" alt=\"\" width=\"198\" height=\"198\" \/><\/a><\/td>\n<\/tr>\n<tr>\n<td width=\"239\" height=\"69\">Lo\u1ea1i 48&#215;96, 1 \u0111\u1ea7u ra \u0111i\u1ec1u khi\u1ec3n r\u01a1 le v\u00e0 1 ng\u00f5 ra transfer r\u01a1 le, 2 Alarm, RS485, 2 \u0111\u1ea7u v\u00e0o s\u1ef1 ki\u1ec7n, ngu\u1ed3n 24 VAC\/VDC<\/td>\n<td width=\"236\">Lo\u1ea1i 48&#215;96, 1 \u0111\u1ea7u ra \u0111i\u1ec1u khi\u1ec3n r\u01a1 le v\u00e0 1 ng\u00f5 ra transfer r\u01a1 le, 2 Alarm, 4 \u0111\u1ea7u v\u00e0o s\u1ef1 ki\u1ec7n, ngu\u1ed3n AC100-240<\/td>\n<td width=\"230\">Lo\u1ea1i 48&#215;96, \u0110\u1ea7u ra \u0111i\u1ec1u khi\u1ec3n SSR v\u00e0 1 ng\u00f5 ra transfer r\u01a1 le , 2 Alarm, 4 \u0111\u1ea7u v\u00e0o s\u1ef1 ki\u1ec7n, ngu\u1ed3n AC100-240<\/td>\n<\/tr>\n<tr>\n<td height=\"21\"><a href=\"https:\/\/banbientan.com\/e5ec-rr2dsm-810\"><strong>E5EC-RR2DSM-810<\/strong><\/a><\/td>\n<td><a href=\"https:\/\/banbientan.com\/e5ec-qr2dsm-810\"><strong>E5EC-QR2DSM-810<\/strong><\/a><\/td>\n<td><a href=\"https:\/\/banbientan.com\/e5ec-cr2asm-804\"><strong>E5EC-CR2ASM-804<\/strong><\/a><\/td>\n<\/tr>\n<tr>\n<td width=\"239\" height=\"18\">\u00a0<a href=\"https:\/\/banbientan.com\/wp-content\/uploads\/2012\/10\/E5EC-RX2ASM-800.jpg\"><img loading=\"lazy\" decoding=\"async\" title=\"E5EC-RX2ASM-800\" src=\"https:\/\/banbientan.com\/wp-content\/uploads\/2012\/10\/E5EC-RX2ASM-800.jpg\" alt=\"\" width=\"198\" height=\"198\" \/><\/a><\/td>\n<td width=\"236\">\u00a0<a href=\"https:\/\/banbientan.com\/wp-content\/uploads\/2012\/10\/E5EC-RX2ASM-800.jpg\"><img loading=\"lazy\" decoding=\"async\" title=\"E5EC-RX2ASM-800\" src=\"https:\/\/banbientan.com\/wp-content\/uploads\/2012\/10\/E5EC-RX2ASM-800.jpg\" alt=\"\" width=\"198\" height=\"198\" \/><\/a><\/td>\n<td width=\"230\">\u00a0<a href=\"https:\/\/banbientan.com\/wp-content\/uploads\/2012\/10\/E5EC-RX2ASM-800.jpg\"><img loading=\"lazy\" decoding=\"async\" title=\"E5EC-RX2ASM-800\" src=\"https:\/\/banbientan.com\/wp-content\/uploads\/2012\/10\/E5EC-RX2ASM-800.jpg\" alt=\"\" width=\"198\" height=\"198\" \/><\/a><\/td>\n<\/tr>\n<tr>\n<td width=\"239\" height=\"69\">Lo\u1ea1i 48&#215;96, 1 \u0111\u1ea7u ra \u0111i\u1ec1u khi\u1ec3n r\u01a1 le v\u00e0 1 ng\u00f5 ra transfer r\u01a1 le, 2 Alarm, 4 \u0111\u1ea7u v\u00e0o s\u1ef1 ki\u1ec7n, ngu\u1ed3n 24 VAC\/VDC<\/td>\n<td width=\"236\">Lo\u1ea1i 48&#215;96, \u0110\u1ea7u ra \u0111i\u1ec1u khi\u1ec3n SSR v\u00e0 1 ng\u00f5 ra transfer r\u01a1 le , 2 Alarm, 4 \u0111\u1ea7u v\u00e0o s\u1ef1 ki\u1ec7n, ngu\u1ed3n 24 VAC\/VDC<\/td>\n<td width=\"230\">Lo\u1ea1i 48&#215;96, 1 \u0111\u1ea7u ra \u0111i\u1ec1u d\u00f2ng 4-20mmA v\u00e0 1 ng\u00f5 ra transfer r\u01a1 le, 2 Alarm, RS485, 2 \u0111\u1ea7u v\u00e0o s\u1ef1 ki\u1ec7n, ngu\u1ed3n AC100-240<\/td>\n<\/tr>\n<tr>\n<td height=\"21\"><a href=\"https:\/\/banbientan.com\/e5ec-cr2dsm-804\"><strong>E5EC-CR2DSM-804<\/strong><\/a><\/td>\n<td><\/td>\n<td><\/td>\n<\/tr>\n<tr>\n<td height=\"18\">\u00a0<a href=\"https:\/\/banbientan.com\/wp-content\/uploads\/2012\/10\/E5EC-RX2ASM-800.jpg\"><img loading=\"lazy\" decoding=\"async\" title=\"E5EC-RX2ASM-800\" src=\"https:\/\/banbientan.com\/wp-content\/uploads\/2012\/10\/E5EC-RX2ASM-800.jpg\" alt=\"\" width=\"198\" height=\"198\" \/><\/a><\/td>\n<td><\/td>\n<td><\/td>\n<\/tr>\n<tr>\n<td width=\"239\" height=\"69\">Lo\u1ea1i 48&#215;96, 1 \u0111\u1ea7u ra \u0111i\u1ec1u d\u00f2ng 4-20mmA v\u00e0 1 ng\u00f5 ra transfer r\u01a1 le, 2 Alarm, RS485, 2 \u0111\u1ea7u v\u00e0o s\u1ef1 ki\u1ec7n, ngu\u1ed3n 24 VAC\/VDC<\/td>\n<td><\/td>\n<td><\/td>\n<\/tr>\n<\/tbody>\n<\/table>\n","protected":false},"excerpt":{"rendered":"<p>E5EC-RX2ASM-800 E5EC-QX2ASM-800 E5EC-CX2ASM-800 \u00a0 \u00a0 \u00a0 Lo\u1ea1i 48&#215;96, \u0110\u1ea7u ra \u0111i\u1ec1u khi\u1ec3n 1 r\u01a1 le, 2 Alarm, ngu\u1ed3n AC100-240 Lo\u1ea1i 48&#215;96, \u0110\u1ea7u ra \u0111i\u1ec1u khi\u1ec3n SSR, 2 Alarm, ngu\u1ed3n AC100-240 Lo\u1ea1i 48&#215;96, \u0110\u1ea7u ra \u0111i\u1ec1u 4-20mA, 2 Alarm, ngu\u1ed3n AC100-240 E5EC-RR2ASM-800 E5EC-QR2ASM-800 E5EC-CR2ASM-800 \u00a0 \u00a0 \u00a0 Lo\u1ea1i 48&#215;96, 1 \u0111\u1ea7u ra \u0111i\u1ec1u khi\u1ec3n r\u01a1 le [&hellip;]<\/p>\n","protected":false},"author":2,"featured_media":0,"parent":8471,"menu_order":3,"comment_status":"open","ping_status":"closed","template":"","meta":{"footnotes":""},"class_list":["post-10539","page","type-page","status-publish","hentry"],"_links":{"self":[{"href":"https:\/\/hunglong.banbientan.com\/index.php?rest_route=\/wp\/v2\/pages\/10539","targetHints":{"allow":["GET"]}}],"collection":[{"href":"https:\/\/hunglong.banbientan.com\/index.php?rest_route=\/wp\/v2\/pages"}],"about":[{"href":"https:\/\/hunglong.banbientan.com\/index.php?rest_route=\/wp\/v2\/types\/page"}],"author":[{"embeddable":true,"href":"https:\/\/hunglong.banbientan.com\/index.php?rest_route=\/wp\/v2\/users\/2"}],"replies":[{"embeddable":true,"href":"https:\/\/hunglong.banbientan.com\/index.php?rest_route=%2Fwp%2Fv2%2Fcomments&post=10539"}],"version-history":[{"count":0,"href":"https:\/\/hunglong.banbientan.com\/index.php?rest_route=\/wp\/v2\/pages\/10539\/revisions"}],"up":[{"embeddable":true,"href":"https:\/\/hunglong.banbientan.com\/index.php?rest_route=\/wp\/v2\/pages\/8471"}],"wp:attachment":[{"href":"https:\/\/hunglong.banbientan.com\/index.php?rest_route=%2Fwp%2Fv2%2Fmedia&parent=10539"}],"curies":[{"name":"wp","href":"https:\/\/api.w.org\/{rel}","templated":true}]}}