{"id":10800,"date":"2013-07-09T00:00:04","date_gmt":"2013-07-08T17:00:04","guid":{"rendered":"https:\/\/banbientan.com\/?page_id=10800"},"modified":"2013-07-09T00:00:04","modified_gmt":"2013-07-08T17:00:04","slug":"k3hb","status":"publish","type":"page","link":"https:\/\/hunglong.banbientan.com\/?page_id=10800","title":{"rendered":"K3HB"},"content":{"rendered":"<table style=\"width: 705px;\" border=\"0\" cellspacing=\"0\" cellpadding=\"0\">\n<colgroup>\n<col width=\"239\" \/>\n<col width=\"236\" \/>\n<col width=\"230\" \/> <\/colgroup>\n<tbody>\n<tr>\n<td width=\"239\" height=\"17\"><a href=\"https:\/\/banbientan.com\/k3hb-vlc-100-240vac\"><strong>K3HB-VLC 100-240VAC<\/strong><\/a><\/td>\n<td width=\"236\"><a href=\"https:\/\/banbientan.com\/k3hb-vlc-24vac-vdc\"><strong>K3HB-VLC 24VAC\/VDC<\/strong><\/a><\/td>\n<td width=\"230\"><a href=\"https:\/\/banbientan.com\/k3hb-xaa-100-240vac\"><strong>K3HB-XAA 100-240VAC<\/strong><\/a><\/td>\n<\/tr>\n<tr>\n<td width=\"239\" height=\"17\">\u00a0<a href=\"https:\/\/banbientan.com\/wp-content\/uploads\/2012\/10\/K3HB-VLC-100-240VAC.jpg\"><img loading=\"lazy\" decoding=\"async\" title=\"K3HB-VLC 100-240VAC\" src=\"https:\/\/banbientan.com\/wp-content\/uploads\/2012\/10\/K3HB-VLC-100-240VAC.jpg\" alt=\"\" width=\"180\" height=\"126\" \/><\/a><\/td>\n<td width=\"236\">\u00a0<a href=\"https:\/\/banbientan.com\/wp-content\/uploads\/2012\/10\/K3HB-VLC-100-240VAC.jpg\"><img loading=\"lazy\" decoding=\"async\" title=\"K3HB-VLC 100-240VAC\" src=\"https:\/\/banbientan.com\/wp-content\/uploads\/2012\/10\/K3HB-VLC-100-240VAC.jpg\" alt=\"\" width=\"180\" height=\"126\" \/><\/a><\/td>\n<td width=\"230\">\u00a0<a href=\"https:\/\/banbientan.com\/wp-content\/uploads\/2012\/10\/K3HB-XAA-100-240VAC.jpg\"><img loading=\"lazy\" decoding=\"async\" title=\"K3HB-XAA 100-240VAC\" src=\"https:\/\/banbientan.com\/wp-content\/uploads\/2012\/10\/K3HB-XAA-100-240VAC-300x222.jpg\" alt=\"\" width=\"168\" height=\"124\" \/><\/a><\/td>\n<\/tr>\n<tr>\n<td width=\"239\" height=\"34\">B\u1ed9 hi\u1ec3n th\u1ecb v\u00e0 \u0111i\u1ec1u khi\u1ec3n tr\u1ecdng l\u01b0\u1ee3ng, ngu\u1ed3n 100-240VAC<\/td>\n<td width=\"236\">B\u1ed9 hi\u1ec3n th\u1ecb v\u00e0 \u0111i\u1ec1u khi\u1ec3n tr\u1ecdng l\u01b0\u1ee3ng, ngu\u1ed3n 24VAC\/VDC<\/td>\n<td width=\"230\">B\u1ed9 hi\u1ec3n th\u1ecb v\u00e0 \u0111i\u1ec1u khi\u1ec3n. Ng\u00f5 v\u00e0o d\u00f2ng \u0111i\u1ec7n AC<\/td>\n<\/tr>\n<tr>\n<td width=\"239\" height=\"17\"><a href=\"https:\/\/banbientan.com\/k3hb-xad-100-240vac\"><strong>K3HB-XAD 100-240VAC<\/strong><\/a><\/td>\n<td width=\"236\"><a href=\"https:\/\/banbientan.com\/k3hb-xva-100-240vac\"><strong>K3HB-XVA 100-240VAC<\/strong><\/a><\/td>\n<td width=\"230\"><a href=\"https:\/\/banbientan.com\/k3hb-xvd-100-240vac\"><strong>K3HB-XVD 100-240VAC<\/strong><\/a><\/td>\n<\/tr>\n<tr>\n<td width=\"239\" height=\"17\">\u00a0<a href=\"https:\/\/banbientan.com\/wp-content\/uploads\/2012\/10\/K3HB-XAA-100-240VAC.jpg\"><img loading=\"lazy\" decoding=\"async\" title=\"K3HB-XAA 100-240VAC\" src=\"https:\/\/banbientan.com\/wp-content\/uploads\/2012\/10\/K3HB-XAA-100-240VAC-300x222.jpg\" alt=\"\" width=\"168\" height=\"124\" \/><\/a><\/td>\n<td width=\"236\">\u00a0<a href=\"https:\/\/banbientan.com\/wp-content\/uploads\/2012\/10\/K3HB-XAA-100-240VAC.jpg\"><img loading=\"lazy\" decoding=\"async\" title=\"K3HB-XAA 100-240VAC\" src=\"https:\/\/banbientan.com\/wp-content\/uploads\/2012\/10\/K3HB-XAA-100-240VAC-300x222.jpg\" alt=\"\" width=\"168\" height=\"124\" \/><\/a><\/td>\n<td width=\"230\">\u00a0<a href=\"https:\/\/banbientan.com\/wp-content\/uploads\/2012\/10\/K3HB-XVD-100-240VAC.jpg\"><img loading=\"lazy\" decoding=\"async\" title=\"K3HB-XVD 100-240VAC\" src=\"https:\/\/banbientan.com\/wp-content\/uploads\/2012\/10\/K3HB-XVD-100-240VAC-300x209.jpg\" alt=\"\" width=\"192\" height=\"134\" \/><\/a><\/td>\n<\/tr>\n<tr>\n<td width=\"239\" height=\"34\">B\u1ed9 hi\u1ec3n th\u1ecb v\u00e0 \u0111i\u1ec1u khi\u1ec3n, ng\u00f5 v\u00e0o d\u00f2ng \u0111i\u1ec7n DC<\/td>\n<td width=\"236\">B\u1ed9 hi\u1ec3n th\u1ecb v\u00e0 \u0111i\u1ec1u khi\u1ec3n. Ng\u00f5 v\u00e0o \u0111i\u1ec7n \u00e1p AC<\/td>\n<td width=\"230\">B\u1ed9 hi\u1ec3n th\u1ecb v\u00e0 \u0111i\u1ec1u khi\u1ec3n. Ng\u00f5 v\u00e0o \u0111i\u1ec7n \u00e1p DC<\/td>\n<\/tr>\n<\/tbody>\n<\/table>\n","protected":false},"excerpt":{"rendered":"<p>K3HB-VLC 100-240VAC K3HB-VLC 24VAC\/VDC K3HB-XAA 100-240VAC \u00a0 \u00a0 \u00a0 B\u1ed9 hi\u1ec3n th\u1ecb v\u00e0 \u0111i\u1ec1u khi\u1ec3n tr\u1ecdng l\u01b0\u1ee3ng, ngu\u1ed3n 100-240VAC B\u1ed9 hi\u1ec3n th\u1ecb v\u00e0 \u0111i\u1ec1u khi\u1ec3n tr\u1ecdng l\u01b0\u1ee3ng, ngu\u1ed3n 24VAC\/VDC B\u1ed9 hi\u1ec3n th\u1ecb v\u00e0 \u0111i\u1ec1u khi\u1ec3n. Ng\u00f5 v\u00e0o d\u00f2ng \u0111i\u1ec7n AC K3HB-XAD 100-240VAC K3HB-XVA 100-240VAC K3HB-XVD 100-240VAC \u00a0 \u00a0 \u00a0 B\u1ed9 hi\u1ec3n th\u1ecb v\u00e0 \u0111i\u1ec1u khi\u1ec3n, [&hellip;]<\/p>\n","protected":false},"author":2,"featured_media":0,"parent":8472,"menu_order":0,"comment_status":"open","ping_status":"closed","template":"","meta":{"footnotes":""},"class_list":["post-10800","page","type-page","status-publish","hentry"],"_links":{"self":[{"href":"https:\/\/hunglong.banbientan.com\/index.php?rest_route=\/wp\/v2\/pages\/10800","targetHints":{"allow":["GET"]}}],"collection":[{"href":"https:\/\/hunglong.banbientan.com\/index.php?rest_route=\/wp\/v2\/pages"}],"about":[{"href":"https:\/\/hunglong.banbientan.com\/index.php?rest_route=\/wp\/v2\/types\/page"}],"author":[{"embeddable":true,"href":"https:\/\/hunglong.banbientan.com\/index.php?rest_route=\/wp\/v2\/users\/2"}],"replies":[{"embeddable":true,"href":"https:\/\/hunglong.banbientan.com\/index.php?rest_route=%2Fwp%2Fv2%2Fcomments&post=10800"}],"version-history":[{"count":0,"href":"https:\/\/hunglong.banbientan.com\/index.php?rest_route=\/wp\/v2\/pages\/10800\/revisions"}],"up":[{"embeddable":true,"href":"https:\/\/hunglong.banbientan.com\/index.php?rest_route=\/wp\/v2\/pages\/8472"}],"wp:attachment":[{"href":"https:\/\/hunglong.banbientan.com\/index.php?rest_route=%2Fwp%2Fv2%2Fmedia&parent=10800"}],"curies":[{"name":"wp","href":"https:\/\/api.w.org\/{rel}","templated":true}]}}