{"id":13616,"date":"2013-04-16T15:34:28","date_gmt":"2013-04-16T08:34:28","guid":{"rendered":"https:\/\/banbientan.com\/?page_id=13616"},"modified":"2013-04-16T15:34:28","modified_gmt":"2013-04-16T08:34:28","slug":"h3y-loai-nho","status":"publish","type":"page","link":"https:\/\/hunglong.banbientan.com\/?page_id=13616","title":{"rendered":"H3Y lo\u1ea1i nh\u1ecf"},"content":{"rendered":"<p>Lo\u1ea1i \u0111\u1eb7t th\u1eddi gian nh\u1ecf ph\u00f9 h\u1ee3p v\u1edbi \u0111\u1ebf r\u01a1 le <a href=\"https:\/\/banbientan.com\/omron\/ro-le\/my\/\">MY<\/a><br \/>\n<a href=\"https:\/\/banbientan.com\/wp-content\/uploads\/2013\/04\/h3y.jpg\"><img loading=\"lazy\" decoding=\"async\" class=\"alignnone size-full wp-image-13617\" title=\"h3y\" src=\"https:\/\/banbientan.com\/wp-content\/uploads\/2013\/04\/h3y.jpg\" alt=\"\" width=\"376\" height=\"205\" \/><\/a><br \/>\n<strong><a href=\"https:\/\/banbientan.com\/wp-content\/uploads\/2013\/04\/H3Y.pdf\">T\u00e0i li\u1ec7u ti\u1ebfng anh<\/a><\/strong><\/p>\n<ul>\n<li>C\u00f3 c\u00e1c lo\u1ea1i \u0111i\u1ec7n \u00e1p ngu\u1ed3n kh\u00e1c nhau.<\/li>\n<li>N\u00fam \u0111i\u1ec1u ch\u1ec9nh trong su\u1ed1t, c\u00f3 kim ch\u1ec9 th\u1ecb r\u00f5 r\u00e0ng.<\/li>\n<li>V\u00edt \u0111i\u1ec1u ch\u1ec9nh \u0111\u1ec3 l\u1ef1a ch\u1ecdn d\u1ea3i th\u1eddi gian<\/li>\n<li>Ch\u00e2n c\u1eafm gi\u1ed1ng nh\u01b0 r\u01a1 le MY, d\u00f9ng chung \u0111\u1ebf c\u1eafm v\u1edbi r\u01a1 le MY<\/li>\n<li>\u0110\u00e8n hi\u1ec3n th\u1ecb ngu\u1ed3n v\u00e0 \u0111i\u1ec1n ch\u1ec9 th\u1ecb tr\u1ea1ng th\u00e1i \u0111\u1ea7u ra.<\/li>\n<li>\u0110\u1ea1t c\u00e1c ti\u00eau chu\u1ea9n: EMC,\u00a0EN61812-1, UL ,CSA<\/li>\n<\/ul>\n<p><strong>Th\u00f4ng tin \u0111\u1eb7t h\u00e0ng:\u00a0<\/strong><\/p>\n<table style=\"width: 634px;\" border=\"0\" cellspacing=\"0\" cellpadding=\"0\">\n<colgroup>\n<col width=\"128\" \/>\n<col width=\"127\" \/>\n<col width=\"124\" \/>\n<col width=\"129\" \/>\n<col width=\"126\" \/> <\/colgroup>\n<tbody>\n<tr>\n<td width=\"128\" height=\"60\">D\u1ea1ng ti\u1ebfp \u0111i\u1ec3m<\/td>\n<td width=\"127\">D\u1ea3i th\u1eddi gian<\/td>\n<td width=\"124\">Ngu\u1ed3n c\u1ea5p (l\u1ef1a ch\u1ecdn ngu\u1ed3n c\u1ea5p ph\u00f9 h\u1ee3p)<\/td>\n<td width=\"129\">lo\u1ea1i ch\u00e2n c\u1eafm<\/td>\n<td width=\"126\">Lo\u1ea1i g\u00e1 b\u1ec1 m\u1eb7t<\/td>\n<\/tr>\n<tr>\n<td width=\"128\" height=\"80\">DPDT<\/td>\n<td width=\"127\">0.04 s to 3 h<\/td>\n<td rowspan=\"2\" width=\"124\">\u00a024, 100 t\u1edbi 120, 200 to 230 VAC, 12, 24, 48, 125, 100 t\u1edbi 110 VDC<\/td>\n<td width=\"129\">H3Y-2<\/td>\n<td width=\"126\">H3Y-2-0<\/td>\n<\/tr>\n<tr>\n<td width=\"128\" height=\"20\">4PDT<\/td>\n<td width=\"127\">0.04 s to 3 h<\/td>\n<td width=\"129\">H3Y-4<\/td>\n<td width=\"126\">H3Y-4-0<\/td>\n<\/tr>\n<\/tbody>\n<\/table>\n","protected":false},"excerpt":{"rendered":"<p>Lo\u1ea1i \u0111\u1eb7t th\u1eddi gian nh\u1ecf ph\u00f9 h\u1ee3p v\u1edbi \u0111\u1ebf r\u01a1 le MY T\u00e0i li\u1ec7u ti\u1ebfng anh C\u00f3 c\u00e1c lo\u1ea1i \u0111i\u1ec7n \u00e1p ngu\u1ed3n kh\u00e1c nhau. N\u00fam \u0111i\u1ec1u ch\u1ec9nh trong su\u1ed1t, c\u00f3 kim ch\u1ec9 th\u1ecb r\u00f5 r\u00e0ng. V\u00edt \u0111i\u1ec1u ch\u1ec9nh \u0111\u1ec3 l\u1ef1a ch\u1ecdn d\u1ea3i th\u1eddi gian Ch\u00e2n c\u1eafm gi\u1ed1ng nh\u01b0 r\u01a1 le MY, d\u00f9ng chung \u0111\u1ebf c\u1eafm [&hellip;]<\/p>\n","protected":false},"author":2,"featured_media":13617,"parent":131,"menu_order":9,"comment_status":"closed","ping_status":"closed","template":"","meta":{"footnotes":""},"class_list":["post-13616","page","type-page","status-publish","has-post-thumbnail","hentry"],"_links":{"self":[{"href":"https:\/\/hunglong.banbientan.com\/index.php?rest_route=\/wp\/v2\/pages\/13616","targetHints":{"allow":["GET"]}}],"collection":[{"href":"https:\/\/hunglong.banbientan.com\/index.php?rest_route=\/wp\/v2\/pages"}],"about":[{"href":"https:\/\/hunglong.banbientan.com\/index.php?rest_route=\/wp\/v2\/types\/page"}],"author":[{"embeddable":true,"href":"https:\/\/hunglong.banbientan.com\/index.php?rest_route=\/wp\/v2\/users\/2"}],"replies":[{"embeddable":true,"href":"https:\/\/hunglong.banbientan.com\/index.php?rest_route=%2Fwp%2Fv2%2Fcomments&post=13616"}],"version-history":[{"count":0,"href":"https:\/\/hunglong.banbientan.com\/index.php?rest_route=\/wp\/v2\/pages\/13616\/revisions"}],"up":[{"embeddable":true,"href":"https:\/\/hunglong.banbientan.com\/index.php?rest_route=\/wp\/v2\/pages\/131"}],"wp:featuredmedia":[{"embeddable":true,"href":"https:\/\/hunglong.banbientan.com\/index.php?rest_route=\/"}],"wp:attachment":[{"href":"https:\/\/hunglong.banbientan.com\/index.php?rest_route=%2Fwp%2Fv2%2Fmedia&parent=13616"}],"curies":[{"name":"wp","href":"https:\/\/api.w.org\/{rel}","templated":true}]}}