{"id":13729,"date":"2013-05-16T11:42:51","date_gmt":"2013-05-16T04:42:51","guid":{"rendered":"https:\/\/banbientan.com\/?page_id=13729"},"modified":"2013-05-16T11:42:51","modified_gmt":"2013-05-16T04:42:51","slug":"h5cn-hien-thi-led","status":"publish","type":"page","link":"https:\/\/hunglong.banbientan.com\/?page_id=13729","title":{"rendered":"H5CN hi\u1ec3n th\u1ecb led"},"content":{"rendered":"<p><a href=\"https:\/\/banbientan.com\/wp-content\/uploads\/2013\/05\/h5cn.jpg\"><img loading=\"lazy\" decoding=\"async\" class=\"alignnone size-full wp-image-13731\" title=\"h5cn\" src=\"https:\/\/banbientan.com\/wp-content\/uploads\/2013\/05\/h5cn.jpg\" alt=\"\" width=\"198\" height=\"198\" \/><\/a><br \/>\n<strong><a href=\"https:\/\/banbientan.com\/wp-content\/uploads\/2013\/05\/h5cn_ds_e_3_2_csm99.pdf\">T\u00e0i li\u1ec7u ti\u1ebfng anh<\/a><\/strong><\/p>\n<div>\n<ul>\n<li>C\u00f3 c\u00e1c lo\u1ea1i \u0111\u1eb7t th\u1eddi gian v\u1edbi c\u00e1c d\u1ea3i l\u00e0 ; 9,999 s, 99,99 s, 999.9 s, 99 ph\u00fat 59, v\u00e0 99 gi\u1edd 59 ph\u00fat.<\/li>\n<li>L\u1ef1a ch\u1ecdn c\u00e1c d\u1ea5u hi\u1ec7u cho th\u1ea5y th\u1eddi gian tr\u00f4i qua, d\u1ea5u hi\u1ec7u cho th\u1ea5y th\u1eddi gian c\u00f2n l\u1ea1i, ti\u1ebfp \u0111\u1ec3m \u0111\u1ea9u ra , v\u00e0 c\u00e1c lo\u1ea1i ti\u1ebfp \u0111i\u1ec3m b\u00e1n d\u1eabn cho ph\u00f9 h\u1ee3p v\u1edbi y\u00eau c\u1ea7u.<\/li>\n<li>\u0110i\u1ec7n \u00e1p c\u1ea5p ngu\u1ed3n r\u1ed9ng \u00a0trong ph\u1ea1m vi 100-240 VAC, ho\u1eb7c 12-48 VDC.<\/li>\n<li>\u0110\u1ea1t ti\u00eau chu\u1ea9n an to\u00e0n UL v\u00e0 CSA.<\/li>\n<\/ul>\n<\/div>\n<div>\n<h4><span>Th\u00f4ng tin \u0111\u1eb7t h\u00e0ng:<\/span><\/h4>\n<p>&nbsp;<\/p>\n<div>\n<table border=\"1\" cellspacing=\"0\" cellpadding=\"0\">\n<tbody>\n<tr>\n<td colspan=\"2\" width=\"136\">Ki\u1ec3u hi\u1ec3n th\u1ecb<\/td>\n<td colspan=\"2\" width=\"158\">Hi\u1ec3n th\u1ecb th\u1eddi gian t\u0103ng<br \/>\n(b\u1eaft \u0111\u1ea7u t\u1eeb 0)<\/td>\n<td width=\"84\">Hi\u1ec3n th\u1ecb th\u1eddi gian gi\u1ea3m (gi\u1ea3m \u0111\u1ebfn 0)<\/td>\n<td width=\"120\">Hi\u1ec3n th\u1ecb th\u1eddi gian t\u0103ng<br \/>\n(t\u0103ng d\u1ea7n t\u1eeb 0<br \/>\n\u0111\u1ebfn th\u1eddi \u0111i\u1ec3m \u0111\u1ecbnh s\u1eb5n)<\/td>\n<\/tr>\n<tr>\n<td colspan=\"2\" width=\"136\">Lo\u1ea1i ti\u1ebfp \u0111\u1ec3m<\/td>\n<td colspan=\"3\" width=\"242\">Ti\u1ebfp \u0111i\u1ec3m \u0111\u1ea7u ra (SPDT)<\/td>\n<td width=\"120\">\u0110\u1ea7u ra tr\u1ea1ng th\u00e1i b\u00e1n d\u1eabn<\/td>\n<\/tr>\n<tr>\n<td colspan=\"2\" width=\"136\">Lo\u1ea1i ch\u00e2n<\/td>\n<td width=\"96\">11-ch\u00e2n tr\u00f2n<\/td>\n<td colspan=\"3\" width=\"266\">8-ch\u00e2n tr\u00f2n<\/td>\n<\/tr>\n<tr>\n<td colspan=\"2\" width=\"136\">D\u1ef1 ph\u00f2ng cung c\u1ea5p \u0111i\u1ec7n\u00a0 cho c\u00e1c ch\u1ee9c n\u0103ng\u00a0 b\u1ea3o v\u1ec7 b\u1ed9 nh\u1edb<\/td>\n<td width=\"96\">S\u1eed d\u1ee5ng pin b\u00ean ngo\u00e0i<br \/>\n(lithium).<br \/>\n(Xem ch\u00fa th\u00edch 2 v\u00e0 3.)<\/td>\n<td colspan=\"3\" width=\"266\">Kh\u00f4ng cung c\u1ea5p<\/td>\n<\/tr>\n<tr>\n<td colspan=\"2\" width=\"136\">\u0110i\u1ec7n \u00e1p ngu\u1ed3n c\u1ea5p<\/td>\n<td width=\"96\">100 \u0111\u1ebfn<br \/>\n240 VAC<\/td>\n<td colspan=\"2\" width=\"146\">100-240 VAC, 12-48 VDC<\/td>\n<td width=\"120\">12-48 VDC<\/td>\n<\/tr>\n<tr>\n<td rowspan=\"5\" width=\"52\">Th\u1eddi gian c\u00e0i \u0111\u1eb7t<\/td>\n<td width=\"84\">0,001-9,999 s<\/td>\n<td width=\"96\">&#8212;<\/td>\n<td>&#8212;<\/td>\n<td width=\"84\">&#8212;<\/td>\n<td width=\"120\">H5CN-XZNS<\/td>\n<\/tr>\n<tr>\n<td width=\"84\">0,001-99,99 s<\/td>\n<td width=\"96\">H5CN-XANM<\/td>\n<td>H5CN-XAN<\/td>\n<td width=\"84\">H5CN-YAN<\/td>\n<td width=\"120\">H5CN-XANS<\/td>\n<\/tr>\n<tr>\n<td width=\"84\">,1-999,9 S<\/td>\n<td width=\"96\">H5CN-XBNM<\/td>\n<td>H5CN-XBN<\/td>\n<td width=\"84\">H5CN-YBN<\/td>\n<td width=\"120\">&#8212;<\/td>\n<\/tr>\n<tr>\n<td width=\"84\">1 gi\u00e2y \u0111\u1ebfn 99 ph\u00fat 59 s<\/td>\n<td width=\"96\">H5CN-XCNM<\/td>\n<td>H5CN-XCN<\/td>\n<td width=\"84\">H5CN-Y\u1ebfn<\/td>\n<td width=\"120\">&#8212;<\/td>\n<\/tr>\n<tr>\n<td width=\"84\">1 ph\u00fat \u0111\u1ebfn 99 gi\u1edd 59 ph\u00fat<\/td>\n<td width=\"96\">H5CN-XDNM<\/td>\n<td>H5CN-XDN<\/td>\n<td width=\"84\">H5CN-YDN<\/td>\n<td width=\"120\">&#8212;<\/td>\n<\/tr>\n<\/tbody>\n<\/table>\n<\/div>\n<div>\nL\u01b0u \u00fd: Xem k\u1ef9 ngu\u1ed3n c\u1ea5p khi \u0111\u1eb7t h\u00e0ng.\n<\/div>\n<div>\n<div><img decoding=\"async\" src=\"http:\/\/www.ia.omron.com\/Images\/H5CN_lu_213-108871.jpg\" alt=\"H5CN \u0110\u1ed9i h\u00ecnh 5 H5CN_fig\" \/><\/div>\n<\/div>\n<div>\n<div>\n<span><span>L\u01b0u \u00fd: Y92S-20 sao l\u01b0u pin (\u0111\u01b0\u1ee3c b\u00e1n ri\u00eang) cung c\u1ea5p \u0111i\u1ec7n d\u1ef1 ph\u00f2ng cho b\u1ea3o v\u1ec7 b\u1ed9 nh\u1edb trong th\u1eddi gian m\u1ea5t \u0111i\u1ec7n trong kho\u1ea3ng 5 n\u0103m (\u1edf 20 \u00b0 C).\u00a0<\/span><span>Lu\u00f4n lu\u00f4n k\u1ebft n\u1ed1i m\u1ed9t pin cho H5CN-X [] NM.\u00a0<\/span><span>\u0110\u1ec3 bi\u1ebft chi ti\u1ebft v\u1ec1 ph\u01b0\u01a1ng ph\u00e1p k\u1ebft n\u1ed1i, tham kh\u1ea3o B\u1ea3ng d\u1eef li\u1ec7u.<\/span><\/span>\n<\/div>\n<\/div>\n<div>\n<div>\n<span>L\u01b0u \u00fd: H5CN-X [] NM kh\u00f4ng h\u1ed7 tr\u1ee3 reset ngu\u1ed3n<\/span>\n<\/div>\n<\/div>\n<h4><span>Ph\u1ee5 ki\u1ec7n (\u0111\u1eb7t h\u00e0ng ri\u00eang)<\/span><\/h4>\n<table border=\"1\" cellspacing=\"0\" cellpadding=\"0\">\n<tbody>\n<tr>\n<td colspan=\"2\">T\u00ean<\/td>\n<td>M\u00f4 h\u00ecnh<\/td>\n<\/tr>\n<tr>\n<td colspan=\"2\">l\u1eaby gi\u1eef<\/td>\n<td>Y92F-30<\/td>\n<\/tr>\n<tr>\n<td colspan=\"2\">Pin d\u1ef1 ph\u00f2ng<\/td>\n<td>Y92S-20<\/td>\n<\/tr>\n<tr>\n<td rowspan=\"2\">\u0110\u1ebf c\u1eafm<\/td>\n<td>8-ch\u00e2n<\/td>\n<td>P2CF-08<\/td>\n<\/tr>\n<tr>\n<td>11-ch\u00e2n<\/td>\n<td>P2CF-11<\/td>\n<\/tr>\n<tr>\n<td rowspan=\"2\">L\u1ea1i k\u1ebft n\u1ed1i \u1ed5 c\u1eafm<\/td>\n<td>8-ch\u00e2n<\/td>\n<td>P3G-08<\/td>\n<\/tr>\n<tr>\n<td>11-ch\u00e2n<\/td>\n<td>P3GA-11<\/td>\n<\/tr>\n<tr>\n<td rowspan=\"2\">B\u00eca b\u1ea3o v\u1ec7<\/td>\n<td>B\u00eca c\u1ee9ng<\/td>\n<td>Y92A-48B<\/td>\n<\/tr>\n<tr>\n<td>B\u00eca m\u1ec1m<\/td>\n<td>Y92A-48D<\/td>\n<\/tr>\n<tr>\n<td rowspan=\"3\">G\u1eafn Theo d\u00f5i<\/td>\n<td>50 cm x 7.3 mm<\/td>\n<td>PFP-50N<\/td>\n<\/tr>\n<tr>\n<td>1 m \u00d7 7,3 mm<\/td>\n<td>PFP-100N<\/td>\n<\/tr>\n<tr>\n<td>1 m \u00d7 16 mm<\/td>\n<td>PFP-100N2<\/td>\n<\/tr>\n<tr>\n<td colspan=\"2\">Cu\u1ed1i t\u1ea5m<\/td>\n<td>PFP-M<\/td>\n<\/tr>\n<tr>\n<td colspan=\"2\">Spacer<\/td>\n<td>PFP-S<\/td>\n<\/tr>\n<\/tbody>\n<\/table>\n<p><span><br \/>\n<\/span><\/p>\n<div><\/div>\n<\/div>\n","protected":false},"excerpt":{"rendered":"<p>T\u00e0i li\u1ec7u ti\u1ebfng anh C\u00f3 c\u00e1c lo\u1ea1i \u0111\u1eb7t th\u1eddi gian v\u1edbi c\u00e1c d\u1ea3i l\u00e0 ; 9,999 s, 99,99 s, 999.9 s, 99 ph\u00fat 59, v\u00e0 99 gi\u1edd 59 ph\u00fat. L\u1ef1a ch\u1ecdn c\u00e1c d\u1ea5u hi\u1ec7u cho th\u1ea5y th\u1eddi gian tr\u00f4i qua, d\u1ea5u hi\u1ec7u cho th\u1ea5y th\u1eddi gian c\u00f2n l\u1ea1i, ti\u1ebfp \u0111\u1ec3m \u0111\u1ea9u ra , v\u00e0 c\u00e1c [&hellip;]<\/p>\n","protected":false},"author":2,"featured_media":13731,"parent":131,"menu_order":12,"comment_status":"closed","ping_status":"closed","template":"","meta":{"footnotes":""},"class_list":["post-13729","page","type-page","status-publish","has-post-thumbnail","hentry"],"_links":{"self":[{"href":"https:\/\/hunglong.banbientan.com\/index.php?rest_route=\/wp\/v2\/pages\/13729","targetHints":{"allow":["GET"]}}],"collection":[{"href":"https:\/\/hunglong.banbientan.com\/index.php?rest_route=\/wp\/v2\/pages"}],"about":[{"href":"https:\/\/hunglong.banbientan.com\/index.php?rest_route=\/wp\/v2\/types\/page"}],"author":[{"embeddable":true,"href":"https:\/\/hunglong.banbientan.com\/index.php?rest_route=\/wp\/v2\/users\/2"}],"replies":[{"embeddable":true,"href":"https:\/\/hunglong.banbientan.com\/index.php?rest_route=%2Fwp%2Fv2%2Fcomments&post=13729"}],"version-history":[{"count":0,"href":"https:\/\/hunglong.banbientan.com\/index.php?rest_route=\/wp\/v2\/pages\/13729\/revisions"}],"up":[{"embeddable":true,"href":"https:\/\/hunglong.banbientan.com\/index.php?rest_route=\/wp\/v2\/pages\/131"}],"wp:featuredmedia":[{"embeddable":true,"href":"https:\/\/hunglong.banbientan.com\/index.php?rest_route=\/"}],"wp:attachment":[{"href":"https:\/\/hunglong.banbientan.com\/index.php?rest_route=%2Fwp%2Fv2%2Fmedia&parent=13729"}],"curies":[{"name":"wp","href":"https:\/\/api.w.org\/{rel}","templated":true}]}}