{"id":13911,"date":"2013-05-22T00:00:50","date_gmt":"2013-05-21T17:00:50","guid":{"rendered":"https:\/\/banbientan.com\/?page_id=13911"},"modified":"2013-05-22T00:00:50","modified_gmt":"2013-05-21T17:00:50","slug":"s8vt-nguon-3-pha","status":"publish","type":"page","link":"https:\/\/hunglong.banbientan.com\/?page_id=13911","title":{"rendered":"S8VT ngu\u1ed3n 3 pha"},"content":{"rendered":"<p><a href=\"https:\/\/banbientan.com\/wp-content\/uploads\/2013\/05\/S8VT.jpg\"><img loading=\"lazy\" decoding=\"async\" class=\"alignnone size-full wp-image-13913\" title=\"S8VT\" src=\"https:\/\/banbientan.com\/wp-content\/uploads\/2013\/05\/S8VT.jpg\" alt=\"\" width=\"143\" height=\"180\" \/><\/a><br \/>\n<strong><a href=\"https:\/\/banbientan.com\/wp-content\/uploads\/2013\/05\/s8vt.pdf\">T\u00e0i li\u1ec7u ti\u1ebfng anh S8VT<\/a><\/strong><br \/>\n<strong>B\u1ed9 ngu\u1ed3n 3 pha S8VT: \u00a0<\/strong>Lo\u1ea1i g\u1eafn tr\u00ean thanh DIN, nhi\u1ec1u lo\u1ea1i \u0111\u1ea7u ra d\u00f2ng t\u1eeb 5 \u0111\u1ebfn 40A<\/p>\n<ul>\n<li>Ng\u00f5 v\u00e0o: 400-500VAC, 3 pha<\/li>\n<li>C\u00f3 c\u00e1c lo\u1ea1i 5, 10, 20 v\u00e0 40 A \u0111\u1ea7u ra 24VDC<\/li>\n<li>Ng\u00f5 ra: 21.6 ~ 28VDC (bi\u1ebfn tr\u1edf \u0111i\u1ec1u ch\u1ec9nh)<\/li>\n<li>B\u1ea3o v\u1ec7 ng\u00f5 ra: Ng\u1eafn m\u1ea1ch, qu\u00e1 t\u1ea3i, qu\u00e1 \u00e1p<\/li>\n<li>C\u00f3 th\u1ec3 n\u1ed1i song song ho\u1eb7c n\u1ed1i ti\u1ebfp 2 ngu\u1ed3n<\/li>\n<li>C\u00e1ch ly ng\u00f5 v\u00e0o v\u00e0 ng\u00f5 ra: 500M\u03a9 Min. at 500VDC<\/li>\n<li>Ti\u00eau chu\u1ea9n: IEC60950-1, EN60950-1 UL60950-1, CSA 22.2 No. 60950-1, UL508 Listed*1, EN50178, EN60204<\/li>\n<\/ul>\n<p>Th\u00f4ng tin \u0111\u0103t h\u00e0ng:<\/p>\n<table style=\"width: 641px;\" border=\"0\" cellspacing=\"0\" cellpadding=\"0\">\n<colgroup>\n<col width=\"174\" \/>\n<col width=\"103\" \/>\n<col width=\"124\" \/>\n<col width=\"109\" \/>\n<col width=\"131\" \/> <\/colgroup>\n<tbody>\n<tr>\n<td width=\"174\" height=\"17\">Input voltage<\/td>\n<td width=\"103\">\u00a0Power rating<\/td>\n<td width=\"124\">\u00a0Output voltage<\/td>\n<td width=\"109\">\u00a0Output current<\/td>\n<td width=\"131\">\u00a0Model number<\/td>\n<\/tr>\n<tr>\n<td rowspan=\"4\" width=\"174\" height=\"68\">400 to 500 VAC 3-phase<\/td>\n<td>120 W<\/td>\n<td>24 V<\/td>\n<td>\u00a05 A<\/td>\n<td><a href=\"https:\/\/banbientan.com\/s8vt-f12024e\"><strong>S8VT-F12024E<\/strong><\/a><\/td>\n<\/tr>\n<tr>\n<td height=\"17\">240 W<\/td>\n<td>24 V<\/td>\n<td>\u00a010 A<\/td>\n<td><strong><a href=\"https:\/\/banbientan.com\/s8vt-f24024e\">S8VT-F24024E<\/a><\/strong><\/td>\n<\/tr>\n<tr>\n<td height=\"17\">480 W<\/td>\n<td>24 V<\/td>\n<td>\u00a020 A<\/td>\n<td><a href=\"https:\/\/banbientan.com\/s8vt-f48024e\"><strong>S8VT-F48024E<\/strong><\/a><\/td>\n<\/tr>\n<tr>\n<td height=\"17\">960 W<\/td>\n<td>24 V<\/td>\n<td>\u00a040 A<\/td>\n<td><strong><a href=\"https:\/\/banbientan.com\/s8vt-f96024e\">S8VT-F96024E<\/a><\/strong><\/td>\n<\/tr>\n<\/tbody>\n<\/table>\n","protected":false},"excerpt":{"rendered":"<p>T\u00e0i li\u1ec7u ti\u1ebfng anh S8VT B\u1ed9 ngu\u1ed3n 3 pha S8VT: \u00a0Lo\u1ea1i g\u1eafn tr\u00ean thanh DIN, nhi\u1ec1u lo\u1ea1i \u0111\u1ea7u ra d\u00f2ng t\u1eeb 5 \u0111\u1ebfn 40A Ng\u00f5 v\u00e0o: 400-500VAC, 3 pha C\u00f3 c\u00e1c lo\u1ea1i 5, 10, 20 v\u00e0 40 A \u0111\u1ea7u ra 24VDC Ng\u00f5 ra: 21.6 ~ 28VDC (bi\u1ebfn tr\u1edf \u0111i\u1ec1u ch\u1ec9nh) B\u1ea3o v\u1ec7 ng\u00f5 ra: Ng\u1eafn [&hellip;]<\/p>\n","protected":false},"author":2,"featured_media":13913,"parent":107,"menu_order":9,"comment_status":"closed","ping_status":"closed","template":"","meta":{"footnotes":""},"class_list":["post-13911","page","type-page","status-publish","has-post-thumbnail","hentry"],"_links":{"self":[{"href":"https:\/\/hunglong.banbientan.com\/index.php?rest_route=\/wp\/v2\/pages\/13911","targetHints":{"allow":["GET"]}}],"collection":[{"href":"https:\/\/hunglong.banbientan.com\/index.php?rest_route=\/wp\/v2\/pages"}],"about":[{"href":"https:\/\/hunglong.banbientan.com\/index.php?rest_route=\/wp\/v2\/types\/page"}],"author":[{"embeddable":true,"href":"https:\/\/hunglong.banbientan.com\/index.php?rest_route=\/wp\/v2\/users\/2"}],"replies":[{"embeddable":true,"href":"https:\/\/hunglong.banbientan.com\/index.php?rest_route=%2Fwp%2Fv2%2Fcomments&post=13911"}],"version-history":[{"count":0,"href":"https:\/\/hunglong.banbientan.com\/index.php?rest_route=\/wp\/v2\/pages\/13911\/revisions"}],"up":[{"embeddable":true,"href":"https:\/\/hunglong.banbientan.com\/index.php?rest_route=\/wp\/v2\/pages\/107"}],"wp:featuredmedia":[{"embeddable":true,"href":"https:\/\/hunglong.banbientan.com\/index.php?rest_route=\/"}],"wp:attachment":[{"href":"https:\/\/hunglong.banbientan.com\/index.php?rest_route=%2Fwp%2Fv2%2Fmedia&parent=13911"}],"curies":[{"name":"wp","href":"https:\/\/api.w.org\/{rel}","templated":true}]}}