{"id":140,"date":"2011-09-26T17:40:50","date_gmt":"2011-09-26T17:40:50","guid":{"rendered":"http:\/\/banbientan.wordpress.com\/?page_id=140"},"modified":"2011-09-26T17:40:50","modified_gmt":"2011-09-26T17:40:50","slug":"ro-le-bao-ve-mat-pha-qua-ap-qua-dong","status":"publish","type":"page","link":"https:\/\/hunglong.banbientan.com\/?page_id=140","title":{"rendered":"K8AB m\u1ea5t pha qu\u00e1 \u00e1p"},"content":{"rendered":"<p><a href=\"https:\/\/banbientan.com\/wp-content\/uploads\/2011\/09\/K8AB-PH1-L_Phase_Sequence_Phase_Loss_Relay.jpg\"><img loading=\"lazy\" decoding=\"async\" class=\"alignnone  wp-image-5172\" title=\"K8AB-PH1-L_Phase_Sequence_Phase_Loss_Relay\" src=\"https:\/\/banbientan.com\/wp-content\/uploads\/2011\/09\/K8AB-PH1-L_Phase_Sequence_Phase_Loss_Relay.jpg\" alt=\"\" width=\"228\" height=\"315\" \/><\/a>\u00a0<a href=\"https:\/\/banbientan.com\/wp-content\/uploads\/2011\/09\/K8AB-PM2-380480VAC.jpg\"><img loading=\"lazy\" decoding=\"async\" class=\"alignnone  wp-image-5173\" title=\"K8AB-PM2 380480VAC\" src=\"https:\/\/banbientan.com\/wp-content\/uploads\/2011\/09\/K8AB-PM2-380480VAC.jpg\" alt=\"\" width=\"238\" height=\"287\" \/><\/a><br \/>\n<strong> \u00a0<a href=\"https:\/\/banbientan.com\/wp-content\/uploads\/2011\/09\/K8AB_vn.pdf\">T\u00e0i li\u1ec7u ti\u1ebfng vi\u1ec7t K8AB<\/a><\/strong><br \/>\n<strong><a href=\"https:\/\/banbientan.com\/wp-content\/uploads\/2011\/09\/k8ab-pm_ds_csm382.pdf\">Catalog ti\u1ebfng anh k8ab-pm<\/a><\/strong><br \/>\n<strong><a href=\"https:\/\/banbientan.com\/wp-content\/uploads\/2011\/09\/k8ab-ph1-l.pdf\">Catalog ti\u1ebfng anh k8ab-ph1-l<\/a><\/strong><br \/>\n<strong><a href=\"https:\/\/banbientan.com\/wp-content\/uploads\/2011\/09\/k8ab-pw.pdf\">Catalog ti\u1ebfng anh k8ab-pw<\/a><\/strong><br \/>\n<strong>K8AB series<\/strong><br \/>\n\u2022\u00a0 C\u00f3 7 model lo\u1ea1i th\u00e2n m\u1ecfng v\u1edbi c\u00e1c ch\u1ee9c n\u0103ng ho\u00e0n to\u00e0n m\u1edbi<br \/>\n\u2022\u00a0 Gi\u00e1m s\u00e1t ngu\u1ed3n 1 pha: R\u01a1le d\u00f2ng, r\u01a1le \u0111i\u1ec7n \u00e1p, c\u00e1c r\u01a1le \u0111i\u1ec7n \u00e1p gi\u1edbi h\u1ea1n ng\u01b0\u1ee1ng tr\u00ean\/ng\u01b0\u1ee1ng d\u01b0\u1edbi.<br \/>\n\u2022\u00a0 Gi\u00e1m s\u00e1t ngu\u1ed3n 3 pha: R\u01a1le th\u1ee9 t\u1ef1 pha, R\u01a1le \u0111i\u1ec7n \u00e1p m\u1ea5t pha, r\u01a1le \u0111i\u1ec7n \u00e1p kh\u00f4ng \u0111\u1ed1i x\u1ee9ng, r\u01a1le \u0111i\u1ec7n \u00e1p.<br \/>\nC\u00e1c ch\u1ee9c n\u0103ng<br \/>\n&#8211;\u00a0\u00a0\u00a0\u00a0\u00a0\u00a0\u00a0\u00a0\u00a0 K\u00edch th\u01b0\u1edbc m\u1ecfng 22.5 mm, c\u00f3 ch\u1ee9c n\u0103ng 2 \u0111\u1ea7u ra r\u01a1le SPDT, s\u1eed d\u1ee5ng ngu\u1ed3n 1 ho\u1eb7c 3 pha<br \/>\n&#8211; Ch\u1ebf \u0111\u1ed9 gi\u00e1m s\u00e1t c\u1ea3nh b\u00e1o tr\u01b0\u1edbc (K8AB-VW)<br \/>\nModel K8AB-VW c\u00f3 ch\u1ebf\u00a0 \u0111\u1ed9 gi\u00e1m s\u00e1t c\u1ea3nh b\u00e1o tr\u01b0\u1edbc b\u1eb1ng c\u00e1ch \u0111\u1eb7t c\u00e1c \u0111\u1ea7u ra c\u1ea3nh b\u00e1o tr\u01b0\u1edbc (m\u1ee9c H\/HH v\u00e0 m\u1ee9c L\/LL) ho\u00e0n to\u00e0n ri\u00eang bi\u1ec7t v\u1edbi c\u00e1c \u0111\u1ea7u ra ng\u1eaft. Model n\u00e0y c\u00f3 th\u1ec3 gi\u00fap l\u00ean l\u1ecbch b\u1ea3o d\u01b0\u1ee1ng v\u00ec ch\u1ebf \u0111\u1ed9 c\u1ea3nh b\u00e1o n\u00e0y c\u00f3 l\u1ee3i th\u1ebf th\u00f4ng b\u00e1o tr\u01b0\u1edbc s\u1ef1 c\u1ed1<br \/>\nng\u1eaft s\u1eafp x\u1ea3y ra.<br \/>\n&#8211; D\u1ea3i \u0111\u1eb7t r\u1ed9ng<br \/>\nK8AB cho ph\u00e9p \u0111\u1eb7t r\u1ed9ng to\u00e0n d\u1ea3i \u0111i\u1ec7n \u00e1p tr\u00ean v\u00e0 d\u01b0\u1edbi \u0111\u1ec3 gi\u00e1m s\u00e1t \u0111i\u1ec7n \u00e1p kh\u00f4ng mong mu\u1ed1n m\u1ed9t c\u00e1ch linh ho\u1ea1t<br \/>\n&#8211; Ch\u1ecdn ch\u1ee9c n\u0103ng b\u1eb1ng DIP Switch<br \/>\nN\u1ebfu d\u00f9ng DIP Switch th\u00ec c\u00f3 th\u1ec3 l\u1ef1a ch\u1ecdn c\u00e1c ch\u1ee9c n\u0103ng r\u01a1le kh\u00e1c nhau. \u0110i\u1ec1u \u0111\u00f3 c\u00f3 ngh\u0129a l\u00e0 n\u1ebfu d\u00f9ng R\u01a1le K8AB-AS th\u00ec ta c\u00f3 th\u1ec3 gi\u1ea3m s\u1ed1 l\u01b0\u1ee3ng r\u01a1le ph\u1ea3i d\u00f9ng xu\u1ed1ng 1\/8, nh\u01b0 v\u1eady l\u00e0 ti\u1ebft ki\u1ec7m \u0111\u01b0\u1ee3c chi ph\u00ed b\u1ea3o d\u01b0\u1ee1ng.<br \/>\n&#8211; Model K8AB gi\u00e1m s\u00e1t c\u00e1c ngu\u1ed3n 3 pha v\u1edbi 3 ho\u1eb7c 4 d\u00e2y<br \/>\nC\u00f3 th\u1ec3 d\u00f9ng c\u00e1c model K8AB-PM, PA v\u00e0 PW \u0111\u1ec3 gi\u00e1m s\u00e1t c\u00e1c ngu\u1ed3n 3 pha v\u1edbi\u00a0 3 ho\u1eb7c 4 d\u00e2y b\u1eb1ng c\u00e1ch thay \u0111\u1ed5i DIP Switch.<br \/>\n&#8211; \u0110\u00e8n ch\u1ec9 th\u1ecb c\u1ea3nh b\u00e1o nh\u00e1y cho bi\u1ebft m\u1ee9c \u0111\u1ed9 ho\u1ea1t \u0111\u1ed9ng<br \/>\nTr\u01b0\u1edbc \u0111\u00e2y, ng\u01b0\u1eddi s\u1eed d\u1ee5ng kh\u00f4ng ti\u1ec7n khi ki\u1ec3m tra ch\u1ebf \u0111\u1ed9 ho\u1ea1t \u0111\u1ed9ng v\u00ec ph\u1ea3i m\u1ea5t th\u1eddi gian ch\u1edd t\u1edbi ng\u01b0\u1ee1ng \u0111\u1eb7t tr\u01b0\u1edbc. V\u1edbi r\u01a1le K8AB, \u0111\u00e8n ch\u1ec9 th\u1ecb c\u1ea3nh b\u00e1o s\u1ebd nh\u00e1y trong th\u1eddi gian n\u00e0y.<\/p>\n<ul>\n<li>C\u00e1c v\u00ed d\u1ee5 \u1ee9ng d\u1ee5ng K8AB:<\/li>\n<\/ul>\n<p>&#8211; B\u1ea3o v\u1ec7 b\u0103ng chuy\u1ec1n\u00a0 Khi c\u00f3 v\u1eadt l\u1ea1 l\u1ecdt v\u00e0o l\u00e0m k\u1eb9t v\u00e0 c\u00f3 th\u1ec3 g\u00e2y ra \u0111\u1ee9t b\u0103ng chuy\u1ec1n, K8AB-AS ph\u00e1t hi\u1ec7n qu\u00e1 d\u00f2ng v\u00e0 ng\u1eaft \u0111\u1ed9ng c\u01a1 t\u1ee9c th\u1eddi.<br \/>\n&#8211; B\u1ea3o v\u1ec7 b\u01a1m ch\u00ecm kh\u1ecfi ch\u1ebf \u0111\u1ed9 ch\u1ea1y kh\u00f4ng t\u1ea3i<br \/>\nC\u1ea7n ng\u1eaft \u0111i\u1ec7n ngay khi b\u01a1m ch\u00ecm kh\u00f4ng ng\u1eadp n\u01b0\u1edbc (d\u00f2ng d\u01b0\u1edbi \u0111\u1ecbnh m\u1ee9c), n\u1ebfu kh\u00f4ng s\u1ebd b\u1ecb h\u1ecfng h\u00f3c<br \/>\n&#8211; B\u1ea3o v\u1ec7 ch\u1ed1ng \u0111\u1ea3o pha \/ m\u1ea5t pha ngu\u1ed3n c\u1ea5p cho thang cu\u1ed1n (K8AB-PH)<br \/>\n&#8211; Ki\u1ec3m tra m\u1ee9c \u0111i\u1ec7n \u00e1p c\u1ee7a \u1eafc qui d\u00f9ng K8AB-VS<br \/>\n&#8211; Ph\u00e1t hi\u1ec7n b\u00f3ng \u0111\u00e8n ch\u00e1y trong h\u1ec7 th\u1ed1ng chi\u1ebfu s\u00e1ng \u0111\u01b0\u1eddng h\u1ea7m<br \/>\n\u0110\u1ed9 nh\u1ea1y K8AB-AS c\u00f3 th\u1ec3 \u0111i\u1ec1u ch\u1ec9nh \u0111\u1ec3 ph\u00e1t hi\u1ec7n 1 b\u00f3ng \u0111\u00e8n b\u1ecb ch\u00e1y trong h\u1ec7 th\u1ed1ng nhi\u1ec1u b\u00f3ng song song (d\u00f2ng d\u01b0\u1edbi \u0111\u1ecbnh m\u1ee9c)<br \/>\n&#8211; Gi\u00e1m s\u00e1t \u0111i\u1ec7n \u00e1p m\u00e1y ph\u00e1t \u0111i\u1ec7n<br \/>\nK8AB-PW theo d\u00f5i m\u1ee9c \u0111i\u1ec7n \u00e1p v\u00e0 c\u00f4ng su\u1ea5t c\u1ee7a m\u00e1y ph\u00e1t, \u0111\u1ed3ng th\u1eddi c\u1ea3nh b\u00e1o m\u1ee9c qu\u00e1 \u00e1p ho\u1eb7c s\u1ee5t \u00e1p<br \/>\n<strong>Th\u00f4ng d\u1ee5ng: K8AB-PH1<\/strong>: R\u01a1le b\u1ea3o v\u1ec7 m\u1ea5t pha &amp; th\u1ee9 t\u1ef1 pha<br \/>\n\u2022\u00a0 Ch\u1ed1ng motor quay ng\u01b0\u1ee3c do \u0111\u1ea5u sai d\u00e2y<br \/>\n\u2022\u00a0 Ph\u00e2n bi\u1ec7t gi\u1eefa c\u00e1c pha d\u01b0\u01a1ng, ng\u01b0\u1ee3c pha &amp; m\u1ea5t pha khi \u0111i\u1ec7n b\u1eadt l\u00ean<br \/>\n\u2022\u00a0 \u0110\u1ea7u ra relay SPDT, 6 A \u1edf 250 VAC (t\u1ea3i tr\u1edf)<br \/>\n\u2022\u00a0 C\u00f3 \u0111\u00e9n LED b\u00e1o tr\u1ea1ng th\u00e1i<br \/>\n<strong>K8AB-PM: <\/strong><br \/>\nB\u1ea3o v\u1ec7 Th\u1ee9 t\u1ef1 pha, M\u1ea5t pha, Qu\u00e1 \u0111i\u1ec7n \u00e1p\/ kh\u00f4ng \u0111\u1ee7 \u0111i\u1ec7n \u00e1p (so s\u00e1nh).<br \/>\n<strong>K8AB-PH1-L: R\u01a1le b\u1ea3o v\u1ec7 m\u1ea5t pha &amp; th\u1ee9 t\u1ef1 pha<\/strong><br \/>\n\u2022\u00a0\u00a0Ch\u1ed1ng motor quay ng\u01b0\u1ee3c do \u0111\u1ea5u sai d\u00e2y<br \/>\n\u2022\u00a0\u00a0Ph\u00e2n bi\u1ec7t gi\u1eefa c\u00e1c pha d\u01b0\u01a1ng, ng\u01b0\u1ee3c pha &amp; m\u1ea5t pha khi \u0111i\u1ec7n b\u1eadt l\u00ean<br \/>\n\u2022\u00a0\u00a0\u0110\u1ea7u ra relay SPDT, 6 A \u1edf 250 VAC (t\u1ea3i tr\u1edf)<br \/>\n\u2022\u00a0\u00a0C\u00f3 \u0111\u00e9n LED b\u00e1o tr\u1ea1ng th\u00e1i<br \/>\n<a href=\"https:\/\/banbientan.com\/wp-content\/uploads\/2011\/09\/bao-ve-mat-pha.jpg\"><img loading=\"lazy\" decoding=\"async\" class=\"alignnone size-full wp-image-5234\" title=\"bao ve mat pha\" src=\"https:\/\/banbientan.com\/wp-content\/uploads\/2011\/09\/bao-ve-mat-pha.jpg\" alt=\"\" width=\"737\" height=\"554\" \/><\/a><\/p>\n","protected":false},"excerpt":{"rendered":"<p>\u00a0 \u00a0T\u00e0i li\u1ec7u ti\u1ebfng vi\u1ec7t K8AB Catalog ti\u1ebfng anh k8ab-pm Catalog ti\u1ebfng anh k8ab-ph1-l Catalog ti\u1ebfng anh k8ab-pw K8AB series \u2022\u00a0 C\u00f3 7 model lo\u1ea1i th\u00e2n m\u1ecfng v\u1edbi c\u00e1c ch\u1ee9c n\u0103ng ho\u00e0n to\u00e0n m\u1edbi \u2022\u00a0 Gi\u00e1m s\u00e1t ngu\u1ed3n 1 pha: R\u01a1le d\u00f2ng, r\u01a1le \u0111i\u1ec7n \u00e1p, c\u00e1c r\u01a1le \u0111i\u1ec7n \u00e1p gi\u1edbi h\u1ea1n ng\u01b0\u1ee1ng tr\u00ean\/ng\u01b0\u1ee1ng d\u01b0\u1edbi. \u2022\u00a0 [&hellip;]<\/p>\n","protected":false},"author":2,"featured_media":5172,"parent":17,"menu_order":13,"comment_status":"open","ping_status":"closed","template":"","meta":{"footnotes":""},"class_list":["post-140","page","type-page","status-publish","has-post-thumbnail","hentry"],"_links":{"self":[{"href":"https:\/\/hunglong.banbientan.com\/index.php?rest_route=\/wp\/v2\/pages\/140","targetHints":{"allow":["GET"]}}],"collection":[{"href":"https:\/\/hunglong.banbientan.com\/index.php?rest_route=\/wp\/v2\/pages"}],"about":[{"href":"https:\/\/hunglong.banbientan.com\/index.php?rest_route=\/wp\/v2\/types\/page"}],"author":[{"embeddable":true,"href":"https:\/\/hunglong.banbientan.com\/index.php?rest_route=\/wp\/v2\/users\/2"}],"replies":[{"embeddable":true,"href":"https:\/\/hunglong.banbientan.com\/index.php?rest_route=%2Fwp%2Fv2%2Fcomments&post=140"}],"version-history":[{"count":0,"href":"https:\/\/hunglong.banbientan.com\/index.php?rest_route=\/wp\/v2\/pages\/140\/revisions"}],"up":[{"embeddable":true,"href":"https:\/\/hunglong.banbientan.com\/index.php?rest_route=\/wp\/v2\/pages\/17"}],"wp:featuredmedia":[{"embeddable":true,"href":"https:\/\/hunglong.banbientan.com\/index.php?rest_route=\/"}],"wp:attachment":[{"href":"https:\/\/hunglong.banbientan.com\/index.php?rest_route=%2Fwp%2Fv2%2Fmedia&parent=140"}],"curies":[{"name":"wp","href":"https:\/\/api.w.org\/{rel}","templated":true}]}}