{"id":14010,"date":"2013-05-24T00:00:47","date_gmt":"2013-05-23T17:00:47","guid":{"rendered":"https:\/\/banbientan.com\/?page_id=14010"},"modified":"2013-05-24T00:00:47","modified_gmt":"2013-05-23T17:00:47","slug":"e2b-cam-bien-tiem-can-gia-re","status":"publish","type":"page","link":"https:\/\/hunglong.banbientan.com\/?page_id=14010","title":{"rendered":"E2B  ch\u1ea5t l\u01b0\u1ee3ng cao, gi\u00e1 th\u1ea5p"},"content":{"rendered":"<p><a href=\"https:\/\/banbientan.com\/wp-content\/uploads\/2013\/05\/e2b.jpg\"><img loading=\"lazy\" decoding=\"async\" class=\"alignnone size-full wp-image-14011\" title=\"e2b\" alt=\"\" src=\"https:\/\/banbientan.com\/wp-content\/uploads\/2013\/05\/e2b.jpg\" width=\"516\" height=\"374\" \/><\/a><br \/>\n<strong><a href=\"https:\/\/banbientan.com\/wp-content\/uploads\/2013\/05\/E2B.pdf\">T\u00e0i li\u1ec7u ti\u1ebfng anh &#8211; E2B<\/a><\/strong><br \/>\n<strong>C\u1ea3m bi\u1ebfn ti\u1ec7m c\u1eadn, ch\u1ea5t l\u01b0\u1ee3ng, gi\u00e1 r\u1ebb.<em> (thay th\u1ebf lo\u1ea1i E2A s\u1ebd ng\u1eebng s\u1ea3n xu\u1ea5t)<\/em><\/strong><\/p>\n<ul>\n<li>372 models DC 3 d\u00e2y (d\u00e2y n\u1ed1i ho\u1eb7c gi\u1eafc c\u1eafm)<\/li>\n<li>K\u00edch c\u1ee1 M8, M12, M18, M30<\/li>\n<li>Kho\u1ea3ng c\u00e1ch ph\u00e1t hi\u1ec7n t\u1eeb 2 mm t\u1edbi 30 mm<\/li>\n<li>\u0110\u00e8n ch\u1ec9 th\u1ecb 360 \u0111\u1ed9, d\u1ec5 th\u1ea5y t\u1eeb m\u1ecdi h\u01b0\u1edbng<\/li>\n<li>Gi\u1ea3m chi ph\u00ed v\u00e0 th\u1eddi gian b\u1ea3o tr\u00ec<\/li>\n<li>C\u1ea5p \u0111\u1ed9 b\u1ea3o v\u1ec7 IP67:\u00a0Ch\u1ecbu \u0111\u1ef1ng t\u1ed1t trong m\u00f4i tr\u01b0\u1eddng c\u00f3 nhi\u1ec1u h\u01a1i n\u01b0\u1edbc, h\u01a1i d\u1ea7u.<\/li>\n<li>\u0110\u00e8n hi\u1ec3n th\u1ecb tr\u1ea1ng th\u00e1i 360 \u0111\u1ed9\u00a0Gi\u00fap nh\u00ecn r\u00f5 t\u1eeb m\u1ecdi h\u01b0\u1edbng trong m\u00f4i tr\u01b0\u1eddng thi\u1ebfu s\u00e1ng.<\/li>\n<\/ul>\n<p><strong>C\u1ea2M BI\u1ebeN TI\u1ec6M C\u1eacN E2B &#8211; Ph\u00f9 h\u1ee3p cho nhi\u1ec1u \u1ee9ng d\u1ee5ng kh\u00e1c nhau<\/strong><br \/>\nM\u00e1y CNC,\u00a0M\u00e1y \u0111\u00f3ng g\u00f3i,\u00a0Ph\u00e1t hi\u1ec7n\u00a0ch\u1ed1t CAM,\u00a0D\u00f2 v\u1ecb tr\u00ed\u00a0tr\u00ean b\u00e0n xoay,\u00a0\u0110i\u1ec1u khi\u1ec3n\u00a0l\u1ef1c c\u0103ng,\u00a0D\u00f2 v\u1ecb tr\u00ed\u00a0xylanh<br \/>\n<a href=\"https:\/\/banbientan.com\/wp-content\/uploads\/2013\/05\/ung-dung-cam-bien-e2b.jpg\"><img loading=\"lazy\" decoding=\"async\" class=\"alignnone  wp-image-15178\" alt=\"ung dung cam bien e2b\" src=\"https:\/\/banbientan.com\/wp-content\/uploads\/2013\/05\/ung-dung-cam-bien-e2b.jpg\" width=\"623\" height=\"186\" \/><\/a><br \/>\n<strong>Th\u00f4ng tin \u0111\u1eb7t h\u00e0ng:<\/strong><\/p>\n<table style=\"width: 706px;\" border=\"0\" cellspacing=\"0\" cellpadding=\"0\">\n<colgroup>\n<col width=\"80\" \/>\n<col span=\"2\" width=\"211\" \/>\n<col width=\"204\" \/> <\/colgroup>\n<tbody>\n<tr>\n<td width=\"80\" height=\"17\">K\u00edch th\u01b0\u1edbc<\/td>\n<td width=\"211\">\u0110\u1ea7u ra NPN<\/td>\n<td width=\"211\">\u0110\u1ea7u ra PNP<\/td>\n<td width=\"204\">Kho\u1ea3ng c\u00e1ch ph\u00e1t hi\u1ec7n<\/td>\n<\/tr>\n<tr>\n<td height=\"17\">M8<\/td>\n<td>E2B-S08KS02-WP-C1 2M<\/td>\n<td>E2B-S08KS02-WP-B1 2M<\/td>\n<td>2 mm<\/td>\n<\/tr>\n<tr>\n<td height=\"17\">M8<\/td>\n<td>E2B-S08KN04-WP-C1 2M<\/td>\n<td>E2B-S08KN04-WP-B1 2M<\/td>\n<td>4 mm<\/td>\n<\/tr>\n<tr>\n<td height=\"17\">M12<\/td>\n<td>E2B-M12KS04-WP-C1 2M<\/td>\n<td>E2B-M12KS04-WP-B1 2M<\/td>\n<td>4 mm<\/td>\n<\/tr>\n<tr>\n<td height=\"17\">M12<\/td>\n<td>E2B-M12KN08-WP-C1 2M<\/td>\n<td>E2B-M12KN08-WP-B1 2M<\/td>\n<td>8 mm<\/td>\n<\/tr>\n<tr>\n<td height=\"17\">M18<\/td>\n<td>E2B-M18KS08-WP-C1 2M<\/td>\n<td>E2B-M18KS08-WP-B1 2M<\/td>\n<td>8mm<\/td>\n<\/tr>\n<tr>\n<td height=\"17\">M18<\/td>\n<td>E2B-M18KN16-WP-C1 2M<\/td>\n<td>E2B-M18KN16-WP-B1 2M<\/td>\n<td>16 mm<\/td>\n<\/tr>\n<tr>\n<td height=\"17\">M30<\/td>\n<td>E2B-M30KS15-WP-C1 2M<\/td>\n<td>E2B-M30KS15-WP-B1 2M<\/td>\n<td>15 mm<\/td>\n<\/tr>\n<tr>\n<td height=\"17\">M30<\/td>\n<td>E2B-M30LN30-WP-C1 2M<\/td>\n<td>E2B-M30LN30-WP-B1 2M<\/td>\n<td>30 mm<\/td>\n<\/tr>\n<\/tbody>\n<\/table>\n","protected":false},"excerpt":{"rendered":"<p>T\u00e0i li\u1ec7u ti\u1ebfng anh &#8211; E2B C\u1ea3m bi\u1ebfn ti\u1ec7m c\u1eadn, ch\u1ea5t l\u01b0\u1ee3ng, gi\u00e1 r\u1ebb. (thay th\u1ebf lo\u1ea1i E2A s\u1ebd ng\u1eebng s\u1ea3n xu\u1ea5t) 372 models DC 3 d\u00e2y (d\u00e2y n\u1ed1i ho\u1eb7c gi\u1eafc c\u1eafm) K\u00edch c\u1ee1 M8, M12, M18, M30 Kho\u1ea3ng c\u00e1ch ph\u00e1t hi\u1ec7n t\u1eeb 2 mm t\u1edbi 30 mm \u0110\u00e8n ch\u1ec9 th\u1ecb 360 \u0111\u1ed9, d\u1ec5 th\u1ea5y [&hellip;]<\/p>\n","protected":false},"author":2,"featured_media":14011,"parent":101,"menu_order":0,"comment_status":"closed","ping_status":"closed","template":"","meta":{"footnotes":""},"class_list":["post-14010","page","type-page","status-publish","has-post-thumbnail","hentry"],"_links":{"self":[{"href":"https:\/\/hunglong.banbientan.com\/index.php?rest_route=\/wp\/v2\/pages\/14010","targetHints":{"allow":["GET"]}}],"collection":[{"href":"https:\/\/hunglong.banbientan.com\/index.php?rest_route=\/wp\/v2\/pages"}],"about":[{"href":"https:\/\/hunglong.banbientan.com\/index.php?rest_route=\/wp\/v2\/types\/page"}],"author":[{"embeddable":true,"href":"https:\/\/hunglong.banbientan.com\/index.php?rest_route=\/wp\/v2\/users\/2"}],"replies":[{"embeddable":true,"href":"https:\/\/hunglong.banbientan.com\/index.php?rest_route=%2Fwp%2Fv2%2Fcomments&post=14010"}],"version-history":[{"count":0,"href":"https:\/\/hunglong.banbientan.com\/index.php?rest_route=\/wp\/v2\/pages\/14010\/revisions"}],"up":[{"embeddable":true,"href":"https:\/\/hunglong.banbientan.com\/index.php?rest_route=\/wp\/v2\/pages\/101"}],"wp:featuredmedia":[{"embeddable":true,"href":"https:\/\/hunglong.banbientan.com\/index.php?rest_route=\/"}],"wp:attachment":[{"href":"https:\/\/hunglong.banbientan.com\/index.php?rest_route=%2Fwp%2Fv2%2Fmedia&parent=14010"}],"curies":[{"name":"wp","href":"https:\/\/api.w.org\/{rel}","templated":true}]}}