{"id":15125,"date":"2013-12-13T10:32:23","date_gmt":"2013-12-13T03:32:23","guid":{"rendered":"https:\/\/banbientan.com\/?page_id=15125"},"modified":"2013-12-13T10:32:23","modified_gmt":"2013-12-13T03:32:23","slug":"bien-tan-inova-md310","status":"publish","type":"page","link":"https:\/\/hunglong.banbientan.com\/?page_id=15125","title":{"rendered":"Bi\u1ebfn t\u1ea7n INOVANCE MD310"},"content":{"rendered":"<p><span style=\"color: #ff0000;\"><strong><span style=\"font-size: large;\">Bi\u1ebfn t\u1ea7n ch\u1ea5t l\u01b0\u1ee3ng t\u1ed1t nh\u1ea5t, \u1ee9ng d\u1ee5ng m\u1ea1nh m\u1ebd, gi\u00e1 r\u1ebb nh\u1ea5t th\u1ecb tr\u01b0\u1eddng.<\/span><\/strong><\/span><br \/>\n<span style=\"font-size: large; color: #0000ff;\"><strong><a href=\"https:\/\/banbientan.com\">Bi\u1ebfn t\u1ea7n<\/a> INOVANCE MD310<\/strong><\/span><br \/>\n<a href=\"https:\/\/banbientan.com\/wp-content\/uploads\/2013\/12\/201308150955243499.png\"><img loading=\"lazy\" decoding=\"async\" class=\"alignnone size-full wp-image-15126\" src=\"https:\/\/banbientan.com\/wp-content\/uploads\/2013\/12\/201308150955243499.png\" alt=\"201308150955243499\" width=\"231\" height=\"182\" \/><\/a><a href=\"https:\/\/banbientan.com\/wp-content\/uploads\/2013\/12\/bien-tan-innova-md310.png\"><img loading=\"lazy\" decoding=\"async\" class=\"alignnone size-full wp-image-15127\" src=\"https:\/\/banbientan.com\/wp-content\/uploads\/2013\/12\/bien-tan-innova-md310.png\" alt=\"bien tan innova md310\" width=\"197\" height=\"148\" \/><\/a><br \/>\n&nbsp;<br \/>\n<strong><a href=\"https:\/\/banbientan.com\/wp-content\/uploads\/2013\/12\/Huong-dan-cai-dat-bien-tan-MD310.pdf\">H\u01b0\u1edbng d\u1eabn c\u00e0i \u0111\u1eb7t c\u00e1c th\u00f4ng s\u1ed1 c\u01a1 b\u1ea3n bi\u1ebfn t\u1ea7n MD310 -Ti\u1ebfng Vi\u1ec7t<\/a><\/strong><br \/>\n<strong><a href=\"https:\/\/banbientan.com\/wp-content\/uploads\/2013\/12\/Inovance\u2014MD320User-Manual.pdf\">T\u00e0i li\u1ec7u h\u01b0\u1edbng d\u1eabn MD310 &#8211; Ti\u1ebfng Anh<\/a><\/strong><br \/>\nC\u00f4ng su\u1ea5t:\u00a0\u00a0\u00a0\u00a0\u00a0\u00a0\u00a0\u00a0\u00a00.75kW ~ 18,5 kW<br \/>\n\u0110i\u1ec7n \u00e1p ngu\u1ed3n:\u00a0\u00a0\u00a0Lo\u1ea1i 220V\u00a0v\u00e0\u00a0380V<br \/>\n&#8211; \u0110i\u1ec1u khi\u1ec1n V\/F<br \/>\n&#8211; \u0110i\u1ec1u khi\u1ec3n Sensorless Vector (SVC)<br \/>\n<a href=\"https:\/\/banbientan.com\">bien tan<\/a> inovance 310\u00a0Kh\u1ea3 n\u0103ng \u0111i\u1ec1u khi\u1ec3n \u0111\u1ed3ng b\u1ed9 t\u1ed1c \u0111\u1ed9, t\u1ec9 l\u1ec7 t\u1ed1c \u0111\u1ed9 tuy\u1ebfn t\u00ednh ch\u00ednh x\u00e1c, \u0111i\u1ec1u khi\u1ec3n l\u1ef1c c\u0103ng,\u00a0\u0111i\u1ec1u khi\u1ec3n ti\u1ebft ki\u1ec7m \u0111i\u1ec7n n\u0103ng, \u0111i\u1ec1u khi\u1ec3n qu\u00e1 tr\u00ecnh PID,\u00a0\u0111i\u1ec1u khi\u1ec3n\u00a0theo chu tr\u00ecnh PLC, \u0111\u00e1p \u1ee9ng moment \u00a0c\u1ef1c nhanh, \u1ed5n \u0111\u1ecbnh t\u1ed1c \u0111\u1ed9 \u0111\u1ed9ng c\u01a1 khi t\u1ea3i thay \u0111\u1ed5i \u0111\u1ed9t bi\u1ebfn v\u00e0 khi ho\u1ea1t \u0111\u1ed9ng \u1edf t\u1ed1c \u0111\u1ed9th\u1ea5p\u2026<br \/>\n<span style=\"font-size: medium;\"><b>M\u00f4 T\u1ea3 S\u1ea3n Ph\u1ea9m:<\/b><\/span><br \/>\n\u25cf\u00a0Ngu\u1ed3n v\u00e0o\/\u00a0ra:<br \/>\n&#8211; \u0110i\u1ec7n \u00e1p v\u00e0o: 3 pha 380 \u0111\u1ebfn 440 AC ,- 15% \u0111\u1ebfn 20% (323-528VAC)<br \/>\n&#8211; T\u1ea7n s\u1ed1 v\u00e0o: 47.5~63Hz<br \/>\n&#8211; \u0110i\u1ec7n \u00e1p\u00a0ra: 0V ~ m\u1ee9c \u0111i\u1ec7n \u00e1p ng\u00f5 v\u00e0o<br \/>\n&#8211; T\u1ea7n s\u1ed1\u00a0ra: 0.00 ~ 600.00 Hz<br \/>\n\u25cf\u00a0\u0110\u1eb7c \u0111i\u1ec3m (t\u1ea5t c\u1ea3 c\u00e1c ng\u00f5 v\u00e0o\/ra \u0111\u1ec1u c\u00f3 th\u1ec3 l\u1eadp tr\u00ecnh \u0111\u01b0\u1ee3c):<br \/>\n&#8211; 5 ng\u00f5 v\u00e0o s\u1ed1 (Digital) nh\u1eadn gi\u00e1 tr\u1ecb ON \u2013 OFF c\u00f3 th\u1ec3 ch\u1ecdn PNP\u00a0ho\u1eb7c NPN.<br \/>\n&#8211; 1\u00a0ng\u00f5 v\u00e0o xung t\u1ea7n s\u1ed1 cao (DI5): nh\u1eadn xung t\u1eeb 0.000 ~ 20.000kHz, c\u00f3 th\u1ec3 ch\u1ecdn PNP\u00a0ho\u1eb7c NPN.<br \/>\n&#8211; 1 ng\u00f5 ra colector h\u1edf (DO1-CME): (t\u00f9y ch\u1ecdn ON \u2013 OFF)<br \/>\n&#8211; 1 ng\u00f5 ra xung t\u1ea7n s\u1ed1 cao (FM-COM) 0.000 ~ 50.000kHz<br \/>\n&#8211; 2 ng\u00f5 v\u00e0o Analog: Ng\u00f5 AI1 nh\u1eadn t\u00edn hi\u1ec7u\u00a0t\u1eeb 0V ~ 10V,\u00a0ng\u00f5 AI2 nh\u1eadn t\u00edn hi\u1ec7u t\u1eeb 0 ~10V ho\u1eb7c 0\/4~20mA.<br \/>\n&#8211; 1 ng\u00f5 ra Analog:\u00a0AO1\u00a0c\u00f3 t\u00edn hi\u1ec7u t\u1eeb 0\/4~20 mA ho\u1eb7c 0~10 V, t\u00f9y ch\u1ecdn.<br \/>\n&#8211;\u00a0T\u1ea5t c\u1ea3\u00a0c\u00e1c ng\u00f5 Analog v\u00e0 xung t\u1ed1c \u0111\u1ed9 cao v\u00e0o\/ra c\u00f3\u00a0th\u1ec3\u00a0\u0111\u1eb7t v\u00f4 c\u1ea5p d\u1ea3i t\u00edn\u00a0hi\u1ec7u t\u00f9y\u00a0\u00fd\u00a0theo\u00a0\u1ee9ng d\u1ee5ng th\u1ef1c t\u1ebf.<br \/>\n&#8211; 1 ng\u00f5 ra Relay: (c\u00f3 c\u1ea3 NO v\u00e0 NC) c\u00f3 th\u1ec3 l\u1eadp tr\u00ecnh \u0111\u01b0\u1ee3c.<br \/>\n&#8211; T\u00edch h\u1ee3p s\u1eb5n\u00a0c\u1ed5ng truy\u1ec1n th\u00f4ng RS-485 chu\u1ea9n Modbus RTU.<br \/>\n\u25cf\u00a0Ch\u1ee9c n\u0103ng \u0111i\u1ec1u khi\u1ec3n ch\u00ednh:<br \/>\n&#8211; Ch\u1ebf \u0111\u1ed9 \u0111i\u1ec1u khi\u1ec3n: \u0111i\u1ec1u khi\u1ec3n V\/F, \u0111i\u1ec1u khi\u1ec3n v\u00e9c t\u01a1 kh\u00f4ng c\u1ea3m bi\u1ebfn t\u1ed1c \u0111\u1ed9 (Sensorless vector \u2013 SVC)<br \/>\n&#8211; Kh\u1ea3 n\u0103ng qu\u00e1 t\u1ea3i:\u00a0 120% d\u00f2ng \u0111\u1ecbnh m\u1ee9c\/ 1 gi\u1edd, 150% d\u00f2ng \u0111\u1ecbnh m\u1ee9c\/60gi\u00e2y, 180% d\u00f2ng \u0111\u1ecbnh m\u1ee9c\/2 gi\u00e2y.<br \/>\n&#8211; \u0110\u1ed9 ph\u00e2n gi\u1ea3i \u0111i\u1ec1u ch\u1ec9nh t\u1ed1c \u0111\u1ed9: 1:100 (SVC)<br \/>\n&#8211; T\u1ea7n s\u1ed1 s\u00f3ng mang: 1 kHz ~15.0 kHz.<br \/>\n&#8211; Ngu\u1ed3n \u0111\u1eb7t t\u1ed1c \u0111\u1ed9: B\u00e0n ph\u00edm, Ng\u00f5 v\u00e0o analog, ng\u00f5 v\u00e0o xung DI5, truy\u1ec1n th\u00f4ng, \u0111a c\u1ea5p t\u1ed1c \u0111\u1ed9, simple PLC v\u00e0 PID,<br \/>\nc\u00f3 th\u1ec3\u00a0th\u1ef1c hi\u1ec7n k\u1ebft h\u1ee3p, \u0111i\u1ec1u ch\u1ec9nh gi\u1eefa nhi\u1ec1u ng\u00f5 v\u00e0o v\u00e0 chuy\u1ec3n \u0111\u1ed5i gi\u1eefa c\u00e1c ng\u00f5 v\u00e0o kh\u00e1c nhau.<br \/>\n&#8211; Ch\u1ee9c n\u0103ng \u0111i\u1ec1u khi\u1ec3n PID.<br \/>\n&#8211; Simple PLC, Ch\u1ee9c n\u0103ng \u0111a c\u1ea5p t\u1ed1c \u0111\u1ed9: c\u00f3 16 c\u1ea5p t\u1ed1c \u0111\u1ed9\u00a0\u00a0v\u00e0 16 c\u1ea5p th\u1eddi gian \u0111\u1eb7t tr\u01b0\u1edbc.<br \/>\n&#8211; Ch\u1ee9c n\u0103ng \u0111i\u1ec1u khi\u1ec3n zigzag t\u1ed1c \u0111\u1ed9 v\u00e0 b\u1ed9 \u0111\u1ebfm Counter.<br \/>\n&#8211; Kh\u00f4ng d\u1eebng ho\u1ea1t \u0111\u1ed9ng khi m\u1ea5t \u0111i\u1ec7n t\u1ea1m th\u1eddi.<br \/>\n&#8211; Ch\u1ee9c n\u0103ng d\u00f2 t\u1ed1c \u0111\u1ed9: kh\u1edfi \u0111\u1ed9ng \u00eam \u0111\u1ed1i v\u1edbi \u0111\u1ed9ng c\u01a1 \u0111ang c\u00f2n quay.<br \/>\n&#8211; Ph\u00edm QUICK\/JOG: l\u00e0 ph\u00edm t\u1eaft \u0111\u01b0\u1ee3c \u0111\u1ecbnh ngh\u0129a b\u1edfi ng\u01b0\u1eddi s\u1eed d\u1ee5ng.<br \/>\n&#8211; Ch\u1ee9c n\u0103ng\u00a0t\u1ef1 \u0111\u1ed9ng \u1ed5n \u0111\u1ecbnh \u0111i\u1ec7n \u00e1p ng\u00f5 ra khi \u0111i\u1ec7n \u00e1p ngu\u1ed3n c\u1ea5p dao \u0111\u1ed9ng b\u1ea5t th\u01b0\u1eddng.<br \/>\n&#8211; Ch\u1ee9c n\u0103ng b\u1ea3o v\u1ec7: B\u1ea3o v\u1ec7 khi x\u1ea3y ra c\u00e1c s\u1ef1 c\u1ed1 nh\u01b0 l\u00e0 qu\u00e1 d\u00f2ng, qu\u00e1 \u00e1p, d\u01b0\u1edbi \u00e1p, qu\u00e1 nhi\u1ec7t, ch\u1ea1m pha, m\u1ea5t pha,<br \/>\nl\u1ec7ch pha, \u0111\u1ee9t d\u00e2y ng\u00f5 ra,\u00a0qu\u00e1 t\u1ea3i v.v\u2026 v\u00e0 v\u1eabn ho\u1ea1t \u0111\u1ed9ng t\u1ed1t khi \u0111i\u1ec7n \u00e1p\u00a0\u00a0ngu\u1ed3n v\u00e0o th\u1ea5p b\u1eb1ng ba pha 320VAC.<br \/>\n&nbsp;<\/p>\n","protected":false},"excerpt":{"rendered":"<p>Bi\u1ebfn t\u1ea7n ch\u1ea5t l\u01b0\u1ee3ng t\u1ed1t nh\u1ea5t, \u1ee9ng d\u1ee5ng m\u1ea1nh m\u1ebd, gi\u00e1 r\u1ebb nh\u1ea5t th\u1ecb tr\u01b0\u1eddng. Bi\u1ebfn t\u1ea7n INOVANCE MD310 &nbsp; H\u01b0\u1edbng d\u1eabn c\u00e0i \u0111\u1eb7t c\u00e1c th\u00f4ng s\u1ed1 c\u01a1 b\u1ea3n bi\u1ebfn t\u1ea7n MD310 -Ti\u1ebfng Vi\u1ec7t T\u00e0i li\u1ec7u h\u01b0\u1edbng d\u1eabn MD310 &#8211; Ti\u1ebfng Anh C\u00f4ng su\u1ea5t:\u00a0\u00a0\u00a0\u00a0\u00a0\u00a0\u00a0\u00a0\u00a00.75kW ~ 18,5 kW \u0110i\u1ec7n \u00e1p ngu\u1ed3n:\u00a0\u00a0\u00a0Lo\u1ea1i 220V\u00a0v\u00e0\u00a0380V &#8211; \u0110i\u1ec1u khi\u1ec1n V\/F [&hellip;]<\/p>\n","protected":false},"author":2,"featured_media":15126,"parent":0,"menu_order":0,"comment_status":"closed","ping_status":"closed","template":"","meta":{"footnotes":""},"class_list":["post-15125","page","type-page","status-publish","has-post-thumbnail","hentry"],"_links":{"self":[{"href":"https:\/\/hunglong.banbientan.com\/index.php?rest_route=\/wp\/v2\/pages\/15125","targetHints":{"allow":["GET"]}}],"collection":[{"href":"https:\/\/hunglong.banbientan.com\/index.php?rest_route=\/wp\/v2\/pages"}],"about":[{"href":"https:\/\/hunglong.banbientan.com\/index.php?rest_route=\/wp\/v2\/types\/page"}],"author":[{"embeddable":true,"href":"https:\/\/hunglong.banbientan.com\/index.php?rest_route=\/wp\/v2\/users\/2"}],"replies":[{"embeddable":true,"href":"https:\/\/hunglong.banbientan.com\/index.php?rest_route=%2Fwp%2Fv2%2Fcomments&post=15125"}],"version-history":[{"count":0,"href":"https:\/\/hunglong.banbientan.com\/index.php?rest_route=\/wp\/v2\/pages\/15125\/revisions"}],"wp:featuredmedia":[{"embeddable":true,"href":"https:\/\/hunglong.banbientan.com\/index.php?rest_route=\/"}],"wp:attachment":[{"href":"https:\/\/hunglong.banbientan.com\/index.php?rest_route=%2Fwp%2Fv2%2Fmedia&parent=15125"}],"curies":[{"name":"wp","href":"https:\/\/api.w.org\/{rel}","templated":true}]}}