{"id":16107,"date":"2014-01-20T13:24:21","date_gmt":"2014-01-20T06:24:21","guid":{"rendered":"https:\/\/banbientan.com\/?page_id=16107"},"modified":"2014-01-20T13:24:21","modified_gmt":"2014-01-20T06:24:21","slug":"g3nb-solid-state-relay","status":"publish","type":"page","link":"https:\/\/hunglong.banbientan.com\/?page_id=16107","title":{"rendered":"G3NB Solid-state Relay"},"content":{"rendered":"<div>\n<b>G3NB Solid-state Relay<\/b><br \/>\n<a href=\"https:\/\/banbientan.com\/wp-content\/uploads\/2014\/01\/ro-le-ban-dan-G3NB.jpg\"><img loading=\"lazy\" decoding=\"async\" src=\"https:\/\/banbientan.com\/wp-content\/uploads\/2014\/01\/ro-le-ban-dan-G3NB.jpg\" alt=\"ro le ban dan G3NB\" width=\"414\" height=\"185\" \/><\/a><br \/>\n<strong><a href=\"https:\/\/banbientan.com\/wp-content\/uploads\/2014\/01\/G3NB-1-new_J164-E1-02__Datasheet.pdf\">Catalog ti\u1ebfng anh G3NB<\/a><\/strong><br \/>\n<strong>SSR t\u1eeb 5A \u0111\u1ebfn 90A \u0111\u1ea7u ra v\u1edbi m\u1ed9t m\u1ee9c gi\u00e1 h\u1ee3p l\u00fd.\u00a0<\/strong><\/p>\n<ul>\n<li>T\u00ednh n\u0103ng b\u1ea3o v\u1ec7 ch\u1ed1ng xung \u00e1p v\u00e0 qu\u00e1 d\u00f2ng t\u1ed1t.<\/li>\n<li>T\u1ea5t c\u1ea3 c\u00e1c model \u0111\u1ec1u c\u00f3 c\u00f9ng m\u1ed9t k\u00edch th\u01b0\u1edbc nh\u1ecf g\u1ecdn \u0111\u1ec3 d\u00f9ng \u0111\u01b0\u1ee3c<\/li>\n<li>\u0110\u00f4 b\u1ec1n c\u00e1ch ly:\u00a02,500 VAC, 50\/60 Hz trong v\u00f2ng 1 ph\u00fat.<\/li>\n<li>M\u1ed9t r\u00e3nh g\u00e1 chu\u1ea9n<\/li>\n<li>C\u00f3 s\u1eb5n varistor \u0111\u1ec3 ch\u1ed1ng s\u1ed1c \u0111i\u1ec7n\u00a0(-UTU models)<\/li>\n<li>Th\u1eddi gian t\u00e1c \u0111\u1ed9ng: 1\/2 of load power source cycle + 1 ms max.<\/li>\n<li>D\u00f2ng r\u00f2: 5 mA max. (at 100 VAC); 0 mA max. (at 200 VAC)<\/li>\n<li>\u0110i\u1ec7n tr\u1edf c\u00e1ch \u0111i\u1ec7n: 100 M\u03a9 min. (at 500 VDC)<\/li>\n<li>Nhi\u1ec7t \u0111\u1ed9 l\u00e0m vi\u1ec7c: \u201330\u00b0C to 80\u00b0C<\/li>\n<li>Ch\u1ec9 th\u1ecb tr\u1ea1ng th\u00e1i: LED<\/li>\n<li>Ti\u00eau chu\u1ea9n: UL, CSA, TUV (model \u2013UTU)<\/li>\n<\/ul>\n<p><strong>\u00a0Model Th\u00f4ng d\u1ee5ng:<\/strong><\/p>\n<table border=\"0\" cellspacing=\"0\" cellpadding=\"0\">\n<colgroup>\n<col width=\"267\" \/>\n<col width=\"135\" \/>\n<col width=\"203\" \/><\/colgroup>\n<tbody>\n<tr>\n<td width=\"267\" height=\"17\">\u00a0Model<\/td>\n<td width=\"135\">\u0110i\u1ec7n \u00e1p \u0111i\u1ec1u khi\u1ec3n<\/td>\n<td width=\"203\">T\u1ea3i \u0111\u1ea7u ra<\/td>\n<\/tr>\n<tr>\n<td height=\"17\">G3NB-205B-1 DC5-24<\/td>\n<td>5-24 VDC<\/td>\n<td>\u00a05 A \u1edf 24 \u0111\u1ebfn 220 VAC<\/td>\n<\/tr>\n<tr>\n<td height=\"17\">G3NB-210B-1 DC5-24<\/td>\n<td>5-24 VDC<\/td>\n<td>10 A \u1edf 24 \u0111\u1ebfn 220 VAC<\/td>\n<\/tr>\n<tr>\n<td height=\"17\">G3NB-220B-1 DC5-24<\/td>\n<td>5-24 VDC<\/td>\n<td>20 A \u1edf 24 \u0111\u1ebfn 220 VAC<\/td>\n<\/tr>\n<tr>\n<td height=\"17\">G3NB-225B-1 DC5-24<\/td>\n<td>5-24 VDC<\/td>\n<td>25 A \u1edf 24 \u0111\u1ebfn 220 VAC<\/td>\n<\/tr>\n<tr>\n<td height=\"17\">G3NB-240B DC5-24<\/td>\n<td>5-24 VDC<\/td>\n<td>40 A \u1edf 110 to 220 VAC<\/td>\n<\/tr>\n<tr>\n<td height=\"17\">G3NB-275B-1 DC5-24<\/td>\n<td>5-24 VDC<\/td>\n<td>75 A \u1edf 24 \u0111\u1ebfn 220 VAC<\/td>\n<\/tr>\n<tr>\n<td height=\"17\">G3NB-290B-1 DC5-24<\/td>\n<td>5-24 VDC<\/td>\n<td>90 A \u1edf 24 \u0111\u1ebfn 220 VAC<\/td>\n<\/tr>\n<\/tbody>\n<\/table>\n<\/div>\n","protected":false},"excerpt":{"rendered":"<p>G3NB Solid-state Relay Catalog ti\u1ebfng anh G3NB SSR t\u1eeb 5A \u0111\u1ebfn 90A \u0111\u1ea7u ra v\u1edbi m\u1ed9t m\u1ee9c gi\u00e1 h\u1ee3p l\u00fd.\u00a0 T\u00ednh n\u0103ng b\u1ea3o v\u1ec7 ch\u1ed1ng xung \u00e1p v\u00e0 qu\u00e1 d\u00f2ng t\u1ed1t. T\u1ea5t c\u1ea3 c\u00e1c model \u0111\u1ec1u c\u00f3 c\u00f9ng m\u1ed9t k\u00edch th\u01b0\u1edbc nh\u1ecf g\u1ecdn \u0111\u1ec3 d\u00f9ng \u0111\u01b0\u1ee3c \u0110\u00f4 b\u1ec1n c\u00e1ch ly:\u00a02,500 VAC, 50\/60 Hz trong v\u00f2ng [&hellip;]<\/p>\n","protected":false},"author":2,"featured_media":16095,"parent":135,"menu_order":4,"comment_status":"closed","ping_status":"closed","template":"","meta":{"footnotes":""},"class_list":["post-16107","page","type-page","status-publish","has-post-thumbnail","hentry"],"_links":{"self":[{"href":"https:\/\/hunglong.banbientan.com\/index.php?rest_route=\/wp\/v2\/pages\/16107","targetHints":{"allow":["GET"]}}],"collection":[{"href":"https:\/\/hunglong.banbientan.com\/index.php?rest_route=\/wp\/v2\/pages"}],"about":[{"href":"https:\/\/hunglong.banbientan.com\/index.php?rest_route=\/wp\/v2\/types\/page"}],"author":[{"embeddable":true,"href":"https:\/\/hunglong.banbientan.com\/index.php?rest_route=\/wp\/v2\/users\/2"}],"replies":[{"embeddable":true,"href":"https:\/\/hunglong.banbientan.com\/index.php?rest_route=%2Fwp%2Fv2%2Fcomments&post=16107"}],"version-history":[{"count":0,"href":"https:\/\/hunglong.banbientan.com\/index.php?rest_route=\/wp\/v2\/pages\/16107\/revisions"}],"up":[{"embeddable":true,"href":"https:\/\/hunglong.banbientan.com\/index.php?rest_route=\/wp\/v2\/pages\/135"}],"wp:featuredmedia":[{"embeddable":true,"href":"https:\/\/hunglong.banbientan.com\/index.php?rest_route=\/"}],"wp:attachment":[{"href":"https:\/\/hunglong.banbientan.com\/index.php?rest_route=%2Fwp%2Fv2%2Fmedia&parent=16107"}],"curies":[{"name":"wp","href":"https:\/\/api.w.org\/{rel}","templated":true}]}}