{"id":1687,"date":"2011-10-21T20:24:58","date_gmt":"2011-10-21T13:24:58","guid":{"rendered":"http:\/\/banbientan.wordpress.com\/?page_id=1687"},"modified":"2011-10-21T20:24:58","modified_gmt":"2011-10-21T13:24:58","slug":"chv110","status":"publish","type":"page","link":"https:\/\/hunglong.banbientan.com\/?page_id=1687","title":{"rendered":"CHV110"},"content":{"rendered":"<p>BI\u1ebeN T\u1ea6N INVT CHV110 T\u1ee6 BI\u1ebeN T\u1ea6N TI\u1ebeT KI\u1ec6M \u0110I\u1ec6N CHO M\u00c1Y \u00c9P NH\u1ef0A<br \/>\n<a href=\"http:\/\/banbientan.files.wordpress.com\/2011\/10\/chv1101.jpg\"><img loading=\"lazy\" decoding=\"async\" title=\"CHV110\" src=\"http:\/\/banbientan.files.wordpress.com\/2011\/10\/chv1101.jpg?w=169\" alt=\"\" width=\"169\" height=\"300\" \/><\/a><br \/>\n<strong><strong><a href=\"https:\/\/banbientan.com\/wp-content\/uploads\/2012\/08\/CHV110UserManualEnglishVersion.pdf\">T\u00e0i li\u1ec7u bi\u1ebfn t\u1ea7n invt CHV110UserManualEnglishVersion<\/a><\/strong><\/strong><br \/>\nC\u00f4ng su\u1ea5t<br \/>\n7.5kW ~ 110kW<br \/>\n220V\u00a0\/ 230V\u00a0\/ 380V\u00a0\/ 480V\u00a0\u00b1 15%<br \/>\nTh\u00f4ng tin s\u1ea3n ph\u1ea9m<br \/>\n\u25cf Ch\u1ebf \u0111\u1ed9 \u0111i\u1ec1u khi\u1ec3n: \u0111i\u1ec1u khi\u1ec3n sensorless vector, \u0111i\u1ec1u khi\u1ec3n vector, \u0111i\u1ec1u khi\u1ec3n V\/F<br \/>\n\u25cf Kh\u1ea3 n\u0103ng qu\u00e1 t\u1ea3i l\u1edbn 180% trong 30s cho t\u0103ng t\u1ed1c nhanh.<br \/>\n\u25cf C\u1ea5p b\u1ea3o v\u1ec7 IP54, ch\u1ed1ng b\u1ee5i b\u1ea9n, ch\u1ea5t \u0103n m\u00f2n v\u00e0 s\u1eed d\u1ee5ng b\u1ec1n\u2026<br \/>\n\u25cf T\u00edch h\u1ee3p s\u1eb5n cu\u1ed9n kh\u00e1ng DC (t\u1eeb 15kW \u0111\u1ebfn 55KW) c\u1ea3i thi\u1ec7n h\u1ec7 s\u1ed1 c\u00f4ng su\u1ea5t v\u00e0 n\u00e2ng cao hi\u1ec7u su\u1ea5t cho \u0111\u1ed9ng c\u01a1.<br \/>\n\u25cf Ch\u1ee9c n\u0103ng t\u1ef1 \u0111\u1ed9ng reset l\u1ed7i : t\u1ef1 \u0111\u1ed9ng reset v\u00e0 ti\u1ebfp t\u1ee5c v\u00e2n h\u00e0nh khi m\u1ea5t ngu\u1ed3n t\u1ee9c th\u1eddi.<br \/>\n\u25cf Ch\u1ee9c n\u0103ng t\u1ef1 \u0111\u1ed9ng \u0111i\u1ec1u ch\u1ec9nh \u0111i\u1ec7n \u00e1p: \u1ed5n \u0111\u1ecbnh ng\u00f5 ra khi \u00e1p ngu\u1ed3n dao \u0111\u1ed9ng.<br \/>\n\u25cf T\u00edch h\u1ee3p s\u1eb5n card nh\u1eadn t\u00edn hi\u1ec7u \u0111i\u1ec7n \u00e1p v\u00e0 d\u00f2ng \u0111i\u1ec7n (0~1A)<br \/>\n\u25cf Kh\u00f4ng g\u00e2y nhi\u1ec5u \u0111\u1ebfn thi\u1ebft b\u1ecb kh\u00e1c nh\u01b0 m\u00e1y t\u00ednh, b\u1ed9 \u0111i\u1ec1u khi\u1ec3n v\u00e0 m\u00e0n h\u00ecnh v\u1eadn h\u00e0nh, c\u00f3 s\u1eb5n b\u1ed9 l\u1ecdc nhi\u1ec5u b\u1ee9c x\u1ea1 \u0111i\u1ec7n t\u1eeb.<br \/>\n\u25cf Gi\u1ea3i thu\u1eadt: nh\u1eadn t\u00edn hi\u1ec7u analog (0~1A) ho\u1eb7c (0~10V) c\u1ee7a \u00e1p su\u1ea5t v\u00e0 l\u01b0u l\u01b0\u1ee3ng, t\u01b0 \u0111\u1ed9ng \u0111i\u1ec1u khi\u1ec3n t\u1ed1c \u0111\u1ed9 b\u01a1m d\u1ea7u \u0111\u00e1p \u1ee9ng nhanh ch\u00ednh x\u00e1c \u00e1p su\u1ea5t v\u00e0 l\u01b0u l\u01b0\u1ee3ng d\u1ea7u theo chu tr\u00ecnh c\u00e0i \u0111\u1eb7t.<br \/>\n\u25cf B\u01a1m d\u1ea7u ch\u1ec9 l\u00e0m vi\u1ec7c khi c\u00f3 y\u00eau c\u1ea7u l\u01b0u l\u01b0\u1ee3ng ho\u1eb7c \u00e1p su\u1ea5t,\u00a0\u00a0lo\u1ea1i b\u1ecf tr\u01b0\u1ee3ng h\u1ee3p tr\u00e0n d\u1ea7u qua van an to\u00e0n gi\u00fap ti\u1ebft ki\u1ec7m n\u0103ng l\u01b0\u1ee3ng hi\u1ec7u qu\u1ea3<br \/>\n\u25cf T\u00edch h\u1ee3p s\u1eb5n m\u1ea1ch By-pass gi\u00fap vi\u1ec7c s\u1ea3n xu\u1ea5t kh\u00f4ng b\u1ecb gi\u00e1n \u0111o\u1ea1n khi c\u00f3 s\u1ef1 c\u1ed1 t\u1eeb bi\u1ebfn t\u1ea7n.<br \/>\n\u25cf Kh\u1ea3 n\u0103ng ti\u1ebft ki\u1ec7m t\u1eeb 20% \u0111\u1ebfn 60% \u0111i\u1ec7n n\u0103ng ti\u00eau th\u1ee5.<\/p>\n<table style=\"width: 417px;\" border=\"1\" cellspacing=\"0\" cellpadding=\"0\">\n<tbody>\n<tr>\n<td valign=\"bottom\" width=\"157\">Model<\/td>\n<td valign=\"bottom\" width=\"128\">C\u00f4ng su\u1ea5t (KW)<\/td>\n<td valign=\"bottom\" width=\"128\">D\u00f2ng \u0111\u1ea7u ra (A)<\/td>\n<td width=\"4\"><\/td>\n<\/tr>\n<tr>\n<td valign=\"bottom\" nowrap=\"nowrap\" width=\"157\">CHV110-07RG-4<\/td>\n<td valign=\"bottom\" width=\"128\">7.5<\/td>\n<td colspan=\"2\" valign=\"bottom\" width=\"132\">17<\/td>\n<\/tr>\n<tr>\n<td valign=\"bottom\" nowrap=\"nowrap\" width=\"157\">CHV110-011G-4<\/td>\n<td valign=\"bottom\" width=\"128\">11<\/td>\n<td colspan=\"2\" valign=\"bottom\" width=\"132\">25<\/td>\n<\/tr>\n<tr>\n<td valign=\"bottom\" nowrap=\"nowrap\" width=\"157\">CHV110-015G-4<\/td>\n<td valign=\"bottom\" width=\"128\">15<\/td>\n<td colspan=\"2\" valign=\"bottom\" width=\"132\">32<\/td>\n<\/tr>\n<tr>\n<td valign=\"bottom\" nowrap=\"nowrap\" width=\"157\">CHV110-018G-4<\/td>\n<td valign=\"bottom\" nowrap=\"nowrap\" width=\"128\">18.5<\/td>\n<td colspan=\"2\" valign=\"bottom\" nowrap=\"nowrap\" width=\"132\">37<\/td>\n<\/tr>\n<tr>\n<td valign=\"bottom\" nowrap=\"nowrap\" width=\"157\">CHV110-022G-4<\/td>\n<td valign=\"bottom\" nowrap=\"nowrap\" width=\"128\">22<\/td>\n<td colspan=\"2\" valign=\"bottom\" nowrap=\"nowrap\" width=\"132\">45<\/td>\n<\/tr>\n<tr>\n<td valign=\"bottom\" nowrap=\"nowrap\" width=\"157\">CHV110-030G-4<\/td>\n<td valign=\"bottom\" nowrap=\"nowrap\" width=\"128\">30<\/td>\n<td colspan=\"2\" valign=\"bottom\" nowrap=\"nowrap\" width=\"132\">60<\/td>\n<\/tr>\n<tr>\n<td valign=\"bottom\" nowrap=\"nowrap\" width=\"157\">CHV110-037G-4<\/td>\n<td valign=\"bottom\" nowrap=\"nowrap\" width=\"128\">37<\/td>\n<td colspan=\"2\" valign=\"bottom\" nowrap=\"nowrap\" width=\"132\">75<\/td>\n<\/tr>\n<tr>\n<td valign=\"bottom\" nowrap=\"nowrap\" width=\"157\">CHV110-045G-4<\/td>\n<td valign=\"bottom\" nowrap=\"nowrap\" width=\"128\">45<\/td>\n<td colspan=\"2\" valign=\"bottom\" nowrap=\"nowrap\" width=\"132\">90<\/td>\n<\/tr>\n<tr>\n<td valign=\"bottom\" nowrap=\"nowrap\" width=\"157\">CHV110-055G-4<\/td>\n<td valign=\"bottom\" nowrap=\"nowrap\" width=\"128\">55<\/td>\n<td colspan=\"2\" valign=\"bottom\" nowrap=\"nowrap\" width=\"132\">110<\/td>\n<\/tr>\n<tr>\n<td valign=\"bottom\" nowrap=\"nowrap\" width=\"157\">CHV110-075G-4<\/td>\n<td valign=\"bottom\" nowrap=\"nowrap\" width=\"128\">75<\/td>\n<td colspan=\"2\" valign=\"bottom\" nowrap=\"nowrap\" width=\"132\">150<\/td>\n<\/tr>\n<tr>\n<td valign=\"bottom\" nowrap=\"nowrap\" width=\"157\">CHV110-090G-4<\/td>\n<td valign=\"bottom\" nowrap=\"nowrap\" width=\"128\">90<\/td>\n<td colspan=\"2\" valign=\"bottom\" nowrap=\"nowrap\" width=\"132\">176<\/td>\n<\/tr>\n<tr>\n<td valign=\"bottom\" nowrap=\"nowrap\" width=\"157\">CHV110-0110G-4<\/td>\n<td valign=\"bottom\" nowrap=\"nowrap\" width=\"128\">110<\/td>\n<td colspan=\"2\" valign=\"bottom\" nowrap=\"nowrap\" width=\"132\">210<\/td>\n<\/tr>\n<\/tbody>\n<\/table>\n<p><a href=\"http:\/\/banbientan.files.wordpress.com\/2011\/10\/may-ep-nhua.jpg\"><img loading=\"lazy\" decoding=\"async\" class=\"alignnone size-medium wp-image-1663\" title=\"may ep nhua\" src=\"http:\/\/banbientan.files.wordpress.com\/2011\/10\/may-ep-nhua.jpg?w=300\" alt=\"\" width=\"300\" height=\"225\" \/><\/a><\/p>\n","protected":false},"excerpt":{"rendered":"<p>BI\u1ebeN T\u1ea6N INVT CHV110 T\u1ee6 BI\u1ebeN T\u1ea6N TI\u1ebeT KI\u1ec6M \u0110I\u1ec6N CHO M\u00c1Y \u00c9P NH\u1ef0A T\u00e0i li\u1ec7u bi\u1ebfn t\u1ea7n invt CHV110UserManualEnglishVersion C\u00f4ng su\u1ea5t 7.5kW ~ 110kW 220V\u00a0\/ 230V\u00a0\/ 380V\u00a0\/ 480V\u00a0\u00b1 15% Th\u00f4ng tin s\u1ea3n ph\u1ea9m \u25cf Ch\u1ebf \u0111\u1ed9 \u0111i\u1ec1u khi\u1ec3n: \u0111i\u1ec1u khi\u1ec3n sensorless vector, \u0111i\u1ec1u khi\u1ec3n vector, \u0111i\u1ec1u khi\u1ec3n V\/F \u25cf Kh\u1ea3 n\u0103ng qu\u00e1 t\u1ea3i l\u1edbn [&hellip;]<\/p>\n","protected":false},"author":2,"featured_media":154,"parent":81,"menu_order":3,"comment_status":"open","ping_status":"open","template":"","meta":{"footnotes":""},"class_list":["post-1687","page","type-page","status-publish","has-post-thumbnail","hentry"],"_links":{"self":[{"href":"https:\/\/hunglong.banbientan.com\/index.php?rest_route=\/wp\/v2\/pages\/1687","targetHints":{"allow":["GET"]}}],"collection":[{"href":"https:\/\/hunglong.banbientan.com\/index.php?rest_route=\/wp\/v2\/pages"}],"about":[{"href":"https:\/\/hunglong.banbientan.com\/index.php?rest_route=\/wp\/v2\/types\/page"}],"author":[{"embeddable":true,"href":"https:\/\/hunglong.banbientan.com\/index.php?rest_route=\/wp\/v2\/users\/2"}],"replies":[{"embeddable":true,"href":"https:\/\/hunglong.banbientan.com\/index.php?rest_route=%2Fwp%2Fv2%2Fcomments&post=1687"}],"version-history":[{"count":0,"href":"https:\/\/hunglong.banbientan.com\/index.php?rest_route=\/wp\/v2\/pages\/1687\/revisions"}],"up":[{"embeddable":true,"href":"https:\/\/hunglong.banbientan.com\/index.php?rest_route=\/wp\/v2\/pages\/81"}],"wp:featuredmedia":[{"embeddable":true,"href":"https:\/\/hunglong.banbientan.com\/index.php?rest_route=\/"}],"wp:attachment":[{"href":"https:\/\/hunglong.banbientan.com\/index.php?rest_route=%2Fwp%2Fv2%2Fmedia&parent=1687"}],"curies":[{"name":"wp","href":"https:\/\/api.w.org\/{rel}","templated":true}]}}