{"id":1692,"date":"2011-10-21T20:26:22","date_gmt":"2011-10-21T13:26:22","guid":{"rendered":"http:\/\/banbientan.wordpress.com\/?page_id=1692"},"modified":"2011-10-21T20:26:22","modified_gmt":"2011-10-21T13:26:22","slug":"bien-tan-chv130","status":"publish","type":"page","link":"https:\/\/hunglong.banbientan.com\/?page_id=1692","title":{"rendered":"CHV130"},"content":{"rendered":"<p><span style=\"font-size: medium; color: #000000;\"><strong>CHV130 BI\u1ebeN T\u1ea6N \u0110I\u1ec0U KHI\u1ec2N \u0110\u1ed2NG B\u1ed8 &amp; L\u1ef0C C\u0102NG<\/strong><\/span><br \/>\n<strong><a href=\"https:\/\/banbientan.com\/wp-content\/uploads\/2011\/10\/CHV130manual.pdf\">CHV130 manual ( t\u00e0i li\u1ec7u ti\u1ebfng anh bi\u1ebfn t\u1ea7n CHV130)<\/a><\/strong><br \/>\n<span style=\"color: #000000; font-size: medium;\">C\u00f4ng su\u1ea5t<\/span><br \/>\n<span style=\"font-size: medium; color: #000000;\"><a href=\"https:\/\/banbientan.com\/wp-content\/uploads\/2011\/09\/CHE-CHV.jpg\"><img loading=\"lazy\" decoding=\"async\" class=\"alignright  wp-image-4565\" title=\"CHE CHV\" src=\"https:\/\/banbientan.com\/wp-content\/uploads\/2011\/09\/CHE-CHV-796x1024.jpg\" alt=\"\" width=\"230\" height=\"296\" \/><\/a><\/span><span style=\"color: #000000; font-size: small;\">1.5kW ~ 560kW<\/span><br \/>\n<span style=\"font-size: medium; color: #000000;\"><span style=\"font-size: x-small;\"><em>380V\u00a0\/ 480V<\/em>\u00a0<span style=\"font-size: medium;\"><span style=\"font-size: x-small;\"><em>\u00b1 15%<\/em><\/span><\/span><\/span><\/span><br \/>\nM\u00f4 t\u1ea3 s\u1ea3n ph\u1ea9m:<br \/>\n&#8211;\u00a0Ch\u1ebf \u0111\u1ed9\u00a0\u0111i\u1ec1u khi\u1ec3n:\u00a0\u0111i\u1ec1u khi\u1ec3n V\u00a0\/\u00a0f, \u0111i\u1ec1u khi\u1ec3n\u00a0sensorless Vector, \u0111i\u1ec1u khi\u1ec3n\u00a0Vector.<br \/>\n&#8211;\u00a0Hi\u1ec7u su\u1ea5t \u0111i\u1ec1u khi\u1ec3n vecter cao,\u00a0m\u00f4-men xo\u1eafn\u00a0cao\u00a0\u1edf\u00a0t\u1ea7n s\u1ed1 th\u1ea5p,\u00a0\u0111\u1ed9ng n\u0103ng ph\u1ea3n h\u1ed3i nhanh, t\u1ed1c \u0111\u1ed9 cao\u00a0ch\u00ednh x\u00e1c\u00a0..<br \/>\n&#8211;\u00a0N\u1ec1n t\u1ea3ng Simatic<br \/>\n&#8211;\u00a0Thi\u1ebft k\u1ebf\u00a0\u0111a ch\u1ee9c n\u0103ng\u00a0\u0111\u1ec3 \u0111\u01a1n gi\u1ea3n h\u00f3a\u00a0h\u1ec7\u00a0th\u1ed1ng,\u00a0gi\u1ea3m\u00a0chi ph\u00ed v\u00e0\u00a0c\u1ea3i thi\u1ec7n\u00a0\u0111\u1ed9 tin c\u1eady<br \/>\n&#8211; Ch\u1ee9c n\u0103ng\u00a0\u0111i\u1ec1u khi\u1ec3n \u1edf nhi\u1ec1u c\u1ea5p t\u1ed1c \u0111\u1ed9.<br \/>\n&#8211;\u00a0T\u1ed1c \u0111\u1ed9\u00a0kh\u00e1c nhau\u00a0ho\u1eb7c \u0111i\u1ec1u khi\u1ec3n v\u00f2ng quay \u0111i\u1ec1u khi\u1ec3n l\u1ef1c c\u0103ng.<br \/>\n&#8211;\u00a0\u0110i\u1ec1u khi\u1ec3n PID\u00a0 ki\u1ec3m so\u00e1t l\u1ef1c c\u0103ng, \u0110i\u1ec1u khi\u1ec3n t\u1ed1c \u0111\u1ed9 tuy\u1ebfn t\u00ednh.<br \/>\n&#8211; \u0110\u1ec1u\u00a0khi\u1ec3n\u00a0 Multi\u00a0v\u1edbi ch\u1ee9c n\u0103ng\u00a0c\u00e2n b\u1eb1ng t\u1ea3i.<br \/>\n&#8211;\u00a0\u0110i\u1ec1u khi\u1ec3n t\u1ed1c \u0111\u1ed9 tuy\u1ebfn t\u00ednh kh\u00f4ng c\u1ea7n m\u1ea1ch \u0111i\u1ec1u khi\u1ec3n b\u00ean ngo\u00e0i.<br \/>\n&#8211;\u00a0Ph\u00e1n \u0111o\u00e1n \u0111i\u1ec1u khi\u1ec3n, \u0111\u1ec1u khi\u1ec3n \u00e1p l\u1ef1c \u0111\u01b0\u1eddng \u1ed1ng.<br \/>\n&#8211; D\u1ec5 d\u00e0ng\u00a0c\u00e0i \u0111\u1eb7t c\u00e1c th\u00f4ng s\u1ed1.<br \/>\n-\u0110\u1ea7u ra\u00a0c\u1ea3nh\u00a0b\u00e1o\u00a0cho c\u00e1c\u00a0\u0111\u1ea7u v\u00e0o t\u01b0\u01a1ng t\u1ef1\u00a0v\u00e0 gi\u00e1 tr\u1ecb\u00a0qu\u00e1 tr\u00ecnh b\u00ean trong.<br \/>\n&#8211;\u00a0\u0110i\u1ec1u khi\u1ec3n t\u1eeb PLC.<br \/>\n&#8211;\u00a0M\u1ed7i\u00a0\u0111\u1ea7u v\u00e0o t\u01b0\u01a1ng t\u1ef1\u00a0c\u00f3\u00a0th\u1ec3\u00a0thay\u00a0\u0111\u1ed5i\u00a0c\u00e1c th\u00f4ng s\u1ed1 c\u1ee7a\u00a0bi\u1ebfn t\u1ea7n, kh\u00f4ng c\u1ea7n truy\u1ec1n th\u00f4ng.<\/p>\n","protected":false},"excerpt":{"rendered":"<p>CHV130 BI\u1ebeN T\u1ea6N \u0110I\u1ec0U KHI\u1ec2N \u0110\u1ed2NG B\u1ed8 &amp; L\u1ef0C C\u0102NG CHV130 manual ( t\u00e0i li\u1ec7u ti\u1ebfng anh bi\u1ebfn t\u1ea7n CHV130) C\u00f4ng su\u1ea5t 1.5kW ~ 560kW 380V\u00a0\/ 480V\u00a0\u00b1 15% M\u00f4 t\u1ea3 s\u1ea3n ph\u1ea9m: &#8211;\u00a0Ch\u1ebf \u0111\u1ed9\u00a0\u0111i\u1ec1u khi\u1ec3n:\u00a0\u0111i\u1ec1u khi\u1ec3n V\u00a0\/\u00a0f, \u0111i\u1ec1u khi\u1ec3n\u00a0sensorless Vector, \u0111i\u1ec1u khi\u1ec3n\u00a0Vector. &#8211;\u00a0Hi\u1ec7u su\u1ea5t \u0111i\u1ec1u khi\u1ec3n vecter cao,\u00a0m\u00f4-men xo\u1eafn\u00a0cao\u00a0\u1edf\u00a0t\u1ea7n s\u1ed1 th\u1ea5p,\u00a0\u0111\u1ed9ng n\u0103ng ph\u1ea3n h\u1ed3i nhanh, [&hellip;]<\/p>\n","protected":false},"author":2,"featured_media":155,"parent":81,"menu_order":4,"comment_status":"open","ping_status":"open","template":"","meta":{"footnotes":""},"class_list":["post-1692","page","type-page","status-publish","has-post-thumbnail","hentry"],"_links":{"self":[{"href":"https:\/\/hunglong.banbientan.com\/index.php?rest_route=\/wp\/v2\/pages\/1692","targetHints":{"allow":["GET"]}}],"collection":[{"href":"https:\/\/hunglong.banbientan.com\/index.php?rest_route=\/wp\/v2\/pages"}],"about":[{"href":"https:\/\/hunglong.banbientan.com\/index.php?rest_route=\/wp\/v2\/types\/page"}],"author":[{"embeddable":true,"href":"https:\/\/hunglong.banbientan.com\/index.php?rest_route=\/wp\/v2\/users\/2"}],"replies":[{"embeddable":true,"href":"https:\/\/hunglong.banbientan.com\/index.php?rest_route=%2Fwp%2Fv2%2Fcomments&post=1692"}],"version-history":[{"count":0,"href":"https:\/\/hunglong.banbientan.com\/index.php?rest_route=\/wp\/v2\/pages\/1692\/revisions"}],"up":[{"embeddable":true,"href":"https:\/\/hunglong.banbientan.com\/index.php?rest_route=\/wp\/v2\/pages\/81"}],"wp:featuredmedia":[{"embeddable":true,"href":"https:\/\/hunglong.banbientan.com\/index.php?rest_route=\/"}],"wp:attachment":[{"href":"https:\/\/hunglong.banbientan.com\/index.php?rest_route=%2Fwp%2Fv2%2Fmedia&parent=1692"}],"curies":[{"name":"wp","href":"https:\/\/api.w.org\/{rel}","templated":true}]}}