{"id":1698,"date":"2011-10-21T20:29:11","date_gmt":"2011-10-21T13:29:11","guid":{"rendered":"http:\/\/banbientan.wordpress.com\/?page_id=1698"},"modified":"2011-10-21T20:29:11","modified_gmt":"2011-10-21T13:29:11","slug":"bien-tan-cau-truc-chv190","status":"publish","type":"page","link":"https:\/\/hunglong.banbientan.com\/?page_id=1698","title":{"rendered":"CHV190"},"content":{"rendered":"<p><span style=\"color: #ff3300; font-size: small;\"><strong><span style=\"color: #000000;\">CHV190 &#8211; BI\u1ebeN T\u1ea6N CHUY\u00caN CHO C\u1ea8U TR\u1ee4C, N\u00c2NG H\u1ea0<\/span><\/strong><\/span><br \/>\n<span style=\"color: #ff3300; font-size: small;\"><strong><a href=\"https:\/\/banbientan.com\/wp-content\/uploads\/2011\/10\/CHV190-User-Manual_English-Version.pdf\">CHV190 User Manual_English ( T\u00e0i li\u1ec7u ti\u1ebfng anh)<\/a><br \/>\n<\/strong><\/span><br \/>\n<a href=\"https:\/\/banbientan.com\/wp-content\/uploads\/2011\/09\/2006101015550917.gif\"><img loading=\"lazy\" decoding=\"async\" class=\"alignnone  wp-image-4561\" title=\"CHV190 cho cau truc\" src=\"https:\/\/banbientan.com\/wp-content\/uploads\/2011\/09\/2006101015550917-300x298.gif\" alt=\"\" width=\"270\" height=\"268\" \/><\/a>\u00a0<a href=\"https:\/\/banbientan.com\/wp-content\/uploads\/2011\/09\/cautruc.jpg\"><img loading=\"lazy\" decoding=\"async\" class=\"alignnone size-medium wp-image-91\" title=\"cautruc\" src=\"https:\/\/banbientan.com\/wp-content\/uploads\/2011\/09\/cautruc-300x211.jpg\" alt=\"\" width=\"300\" height=\"211\" \/><\/a><\/p>\n<div>\n\u00a0Th\u00f4ng s\u1ed1 K\u1ef9 thu\u1eadt:<br \/>\n&#8211; \u0110i\u1ec1u khi\u1ec3n logic v\u00e0 gi\u00e1m s\u00e1t chu\u1ed7i th\u1eddi gian c\u1ee7a phanh.<br \/>\n&#8211;\u00a0T\u0103ng t\u1ed1c \u0111\u1ed9\u00a0khi\u00a0t\u1ea3i nh\u1eb9.<br \/>\n&#8211; Li\u00ean k\u1ebft gi\u1eefa phanh trong v\u00e0 m\u00e0n h\u00ecnh \u0111i\u1ec1u khi\u1ec3n.<br \/>\n&#8211; C\u00e1ch ly ngu\u1ed3n \u0111i\u1ec1u khi\u1ec3n c\u1ee7a m\u1ea1ch \u0111i\u1ec1u khi\u1ec3n v\u1edbi m\u1ea1ch ngu\u1ed3n.\u00a0t\u1ed1t h\u01a1n cho\u00a0ph\u00e1t\u00a0hi\u1ec7n\u00a0b\u1ecb l\u1ed7i v\u00e0\u00a0b\u1ea3o\u00a0tr\u00ec;<br \/>\n&#8211; \u0110i\u1ec1u khi\u1ec3n t\u0103ng t\u1ed1c khi t\u1ea3i nh\u1eb9 ho\u1eb7c kh\u00f4ng t\u1ea3i \u0111\u1ec3 t\u0103ng t\u1ed1c nhanh h\u01a1n cho qu\u00e1 tr\u00ecnh n\u00e2ng khi kh\u00f4ng c\u00f3 t\u1ea3i, \u0111\u1ec3 \u0111\u1ea1t hi\u1ec7u su\u1ea5t h\u01a1n.<br \/>\n&#8211; \u0110i\u1ec1u khi\u1ec3n ch\u1ee7 \u2013 t\u1edb khi c\u1ea7n \u0111\u1ed3ng t\u1ed1c gi\u1eefa 2 c\u1ea7u tr\u1ee5c trong c\u00e1c b\u01b0\u1edbc t\u1ed1c \u0111\u1ed9.<br \/>\n&#8211; \u0110i\u1ec1u khi\u1ec3n ch\u1ee7 \u2013 t\u1edb khi c\u1ea7n b\u1eb1ng l\u1ef1c cho 2 \u0111\u1ed9ng c\u01a1.<br \/>\n&#8211; Nhi\u1ec1u\u00a0ch\u1ebf\u00a0\u0111\u1ed9\u00a0\u0111i\u1ec1u khi\u1ec3n lonh ho\u1ea1t: b\u1eb1ng tay,\u00a0\u0111i\u1ec1u khi\u1ec3n t\u1eeb xa, \u0111i\u1ec1u khi\u1ec3n b\u1eb1ng chi\u1ebft \u00e1p, truy\u1ec1n th\u00f4ng.<br \/>\n&#8211;\u00a0\u0110i\u1ec1u khi\u1ec3n hai \u00a0\u0111\u1ed9ng c\u01a1 b\u1eb1ng chuy\u1ec3n m\u1ea1ch l\u00e0m gi\u1ea3m chi ph\u00ed\u00a0h\u1ec7\u00a0th\u1ed1ng<br \/>\n&#8211; H\u1ed7 tr\u1ee3\u00a0PROFIBUS-DP\u00a0v\u00e0\u00a0MODBUS<br \/>\n&#8211; Ch\u1ee9c n\u0103ng\u00a0ph\u00e1t hi\u1ec7nD\u00e2y\u00a0ch\u00f9ng .<br \/>\n&#8211; C\u00e1c th\u00f4ng s\u1ed1 tr\u00ean LCD c\u00f3 th\u1ec3 sao ch\u00e9p v\u00e0\u00a0t\u1ea3i v\u1ec1 \u00a0\u0111\u1ec3\u00a0thi\u1ebft l\u1eadp d\u1ef1 tr\u1eef.<br \/>\n&#8211; Hi\u1ec3n th\u1ecb t\u1ed1c \u0111\u1ed9, d\u1eebng kh\u1ea7n v\u00e0 b\u1ea3o v\u1ec7 qu\u00e1 t\u1ed1c \u0111\u1ed9.<br \/>\n&#8211;\u00a0\u0110i\u1ec1u khi\u1ec3n vector\u00a0v\u00f2ng k\u00edn 200% M\u00f4 men \u1edf 0HZ<br \/>\n&#8211; C\u00f4ng ngh\u1ec7 \u0111i\u1ec1u khi\u1ec3n Sensorless\u00a0vector ch\u00ednh x\u00e1c t\u1edbi 0.5%.<br \/>\n&#8211;\u00a0H\u1ed7 tr\u1ee3\u00a0n\u0103ng \u0111\u1ed9ng\u00a0phanh\u00a0v\u00e0\u00a0phanh\u00a0t\u00e1i sinh.<br \/>\n&#8211;\u00a0\u1ee8ng d\u1ee5ng ti\u00eau bi\u1ec3u:\u00a0c\u1ea9u\u00a0c\u1ea3ng bi\u1ec3n,\u00a0luy\u1ec7n kim, ki\u1ebfn tr\u00fac, m\u00e1y m\u00f3c,\u00a0h\u00f3a\u00a0ch\u1ea5t, giao th\u00f4ng v\u1eadn t\u1ea3i, cung c\u1ea5p \u0111i\u1ec7n;<br \/>\n&#8211;\u00a0C\u1ea7u\u00a0c\u1ea7n c\u1ea9u,\u00a0m\u00e1y\u00a0x\u00e2y d\u1ef1ng\u00a0\u0111\u01b0\u1eddng s\u1eaft\u00a0v\u00e0\u00a0\u0111\u01b0\u1eddng.<\/p>\n<table style=\"width: 457px;\" border=\"1\" cellspacing=\"0\" cellpadding=\"0\">\n<tbody>\n<tr>\n<td valign=\"bottom\" width=\"145\">Model<\/td>\n<td valign=\"bottom\" width=\"96\">C\u00f4ng su\u1ea5t (KW)<\/td>\n<td valign=\"bottom\" width=\"108\">D\u00f2ng \u0111\u1ea7u ra (A)<\/td>\n<td valign=\"bottom\" width=\"108\">D\u00f2ng \u0111\u1ea7u v\u00e0o (A)<\/td>\n<\/tr>\n<tr>\n<td valign=\"bottom\" nowrap=\"nowrap\" width=\"145\">CHV190A-018-4<\/td>\n<td valign=\"bottom\" nowrap=\"nowrap\" width=\"96\">18.5<\/td>\n<td valign=\"bottom\" nowrap=\"nowrap\" width=\"108\">38<\/td>\n<td valign=\"bottom\" nowrap=\"nowrap\" width=\"108\">37<\/td>\n<\/tr>\n<tr>\n<td valign=\"bottom\" nowrap=\"nowrap\" width=\"145\">CHV190A-022-4<\/td>\n<td valign=\"bottom\" nowrap=\"nowrap\" width=\"96\">22<\/td>\n<td valign=\"bottom\" nowrap=\"nowrap\" width=\"108\">46<\/td>\n<td valign=\"bottom\" nowrap=\"nowrap\" width=\"108\">45<\/td>\n<\/tr>\n<tr>\n<td valign=\"bottom\" nowrap=\"nowrap\" width=\"145\">CHV190A-030-4<\/td>\n<td valign=\"bottom\" nowrap=\"nowrap\" width=\"96\">30<\/td>\n<td valign=\"bottom\" nowrap=\"nowrap\" width=\"108\">62<\/td>\n<td valign=\"bottom\" nowrap=\"nowrap\" width=\"108\">60<\/td>\n<\/tr>\n<tr>\n<td valign=\"bottom\" nowrap=\"nowrap\" width=\"145\">CHV190A-037-4<\/td>\n<td valign=\"bottom\" nowrap=\"nowrap\" width=\"96\">37<\/td>\n<td valign=\"bottom\" nowrap=\"nowrap\" width=\"108\">76<\/td>\n<td valign=\"bottom\" nowrap=\"nowrap\" width=\"108\">75<\/td>\n<\/tr>\n<tr>\n<td valign=\"bottom\" nowrap=\"nowrap\" width=\"145\">CHV190A-045-4<\/td>\n<td valign=\"bottom\" nowrap=\"nowrap\" width=\"96\">45<\/td>\n<td valign=\"bottom\" nowrap=\"nowrap\" width=\"108\">90<\/td>\n<td valign=\"bottom\" nowrap=\"nowrap\" width=\"108\">90<\/td>\n<\/tr>\n<tr>\n<td valign=\"bottom\" nowrap=\"nowrap\" width=\"145\">CHV190A-055-4<\/td>\n<td valign=\"bottom\" nowrap=\"nowrap\" width=\"96\">55<\/td>\n<td valign=\"bottom\" nowrap=\"nowrap\" width=\"108\">105<\/td>\n<td valign=\"bottom\" nowrap=\"nowrap\" width=\"108\">110<\/td>\n<\/tr>\n<tr>\n<td valign=\"bottom\" nowrap=\"nowrap\" width=\"145\">CHV190A-075-4<\/td>\n<td valign=\"bottom\" nowrap=\"nowrap\" width=\"96\">75<\/td>\n<td valign=\"bottom\" nowrap=\"nowrap\" width=\"108\">140<\/td>\n<td valign=\"bottom\" nowrap=\"nowrap\" width=\"108\">150<\/td>\n<\/tr>\n<tr>\n<td valign=\"bottom\" nowrap=\"nowrap\" width=\"145\">CHV190A-090-4<\/td>\n<td valign=\"bottom\" nowrap=\"nowrap\" width=\"96\">90<\/td>\n<td valign=\"bottom\" nowrap=\"nowrap\" width=\"108\">160<\/td>\n<td valign=\"bottom\" nowrap=\"nowrap\" width=\"108\">176<\/td>\n<\/tr>\n<tr>\n<td valign=\"bottom\" nowrap=\"nowrap\" width=\"145\">CHV190A-110-4<\/td>\n<td valign=\"bottom\" nowrap=\"nowrap\" width=\"96\">110<\/td>\n<td valign=\"bottom\" nowrap=\"nowrap\" width=\"108\">210<\/td>\n<td valign=\"bottom\" nowrap=\"nowrap\" width=\"108\">210<\/td>\n<\/tr>\n<tr>\n<td valign=\"bottom\" nowrap=\"nowrap\" width=\"145\">CHV190A-132-4<\/td>\n<td valign=\"bottom\" nowrap=\"nowrap\" width=\"96\">132<\/td>\n<td valign=\"bottom\" nowrap=\"nowrap\" width=\"108\">240<\/td>\n<td valign=\"bottom\" nowrap=\"nowrap\" width=\"108\">250<\/td>\n<\/tr>\n<\/tbody>\n<\/table>\n<dl>\n<dt><\/dt>\n<dt><\/dt>\n<dt><\/dt>\n<dd><\/dd>\n<\/dl>\n<\/div>\n","protected":false},"excerpt":{"rendered":"<p>CHV190 &#8211; BI\u1ebeN T\u1ea6N CHUY\u00caN CHO C\u1ea8U TR\u1ee4C, N\u00c2NG H\u1ea0 CHV190 User Manual_English ( T\u00e0i li\u1ec7u ti\u1ebfng anh) \u00a0 \u00a0Th\u00f4ng s\u1ed1 K\u1ef9 thu\u1eadt: &#8211; \u0110i\u1ec1u khi\u1ec3n logic v\u00e0 gi\u00e1m s\u00e1t chu\u1ed7i th\u1eddi gian c\u1ee7a phanh. &#8211;\u00a0T\u0103ng t\u1ed1c \u0111\u1ed9\u00a0khi\u00a0t\u1ea3i nh\u1eb9. &#8211; Li\u00ean k\u1ebft gi\u1eefa phanh trong v\u00e0 m\u00e0n h\u00ecnh \u0111i\u1ec1u khi\u1ec3n. &#8211; C\u00e1ch ly ngu\u1ed3n \u0111i\u1ec1u [&hellip;]<\/p>\n","protected":false},"author":2,"featured_media":16748,"parent":81,"menu_order":7,"comment_status":"open","ping_status":"open","template":"","meta":{"footnotes":""},"class_list":["post-1698","page","type-page","status-publish","has-post-thumbnail","hentry"],"_links":{"self":[{"href":"https:\/\/hunglong.banbientan.com\/index.php?rest_route=\/wp\/v2\/pages\/1698","targetHints":{"allow":["GET"]}}],"collection":[{"href":"https:\/\/hunglong.banbientan.com\/index.php?rest_route=\/wp\/v2\/pages"}],"about":[{"href":"https:\/\/hunglong.banbientan.com\/index.php?rest_route=\/wp\/v2\/types\/page"}],"author":[{"embeddable":true,"href":"https:\/\/hunglong.banbientan.com\/index.php?rest_route=\/wp\/v2\/users\/2"}],"replies":[{"embeddable":true,"href":"https:\/\/hunglong.banbientan.com\/index.php?rest_route=%2Fwp%2Fv2%2Fcomments&post=1698"}],"version-history":[{"count":0,"href":"https:\/\/hunglong.banbientan.com\/index.php?rest_route=\/wp\/v2\/pages\/1698\/revisions"}],"up":[{"embeddable":true,"href":"https:\/\/hunglong.banbientan.com\/index.php?rest_route=\/wp\/v2\/pages\/81"}],"wp:featuredmedia":[{"embeddable":true,"href":"https:\/\/hunglong.banbientan.com\/index.php?rest_route=\/"}],"wp:attachment":[{"href":"https:\/\/hunglong.banbientan.com\/index.php?rest_route=%2Fwp%2Fv2%2Fmedia&parent=1698"}],"curies":[{"name":"wp","href":"https:\/\/api.w.org\/{rel}","templated":true}]}}