{"id":17012,"date":"2014-03-31T11:14:10","date_gmt":"2014-03-31T04:14:10","guid":{"rendered":"https:\/\/banbientan.com\/?page_id=17012"},"modified":"2014-03-31T11:14:10","modified_gmt":"2014-03-31T04:14:10","slug":"unidrive-m","status":"publish","type":"page","link":"https:\/\/hunglong.banbientan.com\/?page_id=17012","title":{"rendered":"Unidrive M"},"content":{"rendered":"<p><span style=\"font-size: medium; color: #000080;\"><strong>Bi\u1ebfn t\u1ea7n\u00a0Unidrive M d\u00f2ng s\u1ea3n ph\u1ea9m \u0111i\u1ec1u khi\u1ec3n \u0111\u00f4ng c\u01a1 AC &amp; Servo cho t\u1ef1 \u0111\u1ed9ng h\u00f3a s\u1ea3n xu\u1ea5t.<\/strong><\/span><br \/>\n<a href=\"https:\/\/banbientan.com\/wp-content\/uploads\/2014\/03\/Unidrive-M.jpg\"><img loading=\"lazy\" decoding=\"async\" class=\"alignnone size-full wp-image-17024\" alt=\"Unidrive-M\" src=\"https:\/\/banbientan.com\/wp-content\/uploads\/2014\/03\/Unidrive-M.jpg\" width=\"574\" height=\"320\" \/><\/a><br \/>\n<strong>\u00a0Control Techniques h\u00e0ng \u0111\u1ea7u th\u1ebf gi\u1edbi v\u1ec1 \u0111i\u1ec1u khi\u1ec3n \u0111\u1ed9ng c\u01a1 v\u00e0 c\u00f4ng ngh\u1ec7 chuy\u1ec3n \u0111\u1ed5i n\u0103ng l\u01b0\u1ee3ng.<\/strong><br \/>\nL\u00e0 m\u1ed9t c\u00f4ng ty c\u1ee7a EMERSON, Control techniques l\u00e0 nh\u00e0 s\u1ea3n xu\u1ea5t h\u00e0ng \u0111\u1ea7u th\u1ebf gi\u1edbi v\u1ec1 \u0111i\u1ec1u khi\u1ec3n \u0111\u1ed9ng c\u01a1 v\u00e0 c\u00f4ng ngh\u1ec7 chuy\u1ec3n \u0111\u1ed5i n\u0103ng l\u01b0\u1ee3ng d\u00e0nh cho c\u00e1c \u1ee9ng d\u1ee5ng th\u01b0\u01a1ng m\u1ea1i v\u00e0 c\u00f4ng nghi\u1ec7p.<br \/>\nC\u00e1c s\u1ea3n ph\u1ea9m s\u00e1ng t\u1ea1o c\u1ee7a\u00a0Control techniques \u0111\u01b0\u1ee3c \u1ee9ng d\u1ee5ng cho h\u1ea7u h\u1ebft c\u00e1c \u1ee9ng d\u1ee5ng \u0111\u00f2i h\u1ecfi kh\u1eaft khe, t\u00ednh n\u0103ng su\u1ea5t v\u00e0 hi\u1ec7u su\u1ea5t v\u1eadn h\u00e0nh, \u0111\u1ed9 tin c\u1eady v\u00e0 c\u00f3 hi\u1ec7u qu\u1ea3 v\u1ec1 m\u1eb7t n\u0103ng l\u01b0\u1ee3ng.<br \/>\nV\u1edbi c\u00e1c c\u01a1 s\u1edf k\u1ef9 thu\u1eadt, thi\u1ebf k\u1ebf v\u00e0 s\u1ea3n xu\u1ea5t t\u1ea1i Ch\u00e2u \u00c2u, M\u1ef9 v\u00e0 Ch\u00e2u \u00c1, 93 c\u00f4ng ty con v\u00e0 c\u00e1c nh\u00e0 ph\u00e2n ph\u1ed1i t\u1ea1i 70 qu\u1ed1c gia h\u1ed7 tr\u1ee3 kh\u00e1ch h\u00e0ng v\u1ec1 b\u00e1n h\u00e0ng v\u00e0 d\u1ecbch v\u1ee5 k\u1ef9 thu\u1eadt t\u1ea1i ch\u1ed7 v\u00e0 chuy\u00ean m\u00f4n trong t\u01b0 v\u1ea5n thi\u1ebft k\u1ebf. R\u1ea5t nhi\u1ec1u c\u00f4ng ty cung c\u1ea5p v\u1ec1 c\u00e1c d\u1ecbch v\u1ee5 l\u1eafp \u0111\u1eb7t v\u00e0 thi\u1ebft k\u1ebf h\u1ec7 th\u1ed1ng.<br \/>\n<strong>Emerson Bi\u1ec3u t\u01b0\u1ee3ng c\u1ee7a hi\u1ec7u n\u0103ng.<\/strong><br \/>\nEmerson l\u00e0 m\u1ed9t c\u00f4ng ty c\u00f4ng ngh\u1ec7 c\u00e0 s\u1ea3n xu\u1ea5t to\u00e0n c\u1ea7u, x\u1ebfp h\u1ea1ng 120 n\u0103m 2012 trong danh s\u00e1ch 500 t\u1eadp \u0111o\u00e0n l\u1edbn nh\u1ea5t t\u1ea1i M\u1ef9 theo t\u1ea1o ch\u00ed Fortune.\u00a0<strong>Emerson\u00a0<\/strong>cung c\u1ea5p r\u1ea5t nhi\u1ec1u s\u1ea3n ph\u1ea9m v\u00e0 d\u1ecbch v\u1ee5 cho th\u1ecb tr\u01b0\u1eddng ti\u00eau d\u00f9ng, th\u01b0\u01a1ng m\u1ea1i v\u00e0 c\u00f4ng nghi\u1ec7p th\u00f4ng qua \u00a0c\u00e1c chi nh\u00e1nh chuy\u00ean v\u1ec1 \u0111i\u1ec1u khi\u1ec3n qu\u00e1 tr\u00ecnh (Emerson process), t\u1ef1 \u0111\u1ed9ng c\u00f4ng nghi\u1ec7p (Emerson industrial automation), m\u1ea1ng v\u00e0 ngu\u1ed3n (Emerson Climate technology). \u0110\u01b0\u1ee3c s\u1ef1 c\u00f4ng nh\u1eadn r\u1ed9ng r\u00e3i v\u1ec1 kh\u1ea3 n\u0103ng k\u1ef9 thu\u1eadt v\u00e0 \u0111i\u1ec1u h\u00e0nh qu\u1ea3n l\u00fd xu\u1ea5t s\u1eafc, Emerson c\u00f3 g\u1ea7n 130.000 nh\u00e2n vi\u00ean v\u00e0 235 nh\u00e0 m\u00e1y tr\u00ean kh\u1eafp th\u1ebf gi\u1edbi.<br \/>\n<strong>UNIDRIVER M d\u00f2ng s\u1ea3n ph\u1ea9m \u0111i\u1ec1u khi\u1ec3n d\u00e0nh cho t\u1ef1 \u0111\u1ed9ng h\u00f3a s\u1ea3n xu\u1ea5t, \u0111\u01b0\u1ee3c thi\u1ebft k\u1ebf ph\u00f9 h\u1ee3p v\u1edbi nhu c\u1ea7u kh\u00e1ch h\u00e0ng<\/strong><br \/>\nUnidrive M \u0111\u01b0\u1ee3c thi\u1ebft k\u1ebf \u0111\u1eb7c bi\u1ec7t d\u00e0nh cho c\u00e1c \u1ee9ng d\u1ee5ng t\u1ef1 \u0111\u1ed9ng h\u00f3a s\u1ea3n xu\u1ea5t, l\u00e0 l\u0129nh v\u1ef1c chuy\u00ean m\u00f4n truy\u1ec1n th\u1ed1ng c\u1ee7a Control Techniques. T\u1eeb k\u1ec3t qu\u1ea3 nghi\u00ean c\u1ee9u s\u00e2u r\u1ed9ng th\u1ecb tr\u01b0\u1eddng \u0111\u1ecbnh h\u01b0\u1edbng theo kh\u00e1ch h\u00e0ng.\u00a0Control Techniques \u0111\u00e3 thi\u1ebft k\u1ebf m\u1ed9t s\u1ea3n ph\u1ea9m c\u1ee7a h\u1ecd Undriver M theo c\u00e1c nhu c\u1ea7u \u1ee9ng d\u1ee5ng c\u1ee5 th\u1ec3 \u0111\u01b0\u1ee3c x\u00e1c \u0111\u1ecbnh d\u00e0nh cho t\u1ef1 \u0111\u1ed9ng h\u00f3a s\u1ea3n xu\u1ea5t. Unidriver M \u0111ang m\u1edf ra t\u01b0\u01a1ng lai c\u1ee7a t\u1ef1 \u0111\u1ed9ng h\u00f3a v\u1edbi c\u00f4ng ngh\u1ec7 \u0111i\u1ec1u khi\u1ec3n \u0111\u1ed9ng c\u01a1 m\u1edbi nh\u1ea5t bao g\u1ed3m h\u01a1n 30 b\u1eb1ng s\u00e1ng ch\u1ebf; m\u1ed9t th\u00e1nh t\u1ef1u to\u00e0n c\u1ea7u v\u1edbi s\u1ef1 \u0111\u00f3ng g\u00f3p c\u1ee7a \u0111\u1ed9i ng\u0169 thi\u1ebft k\u1ebf v\u00e0 k\u1ef9 thu\u1eadt tr\u00ean to\u00e0n th\u1ebf gi\u1edbi c\u1ee7a\u00a0Control Techniques v\u00e0 quy tr\u00ecnh ki\u1ec3m tra s\u1ea3n ph\u1ea9m.<br \/>\n<strong>\u00a0Unidriver M d\u00f2ng bi\u1ebfn t\u1ea7n \u0111i\u1ec1u khi\u1ec3n \u0111\u1ed9ng c\u01a1 v\u1edbi kh\u1ea3 n\u0103ng m\u1edf r\u1ed9ng d\u00e0nh cho t\u1ef1 \u0111\u1ed9ng h\u00f3a s\u1ea3n xu\u1ea5t.<\/strong><br \/>\nM\u1ed9i m\u1ed9t s\u1ea3n ph\u1ea9m thu\u1ed9c h\u1ecd Unidriver M h\u1ed7 tr\u1ee3 ch\u1ee9c n\u0103ng n\u00e2ng cao, gi\u1ea3i quy\u1ebft r\u1ea5t nhi\u1ec1u nhu c\u1ea7u \u1ee9ng d\u1ee5ng cao c\u1ea5p. D\u00f2ng bi\u1ebfn t\u00e0n \u0111\u01b0\u1ee3c thi\u1ebft k\u1ebf cung c\u1ea5p ch\u00ednh x\u00e1c c\u00e1c t\u00ednh n\u0103ng \u0111i\u1ec1u khi\u1ec3n \u0111\u1ed9ng c\u01a1 cho m\u1ed7i \u1ee9ng d\u1ee5ng s\u1ea3n xu\u1ea5t, chia s\u1ebb chung n\u1ec1n t\u1ea3ng ph\u1ea7n m\u1ec1m v\u00e0 nhi\u1ec1u modul t\u00f9y ch\u1ecdn g\u1eafn th\u00eam.<br \/>\n<strong>UNIDRIVER M100<\/strong>: B\u1ed9 bi\u1ebfn t\u1ea7n \u0111i\u1ec1u khi\u1ec3n gi\u00e1 tr\u1ecb gia t\u0103ng v\u1edbi ch\u1ea5t l\u01b0\u1ee3ng v\u00e0 n\u0103ng su\u1ea5t cao d\u00e0nh cho c\u00e1c \u1ee9ng d\u1ee5ng v\u00f2ng h\u1edf, c\u00f4ng su\u1ea5t l\u00ean \u0111\u1ebfn 7,5KW<br \/>\n<strong>UNIDRIVER M200: \u00a0<\/strong>B\u1ed9 bi\u1ebfn t\u1ea7n t\u00edch h\u1ee3p cho m\u00e1y linh ho\u1ea1t th\u00f4ng qua k\u1ebft n\u1ed1i truy\u1ec1n th\u00f4ng (N\u00e2ng c\u1ea5p tr\u1ef1c ti\u1ebfp c\u1ee7a Commander SK), C\u00f4ng su\u1ea5t \u0111\u1ebfn 22kw, \u0111i\u1ec1u khi\u1ec3n vector v\u00f2ng h\u1edf hay V\/F.<br \/>\n<strong><strong>UNIDRIVER M300: <\/strong><\/strong>T\u0103ng n\u0103ng su\u1ea5t v\u1edbi ph\u1ea7n an to\u00e0n m\u00e1y,\u00a0C\u00f4ng su\u1ea5t \u0111\u1ebfn 22kw, \u0111i\u1ec1u khi\u1ec3n vector v\u00f2ng h\u1edf hay V\/F.<br \/>\n<strong><strong>UNIDRIVER M400: <\/strong><\/strong>C\u00e0i \u0111\u1eb7t v\u00e0 chu\u1ea9n \u0111o\u00e1n nhanh v\u1edbi ph\u1ea7n hi\u1ec3n th\u1ecb v\u0103n b\u1ea3n t\u00edch h\u1ee3p CONDESYS tr\u00ean n\u1ec1n PLC (n\u00e2ng c\u1ea5p tr\u1ef1c ti\u1ebfp t\u1eeb Commander SK v\u1edbi th\u1ebb nh\u1edb l\u1eadp tr\u00ecnh LogicStick v\u1edbi d\u1ea3i c\u00f4ng su\u1ea5t m\u1edf r\u1ed9ng l\u00ean \u0111\u1ebfn 110KW.<br \/>\n<strong><strong>UNIDRIVER M600: <\/strong><\/strong>B\u1ed9 bi\u1ebfn t\u1ea7n \u0111i\u1ec1u khi\u1ec3n cao c\u1ea5p cho \u0111\u1ed9ng c\u01a1 nam ch\u00e2m v\u0129nh c\u1eedu kh\u00f4ng c\u1ea3m bi\u1ebfn v\u00e0 \u0111\u1ed9ng c\u01a1 c\u1ea3m \u1ee9ng, c\u00f4ng su\u1ea5t l\u00ean \u0111\u1ebfn 1,200,000 KW.<br \/>\n<strong><strong>UNIDRIVER M700: <\/strong><\/strong>Bi\u1ebfn t\u1ea7n \u0111i\u1ec1u khi\u1ec3n cao c\u1ea5p h\u00e0ng \u0111\u1ea7u cho \u0111\u1ed9ng c\u01a1 c\u1ea3m \u1ee9ng v\u00e0 \u0111\u1ed9ng c\u01a1 nam ch\u00e2m v\u0129nh c\u1eedu v\u1edbi truy\u1ec1n th\u00f4ng Ethernet (N\u00e2ng c\u1ea5p t\u1eeb bi\u1ebfn t\u1ea7n Unidriver SP)\u00a0c\u00f4ng su\u1ea5t l\u00ean \u0111\u1ebfn 1,200,000 KW.<br \/>\n<strong><strong>UNIDRIVER M800:<\/strong><\/strong> Bi\u1ebfn t\u1ea7n c\u00f3 t\u00ednh n\u0103ng cao c\u1ea5p v\u00e0 m\u1ea1ng m\u1ebd nh\u1ea5t v\u1edbi \u0111i\u1ec1u khi\u1ec3n chuy\u1ec3n \u0111\u1ed9ng, v\u1ecb tr\u00ed t\u00edch h\u1ee3p tr\u00ean m\u00e1y,\u00a0c\u00f4ng su\u1ea5t l\u00ean \u0111\u1ebfn 1,200,000 KW.<br \/>\n&nbsp;<\/p>\n","protected":false},"excerpt":{"rendered":"<p>Bi\u1ebfn t\u1ea7n\u00a0Unidrive M d\u00f2ng s\u1ea3n ph\u1ea9m \u0111i\u1ec1u khi\u1ec3n \u0111\u00f4ng c\u01a1 AC &amp; Servo cho t\u1ef1 \u0111\u1ed9ng h\u00f3a s\u1ea3n xu\u1ea5t. \u00a0Control Techniques h\u00e0ng \u0111\u1ea7u th\u1ebf gi\u1edbi v\u1ec1 \u0111i\u1ec1u khi\u1ec3n \u0111\u1ed9ng c\u01a1 v\u00e0 c\u00f4ng ngh\u1ec7 chuy\u1ec3n \u0111\u1ed5i n\u0103ng l\u01b0\u1ee3ng. L\u00e0 m\u1ed9t c\u00f4ng ty c\u1ee7a EMERSON, Control techniques l\u00e0 nh\u00e0 s\u1ea3n xu\u1ea5t h\u00e0ng \u0111\u1ea7u th\u1ebf gi\u1edbi v\u1ec1 \u0111i\u1ec1u [&hellip;]<\/p>\n","protected":false},"author":2,"featured_media":17024,"parent":4431,"menu_order":1,"comment_status":"closed","ping_status":"closed","template":"","meta":{"footnotes":""},"class_list":["post-17012","page","type-page","status-publish","has-post-thumbnail","hentry"],"_links":{"self":[{"href":"https:\/\/hunglong.banbientan.com\/index.php?rest_route=\/wp\/v2\/pages\/17012","targetHints":{"allow":["GET"]}}],"collection":[{"href":"https:\/\/hunglong.banbientan.com\/index.php?rest_route=\/wp\/v2\/pages"}],"about":[{"href":"https:\/\/hunglong.banbientan.com\/index.php?rest_route=\/wp\/v2\/types\/page"}],"author":[{"embeddable":true,"href":"https:\/\/hunglong.banbientan.com\/index.php?rest_route=\/wp\/v2\/users\/2"}],"replies":[{"embeddable":true,"href":"https:\/\/hunglong.banbientan.com\/index.php?rest_route=%2Fwp%2Fv2%2Fcomments&post=17012"}],"version-history":[{"count":0,"href":"https:\/\/hunglong.banbientan.com\/index.php?rest_route=\/wp\/v2\/pages\/17012\/revisions"}],"up":[{"embeddable":true,"href":"https:\/\/hunglong.banbientan.com\/index.php?rest_route=\/wp\/v2\/pages\/4431"}],"wp:featuredmedia":[{"embeddable":true,"href":"https:\/\/hunglong.banbientan.com\/index.php?rest_route=\/"}],"wp:attachment":[{"href":"https:\/\/hunglong.banbientan.com\/index.php?rest_route=%2Fwp%2Fv2%2Fmedia&parent=17012"}],"curies":[{"name":"wp","href":"https:\/\/api.w.org\/{rel}","templated":true}]}}