{"id":17030,"date":"2014-04-02T14:51:36","date_gmt":"2014-04-02T07:51:36","guid":{"rendered":"https:\/\/banbientan.com\/?page_id=17030"},"modified":"2014-04-02T14:51:36","modified_gmt":"2014-04-02T07:51:36","slug":"unidrive-m100","status":"publish","type":"page","link":"https:\/\/hunglong.banbientan.com\/?page_id=17030","title":{"rendered":"Unidrive M100"},"content":{"rendered":"<p><strong>B\u1ed9 bi\u1ebfn t\u1ea7n UNIDRIVE M100<\/strong><br \/>\n<a href=\"https:\/\/banbientan.com\/wp-content\/uploads\/2014\/04\/UNIDRIVE-M100.jpg\"><img loading=\"lazy\" decoding=\"async\" class=\"alignnone  wp-image-17047\" alt=\"UNIDRIVE M100\" src=\"https:\/\/banbientan.com\/wp-content\/uploads\/2014\/04\/UNIDRIVE-M100.jpg\" width=\"233\" height=\"311\" \/><\/a><br \/>\n<strong><a href=\"https:\/\/banbientan.com\/wp-content\/uploads\/2014\/04\/Unidrive_M100-M101_UG_Iss3.pdf\">T\u00e0i li\u1ec7u bi\u1ebfn t\u1ea7n Unidrive_M100<\/a><\/strong><br \/>\n<strong><a href=\"https:\/\/banbientan.com\/wp-content\/uploads\/2014\/04\/unidrive_m100_brochure.pdf\">Catalog unidrive_m100<\/a><\/strong><br \/>\n<strong>B\u1ed9 \u0111i\u1ec1u khi\u1ec3n \u0111\u00e1ng gi\u00e1 v\u1edbi ch\u1ea5t l\u01b0\u1ee3ng v\u00e0 t\u00ednh n\u0103ng d\u00e0nh cho c\u00e1c \u1ee9ng d\u1ee5ng v\u00f2ng h\u1edf.<\/strong><br \/>\nBi\u1ebfn t\u1ea7n M100 l\u00e0 b\u1ed9 \u0111i\u1ec1u khi\u1ec3n t\u1ed1c \u0111\u1ed9 v\u00f2ng h\u1edf kinh t\u1ebf d\u00e0nh cho c\u00e1c \u1ee9ng d\u1ee5ng t\u1ef1 \u0111\u1ed9ng h\u00f3a s\u1ea3n xu\u1ea5t ph\u1ed5 bi\u1ebfn, v\u1edbi ch\u1ea5t l\u01b0\u1ee3ng \u0111\u00e3 \u0111\u01b0\u1ee3c ki\u1ec3m ch\u1ee9ng c\u1ee7a Control Techniques v\u00e0 v\u1eadn h\u00e0nh \u0111\u1ed9ng c\u01a1 h\u00e0ng \u0111\u1ea7u.<br \/>\nC\u00e1c l\u1ee3i \u00edch kh\u00e1c c\u1ee7a\u00a0<strong>UNIDRIVE M100:<\/strong><br \/>\n<strong>Nhanh ch\u00f3ng v\u00e0 d\u1ec5 d\u00e0ng l\u1eafp v\u00e0 c\u00e0i \u0111\u1eb7t, v\u1eadn h\u00e0nh.<\/strong><\/p>\n<ul>\n<li>B\u00e0n ph\u00edm LED ti\u00eau chu\u1ea9n v\u1edbi c\u01b0\u1eddng \u0111\u1ed9 s\u00e1ng cao, \u0111\u1ecdc d\u1ec5 d\u00e0ng v\u00e0 \u0111\u01a1n gi\u1ea3n.<\/li>\n<li>C\u00e1c t\u00ednh n\u0103ng c\u1ea7n thi\u1ebft<\/li>\n<li>10 th\u00f4ng s\u1ed1 th\u01b0\u1eddng s\u1eed d\u1ee5ng n\u1eb1m \u1edf ph\u00eda tr\u01b0\u1edbc b\u1ed9 \u0111i\u1ec1u khi\u1ec3n.<\/li>\n<\/ul>\n<p><strong>Gi\u1ea3m k\u00edch th\u01b0\u1edbc m\u00e1y v\u00e0 gi\u00e1 th\u00e0nh<\/strong><\/p>\n<ul>\n<li>K\u00edch th\u01b0\u1edbc c\u1ef1c g\u1ecdn, l\u00e0 m\u1ed9t trong nh\u1eefng b\u1ed9 \u0111i\u1ec1u khi\u1ec3n k\u00edch th\u01b0\u1edbc nh\u1ecf nh\u1ea5t c\u00f9ng \u0111\u1eb3ng c\u1ea5p \u1edf t\u1ea5t c\u1ea3 c\u00e1c d\u1ea3i c\u00f4ng su\u1ea5t.<\/li>\n<\/ul>\n<p><strong>Ti\u1ebft ki\u1ec7m n\u0103ng l\u01b0\u1ee3ng<\/strong><br \/>\nTi\u00eau hao th\u1ea5p, hi\u1ec7u su\u1ea5t \u0111\u1ebfn 98%.<br \/>\nCh\u1ebf \u0111\u1ed9 ch\u1edd n\u0103ng l\u01b0\u1ee3ng th\u1ea5p<br \/>\n<strong>Thi\u1ebft k\u1ebf m\u1ea1nh m\u1ebd, ch\u1eafc ch\u1eafn cho m\u00f4i tr\u01b0\u1eddng s\u1ea3n xu\u1ea5t<\/strong><\/p>\n<ul>\n<li>Ch\u1ecdn l\u1ef1a l\u1edbp ph\u1ee7 b\u1ea3o v\u1ec7 ti\u00eau chu\u1ea9n v\u00e0 t\u1ed1i \u0111a, h\u1ed7 tr\u1ee3 th\u00f4ng qua th\u1eed nghi\u1ec7m m\u00f4i tr\u01b0\u1eddng m\u1edf r\u1ed9ng v\u00e0 ch\u1ee9ng nh\u1eadn.<\/li>\n<\/ul>\n<p><strong>C\u00e1c \u1ee9ng d\u1ee5ng ti\u1ebfu bi\u1ec3u:<\/strong><br \/>\n\u0110i\u1ec1u khi\u1ec3n t\u1ea7n s\u1ed1 cho b\u0103ng t\u1ea3i, b\u01a1m, qu\u1ea1t.<br \/>\n<strong>Th\u00f4ng s\u1ed1 ch\u00ednh<\/strong><br \/>\nGi\u1ea3i c\u00f4ng su\u1ea5t t\u1ea3i n\u1eb7ng: 0.25 &#8211; 0.75Kw<\/p>\n","protected":false},"excerpt":{"rendered":"<p>B\u1ed9 bi\u1ebfn t\u1ea7n UNIDRIVE M100 T\u00e0i li\u1ec7u bi\u1ebfn t\u1ea7n Unidrive_M100 Catalog unidrive_m100 B\u1ed9 \u0111i\u1ec1u khi\u1ec3n \u0111\u00e1ng gi\u00e1 v\u1edbi ch\u1ea5t l\u01b0\u1ee3ng v\u00e0 t\u00ednh n\u0103ng d\u00e0nh cho c\u00e1c \u1ee9ng d\u1ee5ng v\u00f2ng h\u1edf. Bi\u1ebfn t\u1ea7n M100 l\u00e0 b\u1ed9 \u0111i\u1ec1u khi\u1ec3n t\u1ed1c \u0111\u1ed9 v\u00f2ng h\u1edf kinh t\u1ebf d\u00e0nh cho c\u00e1c \u1ee9ng d\u1ee5ng t\u1ef1 \u0111\u1ed9ng h\u00f3a s\u1ea3n xu\u1ea5t ph\u1ed5 bi\u1ebfn, [&hellip;]<\/p>\n","protected":false},"author":2,"featured_media":17047,"parent":17012,"menu_order":0,"comment_status":"closed","ping_status":"closed","template":"","meta":{"footnotes":""},"class_list":["post-17030","page","type-page","status-publish","has-post-thumbnail","hentry"],"_links":{"self":[{"href":"https:\/\/hunglong.banbientan.com\/index.php?rest_route=\/wp\/v2\/pages\/17030","targetHints":{"allow":["GET"]}}],"collection":[{"href":"https:\/\/hunglong.banbientan.com\/index.php?rest_route=\/wp\/v2\/pages"}],"about":[{"href":"https:\/\/hunglong.banbientan.com\/index.php?rest_route=\/wp\/v2\/types\/page"}],"author":[{"embeddable":true,"href":"https:\/\/hunglong.banbientan.com\/index.php?rest_route=\/wp\/v2\/users\/2"}],"replies":[{"embeddable":true,"href":"https:\/\/hunglong.banbientan.com\/index.php?rest_route=%2Fwp%2Fv2%2Fcomments&post=17030"}],"version-history":[{"count":0,"href":"https:\/\/hunglong.banbientan.com\/index.php?rest_route=\/wp\/v2\/pages\/17030\/revisions"}],"up":[{"embeddable":true,"href":"https:\/\/hunglong.banbientan.com\/index.php?rest_route=\/wp\/v2\/pages\/17012"}],"wp:featuredmedia":[{"embeddable":true,"href":"https:\/\/hunglong.banbientan.com\/index.php?rest_route=\/"}],"wp:attachment":[{"href":"https:\/\/hunglong.banbientan.com\/index.php?rest_route=%2Fwp%2Fv2%2Fmedia&parent=17030"}],"curies":[{"name":"wp","href":"https:\/\/api.w.org\/{rel}","templated":true}]}}