{"id":17032,"date":"2014-04-02T14:52:06","date_gmt":"2014-04-02T07:52:06","guid":{"rendered":"https:\/\/banbientan.com\/?page_id=17032"},"modified":"2014-04-02T14:52:06","modified_gmt":"2014-04-02T07:52:06","slug":"unidrive-m200","status":"publish","type":"page","link":"https:\/\/hunglong.banbientan.com\/?page_id=17032","title":{"rendered":"Unidrive M200"},"content":{"rendered":"<p class=\"x9-rb12-body-text\" style=\"color: #09286a;\"><span style=\"color: #003366;\">B\u1ed9 \u0111i\u1ec1u khi\u1ec3n \u0111\u1ed9ng c\u01a1 AC <strong><a href=\"https:\/\/banbientan.com\/\" target=\"_blank\" rel=\"noopener\">bien tan<\/a>\u00a0<\/strong>Unidrive M200- T\u00edch h\u1ee3p m\u00e1y m\u00f3c linh ho\u1ea1t b\u1eb1ng truy\u1ec1n th\u00f4ng<\/span><\/p>\n<p class=\"x9-rb12-body-text\" style=\"color: #09286a;\"><span style=\"color: #003366;\">0.25-22kW (0.33-30 HP)<\/span><\/p>\n<p class=\"x9-rb12-body-text\" style=\"color: #09286a;\"><span style=\"color: #003366;\">100V \/ 200V \/ 400V \/ 575V<\/span><\/p>\n<p class=\"x9-rb12-body-text\" style=\"color: #09286a;\"><img loading=\"lazy\" decoding=\"async\" class=\"alignnone wp-image-17246 size-medium\" src=\"https:\/\/banbientan.com\/wp-content\/uploads\/2014\/04\/M200_face_1mb-225x300.jpg\" alt=\"Unidrive M200\" width=\"225\" height=\"300\" \/><\/p>\n<p class=\"x9-rb12-body-text\" style=\"color: #09286a;\"><a href=\"https:\/\/banbientan.com\/wp-content\/uploads\/2021\/10\/UNIDRIVE-M200-M3001.pdf\">Catalog ti\u1ebfng vi\u1ec7t UNIDRIVE-M200-M3001<\/a><\/p>\n<p class=\"x9-rb12-body-text\" style=\"color: #09286a;\"><strong><a href=\"https:\/\/banbientan.com\/wp-content\/uploads\/2014\/04\/Unidrive_M200-M201_UG_Iss4.pdf\">H\u01b0\u1edbng d\u1eabn c\u00e0i \u0111\u1eb7t ti\u1ebfng anh Unidrive_M200<\/a><\/strong><\/p>\n<p class=\"x9-rb12-body-text\" style=\"color: #09286a;\"><span style=\"color: green;\">\u00b7\u00a0\u00a0\u00a0\u00a0\u00a0\u00a0\u00a0<\/span><span style=\"color: #003366;\">M200 th\u00eam v\u00e0o kh\u1ea3 n\u0103ng k\u1ebft n\u1ed1i m\u1ea1ng h\u1eefu hi\u1ec7u, m\u1edf r\u1ed9ng \u0111\u1ea7u v\u00e0o v\u00e0 ra ( I\/O) v\u00e0 c\u1ea3i thi\u1ec7n t\u00ednh n\u0103ng \u0111i\u1ec1u khi\u1ec3n \u0111\u1ed9ng c\u01a1.<\/span><\/p>\n<p class=\"x9-rb12-body-text\" style=\"color: #09286a;\"><span style=\"color: green;\">\u00b7\u00a0\u00a0\u00a0\u00a0\u00a0\u00a0\u00a0<\/span><span style=\"color: #003366;\">D\u1ec5 d\u00e0ng n\u00e2ng c\u1ea5p cho ng\u01b0\u1eddi s\u1eed d\u1ee5ng Commander SK.<\/span><\/p>\n<p class=\"x9-rb12-body-text\" style=\"color: #09286a;\"><span style=\"color: #003366;\">M200 cung c\u1ea5p t\u00edch h\u1ee3p \u1ee9ng d\u1ee5ng v\u00e0 truy\u1ec1n th\u00f4ng quan tr\u1ecdng nh\u1edd v\u00e0o s\u1ef1 l\u1ef1a ch\u1ecdn th\u00eam RS485 c\u00f9ng v\u1edbi c\u00e1c m\u00f4 \u0111un t\u00edch h\u1ee3p h\u1ec7 th\u1ed1ng (SI) cho ph\u1ea7n \u0111\u1ea7u v\u00e0o v\u00e0 ra (I\/O) v\u00e0 r\u1ea5t nhi\u1ec1u m\u1ea1ng truy\u1ec1n th\u00f4ng ti\u00eau chu\u1ea9n c\u00f4ng nghi\u1ec7p. N\u00e2ng cao th\u1eddi gian v\u1eadn h\u00e0nh v\u00e0 hi\u1ec7u n\u0103ng c\u1ee7a m\u00e1y v\u1edbi ph\u1ea7n gi\u00e1m s\u00e1t \u0111i\u1ec1u khi\u1ec3n t\u1eeb xa v\u00e0 kh\u1ea3 n\u0103ng ch\u1ea9n \u0111o\u00e1n.<\/span><\/p>\n<p class=\"x9-rb12-body-text\"><b><span style=\"color: #003366;\">N\u00e2ng cao hi\u1ec7u su\u1ea5t v\u1eadn h\u00e0nh v\u00e0 s\u1ef1 linh ho\u1ea1t c\u1ee7a h\u1ec7 th\u1ed1ng<\/span><\/b><\/p>\n<p>\u00a0<span style=\"color: green;\">\u00b7\u00a0\u00a0\u00a0\u00a0\u00a0\u00a0\u00a0<\/span><span style=\"color: #003366;\">Gi\u1ea3m th\u1eddi gian ng\u1eebng m\u00e1y nh\u1edd v\u00e0o k\u1ebft n\u1ed1i truy\u1ec1n th\u00f4ng d\u00e0nh cho ch\u1ea5n \u0111o\u00e1n t\u1eeb xa.<\/span><\/p>\n<p class=\"x9-rb12-body-text\"><span style=\"color: green;\">\u00b7\u00a0\u00a0\u00a0\u00a0\u00a0\u00a0\u00a0<\/span><span style=\"color: #003366;\">\u1ee8ng d\u1ee5ng linh ho\u1ea1t nh\u1edd v\u00e0o c\u1ea5u h\u00ecnh c\u00e1c c\u1ed5ng \u0111\u1ea7u v\u00e0o \/ ra (I\/O).<\/span><\/p>\n<p class=\"x9-rb12-body-text\"><span style=\"color: green;\">\u00b7\u00a0\u00a0\u00a0\u00a0\u00a0\u00a0\u00a0<\/span><span style=\"color: #003366;\">N\u00e2ng cao t\u00edch h\u1ee3p h\u1ec7 th\u1ed1ng nh\u1edd v\u00e0o s\u1ef1 l\u1ef1a ch\u1ecdn g\u1eafn th\u00eam m\u00f4 \u0111un t\u00edch h\u1ee3p h\u1ec7 th\u1ed1ng (SI) cho truy\u1ec1n th\u00f4ng Ethernet, m\u1ea1ng truy\u1ec1n th\u00f4ng tr\u01b0\u1eddng v\u00e0 th\u00eam c\u00e1c c\u1ed5ng \u0111\u1ea7u v\u00e0o\/ ra (I\/O).<\/span><\/p>\n<p class=\"x9-rb12-body-text\">\u00a0<b><span style=\"color: #003366;\">C\u1ea3i thi\u1ec7n \u0111i\u1ec1u khi\u1ec3n \u0111\u1ed9ng c\u01a1<\/span><\/b><\/p>\n<p>\u00a0<span style=\"color: green;\">\u00b7\u00a0\u00a0\u00a0\u00a0\u00a0\u00a0\u00a0<\/span><span style=\"color: #003366;\">N\u00e2ng cao v\u00e0 c\u1ea3i ti\u1ebfn \u0111\u00e1ng k\u1ec3 t\u00ednh n\u0103ng \u0111i\u1ec1u khi\u1ec3n nh\u1edd v\u00e0o thu\u1eadt to\u00e1n vector RFC-A c\u1ee7a ch\u00fang t\u00f4i, s\u1eed d\u1ee5ng \u0111i\u1ec1u khi\u1ec3n v\u00f2ng k\u00edn d\u00f2ng.<\/span><\/p>\n<p class=\"x9-rb12-body-text\">\u00a0<b><span style=\"color: #003366;\">C\u00e1c \u1ee9ng d\u1ee5ng ti\u00eau bi\u1ec3u<\/span><\/b><\/p>\n<p>\u00a0<span style=\"color: green;\">\u00b7\u00a0\u00a0\u00a0\u00a0\u00a0\u00a0\u00a0<\/span><span style=\"color: #003366;\">\u0110i\u1ec1u khi\u1ec3n t\u1ed1c \u0111\u1ed9 cho b\u0103ng t\u1ea3i, qu\u1ea1t, b\u01a1m ch\u00e2n kh\u00f4ng ki\u1ec3u piston v\u00e0 c\u00e1c m\u00e1y tr\u1ed9n, v\u1edbi c\u00e1c ch\u1ee9c n\u0103ng c\u1ee7a ch\u00fang \u0111\u01b0\u1ee3c \u0111i\u1ec1u khi\u1ec3n t\u1eeb xa th\u00f4ng qua truy\u1ec1n th\u00f4ng m\u1ea1ng v\u00e0 k\u1ebft n\u1ed1i Ethernet.<\/span><br \/>\n<strong>C\u00e1c th\u00f4ng s\u1ed1 ch\u00ednh<\/strong><\/p>\n<ul>\n<li>C\u00f4ng su\u1ea5t \u0111\u1ecbnh m\u1ee9c t\u1ea3i n\u1eb7ng : 0.25-22kW (0.33-30 hp)<\/li>\n<li>Ngu\u1ed3n c\u1ea5p :<\/li>\n<li>Size 1 \u0111\u1ebfn size 4:\u00a0 \u0111i\u1ec7n \u00e1p 110V, 1 pha.<\/li>\n<li>Size 1 \u0111\u1ebfn size 4:\u00a0 \u0111i\u1ec7n \u00e1p 230V v\u00e0 400V , 1 hay 3 pha.<\/li>\n<li>T\u1eeb size 5 tr\u1edf l\u00ean : 3 pha<\/li>\n<\/ul>\n<p><strong>C\u00e1c th\u00f4ng s\u1ed1 k\u1ef9 thu\u1eadt c\u01a1 b\u1ea3n<\/strong><br \/>\nB\u00e0n ph\u00edm :<\/p>\n<ul>\n<li>M200 : B\u00e0n ph\u00edm \u0111\u00e8n LED c\u1ed1 \u0111\u1ecbnh.<\/li>\n<li>M201 : B\u00e0n ph\u00edm \u0111\u00e8n LED c\u1ed1 \u0111\u1ecbnh v\u1edbi bi\u1ebfn tr\u1edf ch\u1ec9nh t\u1ed1c \u0111\u1ed9.<\/li>\n<\/ul>\n<p>S\u1ed1 khe c\u1eafm cho ph\u1ea7n t\u00f9y ch\u1ecdn :<\/p>\n<ul>\n<li>1 ( t\u1eeb size 2 tr\u1edf l\u00ean).<\/li>\n<\/ul>\n<p>Sao ch\u00e9p th\u00f4ng s\u1ed1:<\/p>\n<ul>\n<li>M\u00e1y t\u00ednh<\/li>\n<li>Th\u1ebb\u00a0SD<\/li>\n<\/ul>\n<table>\n<tbody>\n<tr>\n<td colspan=\"2\" width=\"328\"><strong>\u0110I\u1ec6N \u00c1P \u0110\u1ecaNH M\u1ee8C<br \/>\n<\/strong><\/td>\n<\/tr>\n<tr>\n<td width=\"259\">100 V (100 V &#8211; 120 V \u00b1 10%)<\/td>\n<td width=\"69\">\u221a<\/td>\n<\/tr>\n<tr>\n<td width=\"259\">200 V (200 V &#8211; 240 V \u00b1 10%)<\/td>\n<td width=\"69\">\u221a<\/td>\n<\/tr>\n<tr>\n<td width=\"259\">400 V (380 V &#8211; 480 V \u00b1 10%)<\/td>\n<td width=\"69\">\u221a<\/td>\n<\/tr>\n<tr>\n<td width=\"259\">575 V (500 V &#8211; 575 V \u00b1 10%)<\/td>\n<td width=\"69\">\u221a<\/td>\n<\/tr>\n<tr>\n<td width=\"259\">690 V (500 V &#8211; 690 V \u00b1 10%)<\/td>\n<td width=\"69\"><\/td>\n<\/tr>\n<\/tbody>\n<\/table>\n<table>\n<tbody>\n<tr>\n<td colspan=\"2\" width=\"506\"><strong>CH\u1ebe \u0110\u1ed8 \u0110I\u1ec0U KHI\u1ec2N<br \/>\n<\/strong><\/td>\n<\/tr>\n<tr>\n<td width=\"449\">\u0110i\u1ec1u khi\u1ec3n d\u1ea1ng V\/F hay vector v\u00f2ng h\u1edf cho \u0111\u1ed9ng c\u01a1 c\u1ea3m \u1ee9ng<\/td>\n<td width=\"57\">\u221a<\/td>\n<\/tr>\n<tr>\n<td width=\"449\">\u0110i\u1ec1u khi\u1ec3n t\u1eeb th\u00f4ng roto v\u00f2ng h\u1edf cho \u0111\u1ed9ng c\u01a1 c\u1ea3m \u1ee9ng (RFC-A)<\/td>\n<td width=\"57\">\u221a<\/td>\n<\/tr>\n<tr>\n<td width=\"449\">\u0110i\u1ec1u khi\u1ec3n v\u00f2ng h\u1edf cho \u0111\u1ed9ng c\u01a1 nam ch\u00e2m v\u0129nh c\u1eedu (RFC-S)<\/td>\n<td width=\"57\"><\/td>\n<\/tr>\n<tr>\n<td width=\"449\">\u0110i\u1ec1u khi\u1ec3n t\u1eeb th\u00f4ng roto v\u00f2ng k\u00edn cho \u0111\u1ed9ng c\u01a1 c\u1ea3m \u1ee9ng (RFC-A)<\/td>\n<td width=\"57\"><\/td>\n<\/tr>\n<tr>\n<td width=\"449\">\u0110i\u1ec1u khi\u1ec3n v\u00f2ng k\u00edn cho \u0111\u1ed9ng c\u01a1 nam ch\u00e2m v\u0129nh c\u1eedu (RFC-S)<\/td>\n<td width=\"57\"><\/td>\n<\/tr>\n<tr>\n<td width=\"449\">\u0110\u1ea7u v\u00e0o ch\u1ee7 \u0111\u1ed9ng (AFE), b\u1ed9 chuy\u1ec3n \u0111\u1ed5i ch\u1ea5t l\u01b0\u1ee3ng ngu\u1ed3n- h\u00e3m t\u00e1i sinh<\/td>\n<td width=\"57\"><\/td>\n<\/tr>\n<\/tbody>\n<\/table>\n<table>\n<tbody>\n<tr>\n<td rowspan=\"2\" width=\"116\"><strong>K\u00cdCH C\u1ee0<br \/>\n<\/strong><\/td>\n<td colspan=\"2\" width=\"367\"><strong>K\u00cdCH TH\u01af\u1edaC<br \/>\n<\/strong><\/td>\n<\/tr>\n<tr>\n<td width=\"189\"><strong>mm<\/strong><\/td>\n<td width=\"178\"><strong>in<\/strong><\/td>\n<\/tr>\n<tr>\n<td width=\"116\">1<\/td>\n<td width=\"189\">139 x 75 x 130<\/td>\n<td width=\"178\">5.5 x 3.0 x 5.1<\/td>\n<\/tr>\n<tr>\n<td width=\"116\">2<\/td>\n<td width=\"189\">180 x 75 x 150<\/td>\n<td width=\"178\">7.1 x 3.0 x 5.9<\/td>\n<\/tr>\n<tr>\n<td width=\"116\">3<\/td>\n<td width=\"189\">200 x 90 x 160<\/td>\n<td width=\"178\">7.9 x 3.5 x 6.3<\/td>\n<\/tr>\n<tr>\n<td width=\"116\">4<\/td>\n<td width=\"189\">245 x 115 x 175<\/td>\n<td width=\"178\">9.7 x 4.5 x 6.9<\/td>\n<\/tr>\n<tr>\n<td width=\"116\">5<\/td>\n<td width=\"189\">379 x 141 x 200<\/td>\n<td width=\"178\">14.9 x 5.6 x 7.9<\/td>\n<\/tr>\n<tr>\n<td width=\"116\">6<\/td>\n<td width=\"189\">379 x 210 x 227<\/td>\n<td width=\"178\">14.9 x 8.3 x 8.9<\/td>\n<\/tr>\n<\/tbody>\n<\/table>\n<p class=\"x9-rb12-body-text\">\n","protected":false},"excerpt":{"rendered":"<p>B\u1ed9 \u0111i\u1ec1u khi\u1ec3n \u0111\u1ed9ng c\u01a1 AC bien tan\u00a0Unidrive M200- T\u00edch h\u1ee3p m\u00e1y m\u00f3c linh ho\u1ea1t b\u1eb1ng truy\u1ec1n th\u00f4ng 0.25-22kW (0.33-30 HP) 100V \/ 200V \/ 400V \/ 575V Catalog ti\u1ebfng vi\u1ec7t UNIDRIVE-M200-M3001 H\u01b0\u1edbng d\u1eabn c\u00e0i \u0111\u1eb7t ti\u1ebfng anh Unidrive_M200 \u00b7\u00a0\u00a0\u00a0\u00a0\u00a0\u00a0\u00a0M200 th\u00eam v\u00e0o kh\u1ea3 n\u0103ng k\u1ebft n\u1ed1i m\u1ea1ng h\u1eefu hi\u1ec7u, m\u1edf r\u1ed9ng \u0111\u1ea7u v\u00e0o v\u00e0 ra [&hellip;]<\/p>\n","protected":false},"author":2,"featured_media":0,"parent":17012,"menu_order":1,"comment_status":"closed","ping_status":"closed","template":"","meta":{"footnotes":""},"class_list":["post-17032","page","type-page","status-publish","hentry"],"_links":{"self":[{"href":"https:\/\/hunglong.banbientan.com\/index.php?rest_route=\/wp\/v2\/pages\/17032","targetHints":{"allow":["GET"]}}],"collection":[{"href":"https:\/\/hunglong.banbientan.com\/index.php?rest_route=\/wp\/v2\/pages"}],"about":[{"href":"https:\/\/hunglong.banbientan.com\/index.php?rest_route=\/wp\/v2\/types\/page"}],"author":[{"embeddable":true,"href":"https:\/\/hunglong.banbientan.com\/index.php?rest_route=\/wp\/v2\/users\/2"}],"replies":[{"embeddable":true,"href":"https:\/\/hunglong.banbientan.com\/index.php?rest_route=%2Fwp%2Fv2%2Fcomments&post=17032"}],"version-history":[{"count":0,"href":"https:\/\/hunglong.banbientan.com\/index.php?rest_route=\/wp\/v2\/pages\/17032\/revisions"}],"up":[{"embeddable":true,"href":"https:\/\/hunglong.banbientan.com\/index.php?rest_route=\/wp\/v2\/pages\/17012"}],"wp:attachment":[{"href":"https:\/\/hunglong.banbientan.com\/index.php?rest_route=%2Fwp%2Fv2%2Fmedia&parent=17032"}],"curies":[{"name":"wp","href":"https:\/\/api.w.org\/{rel}","templated":true}]}}