{"id":17034,"date":"2014-04-02T14:52:29","date_gmt":"2014-04-02T07:52:29","guid":{"rendered":"https:\/\/banbientan.com\/?page_id=17034"},"modified":"2014-04-02T14:52:29","modified_gmt":"2014-04-02T07:52:29","slug":"unidrive-m300","status":"publish","type":"page","link":"https:\/\/hunglong.banbientan.com\/?page_id=17034","title":{"rendered":"Unidrive M300"},"content":{"rendered":"<p class=\"x9-rb12-body-text\" style=\"color: #09286a;\"><a id=\"wpseosnippet_title\" class=\"title\" style=\"color: #1e0fbe;\" href=\"https:\/\/banbientan.com\/wp-admin\/post.php?post=17034&amp;action=edit&amp;message=1#\">Bi\u1ebfn t\u1ea7n\u00a0<span style=\"font-weight: 600;\">Unidrive<\/span>\u00a0<span style=\"font-weight: 600;\">M300<\/span>\u00a0Emerson<\/a><\/p>\n<p class=\"x9-rb12-body-text\" style=\"color: #09286a;\"><span style=\"color: #003366;\">B\u1ed9 \u0111i\u1ec1u khi\u1ec3n \u0111\u1ed9ng c\u01a1 AC <a href=\"https:\/\/banbientan.com\/\" target=\"_blank\" rel=\"noopener\"><strong>bien tan<\/strong><\/a>\u00a0Unidrive M300- N\u00e2ng cao hi\u1ec7u su\u1ea5t v\u1edbi ph\u1ea7n an to\u00e0n cho m\u00e1y m\u00f3c<\/span><\/p>\n<p class=\"x9-rb12-body-text\" style=\"color: #09286a;\"><span style=\"color: #003366;\">0.25-22kW (0.33-30 HP)<\/span><\/p>\n<p class=\"x9-rb12-body-text\" style=\"color: #09286a;\"><span style=\"color: #003366;\">100V \/ 200V \/ 400V \/ 575V<\/span><\/p>\n<p class=\"x9-rb12-body-text\" style=\"color: #09286a;\"><a href=\"https:\/\/banbientan.com\/wp-content\/uploads\/2014\/04\/M300_face_1mb.jpg\"><img loading=\"lazy\" decoding=\"async\" class=\"alignnone wp-image-17242 size-medium\" src=\"https:\/\/banbientan.com\/wp-content\/uploads\/2014\/04\/M300_face_1mb-225x300.jpg\" alt=\"Unidrive M300\" width=\"225\" height=\"300\" \/><\/a><\/p>\n<p class=\"x9-rb12-body-text\" style=\"color: #09286a;\"><a href=\"https:\/\/banbientan.com\/wp-content\/uploads\/2021\/10\/UNIDRIVE-M200-M3001.pdf\">Catalog ti\u1ebfng vi\u1ec7t UNIDRIVE-M200-M3001<\/a><\/p>\n<p class=\"x9-rb12-body-text\" style=\"color: #09286a;\"><strong><a href=\"https:\/\/banbientan.com\/wp-content\/uploads\/2014\/04\/Unidrive_M300_UG_Iss5.pdf\">H\u01b0\u1edbng d\u1eabn c\u00e0i \u0111\u1eb7t ti\u1ebfng anh Unidrive_M300<\/a><\/strong><\/p>\n<p class=\"x9-rb12-body-text\" style=\"color: #09286a;\"><span style=\"color: green;\">\u00b7\u00a0\u00a0\u00a0\u00a0\u00a0\u00a0\u00a0<\/span><span style=\"color: #003366;\">M300 t\u00edch h\u1ee3p th\u00eam ph\u1ea7n An to\u00e0n m\u00e1y m\u00f3c.<\/span><\/p>\n<p class=\"x9-rb12-body-text\" style=\"color: #09286a;\"><span style=\"color: #003366;\">M300 gi\u00fap c\u00e1c nh\u00e0 l\u1eafp m\u00e1y t\u1ed1i \u0111a h\u00f3a th\u1eddi gian v\u1eadn h\u00e0nh v\u00e0 \u0111\u00e1p \u1ee9ng c\u00e1c ti\u00eau chu\u1ea9n ch\u1ee9c n\u0103ng an to\u00e0n hi\u1ec7n \u0111\u1ea1i. Hai \u0111\u1ea7u v\u00e0o t\u00edch h\u1ee3p \u201c Ng\u1eaft momen an to\u00e0n (STO)\u201d cung c\u1ea5p d\u1ec5 d\u00e0ng ph\u00f9 h\u1ee3p theo chu\u1ea9n SIL3 v\u00e0 gi\u1ea3m nhu c\u1ea7u g\u1eafn th\u00eam c\u00e1c linh ki\u1ec7n b\u00ean ngo\u00e0i, gi\u1ea3m thi\u1ec3u k\u00edch th\u01b0\u1edbc v\u00e0 gi\u00e1 th\u00e0nh m\u00e1y m\u00f3c.<\/span><\/p>\n<p class=\"x9-rb12-body-text\"><b><span style=\"color: #003366;\">N\u00e2ng cao n\u0103ng su\u1ea5t nh\u1edd v\u00e0o t\u00edch h\u1ee3p v\u1edbi h\u1ec7 th\u1ed1ng t\u1ef1 \u0111\u1ed9ng v\u00e0 gi\u1ea3m th\u1eddi gian ng\u1eebng m\u00e1y<\/span><\/b><\/p>\n<p class=\"x9-rb12-body-text\"><span style=\"color: green;\">\u00b7\u00a0\u00a0\u00a0\u00a0\u00a0\u00a0\u00a0<\/span><span style=\"color: #003366;\">T\u00f9y ch\u1ecdn m\u00f4 \u0111un t\u00edch h\u1ee3p h\u1ec7 th\u1ed1ng (SI) cho nhi\u1ec1u ki\u1ec3u k\u1ebft n\u1ed1i truy\u1ec1n th\u00f4ng tr\u01b0\u1eddng hay RS485 cho ph\u00e9p \u0111i\u1ec1u khi\u1ec3n v\u00e0 ch\u1ea9n \u0111o\u00e0n t\u1eeb xa v\u1edbi nhi\u1ec1u m\u1ea1ng kh\u00e1c nhau.<\/span><\/p>\n<p class=\"x9-rb12-body-text\"><span style=\"color: green;\">\u00b7\u00a0\u00a0\u00a0\u00a0\u00a0\u00a0\u00a0<\/span><span style=\"color: #003366;\">C\u1ed5ng \u0111\u1ea7u v\u00e0o\/ ra linh ho\u1ea1t.<\/span><\/p>\n<p class=\"x9-rb12-body-text\">\n<p class=\"x9-rb12-body-text\"><b><span style=\"color: #003366;\">L\u1eafp \u0111\u1eb7t v\u00e0 c\u00e0i \u0111\u1eb7t nhanh ch\u00f3ng v\u00e0 d\u1ec5 d\u00e0ng<\/span><\/b><\/p>\n<p class=\"x9-rb12-body-text\"><span style=\"color: green;\">\u00b7\u00a0\u00a0\u00a0\u00a0\u00a0\u00a0\u00a0<\/span><span style=\"color: #003366;\">B\u00e0n ph\u00edm ti\u00eau chu\u1ea9n d\u1ea1ng LED \u0111\u01a1n gi\u1ea3n, g\u1eafn c\u1ed1 \u0111\u1ecbnh<\/span><\/p>\n<p class=\"x9-rb12-body-text\"><span style=\"color: green;\">\u00b7\u00a0\u00a0\u00a0\u00a0\u00a0\u00a0\u00a0<\/span><span style=\"color: #003366;\">Ph\u00eda tr\u01b0\u1edbc b\u1ed9 \u0111i\u1ec1u khi\u1ec3n ghi r\u00f5 10 th\u00f4ng s\u1ed1 th\u01b0\u1eddng hay s\u1eed d\u1ee5ng nh\u1ea5t.<\/span><\/p>\n<p class=\"x9-rb12-body-text\">\n<p class=\"x9-rb12-body-text\"><b><span style=\"color: #003366;\">Gi\u1ea3m k\u00edch th\u01b0\u1edbc v\u00e0 gi\u00e1 th\u00e0nh m\u00e1y<\/span><\/b><\/p>\n<p class=\"x9-rb12-body-text\"><span style=\"color: green;\">\u00b7\u00a0\u00a0\u00a0\u00a0\u00a0\u00a0\u00a0<\/span><span style=\"color: #003366;\">K\u00edch th\u01b0\u1edbc c\u1ef1c g\u1ecdn, nh\u1ecf nh\u1ea5t trong c\u00e1c s\u1ea3n ph\u1ea9m c\u00f9ng \u0111\u1eb3ng c\u1ea5p t\u1ea1i m\u1ecdi gi\u1ea3i c\u00f4ng su\u1ea5t.<\/span><\/p>\n<p class=\"x9-rb12-body-text\">\n<p class=\"x9-rb12-body-text\"><b><span style=\"color: #003366;\">Ti\u1ebft ki\u1ec7m n\u0103ng l\u01b0\u1ee3ng<\/span><\/b><\/p>\n<p class=\"x9-rb12-body-text\"><span style=\"color: green;\">\u00b7\u00a0\u00a0\u00a0\u00a0\u00a0\u00a0\u00a0<\/span><span style=\"color: #003366;\">T\u1ed5n hao th\u1ea5p, hi\u1ec7u su\u1ea5t l\u00ean \u0111\u1ebfn 98%.<\/span><\/p>\n<p class=\"x9-rb12-body-text\"><span style=\"color: green;\">\u00b7\u00a0\u00a0\u00a0\u00a0\u00a0\u00a0\u00a0<\/span><span style=\"color: #003366;\">Ch\u1ebf \u0111\u1ed9 ch\u1edd v\u1edbi c\u00f4ng su\u1ea5t th\u1ea5p.<\/span><\/p>\n<p class=\"x9-rb12-body-text\">\n<p class=\"x9-rb12-body-text\"><b><span style=\"color: #003366;\">C\u00e1c \u1ee9ng d\u1ee5ng ti\u00eau bi\u1ec3u<\/span><\/b><\/p>\n<p class=\"x9-rb12-body-text\"><span style=\"color: green;\">\u00b7\u00a0\u00a0\u00a0\u00a0\u00a0\u00a0\u00a0<\/span><span style=\"color: #003366;\">\u0110i\u1ec1u khi\u1ec3n t\u1ed1c \u0111\u1ed9 cho vi\u1ec7c v\u1eadn chuy\u1ec3n nguy\u00ean v\u1eadt li\u1ec7u, c\u1eaft, m\u00e1y ch\u1ebf bi\u1ebfn g\u1ed7, m\u00e1y c\u00f4ng c\u1ee5; \u1edf nh\u1eefng n\u01a1i y\u00eau c\u1ea7u b\u1ea3o v\u1ec7 an to\u00e0n cho ng\u01b0\u1eddi v\u00e0 t\u00e0i s\u1ea3n.<\/span><\/p>\n<p><strong>C\u00e1c th\u00f4ng s\u1ed1 ch\u00ednh<\/strong><\/p>\n<ul>\n<li>C\u00f4ng su\u1ea5t \u0111\u1ecbnh m\u1ee9c t\u1ea3i n\u1eb7ng : 0.25-22kW (0.33-30 hp)<\/li>\n<li>Ngu\u1ed3n c\u1ea5p :<\/li>\n<li>Size 1 \u0111\u1ebfn size 4:\u00a0 \u0111i\u1ec7n \u00e1p 110V, 1 pha.<\/li>\n<li>Size 1 \u0111\u1ebfn size 4:\u00a0 \u0111i\u1ec7n \u00e1p 230V v\u00e0 400V , 1 hay 3 pha.<\/li>\n<li>T\u1eeb size 5 tr\u1edf l\u00ean : 3 pha<\/li>\n<\/ul>\n<p><strong>C\u00e1c th\u00f4ng s\u1ed1 k\u1ef9 thu\u1eadt c\u01a1 b\u1ea3n<\/strong><br \/>\nAn to\u00e0n m\u00e1y m\u00f3c :<\/p>\n<ul>\n<li>2 c\u1ed5ng \u201c Ng\u1eaft momen an to\u00e0n\u201d (STO)<\/li>\n<\/ul>\n<p>B\u00e0n ph\u00edm :<\/p>\n<ul>\n<li>B\u00e0n ph\u00edm \u0111\u00e8n LED c\u1ed1 \u0111\u1ecbnh.<\/li>\n<\/ul>\n<p>S\u1ed1 khe c\u1eafm cho ph\u1ea7n t\u00f9y ch\u1ecdn :<\/p>\n<ul>\n<li>1 ( t\u1eeb size 2 tr\u1edf l\u00ean).<\/li>\n<\/ul>\n<p>Sao ch\u00e9p th\u00f4ng s\u1ed1:<\/p>\n<ul>\n<li>M\u00e1y t\u00ednh<\/li>\n<li>Th\u1ebb\u00a0SD<\/li>\n<\/ul>\n<table>\n<tbody>\n<tr>\n<td colspan=\"2\" width=\"328\">\n<strong>\u0110I\u1ec6N \u00c1P \u0110\u1ecaNH M\u1ee8C<\/strong><\/td>\n<\/tr>\n<tr>\n<td width=\"259\">100 V (100 V &#8211; 120 V \u00b1 10%)<\/td>\n<td width=\"69\">\u221a<\/td>\n<\/tr>\n<tr>\n<td width=\"259\">200 V (200 V &#8211; 240 V \u00b1 10%)<\/td>\n<td width=\"69\">\u221a<\/td>\n<\/tr>\n<tr>\n<td width=\"259\">400 V (380 V &#8211; 480 V \u00b1 10%)<\/td>\n<td width=\"69\">\u221a<\/td>\n<\/tr>\n<tr>\n<td width=\"259\">575 V (500 V &#8211; 575 V \u00b1 10%)<\/td>\n<td width=\"69\">\u221a<\/td>\n<\/tr>\n<tr>\n<td width=\"259\">690 V (500 V &#8211; 690 V \u00b1 10%)<\/td>\n<td width=\"69\"><\/td>\n<\/tr>\n<\/tbody>\n<\/table>\n<table>\n<tbody>\n<tr>\n<td colspan=\"2\" width=\"506\">\n<strong>CH\u1ebe \u0110\u1ed8 \u0110I\u1ec0U KHI\u1ec2N<\/strong><\/td>\n<\/tr>\n<tr>\n<td width=\"449\">\u0110i\u1ec1u khi\u1ec3n d\u1ea1ng V\/F hay vector v\u00f2ng h\u1edf cho \u0111\u1ed9ng c\u01a1 c\u1ea3m \u1ee9ng<\/td>\n<td width=\"57\">\u221a<\/td>\n<\/tr>\n<tr>\n<td width=\"449\">\u0110i\u1ec1u khi\u1ec3n t\u1eeb th\u00f4ng roto v\u00f2ng h\u1edf cho \u0111\u1ed9ng c\u01a1 c\u1ea3m \u1ee9ng (RFC-A)<\/td>\n<td width=\"57\">\u221a<\/td>\n<\/tr>\n<tr>\n<td width=\"449\">\u0110i\u1ec1u khi\u1ec3n v\u00f2ng h\u1edf cho \u0111\u1ed9ng c\u01a1 nam ch\u00e2m v\u0129nh c\u1eedu (RFC-S)<\/td>\n<td width=\"57\"><\/td>\n<\/tr>\n<tr>\n<td width=\"449\">\u0110i\u1ec1u khi\u1ec3n t\u1eeb th\u00f4ng roto v\u00f2ng k\u00edn cho \u0111\u1ed9ng c\u01a1 c\u1ea3m \u1ee9ng (RFC-A)<\/td>\n<td width=\"57\"><\/td>\n<\/tr>\n<tr>\n<td width=\"449\">\u0110i\u1ec1u khi\u1ec3n v\u00f2ng k\u00edn cho \u0111\u1ed9ng c\u01a1 nam ch\u00e2m v\u0129nh c\u1eedu (RFC-S)<\/td>\n<td width=\"57\"><\/td>\n<\/tr>\n<tr>\n<td width=\"449\">\u0110\u1ea7u v\u00e0o ch\u1ee7 \u0111\u1ed9ng (AFE), b\u1ed9 chuy\u1ec3n \u0111\u1ed5i ch\u1ea5t l\u01b0\u1ee3ng ngu\u1ed3n- h\u00e3m t\u00e1i sinh<\/td>\n<td width=\"57\"><\/td>\n<\/tr>\n<\/tbody>\n<\/table>\n<table>\n<tbody>\n<tr>\n<td rowspan=\"2\" width=\"116\">\n<strong>K\u00cdCH C\u1ee0<\/strong><\/td>\n<td colspan=\"2\" width=\"367\">\n<strong>K\u00cdCH TH\u01af\u1edaC<\/strong><\/td>\n<\/tr>\n<tr>\n<td width=\"189\">\n<strong>mm<\/strong><\/td>\n<td width=\"178\">\n<strong>in<\/strong><\/td>\n<\/tr>\n<tr>\n<td width=\"116\">1<\/td>\n<td width=\"189\">139 x 75 x 130<\/td>\n<td width=\"178\">5.5 x 3.0 x 5.1<\/td>\n<\/tr>\n<tr>\n<td width=\"116\">2<\/td>\n<td width=\"189\">180 x 75 x 150<\/td>\n<td width=\"178\">7.1 x 3.0 x 5.9<\/td>\n<\/tr>\n<tr>\n<td width=\"116\">3<\/td>\n<td width=\"189\">200 x 90 x 160<\/td>\n<td width=\"178\">7.9 x 3.5 x 6.3<\/td>\n<\/tr>\n<tr>\n<td width=\"116\">4<\/td>\n<td width=\"189\">245 x 115 x 175<\/td>\n<td width=\"178\">9.7 x 4.5 x 6.9<\/td>\n<\/tr>\n<tr>\n<td width=\"116\">5<\/td>\n<td width=\"189\">379 x 141 x 200<\/td>\n<td width=\"178\">14.9 x 5.6 x 7.9<\/td>\n<\/tr>\n<tr>\n<td width=\"116\">6<\/td>\n<td width=\"189\">379 x 210 x 227<\/td>\n<td width=\"178\">14.9 x 8.3 x 8.9<\/td>\n<\/tr>\n<\/tbody>\n<\/table>\n","protected":false},"excerpt":{"rendered":"<p>Bi\u1ebfn t\u1ea7n\u00a0Unidrive\u00a0M300\u00a0Emerson B\u1ed9 \u0111i\u1ec1u khi\u1ec3n \u0111\u1ed9ng c\u01a1 AC bien tan\u00a0Unidrive M300- N\u00e2ng cao hi\u1ec7u su\u1ea5t v\u1edbi ph\u1ea7n an to\u00e0n cho m\u00e1y m\u00f3c 0.25-22kW (0.33-30 HP) 100V \/ 200V \/ 400V \/ 575V Catalog ti\u1ebfng vi\u1ec7t UNIDRIVE-M200-M3001 H\u01b0\u1edbng d\u1eabn c\u00e0i \u0111\u1eb7t ti\u1ebfng anh Unidrive_M300 \u00b7\u00a0\u00a0\u00a0\u00a0\u00a0\u00a0\u00a0M300 t\u00edch h\u1ee3p th\u00eam ph\u1ea7n An to\u00e0n m\u00e1y m\u00f3c. M300 gi\u00fap c\u00e1c [&hellip;]<\/p>\n","protected":false},"author":2,"featured_media":17242,"parent":17012,"menu_order":2,"comment_status":"closed","ping_status":"closed","template":"","meta":{"footnotes":""},"class_list":["post-17034","page","type-page","status-publish","has-post-thumbnail","hentry"],"_links":{"self":[{"href":"https:\/\/hunglong.banbientan.com\/index.php?rest_route=\/wp\/v2\/pages\/17034","targetHints":{"allow":["GET"]}}],"collection":[{"href":"https:\/\/hunglong.banbientan.com\/index.php?rest_route=\/wp\/v2\/pages"}],"about":[{"href":"https:\/\/hunglong.banbientan.com\/index.php?rest_route=\/wp\/v2\/types\/page"}],"author":[{"embeddable":true,"href":"https:\/\/hunglong.banbientan.com\/index.php?rest_route=\/wp\/v2\/users\/2"}],"replies":[{"embeddable":true,"href":"https:\/\/hunglong.banbientan.com\/index.php?rest_route=%2Fwp%2Fv2%2Fcomments&post=17034"}],"version-history":[{"count":0,"href":"https:\/\/hunglong.banbientan.com\/index.php?rest_route=\/wp\/v2\/pages\/17034\/revisions"}],"up":[{"embeddable":true,"href":"https:\/\/hunglong.banbientan.com\/index.php?rest_route=\/wp\/v2\/pages\/17012"}],"wp:featuredmedia":[{"embeddable":true,"href":"https:\/\/hunglong.banbientan.com\/index.php?rest_route=\/"}],"wp:attachment":[{"href":"https:\/\/hunglong.banbientan.com\/index.php?rest_route=%2Fwp%2Fv2%2Fmedia&parent=17034"}],"curies":[{"name":"wp","href":"https:\/\/api.w.org\/{rel}","templated":true}]}}