{"id":18292,"date":"2014-10-29T10:22:12","date_gmt":"2014-10-29T03:22:12","guid":{"rendered":"https:\/\/banbientan.com\/?page_id=18292"},"modified":"2014-10-29T10:22:12","modified_gmt":"2014-10-29T03:22:12","slug":"ung-dung-cua-bien-tan","status":"publish","type":"page","link":"https:\/\/hunglong.banbientan.com\/?page_id=18292","title":{"rendered":"\u1ee8ng d\u1ee5ng c\u1ee7a bi\u1ebfn t\u1ea7n"},"content":{"rendered":"<ul>\n<li><a title=\"Permalink to S\u1ea3n ph\u1ea9m m\u1edbi bi\u1ebfn t\u1ea7n Altivar 312 c\u1ee7a Schneider Electric\" href=\"https:\/\/banbientan.com\/san-pham-moi-bien-tan-altivar-312-cua-schneider-electric\/\" rel=\"bookmark\">S\u1ea3n ph\u1ea9m m\u1edbi bi\u1ebfn t\u1ea7n Altivar 312 c\u1ee7a Schneider Electric<\/a><\/li>\n<li><a title=\"Permalink to Bi\u1ebfn t\u1ea7n INVT n\u00e2ng cao \u0111i\u1ec1u khi\u1ec3n l\u00f2 nung v\u00e0 gi\u1ea3m n\u0103ng l\u01b0\u1ee3ng ti\u00eau th\u1ee5\" href=\"https:\/\/banbientan.com\/bien-tan-invt-nang-cao-dieu-khien-lo-nung-va-giam-nang-luong-tieu-thu\/\" rel=\"bookmark\">Bi\u1ebfn t\u1ea7n INVT n\u00e2ng cao \u0111i\u1ec1u khi\u1ec3n l\u00f2 nung v\u00e0 gi\u1ea3m n\u0103ng l\u01b0\u1ee3ng ti\u00eau th\u1ee5<\/a><\/li>\n<li><a title=\"Permalink to Nh\u1eefng \u1ee9ng d\u1ee5ng c\u1ee7a h\u1ecd bi\u1ebfn t\u1ea7n SIEMENS\" href=\"https:\/\/banbientan.com\/nhung-ung-dung-cua-ho-bien-tan-siemens\/\" rel=\"bookmark\">Nh\u1eefng \u1ee9ng d\u1ee5ng c\u1ee7a h\u1ecd bi\u1ebfn t\u1ea7n SIEMENS<\/a><\/li>\n<li><a title=\"Permalink to D\u00f2ng bi\u1ebfn t\u1ea7n ABB \u0111\u01b0\u1ee3c thi\u1ebft k\u1ebf \u0111\u1ec3 t\u1ed1i \u01b0u h\u00f3a c\u00f4ng su\u1ea5t\" href=\"https:\/\/banbientan.com\/dong-bien-tan-abb-duoc-thiet-ke-de-toi-uu-hoa-cong-suat\/\" rel=\"bookmark\">D\u00f2ng bi\u1ebfn t\u1ea7n ABB \u0111\u01b0\u1ee3c thi\u1ebft k\u1ebf \u0111\u1ec3 t\u1ed1i \u01b0u h\u00f3a c\u00f4ng su\u1ea5t<\/a><\/li>\n<li><a title=\"Permalink to Bi\u1ebfn t\u1ea7n FRENIC ECO \u2013 FUJI b\u01a1m \u0111i\u1ec1u \u00e1p\" href=\"https:\/\/banbientan.com\/bien-tan-frenic-eco-fuji-bom-dieu-ap\/\" rel=\"bookmark\">Bi\u1ebfn t\u1ea7n FRENIC ECO \u2013 FUJI b\u01a1m \u0111i\u1ec1u \u00e1p<\/a><\/li>\n<li><a title=\"Permalink to \u1ee8NG D\u1ee4NG BI\u1ebeN T\u1ea6N YASKAWA E1000 \u0110I\u1ec0U KHI\u1ec2N PID CHO B\u01a0M\/QUA\u0323T\" href=\"https:\/\/banbientan.com\/ung-dung-bien-tan-yaskawa-e1000-dieu-khien-pid-cho-bomqua%cc%a3t\/\" rel=\"bookmark\">\u1ee8NG D\u1ee4NG BI\u1ebeN T\u1ea6N YASKAWA E1000 \u0110I\u1ec0U KHI\u1ec2N PID CHO B\u01a0M\/QUA\u0323T<\/a><\/li>\n<li><a title=\"Permalink to C\u00e0i \u0111\u1eb7t th\u00f4ng s\u1ed1 c\u01a1 b\u1ea3n cho bi\u1ebfn t\u1ea7n INVT CHF100A\" href=\"https:\/\/banbientan.com\/cai-dat-thong-so-co-ban-cho-bien-tan-invt-chf100a\/\" rel=\"bookmark\">C\u00e0i \u0111\u1eb7t th\u00f4ng s\u1ed1 c\u01a1 b\u1ea3n cho bi\u1ebfn t\u1ea7n INVT CHF100A<\/a><\/li>\n<li><a title=\"Permalink to Bi\u1ebfn t\u1ea7n v\u00e0 t\u1ea7m quan tr\u1ecdng c\u1ee7a bi\u1ebfn t\u1ea7n trong c\u00f4ng nghi\u1ec7p\" href=\"https:\/\/banbientan.com\/bien-tan-va-tam-quan-trong-cua-bien-tan-trong-cong-nghiep\/\" rel=\"bookmark\">Bi\u1ebfn t\u1ea7n v\u00e0 t\u1ea7m quan tr\u1ecdng c\u1ee7a bi\u1ebfn t\u1ea7n trong c\u00f4ng nghi\u1ec7p<\/a><\/li>\n<li><a title=\"Permalink to C\u00e1ch c\u00e0i \u0111\u1eb7t bi\u1ebfn t\u1ea7n LS IG5A\" href=\"https:\/\/banbientan.com\/cach-cai-dat-bien-tan-ls-ig5a\/\" rel=\"bookmark\">C\u00e1ch c\u00e0i \u0111\u1eb7t bi\u1ebfn t\u1ea7n LS IG5A<\/a><\/li>\n<li><a title=\"Permalink to Bi\u1ebfn t\u1ea7n YASKAWA A1000 cho c\u00e1c \u1ee9ng d\u1ee5ng Thu \u2013 X\u1ea3 cu\u1ed9n\" href=\"https:\/\/banbientan.com\/bien-tan-yaskawa-a1000-cho-cac-ung-dung-thu-xa-cuon\/\" rel=\"bookmark\">Bi\u1ebfn t\u1ea7n YASKAWA A1000 cho c\u00e1c \u1ee9ng d\u1ee5ng Thu \u2013 X\u1ea3 cu\u1ed9n<\/a><\/li>\n<li><a title=\"Permalink to \u1ee8ng d\u1ee5ng c\u1ee7a bi\u1ebfn t\u1ea7n IS7 c\u1ee7a LSIS trong c\u00f4ng ngh\u1ec7 k\u00e9o d\u00e2y\" href=\"https:\/\/banbientan.com\/ung-dung-cua-bien-tan-is7-cua-lsis-trong-cong-nghe-keo-day\/\" rel=\"bookmark\">\u1ee8ng d\u1ee5ng c\u1ee7a bi\u1ebfn t\u1ea7n IS7 c\u1ee7a LSIS trong c\u00f4ng ngh\u1ec7 k\u00e9o d\u00e2y<\/a><\/li>\n<li><a title=\"Permalink to Nh\u1eefng L\u01b0u \u00dd Khi S\u1eed D\u1ee5ng Bi\u1ebfn T\u1ea7n\" href=\"https:\/\/banbientan.com\/nhung-luu-y-khi-su-dung-bien-tan\/\" rel=\"bookmark\">Nh\u1eefng L\u01b0u \u00dd Khi S\u1eed D\u1ee5ng Bi\u1ebfn T\u1ea7n<\/a><\/li>\n<li><a title=\"Permalink to \u1ee8ng d\u1ee5ng c\u1ee7a bi\u1ebfn t\u1ea7n Yaskawa cho c\u1ea7u tr\u1ee5c v\u00e0 c\u00e1c m\u00e1y n\u00e2ng h\u1ea1\" href=\"https:\/\/banbientan.com\/ung-dung-cua-bien-tan-yaskawa-cho-cau-truc-va-cac-may-nang-ha\/\" rel=\"bookmark\">\u1ee8ng d\u1ee5ng c\u1ee7a bi\u1ebfn t\u1ea7n Yaskawa cho c\u1ea7u tr\u1ee5c v\u00e0 c\u00e1c m\u00e1y n\u00e2ng h\u1ea1<\/a><\/li>\n<li><a title=\"Permalink to C\u00e1ch ti\u1ebft ki\u1ec7m \u0111i\u1ec7n m\u00e1y \u0111i\u1ec1u ho\u00e0 nhi\u1ec7t \u0111\u1ed9 c\u00f4ng ngh\u1ec7 bi\u1ebfn t\u1ea7n\" href=\"https:\/\/banbientan.com\/cach-tiet-kiem-dien-may-dieu-hoa-nhiet-do-cong-nghe-bien-tan\/\" rel=\"bookmark\">C\u00e1ch ti\u1ebft ki\u1ec7m \u0111i\u1ec7n m\u00e1y \u0111i\u1ec1u ho\u00e0 nhi\u1ec7t \u0111\u1ed9 c\u00f4ng ngh\u1ec7 bi\u1ebfn t\u1ea7n<\/a><\/li>\n<li><a title=\"Permalink to \u0110i\u1ec1u h\u00f2a Inverter (bi\u1ebfn t\u1ea7n) l\u00e0 g\u00ec?\" href=\"https:\/\/banbientan.com\/dieu-hoa-inverter-bien-tan-la-gi\/\" rel=\"bookmark\">\u0110i\u1ec1u h\u00f2a Inverter (bi\u1ebfn t\u1ea7n) l\u00e0 g\u00ec?<\/a><\/li>\n<li><a title=\"Permalink to Bi\u1ebfn t\u1ea7n \u2013 Gi\u1ea3i ph\u00e1p ti\u1ebft ki\u1ec7m \u0111i\u1ec7n cho ng\u00e0nh cung c\u1ea5p n\u01b0\u1edbc\" href=\"https:\/\/banbientan.com\/bien-tan-giai-phap-tiet-kiem-dien-cho-nganh-cung-cap-nuoc\/\" rel=\"bookmark\">Bi\u1ebfn t\u1ea7n \u2013 Gi\u1ea3i ph\u00e1p ti\u1ebft ki\u1ec7m \u0111i\u1ec7n cho ng\u00e0nh cung c\u1ea5p n\u01b0\u1edbc<\/a><\/li>\n<li><a title=\"Permalink to \u1ee8ng D\u1ee5ng Bi\u1ebfn t\u1ea7n Trong \u0110i\u1ec1u Khi\u1ec3n S\u1ee9c C\u0103ng\" href=\"https:\/\/banbientan.com\/ung-dung-bien-tan-trong-dieu-khien-suc-cang\/\" rel=\"bookmark\">\u1ee8ng D\u1ee5ng Bi\u1ebfn t\u1ea7n Trong \u0110i\u1ec1u Khi\u1ec3n S\u1ee9c C\u0103ng<\/a><\/li>\n<li><a title=\"Permalink to Ti\u1ebft ki\u1ec7m \u0111i\u1ec7n cho m\u00e1y n\u00e9n kh\u00ed c\u00f3 s\u1eed d\u1ee5ng bi\u1ebfn t\u1ea7n\" href=\"https:\/\/banbientan.com\/tiet-kiem-dien-cho-may-nen-khi-co-su-dung-bien-tan\/\" rel=\"bookmark\">Ti\u1ebft ki\u1ec7m \u0111i\u1ec7n cho m\u00e1y n\u00e9n kh\u00ed c\u00f3 s\u1eed d\u1ee5ng bi\u1ebfn t\u1ea7n<\/a><\/li>\n<li><a title=\"Permalink to Bi\u1ebfn t\u1ea7n CHV190 cho thang h\u00e0ng, v\u1eadn th\u0103ng trong x\u00e2y d\u1ef1ng\" href=\"https:\/\/banbientan.com\/bien-tan-chv190-cho-thang-hang-van-thang-trong-xay-dung\/\" rel=\"bookmark\">Bi\u1ebfn t\u1ea7n CHV190 cho thang h\u00e0ng, v\u1eadn th\u0103ng trong x\u00e2y d\u1ef1ng<\/a><\/li>\n<li><a title=\"Permalink to Bi\u1ebfn t\u1ea7n n\u00e2ng cao hi\u1ec7u su\u1ea5t b\u0103ng t\u1ea3i\" href=\"https:\/\/banbientan.com\/bien-tan-nang-cao-hieu-suat-bang-tai\/\" rel=\"bookmark\">Bi\u1ebfn t\u1ea7n n\u00e2ng cao hi\u1ec7u su\u1ea5t b\u0103ng t\u1ea3i<\/a><\/li>\n<li><a title=\"Permalink to Bi\u1ebfn t\u1ea7n invt Goodrive300 \u2013 Gi\u1ea3i ph\u00e1p cho m\u00e1y phay t\u1ed1c \u0111\u1ed9 cao\" href=\"https:\/\/banbientan.com\/bien-tan-invt-goodrive300-giai-phap-cho-may-phay-toc-do-cao\/\" rel=\"bookmark\">Bi\u1ebfn t\u1ea7n invt Goodrive300 \u2013 Gi\u1ea3i ph\u00e1p cho m\u00e1y phay t\u1ed1c \u0111\u1ed9 cao<\/a><\/li>\n<li><a title=\"Permalink to Bi\u1ebfn t\u1ea7n invt \u2013 Gi\u1ea3i ph\u00e1p t\u1ed1i \u01b0u trong ng\u00e0nh in\" href=\"https:\/\/banbientan.com\/bien-tan-invt-giai-phap-toi-uu-trong-nganh-in\/\" rel=\"bookmark\">Bi\u1ebfn t\u1ea7n invt \u2013 Gi\u1ea3i ph\u00e1p t\u1ed1i \u01b0u trong ng\u00e0nh in<\/a><\/li>\n<li><a title=\"Permalink to S\u1eed d\u1ee5ng bi\u1ebfn t\u1ea7n trong \u0111i\u1ec1u khi\u1ec3n \u0111\u1ed9ng c\u01a1 c\u00f3 l\u1ee3i \u00edch g\u00ec?\" href=\"https:\/\/banbientan.com\/su-dung-bien-tan-trong-dieu-khien-dong-co-co-loi-ich-gi\/\" rel=\"bookmark\">S\u1eed d\u1ee5ng bi\u1ebfn t\u1ea7n trong \u0111i\u1ec1u khi\u1ec3n \u0111\u1ed9ng c\u01a1 c\u00f3 l\u1ee3i \u00edch g\u00ec?<\/a><\/li>\n<li><a title=\"Permalink to Bi\u1ebfn t\u1ea7n \u2013 Gi\u1ea3i ph\u00e1p ti\u1ebft ki\u1ec7m n\u0103ng l\u01b0\u1ee3ng cho ng\u00e0nh may\" href=\"https:\/\/banbientan.com\/bien-tan-giai-phap-tiet-kiem-nang-luong-cho-nganh-may\/\" rel=\"bookmark\">Bi\u1ebfn t\u1ea7n \u2013 Gi\u1ea3i ph\u00e1p ti\u1ebft ki\u1ec7m n\u0103ng l\u01b0\u1ee3ng cho ng\u00e0nh may<\/a><\/li>\n<li><a title=\"Permalink to Bi\u1ebfn t\u1ea7n \u2013 Gi\u1ea3i ph\u00e1p ti\u1ebft ki\u1ec7m n\u0103ng l\u01b0\u1ee3ng cho ng\u00e0nh x\u00e2y d\u1ef1ng\" href=\"https:\/\/banbientan.com\/bien-tan-giai-phap-tiet-kiem-nang-luong-cho-nganh-xay-dung\/\" rel=\"bookmark\">Bi\u1ebfn t\u1ea7n \u2013 Gi\u1ea3i ph\u00e1p ti\u1ebft ki\u1ec7m n\u0103ng l\u01b0\u1ee3ng cho ng\u00e0nh x\u00e2y d\u1ef1ng<\/a><\/li>\n<li><a title=\"Permalink to Bi\u1ebfn t\u1ea7n INVT Gi\u1ea3i ph\u00e1p cho h\u1ec7 th\u1ed1ng l\u00f2 h\u01a1i\" href=\"https:\/\/banbientan.com\/bien-tan-invt-giai-phap-cho-he-thong-lo-hoi\/\" rel=\"bookmark\">Bi\u1ebfn t\u1ea7n INVT Gi\u1ea3i ph\u00e1p cho h\u1ec7 th\u1ed1ng l\u00f2 h\u01a1i<\/a><\/li>\n<li><a title=\"Permalink to Bi\u1ebfn t\u1ea7n \u2013 Ti\u1ebft ki\u1ec7m n\u0103ng l\u01b0\u1ee3ng cho nh\u00e0 m\u00e1y g\u1ea1ch\" href=\"https:\/\/banbientan.com\/bien-tan-tiet-kiem-nang-luong-cho-nha-may-gach\/\" rel=\"bookmark\">Bi\u1ebfn t\u1ea7n \u2013 Ti\u1ebft ki\u1ec7m n\u0103ng l\u01b0\u1ee3ng cho nh\u00e0 m\u00e1y g\u1ea1ch<\/a><\/li>\n<li><a title=\"Permalink to Bi\u1ebfn t\u1ea7n Goodrive300 Gi\u1ea3i ph\u00e1p cho m\u00e1y b\u01a1m tr\u1ee5c v\u00edt trong khai th\u00e1c d\u1ea7u\" href=\"https:\/\/banbientan.com\/bien-tan-goodrive300-giai-phap-cho-may-bom-truc-vit-trong-khai-thac-dau\/\" rel=\"bookmark\">Bi\u1ebfn t\u1ea7n Goodrive300 Gi\u1ea3i ph\u00e1p cho m\u00e1y b\u01a1m tr\u1ee5c v\u00edt trong khai th\u00e1c d\u1ea7u<\/a><\/li>\n<li><a title=\"Permalink to Bi\u1ebfn t\u1ea7n CHV110- Ti\u1ebft ki\u1ec7m n\u0103ng l\u01b0\u1ee3ng cho nh\u00e0 m\u00e1y \u00e9p nh\u1ef1a\" href=\"https:\/\/banbientan.com\/bien-tan-chv110-tiet-kiem-nang-luong-cho-nha-may-ep-nhua\/\" rel=\"bookmark\">Bi\u1ebfn t\u1ea7n CHV110- Ti\u1ebft ki\u1ec7m n\u0103ng l\u01b0\u1ee3ng cho nh\u00e0 m\u00e1y \u00e9p nh\u1ef1a<\/a><\/li>\n<li><a title=\"Permalink to Bi\u1ebfn t\u1ea7n GD200 ti\u1ebft ki\u1ec7m n\u0103ng l\u01b0\u1ee3ng cho h\u1ec7 th\u1ed1ng h\u00fat b\u1ee5i trong nh\u00e0 m\u00e1y ch\u1ebf bi\u1ebfn g\u1ed7\" href=\"https:\/\/banbientan.com\/bien-tan-gd200-tiet-kiem-nang-luong-cho-he-thong-hut-bui-trong-nha-may-che-bien-go\/\" rel=\"bookmark\">Bi\u1ebfn t\u1ea7n GD200 ti\u1ebft ki\u1ec7m n\u0103ng l\u01b0\u1ee3ng cho h\u1ec7 th\u1ed1ng h\u00fat b\u1ee5i trong nh\u00e0 m\u00e1y ch\u1ebf bi\u1ebfn g\u1ed7<\/a><\/li>\n<li><a title=\"Permalink to Bi\u1ebfn t\u1ea7n l\u00e0 g\u00ec?\" href=\"https:\/\/banbientan.com\/bien-tan-la-gi\/\" rel=\"bookmark\">Bi\u1ebfn t\u1ea7n l\u00e0 g\u00ec?<\/a><\/li>\n<li><a title=\"Permalink to C\u00e1c gi\u1ea3i ph\u00e1p ti\u1ebft ki\u1ec7m \u0111i\u1ec7n \u0111\u1ed1i v\u1edbi \u0111\u1ed9ng c\u01a1 kh\u00f4ng \u0111\u1ed3ng b\u1ed9\" href=\"https:\/\/banbientan.com\/cac-giai-phap-tiet-kiem-dien-doi-voi-dong-co-khong-dong-bo\/\" rel=\"bookmark\">C\u00e1c gi\u1ea3i ph\u00e1p ti\u1ebft ki\u1ec7m \u0111i\u1ec7n \u0111\u1ed1i v\u1edbi \u0111\u1ed9ng c\u01a1 kh\u00f4ng \u0111\u1ed3ng b\u1ed9<\/a><\/li>\n<li><a title=\"Permalink to T\u00ednh to\u00e1n \u0111\u1eb7c t\u00ednh \u0111\u1ed9ng c\u01a1 s\u1eed d\u1ee5ng bi\u1ebfn t\u1ea7n\" href=\"https:\/\/banbientan.com\/tinh-toan-dac-tinh-dong-co-su-dung-bien-tan\/\" rel=\"bookmark\">T\u00ednh to\u00e1n \u0111\u1eb7c t\u00ednh \u0111\u1ed9ng c\u01a1 s\u1eed d\u1ee5ng bi\u1ebfn t\u1ea7n<\/a><\/li>\n<li><a title=\"Permalink to M\u1ed9t bi\u1ebfn t\u1ea7n c\u00f3 th\u1ec3 s\u1eed d\u1ee5ng cho nhi\u1ec1u \u0111\u1ed9ng c\u01a1 ?\" href=\"https:\/\/banbientan.com\/mot-bien-tan-co-the-su-dung-cho-nhieu-dong-co\/\" rel=\"bookmark\">M\u1ed9t bi\u1ebfn t\u1ea7n c\u00f3 th\u1ec3 s\u1eed d\u1ee5ng cho nhi\u1ec1u \u0111\u1ed9ng c\u01a1 ?<\/a><\/li>\n<li><a title=\"Permalink to T\u1ea1i sao g\u1eafn bi\u1ebfn t\u1ea7n motor ch\u1ea1y r\u1ea5t n\u00f3ng?\" href=\"https:\/\/banbientan.com\/tai-sao-gan-bien-tan-motor-chay-rat-nong\/\" rel=\"bookmark\">T\u1ea1i sao g\u1eafn bi\u1ebfn t\u1ea7n motor ch\u1ea1y r\u1ea5t n\u00f3ng?<\/a><\/li>\n<li><a title=\"Permalink to Bi\u1ebfn t\u1ea7n c\u00f3 th\u1ec3 t\u0103ng t\u1ed1c \u0111\u1ed9 motor kh\u00f4ng?\" href=\"https:\/\/banbientan.com\/bien-tan-co-the-tang-toc-do-motor-khong\/\" rel=\"bookmark\">Bi\u1ebfn t\u1ea7n c\u00f3 th\u1ec3 t\u0103ng t\u1ed1c \u0111\u1ed9 motor kh\u00f4ng?<\/a><\/li>\n<li><a title=\"Permalink to T\u1ea1i sao sau khi c\u00f3 l\u1ec7nh ch\u1ea1y, bi\u1ebfn t\u1ea7n ch\u1ea1y nh\u01b0ng Motor l\u1ea1i kh\u00f4ng ch\u1ea1y?\" href=\"https:\/\/banbientan.com\/tai-sao-sau-khi-co-lenh-chay-bien-tan-chay-nhung-motor-lai-khong-chay\/\" rel=\"bookmark\">T\u1ea1i sao sau khi c\u00f3 l\u1ec7nh ch\u1ea1y, bi\u1ebfn t\u1ea7n ch\u1ea1y nh\u01b0ng Motor l\u1ea1i kh\u00f4ng ch\u1ea1y?<\/a><\/li>\n<li><a title=\"Permalink to T\u1ea1i sao bi\u1ebfn t\u1ea7n hi\u1ec3n th\u1ecb b\u00ecnh th\u01b0\u1eddng khi c\u1ea5p ngu\u1ed3n nh\u01b0ng l\u1ea1i nh\u1ea3y CB khi ch\u1ea1y?\" href=\"https:\/\/banbientan.com\/tai-sao-bien-tan-hien-thi-binh-thuong-khi-cap-nguon-nhung-lai-nhay-cb-khi-chay\/\" rel=\"bookmark\">T\u1ea1i sao bi\u1ebfn t\u1ea7n hi\u1ec3n th\u1ecb b\u00ecnh th\u01b0\u1eddng khi c\u1ea5p ngu\u1ed3n nh\u01b0ng l\u1ea1i nh\u1ea3y CB khi ch\u1ea1y?<\/a><\/li>\n<li><a title=\"Permalink to Bi\u1ebfn t\u1ea7n kh\u00f4ng hi\u1ec3n th\u1ecb \u0111\u00e8n sau khi c\u1ea5p ngu\u1ed3n, t\u1ea1i sao?\" href=\"https:\/\/banbientan.com\/bien-tan-khong-hien-thi-den-sau-khi-cap-nguon-tai-sao\/\" rel=\"bookmark\">Bi\u1ebfn t\u1ea7n kh\u00f4ng hi\u1ec3n th\u1ecb \u0111\u00e8n sau khi c\u1ea5p ngu\u1ed3n, t\u1ea1i sao?<\/a><\/li>\n<li><a title=\"Permalink to Bi\u1ebfn t\u1ea7n t\u0103ng t\u1ed1c kh\u00f4ng \u0111\u01b0\u1ee3c khi c\u00f3 t\u1ea3i?\" href=\"https:\/\/banbientan.com\/bien-tan-tang-toc-khong-duoc-khi-co-tai\/\" rel=\"bookmark\">Bi\u1ebfn t\u1ea7n t\u0103ng t\u1ed1c kh\u00f4ng \u0111\u01b0\u1ee3c khi c\u00f3 t\u1ea3i?<\/a><\/li>\n<li><a title=\"Permalink to Bi\u1ebfn t\u1ea7n ch\u1ea1y b\u00ecnh th\u01b0\u1eddng m\u1ed9t l\u00fac r\u1ed3i d\u1eebng?\" href=\"https:\/\/banbientan.com\/bien-tan-chay-binh-thuong-mot-luc-roi-dung\/\" rel=\"bookmark\">Bi\u1ebfn t\u1ea7n ch\u1ea1y b\u00ecnh th\u01b0\u1eddng m\u1ed9t l\u00fac r\u1ed3i d\u1eebng?<\/a><\/li>\n<\/ul>\n","protected":false},"excerpt":{"rendered":"<p>S\u1ea3n ph\u1ea9m m\u1edbi bi\u1ebfn t\u1ea7n Altivar 312 c\u1ee7a Schneider Electric Bi\u1ebfn t\u1ea7n INVT n\u00e2ng cao \u0111i\u1ec1u khi\u1ec3n l\u00f2 nung v\u00e0 gi\u1ea3m n\u0103ng l\u01b0\u1ee3ng ti\u00eau th\u1ee5 Nh\u1eefng \u1ee9ng d\u1ee5ng c\u1ee7a h\u1ecd bi\u1ebfn t\u1ea7n SIEMENS D\u00f2ng bi\u1ebfn t\u1ea7n ABB \u0111\u01b0\u1ee3c thi\u1ebft k\u1ebf \u0111\u1ec3 t\u1ed1i \u01b0u h\u00f3a c\u00f4ng su\u1ea5t Bi\u1ebfn t\u1ea7n FRENIC ECO \u2013 FUJI b\u01a1m \u0111i\u1ec1u \u00e1p [&hellip;]<\/p>\n","protected":false},"author":2,"featured_media":0,"parent":7405,"menu_order":0,"comment_status":"closed","ping_status":"closed","template":"","meta":{"footnotes":""},"class_list":["post-18292","page","type-page","status-publish","hentry"],"_links":{"self":[{"href":"https:\/\/hunglong.banbientan.com\/index.php?rest_route=\/wp\/v2\/pages\/18292","targetHints":{"allow":["GET"]}}],"collection":[{"href":"https:\/\/hunglong.banbientan.com\/index.php?rest_route=\/wp\/v2\/pages"}],"about":[{"href":"https:\/\/hunglong.banbientan.com\/index.php?rest_route=\/wp\/v2\/types\/page"}],"author":[{"embeddable":true,"href":"https:\/\/hunglong.banbientan.com\/index.php?rest_route=\/wp\/v2\/users\/2"}],"replies":[{"embeddable":true,"href":"https:\/\/hunglong.banbientan.com\/index.php?rest_route=%2Fwp%2Fv2%2Fcomments&post=18292"}],"version-history":[{"count":0,"href":"https:\/\/hunglong.banbientan.com\/index.php?rest_route=\/wp\/v2\/pages\/18292\/revisions"}],"up":[{"embeddable":true,"href":"https:\/\/hunglong.banbientan.com\/index.php?rest_route=\/wp\/v2\/pages\/7405"}],"wp:attachment":[{"href":"https:\/\/hunglong.banbientan.com\/index.php?rest_route=%2Fwp%2Fv2%2Fmedia&parent=18292"}],"curies":[{"name":"wp","href":"https:\/\/api.w.org\/{rel}","templated":true}]}}