{"id":20333,"date":"2017-05-26T00:33:48","date_gmt":"2017-05-25T17:33:48","guid":{"rendered":"https:\/\/banbientan.com\/?page_id=20333"},"modified":"2017-05-26T00:33:48","modified_gmt":"2017-05-25T17:33:48","slug":"bien-tan-frecon","status":"publish","type":"page","link":"https:\/\/hunglong.banbientan.com\/?page_id=20333","title":{"rendered":"BI\u1ebeN T\u1ea6N FRECON"},"content":{"rendered":"<p>Bi\u1ebfn t\u1ea7n FRECON<br \/>\n<a href=\"https:\/\/banbientan.com\/wp-content\/uploads\/2017\/05\/FR300.jpg\"><img loading=\"lazy\" decoding=\"async\" class=\"alignnone size-full wp-image-20324\" src=\"https:\/\/banbientan.com\/wp-content\/uploads\/2017\/05\/FR300.jpg\" alt=\"\" width=\"305\" height=\"224\" \/><\/a><br \/>\nV\u1edbi kinh nghi\u1ec7m 15 n\u0103m ch\u1ebf t\u1ea1o bi\u1ebfn t\u1ea7n, c\u00e1c b\u1ed9 \u0111i\u1ec1u khi\u1ec3n Servo, N\u0103ng l\u01b0\u1ee3ng m\u1edbi v\u00e0 c\u00e1c thi\u1ebft b\u1ecb \u0111i\u1ec1u khi\u1ec3n kh\u00e1c.<br \/>\nD\u1ea3i s\u1ea3n ph\u1ea9m c\u00f3 c\u00f4ng su\u1ea5t t\u1eeb\u00a0\u00a00.2KW \u0111\u1ebfn 1.000 KW,\u00a0s\u1ea3n ph\u1ea9m ph\u00f9 h\u1ee3p v\u1edbi EU Ti\u00eau chu\u1ea9n an to\u00e0n y\u00eau c\u1ea7u trong EMC v\u00e0 an to\u00e0n Quy \u0111\u1ecbnh, c\u00f3 \u0111\u01b0\u1ee3c Gi\u1ea5y ch\u1ee9ng nh\u1eadn CE.<br \/>\nLinh ki\u1ec7n c\u00f4ng su\u1ea5t IGBT \u0111\u01b0\u1ee3c nh\u1eadp kh\u1ea9u t\u1eeb \u0110\u1ee8C, ch\u1ea5t l\u01b0\u1ee3ng \u0111\u1ea3m b\u1ea3o.<br \/>\n<strong>Bi\u1ebfn t\u1ea7n Frecon \u0111\u00e3 \u0111\u01b0\u1ee3c b\u00e1n sang nhi\u1ec1u n\u01b0\u1edbc tr\u00ean th\u1ebf gi\u1edbi, v\u1edbi \u0111\u1ed9 b\u1ec1n cao, B\u1ea3o \u00e0nh 18 th\u00e1ng, gi\u00e1 r\u1ea5t c\u1ea1nh tranh, t\u00ednh n\u0103ng \u0111i\u1ec1u khi\u1ec3n linh ho\u1ea1t, cao c\u1ea5p s\u1ebd mang \u0111\u1ebfn s\u1ef1 l\u1ef1a ch\u1ecdn tin c\u1eady cho kh\u00e1ch h\u00e0ng.<\/strong><br \/>\n<span style=\"color: #ff0000;\"><strong>BI\u1ebeN T\u1ea6N FRECON L\u00c0 S\u1ef0 L\u1ef0A CH\u1eccN T\u1ed0I \u01afU C\u1ee6A KH\u00c1CH H\u00c0NG.<\/strong><\/span><br \/>\nV\u1edbi 2 d\u00f2ng bi\u1ebfn t\u1ea7n ch\u00ednh l\u00e0:\u00a0<strong><span style=\"font-size: 12pt;\"><a title=\"Permalink to Bi\u1ebfn t\u1ea7n Frecon FR100\" href=\"https:\/\/banbientan.com\/bien-tan-frecon-fr100\/\" rel=\"bookmark\">Bi\u1ebfn t\u1ea7n Frecon FR100<\/a><\/span>\u00a0(c\u00f4ng su\u1ea5t nh\u1ecf),\u00a0<\/strong><strong><span style=\"font-size: 12pt;\"><a title=\"Permalink to Bi\u1ebfn t\u1ea7n Frecon Fr200\" href=\"https:\/\/banbientan.com\/bien-tan-frecon-fr200\/\" rel=\"bookmark\">Bi\u1ebfn t\u1ea7n Frecon Fr200<\/a><\/span>\u00a0( Th\u00f4ng d\u1ee5ng nh\u1ea5t).<\/strong><br \/>\n<strong>M\u1ed8T S\u1ed0 CH\u1ee8NG NH\u1eacN:<\/strong><br \/>\n<a href=\"https:\/\/i1.wp.com\/banbientan.com\/wp-content\/uploads\/2017\/05\/chung-nhan-frecon.jpg\"><img decoding=\"async\" class=\" wp-image-20329 alignleft\" src=\"https:\/\/i1.wp.com\/banbientan.com\/wp-content\/uploads\/2017\/05\/chung-nhan-frecon.jpg?resize=318%2C471\" sizes=\"(max-width: 318px) 100vw, 318px\" alt=\"\" data-recalc-dims=\"1\" \/><\/a><a href=\"https:\/\/i2.wp.com\/banbientan.com\/wp-content\/uploads\/2017\/05\/chung-nhan-ce.jpg\"><img decoding=\"async\" class=\"wp-image-20330 alignright\" src=\"https:\/\/i2.wp.com\/banbientan.com\/wp-content\/uploads\/2017\/05\/chung-nhan-ce.jpg?resize=336%2C461\" sizes=\"(max-width: 336px) 100vw, 336px\" alt=\"\" data-recalc-dims=\"1\" \/><\/a><br \/>\n&nbsp;<br \/>\n&nbsp;<\/p>\n","protected":false},"excerpt":{"rendered":"<p>Bi\u1ebfn t\u1ea7n FRECON V\u1edbi kinh nghi\u1ec7m 15 n\u0103m ch\u1ebf t\u1ea1o bi\u1ebfn t\u1ea7n, c\u00e1c b\u1ed9 \u0111i\u1ec1u khi\u1ec3n Servo, N\u0103ng l\u01b0\u1ee3ng m\u1edbi v\u00e0 c\u00e1c thi\u1ebft b\u1ecb \u0111i\u1ec1u khi\u1ec3n kh\u00e1c. D\u1ea3i s\u1ea3n ph\u1ea9m c\u00f3 c\u00f4ng su\u1ea5t t\u1eeb\u00a0\u00a00.2KW \u0111\u1ebfn 1.000 KW,\u00a0s\u1ea3n ph\u1ea9m ph\u00f9 h\u1ee3p v\u1edbi EU Ti\u00eau chu\u1ea9n an to\u00e0n y\u00eau c\u1ea7u trong EMC v\u00e0 an to\u00e0n Quy \u0111\u1ecbnh, [&hellip;]<\/p>\n","protected":false},"author":2,"featured_media":0,"parent":0,"menu_order":6,"comment_status":"closed","ping_status":"closed","template":"","meta":{"footnotes":""},"class_list":["post-20333","page","type-page","status-publish","hentry"],"_links":{"self":[{"href":"https:\/\/hunglong.banbientan.com\/index.php?rest_route=\/wp\/v2\/pages\/20333","targetHints":{"allow":["GET"]}}],"collection":[{"href":"https:\/\/hunglong.banbientan.com\/index.php?rest_route=\/wp\/v2\/pages"}],"about":[{"href":"https:\/\/hunglong.banbientan.com\/index.php?rest_route=\/wp\/v2\/types\/page"}],"author":[{"embeddable":true,"href":"https:\/\/hunglong.banbientan.com\/index.php?rest_route=\/wp\/v2\/users\/2"}],"replies":[{"embeddable":true,"href":"https:\/\/hunglong.banbientan.com\/index.php?rest_route=%2Fwp%2Fv2%2Fcomments&post=20333"}],"version-history":[{"count":0,"href":"https:\/\/hunglong.banbientan.com\/index.php?rest_route=\/wp\/v2\/pages\/20333\/revisions"}],"wp:attachment":[{"href":"https:\/\/hunglong.banbientan.com\/index.php?rest_route=%2Fwp%2Fv2%2Fmedia&parent=20333"}],"curies":[{"name":"wp","href":"https:\/\/api.w.org\/{rel}","templated":true}]}}