{"id":22536,"date":"2019-08-01T22:04:30","date_gmt":"2019-08-01T15:04:30","guid":{"rendered":"https:\/\/banbientan.com\/?page_id=22536"},"modified":"2019-08-01T22:04:30","modified_gmt":"2019-08-01T15:04:30","slug":"bien-tan-kde200a-da-nang","status":"publish","type":"page","link":"https:\/\/hunglong.banbientan.com\/?page_id=22536","title":{"rendered":"Bi\u1ebfn t\u1ea7n KDE200A &#8211; \u0110a n\u0103ng"},"content":{"rendered":"<p><span style=\"color: #0000ff;\"><strong>Bi\u1ebfn t\u1ea7n \u0111a n\u0103ng KDE200A &#8211; D\u00f9ng \u0111\u01b0\u1ee3c cho nhi\u1ec1u \u1ee9ng d\u1ee5ng kh\u00e1c nhau:<\/strong><\/span><span style=\"background-color: #3366ff;\"><strong><a style=\"background-color: #3366ff;\" href=\"https:\/\/banbientan.com\/wp-content\/uploads\/2019\/08\/z1475803336904_7d01d31cda836a01023f96b32870778e.jpg\"><img loading=\"lazy\" decoding=\"async\" class=\"wp-image-22537 alignright\" src=\"https:\/\/banbientan.com\/wp-content\/uploads\/2019\/08\/z1475803336904_7d01d31cda836a01023f96b32870778e.jpg\" alt=\"\" width=\"428\" height=\"284\" \/><\/a><\/strong><\/span><br \/>\nM\u00e1y \u0111\u00f9n nh\u1ef1a, b\u0103ng t\u1ea3i, m\u00e1y d\u1ec7t, v\u1eadn th\u0103ng, c\u1ea9u tr\u1ee5c, b\u01a1m n\u01b0\u1edbc, qu\u1ea1t gi\u00f3&#8230;vv<br \/>\n<strong><a href=\"https:\/\/banbientan.com\/wp-content\/uploads\/2019\/08\/KDE200A-user-manual-1-1.pdf\">H\u01b0\u1edbng d\u1eabn c\u00e0i \u0111\u1eb7t KDE200A<\/a><\/strong><br \/>\n<strong><a href=\"https:\/\/banbientan.com\/wp-content\/uploads\/2019\/07\/CATALOG-Bi%E1%BA%BFn-t%E1%BA%A7n-H%C6%B0ng-Long.pdf\">CATALOG \u2013 Bi\u1ebfn t\u1ea7n KDE <\/a><\/strong><\/p>\n<ul>\n<li>C\u00f4ng su\u1ea5t t\u1eeb 0.75kw \u0111\u1ebfn 500 kw<\/li>\n<li>T\u1ea7n s\u1ed1 t\u00f9y \u0111\u1eb7t t\u1eeb 0 \u0111\u1ebfn 500Hz<\/li>\n<li>Ch\u1ebf \u0111\u1ed9\u00a0<span class=\"fontstyle0\">Sensor-less flux vector control\u00a0<\/span>cho t\u1ea3i n\u1eb7ng.<\/li>\n<li>Ch\u1ebf \u0111\u1ed9 vector v\u00f2ng k\u00edn l\u1eafp th\u00eam card PG<\/li>\n<li>Ch\u1ebf \u0111\u1ed9\u00a0<span class=\"fontstyle0\">Torque \u1ee9ng d\u1ee5ng cho qu\u1ea9n d\u00e2y, cu\u1ed9n m\u00e0ng, x\u1ea3 m\u00e0ng.<\/span><\/li>\n<li>Ch\u1ecbu qu\u00e1 t\u1ea3i 150% d\u00f2ng \u0111\u1ecbnh m\u1ee9c trong 60s. 180% d\u00f2ng \u0111\u1ecbnh m\u1ee9c trong 3s<\/li>\n<li>C\u00e1c ch\u1ebf \u0111\u1ed9 \u0111i\u1ec1u khi\u1ec3n t\u1ed1c \u0111\u1ed9: Analog \u0111\u1ea7u v\u00e0o 0-10V \/ 4-20mmA, 16 c\u1ea5p t\u1ed1c \u0111\u1ed9, nh\u1ea5p JOG, PID,\u00a0<span class=\"fontstyle0\">Torque<\/span><\/li>\n<li>H\u1ed7 tr\u1ee3 truy\u1ec1n th\u00f4ng c\u00e1c chu\u1ea9n c\u01a1 b\u1ea3n:\u00a0<span class=\"fontstyle0\">Modbus-RTU,\u00a0PROFIBUS-DP, CANopen,vv<\/span><\/li>\n<li>C\u00f3 6 \u0111\u1ea7u v\u00e0o \u0111i\u1ec1u khi\u1ec3n s\u1ed1 t\u1ee7y ch\u1ec9nh c\u00e0i \u0111\u1eb7t ch\u1ee9c n\u0103ng, trong \u0111\u00f3 c\u00f3 1 \u0111\u1ea7u nh\u1eadn xung \u0111\u1ebfn 100kHz, 2 \u0111\u1ea7u v\u00e0o Analog 0-10V\/ 0-20mA<\/li>\n<li>1 \u0111\u1ea7u ra ph\u00e1t xung 0-\u00a0 100kHz, 1 \u0111\u1ea7u ra s\u1ed1 transistor, 1 \u0111\u1ea7u ra r\u01a1 le, 2 \u0111\u1ea7u ra Analog 0-10V ho\u1eb7c 0- 20mA.<\/li>\n<li>C\u00e1c ch\u1ebf \u0111\u1ed9 b\u1ea3o v\u1ec7:\u00a0Ph\u00e1t hi\u1ec7n ng\u1eafn m\u1ea1ch \u0111\u1ed9ng c\u01a1 \u1edf giai \u0111o\u1ea1n b\u1eadt ngu\u1ed3n, b\u1ea3o v\u1ec7 m\u1ea5t pha \u0111\u1ea7u v\u00e0o \/ \u0111\u1ea7u ra, b\u1ea3o v\u1ec7 qu\u00e1 d\u00f2ng, b\u1ea3o v\u1ec7 qu\u00e1 \u00e1p, b\u1ea3o v\u1ec7 d\u01b0\u1edbi \u0111i\u1ec7n \u00e1p, b\u1ea3o v\u1ec7 qu\u00e1 nhi\u1ec7t v\u00e0 b\u1ea3o v\u1ec7 qu\u00e1 t\u1ea3i, vv<\/li>\n<li>M\u00f4i tr\u01b0\u1eddng c\u00f3 th\u1ec3 l\u1eafp \u0111\u1eb7t:\u00a0<span lang=\"vi\" tabindex=\"0\">Trong nh\u00e0, kh\u00f4ng c\u00f3 \u00e1nh s\u00e1ng m\u1eb7t tr\u1eddi tr\u1ef1c ti\u1ebfp, b\u1ee5i, kh\u00ed \u0103n m\u00f2n, d\u1ec5 ch\u00e1y kh\u00ed, kh\u00f3i d\u1ea7u, h\u01a1i, nh\u1ecf gi\u1ecdt ho\u1eb7c h\u01a1i mu\u1ed1i.<\/span><\/li>\n<li>Kh\u00f3a B\u00e0n ph\u00edm:\u00a0N\u00f3 c\u00f3 th\u1ec3 kh\u00f3a m\u1ed9t ph\u1ea7n ho\u1eb7c ho\u00e0n to\u00e0n v\u00e0 x\u00e1c \u0111\u1ecbnh ph\u1ea1m vi ch\u1ee9c n\u0103ng c\u1ee7a m\u1ed9t s\u1ed1 ph\u00edm \u0111\u1ec3 tr\u00e1nh ho\u1ea1t \u0111\u1ed9ng sai, c\u00f4ng nh\u00e2n c\u00e0i \u0111\u1eb7t sai.<\/li>\n<\/ul>\n<p><span style=\"text-decoration: underline;\"><strong>S\u01a0 \u0110\u1ed2 \u0110\u1ea4U D\u00c2Y<\/strong><\/span><br \/>\n<a href=\"https:\/\/banbientan.com\/wp-content\/uploads\/2019\/08\/so-do-dau-day-KDE200A.jpg\"><img loading=\"lazy\" decoding=\"async\" class=\"aligncenter size-full wp-image-22538\" src=\"https:\/\/banbientan.com\/wp-content\/uploads\/2019\/08\/so-do-dau-day-KDE200A.jpg\" alt=\"\" width=\"625\" height=\"694\" \/><\/a><strong><a href=\"https:\/\/banbientan.com\/hinh-anh\/\">Xem \u1ea2nh m\u1ed9t s\u1ed1 c\u00f4ng tr\u01b0\u1eddng ch\u00fang t\u00f4i \u0111\u00e3 l\u1eafp \u0111\u1eb7t:<\/a><\/strong>\u00a0&gt;&gt;\u00a0\u00a0<a href=\"https:\/\/banbientan.com\/hinh-anh\/\"><strong>\u1ea2nh C\u00f4ng Tr\u01b0\u1eddng<\/strong><\/a><\/p>\n<table>\n<tbody>\n<tr>\n<td><a href=\"https:\/\/banbientan.com\/hinh-anh\/\"><img decoding=\"async\" src=\"https:\/\/i0.wp.com\/banbientan.com\/wp-content\/uploads\/2019\/08\/IMG_2581.jpg?resize=225%2C300&amp;ssl=1\" \/><\/a><\/td>\n<td><a href=\"https:\/\/banbientan.com\/hinh-anh\/\"><img decoding=\"async\" src=\"https:\/\/i2.wp.com\/banbientan.com\/wp-content\/uploads\/2019\/08\/IMG_3376.jpg?resize=225%2C300&amp;ssl=1\" \/><\/a><\/td>\n<td><a href=\"https:\/\/banbientan.com\/hinh-anh\/\"><img decoding=\"async\" src=\"https:\/\/i1.wp.com\/banbientan.com\/wp-content\/uploads\/2019\/08\/IMG_0481.jpg?resize=225%2C300&amp;ssl=1\" \/><\/a><\/td>\n<td><a href=\"https:\/\/banbientan.com\/hinh-anh\/\"><img decoding=\"async\" src=\"https:\/\/i2.wp.com\/banbientan.com\/wp-content\/uploads\/2019\/08\/IMG_2976.jpg?resize=225%2C300&amp;ssl=1\" \/><\/a><\/td>\n<\/tr>\n<\/tbody>\n<\/table>\n<p><span style=\"text-decoration: underline;\"><strong>Th\u00f4ng s\u1ed1, k\u00edch th\u01b0\u1edbc.<\/strong><\/span><\/p>\n<table width=\"886\">\n<tbody>\n<tr>\n<td rowspan=\"2\" width=\"275\">Model<\/td>\n<td width=\"174\">C\u00f4ng Su\u1ea5t<\/td>\n<td colspan=\"2\" width=\"198\">D\u00f2ng \u0111\u1ea7u .a (A)<\/td>\n<td width=\"239\">K\u00edch Th\u01b0\u1edbc (mm)<\/td>\n<\/tr>\n<tr>\n<td width=\"174\">T\u1ea3i n\u1eb7ng \/ T\u1ea3i th\u01b0\u1eddng<\/td>\n<td width=\"101\">T\u1ea3i n\u1eb7ng<\/td>\n<td width=\"97\">T\u1ea3i th\u01b0\u1eddng<\/td>\n<td width=\"239\">(Cao x .\u1ed9ng x s\u00e2u)<\/td>\n<\/tr>\n<tr>\n<td width=\"275\">KDE200A-0.75G\/1.5P-T4<\/td>\n<td width=\"174\">0,75\/1.5 KW<\/td>\n<td width=\"101\">2,5<\/td>\n<td width=\"97\">3,7<\/td>\n<td width=\"239\">185x118x167<\/td>\n<\/tr>\n<tr>\n<td width=\"275\">KDE200A-1.5G\/2.2P-T4<\/td>\n<td width=\"174\">1,5\/2.2 KW<\/td>\n<td width=\"101\">3,7<\/td>\n<td width=\"97\">5,1<\/td>\n<td width=\"239\">185x118x167<\/td>\n<\/tr>\n<tr>\n<td width=\"275\">KDE200A-2.2G\/3.7PT4<\/td>\n<td width=\"174\">2,2\/3.7 KW<\/td>\n<td width=\"101\">5,1<\/td>\n<td width=\"97\">9<\/td>\n<td width=\"239\">185x118x167<\/td>\n<\/tr>\n<tr>\n<td width=\"275\">KDE200A-3.7G\/5.5P-T4<\/td>\n<td width=\"174\">3,7 \/ 5,5 KW<\/td>\n<td width=\"101\">9<\/td>\n<td width=\"97\">13<\/td>\n<td width=\"239\">185x118x167<\/td>\n<\/tr>\n<tr>\n<td width=\"275\">KDE200A-5.5G\/7.5P-T4<\/td>\n<td width=\"174\">5,5 \/ 7,5 KW<\/td>\n<td width=\"101\">13<\/td>\n<td width=\"97\">17<\/td>\n<td width=\"239\">247x160x190<\/td>\n<\/tr>\n<tr>\n<td width=\"275\">KDE200A-7.5G\/011P-T4<\/td>\n<td width=\"174\">7,5 \/ 11 KW<\/td>\n<td width=\"101\">17<\/td>\n<td width=\"97\">25<\/td>\n<td width=\"239\">247x160x190<\/td>\n<\/tr>\n<tr>\n<td width=\"275\">KDE200A-011G\/015P-T4<\/td>\n<td width=\"174\">11 \/ 15 KW<\/td>\n<td width=\"101\">25<\/td>\n<td width=\"97\">32<\/td>\n<td width=\"239\">320x220x205<\/td>\n<\/tr>\n<tr>\n<td width=\"275\">KDE200A-015G\/018P-T4<\/td>\n<td width=\"174\">15 \/ 18,5 KW<\/td>\n<td width=\"101\">32<\/td>\n<td width=\"97\">37<\/td>\n<td width=\"239\">320x220x205<\/td>\n<\/tr>\n<tr>\n<td width=\"275\">KDE200A-018G\/022P-T4<\/td>\n<td width=\"174\">18,5 \/ 22 KW<\/td>\n<td width=\"101\">37<\/td>\n<td width=\"97\">45<\/td>\n<td width=\"239\">432x255x234,5<\/td>\n<\/tr>\n<tr>\n<td width=\"275\">KDE200A-022G\/030P-T4<\/td>\n<td width=\"174\">22 \/ 30 KW<\/td>\n<td width=\"101\">45<\/td>\n<td width=\"97\">60<\/td>\n<td width=\"239\">432x255x234,5<\/td>\n<\/tr>\n<tr>\n<td width=\"275\">KDE200A-030G\/037P-T4<\/td>\n<td width=\"174\">30 \/ 37 KW<\/td>\n<td width=\"101\">60<\/td>\n<td width=\"97\">75<\/td>\n<td width=\"239\">432x255x234,5<\/td>\n<\/tr>\n<tr>\n<td width=\"275\">KDE200A-037G\/045P-T4<\/td>\n<td width=\"174\">37 \/ 45 KW<\/td>\n<td width=\"101\">75<\/td>\n<td width=\"97\">90<\/td>\n<td width=\"239\">518x300x260<\/td>\n<\/tr>\n<tr>\n<td width=\"275\">KDE200A-045G\/055P-T4<\/td>\n<td width=\"174\">45 \/ 55 KW<\/td>\n<td width=\"101\">91<\/td>\n<td width=\"97\">110<\/td>\n<td width=\"239\">518x300x260<\/td>\n<\/tr>\n<tr>\n<td width=\"275\">KDE200A-055G\/075P-T4<\/td>\n<td width=\"174\">55 \/ 75 KW<\/td>\n<td width=\"101\">112<\/td>\n<td width=\"97\">152<\/td>\n<td width=\"239\">518x300x260<\/td>\n<\/tr>\n<tr>\n<td width=\"275\">KDE200A-075G\/090P-T4<\/td>\n<td width=\"174\">75 \/ 90 KW<\/td>\n<td width=\"101\">150<\/td>\n<td width=\"97\">176<\/td>\n<td width=\"239\">620x390x300<\/td>\n<\/tr>\n<tr>\n<td width=\"275\">KDE200A-090G\/110P-T4<\/td>\n<td width=\"174\">90 \/ 110 KW<\/td>\n<td width=\"101\">176<\/td>\n<td width=\"97\">210<\/td>\n<td width=\"239\">620x390x300<\/td>\n<\/tr>\n<tr>\n<td width=\"275\">KDE200A-110G\/132P-T4<\/td>\n<td width=\"174\">110 \/ 132 KW<\/td>\n<td width=\"101\">210<\/td>\n<td width=\"97\">250<\/td>\n<td width=\"239\">620x390x300<\/td>\n<\/tr>\n<tr>\n<td width=\"275\">KDE200A-132G\/160P-T4<\/td>\n<td width=\"174\">132 \/ 160 KW<\/td>\n<td width=\"101\">250<\/td>\n<td width=\"97\">300<\/td>\n<td width=\"239\">780x480x360<\/td>\n<\/tr>\n<tr>\n<td width=\"275\">KDE200A-160G\/185P-T4<\/td>\n<td width=\"174\">160 \/ 185 KW<\/td>\n<td width=\"101\">300<\/td>\n<td width=\"97\">340<\/td>\n<td width=\"239\">780x480x360<\/td>\n<\/tr>\n<tr>\n<td width=\"275\">KDE200A-185G\/200P-T4<\/td>\n<td width=\"174\">185 \/ 200 KW<\/td>\n<td width=\"101\">340<\/td>\n<td width=\"97\">380<\/td>\n<td width=\"239\">855x500x360<\/td>\n<\/tr>\n<tr>\n<td width=\"275\">KDE200A-200G\/220P-T4<\/td>\n<td width=\"174\">200 \/ 220 KW<\/td>\n<td width=\"101\">380<\/td>\n<td width=\"97\">415<\/td>\n<td width=\"239\">855x500x360<\/td>\n<\/tr>\n<tr>\n<td width=\"275\">KDE200A-220G\/250P-T4<\/td>\n<td width=\"174\">220 \/ 250 KW<\/td>\n<td width=\"101\">415<\/td>\n<td width=\"97\">470<\/td>\n<td width=\"239\">970x650x418<\/td>\n<\/tr>\n<tr>\n<td width=\"275\">KDE200A-250G\/280P-T4<\/td>\n<td width=\"174\">250 \/ 280 KW<\/td>\n<td width=\"101\">470<\/td>\n<td width=\"97\">520<\/td>\n<td width=\"239\">970x650x418<\/td>\n<\/tr>\n<tr>\n<td width=\"275\">KDE200A-280G\/315P-T4<\/td>\n<td width=\"174\">280 \/ 315 KW<\/td>\n<td width=\"101\">520<\/td>\n<td width=\"97\">600<\/td>\n<td width=\"239\">970x650x418<\/td>\n<\/tr>\n<tr>\n<td width=\"275\">KDE200A-315G\/350P-T4<\/td>\n<td width=\"174\">315 \/ 350 KW<\/td>\n<td width=\"101\">600<\/td>\n<td width=\"97\">700<\/td>\n<td width=\"239\">970x650x418<\/td>\n<\/tr>\n<tr>\n<td width=\"275\">KDE200A-350G\/400P-T4<\/td>\n<td width=\"174\">355 \/ 400 KW<\/td>\n<td width=\"101\"><\/td>\n<td width=\"97\"><\/td>\n<td width=\"239\">1720,4x800x490<\/td>\n<\/tr>\n<tr>\n<td width=\"275\">KDE200A-400G\/450P-T4<\/td>\n<td width=\"174\">400 \/ 450 KW<\/td>\n<td width=\"101\"><\/td>\n<td width=\"97\"><\/td>\n<td width=\"239\">1720,4x800x490<\/td>\n<\/tr>\n<tr>\n<td width=\"275\">KDE200A-450G\/500P-T4<\/td>\n<td width=\"174\">450 \/ 500 KW<\/td>\n<td width=\"101\"><\/td>\n<td width=\"97\"><\/td>\n<td width=\"239\">1720,4x800x490<\/td>\n<\/tr>\n<tr>\n<td width=\"275\">KDE200A-500G-T4<\/td>\n<td width=\"174\">500 \/ 560 KW<\/td>\n<td width=\"101\"><\/td>\n<td width=\"97\"><\/td>\n<td width=\"239\">1720,4x800x490<\/td>\n<\/tr>\n<tr>\n<td width=\"275\">B\u00e0n ph\u00edm<\/td>\n<td><\/td>\n<td><\/td>\n<td><\/td>\n<td width=\"239\">115&#215;85<\/td>\n<\/tr>\n<\/tbody>\n<\/table>\n<p>&nbsp;<\/p>\n","protected":false},"excerpt":{"rendered":"<p>Bi\u1ebfn t\u1ea7n \u0111a n\u0103ng KDE200A &#8211; D\u00f9ng \u0111\u01b0\u1ee3c cho nhi\u1ec1u \u1ee9ng d\u1ee5ng kh\u00e1c nhau: M\u00e1y \u0111\u00f9n nh\u1ef1a, b\u0103ng t\u1ea3i, m\u00e1y d\u1ec7t, v\u1eadn th\u0103ng, c\u1ea9u tr\u1ee5c, b\u01a1m n\u01b0\u1edbc, qu\u1ea1t gi\u00f3&#8230;vv H\u01b0\u1edbng d\u1eabn c\u00e0i \u0111\u1eb7t KDE200A CATALOG \u2013 Bi\u1ebfn t\u1ea7n KDE C\u00f4ng su\u1ea5t t\u1eeb 0.75kw \u0111\u1ebfn 500 kw T\u1ea7n s\u1ed1 t\u00f9y \u0111\u1eb7t t\u1eeb 0 \u0111\u1ebfn 500Hz Ch\u1ebf [&hellip;]<\/p>\n","protected":false},"author":2,"featured_media":22537,"parent":21279,"menu_order":3,"comment_status":"closed","ping_status":"closed","template":"","meta":{"footnotes":""},"class_list":["post-22536","page","type-page","status-publish","has-post-thumbnail","hentry"],"_links":{"self":[{"href":"https:\/\/hunglong.banbientan.com\/index.php?rest_route=\/wp\/v2\/pages\/22536","targetHints":{"allow":["GET"]}}],"collection":[{"href":"https:\/\/hunglong.banbientan.com\/index.php?rest_route=\/wp\/v2\/pages"}],"about":[{"href":"https:\/\/hunglong.banbientan.com\/index.php?rest_route=\/wp\/v2\/types\/page"}],"author":[{"embeddable":true,"href":"https:\/\/hunglong.banbientan.com\/index.php?rest_route=\/wp\/v2\/users\/2"}],"replies":[{"embeddable":true,"href":"https:\/\/hunglong.banbientan.com\/index.php?rest_route=%2Fwp%2Fv2%2Fcomments&post=22536"}],"version-history":[{"count":0,"href":"https:\/\/hunglong.banbientan.com\/index.php?rest_route=\/wp\/v2\/pages\/22536\/revisions"}],"up":[{"embeddable":true,"href":"https:\/\/hunglong.banbientan.com\/index.php?rest_route=\/wp\/v2\/pages\/21279"}],"wp:featuredmedia":[{"embeddable":true,"href":"https:\/\/hunglong.banbientan.com\/index.php?rest_route=\/"}],"wp:attachment":[{"href":"https:\/\/hunglong.banbientan.com\/index.php?rest_route=%2Fwp%2Fv2%2Fmedia&parent=22536"}],"curies":[{"name":"wp","href":"https:\/\/api.w.org\/{rel}","templated":true}]}}