{"id":25453,"date":"2013-07-06T00:00:31","date_gmt":"2013-07-05T17:00:31","guid":{"rendered":"http:\/\/omron247-vietnam.com\/?page_id=2"},"modified":"2013-07-06T00:00:31","modified_gmt":"2013-07-05T17:00:31","slug":"cong-ty-tnhh-dien-va-tu-dong-hoa-hung-long","status":"publish","type":"page","link":"https:\/\/hunglong.banbientan.com\/?page_id=25453","title":{"rendered":"Gi\u1edbi thi\u1ec7u"},"content":{"rendered":"<p style=\"text-align: left;\"><strong><a href=\"https:\/\/banbientan.com\/wp-content\/uploads\/2013\/07\/hl0709.png\"><span style=\"font-size: 14pt;\">C\u00f4ng ty TNHH \u0111i\u1ec7n v\u00e0 t\u1ef1 \u0111\u1ed9ng h\u00f3a H\u01b0ng Long (Hung Long EA Co.,ltd)<\/span><br \/>\n<\/a><\/strong><\/p>\n<p><a href=\"https:\/\/banbientan.com\/wp-content\/uploads\/2020\/06\/Hung-Long.png\"><img loading=\"lazy\" decoding=\"async\" class=\"alignleft wp-image-22935 size-thumbnail\" src=\"https:\/\/banbientan.com\/wp-content\/uploads\/2020\/06\/Hung-Long-150x150.png\" alt=\"\" width=\"150\" height=\"150\" \/><\/a><br \/>\nV\u1edbi \u0111\u1ed9i ng\u0169 k\u1ef9 s\u01b0 tr\u1ebb n\u0103ng \u0111\u1ed9ng nhi\u1ec7t t\u00ecnh, \u00a0b\u1eb1ng s\u1ef1 n\u1ed7 l\u1ef1c h\u1ebft m\u00ecnh ch\u00fang t\u00f4i cam k\u1ebft\u00a0tr\u1edf th\u00e0nh b\u1ea1n \u0111\u1ed3ng h\u00e0nh c\u1ee7a c\u00e1c nh\u00e0 m\u00e1y c\u00f4ng nghi\u1ec7p 24\/7.<br \/>\nCh\u00fang t\u00f4i lu\u00f4n hi\u1ec3u \u0111\u01b0\u1ee3c r\u1eb1ng \u0111\u1ea3m b\u1ea3o s\u1ea3n xu\u1ea5t trong nh\u00e0 m\u00e1y, x\u01b0\u1edfng s\u1ea3n xu\u1ea5t l\u00e0 r\u1ea5t quan tr\u1ecdng n\u00ean Ch\u00fang t\u00f4i mong mu\u1ed1n mang l\u1ea1i cho qu\u00fd kh\u00e1ch h\u00e0ng s\u1ea3n ph\u1ea5m t\u1ed1t nh\u1ea5t, d\u1ecbch v\u1ee5 ho\u00e0n h\u1ea3o nh\u1ea5t, gi\u00e1 th\u00e0nh th\u1ea5p nh\u1ea5t v\u1edbi th\u1eddi gian ph\u1ee5c v\u1ee5 nhanh nh\u1ea5t.<br \/>\n<strong>Linh v\u1ef1c ho\u1ea1t \u0111\u1ed9ng:<\/strong><\/p>\n<ul>\n<li>T\u1ed5ng kho <strong><a href=\"https:\/\/banbientan.com\/bien-tan-ked\/\">bi\u1ebfn t\u1ea7n KDE<\/a><\/strong> gi\u00e1 r\u1ebb &#8211; ch\u1ea5t l\u01b0\u1ee3ng b\u1ec1n t\u1ea1i Vi\u1ec7t Nam<\/li>\n<li>Nh\u00e0 cung c\u1ea5p thi\u1ebft b\u1ecb t\u1ef1 \u0111\u1ed9ng h\u00f3a\u00a0<a href=\"https:\/\/banbientan.com\/dai-ly-omron\/\" target=\"_blank\" rel=\"noopener noreferrer\"><strong>Omron<\/strong>\u00a0<\/a>(Japan) t\u1ea1i Vi\u1ec7t Nam.<\/li>\n<li>Bi\u1ebfn t\u1ea7n Nh\u1eadt b\u1ea3n <strong><a href=\"https:\/\/banbientan.com\/bien-tan-yaskawa-inverter\/\">YASKAWA<\/a>\u00a0<\/strong>Made in Japan gi\u00e1 r\u1ebb.<\/li>\n<li>Bi\u1ebfn t\u1ea7n gi\u00e1 r\u1ebb, ch\u1ea5t l\u01b0\u1ee3ng cao\u00a0<strong><a href=\"https:\/\/banbientan.com\/bien-tan-invt-chf\/\">Bi\u1ebfn t\u1ea7n INVT<\/a><\/strong> China<\/li>\n<li>Ph\u00e2n ph\u1ed1i thi\u1ebft b\u1ecb t\u1ef1 \u0111\u1ed9ng h\u00f3a, bi\u1ebfn t\u1ea7n c\u00e1c h\u00e3ng <strong><a href=\"https:\/\/banbientan.com\/bien-tan-mitshubishi\/\">Mitshubishi<\/a>,\u00a0<a href=\"https:\/\/banbientan.com\/bien-tan-ls-lg\/\">LS<\/a>,\u00a0<a href=\"https:\/\/banbientan.com\/bien-tan-siemen\/\">SIEMENS<\/a>,\u00a0<a href=\"https:\/\/banbientan.com\/control-techniques\/bien-tan\/\">EMERSON<\/a>,\u00a0<a href=\"https:\/\/banbientan.com\/bien-tan-abb-acs\/\"> ABB<\/a>,\u00a0<a href=\"https:\/\/banbientan.com\/bien-tan-delta-dai-loan\/\">DELTA<\/a>,\u00a0<a href=\"https:\/\/banbientan.com\/ban-bien-tan-fuji\/\">Fuji<\/a>,\u00a0<a href=\"https:\/\/banbientan.com\/bien-tan-altivar-schneider\/\">Schneider<\/a>&#8230;<\/strong><\/li>\n<\/ul>\n<p><em><strong>D\u1ecbch v\u1ee5 k\u1ef9 thu\u1eadt:<\/strong><\/em><br \/>\n\u2022\u00a0\u00a0 \u00a0T\u01b0 v\u1ea5n gi\u1ea3i ph\u00e1p t\u1ed5ng th\u1ec3 v\u00e0 tr\u1ef1c ti\u1ebfp tham gia t\u00edch h\u1ee3p c\u00e1c thi\u1ebft b\u1ecb truy\u1ec1n \u0111\u1ed9ng \u0111i\u1ec7n v\u00e0 t\u1ef1 \u0111\u1ed9ng ho\u00e1 cho c\u00e1c d\u00e2y chuy\u1ec1n s\u1ea3n xu\u1ea5t c\u00f4ng nghi\u1ec7p.<br \/>\n\u2022\u00a0\u00a0 \u00a0L\u1eadp tr\u00ecnh c\u00e1c ph\u1ea7n m\u1ec1m \u0111i\u1ec1u khi\u1ec3n, l\u1eafp \u0111\u1eb7t, c\u00e0i \u0111\u1eb7t c\u00e1c thi\u1ebft b\u1ecb.<br \/>\n<strong><a href=\"https:\/\/banbientan.com\/hinh-anh\/\">Xem \u1ea2nh m\u1ed9t s\u1ed1 c\u00f4ng tr\u01b0\u1eddng ch\u00fang t\u00f4i \u0111\u00e3 l\u1eafp \u0111\u1eb7t:<\/a><\/strong>\u00a0&gt;&gt;\u00a0\u00a0<a href=\"https:\/\/banbientan.com\/hinh-anh\/\"><strong>\u1ea2nh C\u00f4ng Tr\u01b0\u1eddng<\/strong><\/a><\/p>\n<table>\n<tbody>\n<tr>\n<td><a href=\"https:\/\/banbientan.com\/hinh-anh\/\"><img decoding=\"async\" src=\"https:\/\/i0.wp.com\/banbientan.com\/wp-content\/uploads\/2019\/08\/IMG_2581.jpg?resize=225%2C300&amp;ssl=1\" \/><\/a><\/td>\n<td><a href=\"https:\/\/banbientan.com\/hinh-anh\/\"><img decoding=\"async\" src=\"https:\/\/i2.wp.com\/banbientan.com\/wp-content\/uploads\/2019\/08\/IMG_3376.jpg?resize=225%2C300&amp;ssl=1\" \/><\/a><\/td>\n<td><a href=\"https:\/\/banbientan.com\/hinh-anh\/\"><img decoding=\"async\" src=\"https:\/\/i1.wp.com\/banbientan.com\/wp-content\/uploads\/2019\/08\/IMG_0481.jpg?resize=225%2C300&amp;ssl=1\" \/><\/a><\/td>\n<td><a href=\"https:\/\/banbientan.com\/hinh-anh\/\"><img decoding=\"async\" src=\"https:\/\/i2.wp.com\/banbientan.com\/wp-content\/uploads\/2019\/08\/IMG_2976.jpg?resize=225%2C300&amp;ssl=1\" \/><\/a><\/td>\n<\/tr>\n<\/tbody>\n<\/table>\n<p><strong>H\u00e3y g\u1ecdi \u0111i\u1ec7n cho ch\u00fang t\u00f4i \u0111\u1ec3 \u0111\u01b0\u1ee3c t\u01b0 v\u1ea5n v\u1ec1 k\u1ef9 thu\u1eadt ho\u1eb7c mua h\u00e0ng.<\/strong><br \/>\n<strong>Mr Long 0948 956 835 \u2013 Mr M\u1ea1nh\u00a00968 690 752<\/strong><br \/>\n<strong>Ch\u00fang t\u00f4i c\u00f3 nhi\u1ec1u kinh nghi\u1ec7m v\u1ec1<span style=\"color: #ff0000;\"> t\u1ef1 \u0111\u1ed9ng h\u00f3a <\/span>trong c\u00e1c ng\u00e0nh nh\u01b0:<\/strong><\/p>\n<ul>\n<li><a title=\"Permalink to Gi\u1ea5y\" href=\"https:\/\/banbientan.com\/ung-dung-tu-dong-hoa-trong-cong-nghiep\/giay\/\" rel=\"bookmark\">Gi\u1ea5y<\/a><\/li>\n<li><a title=\"Permalink to D\u00e2y v\u00e0 c\u00e1p\" href=\"https:\/\/banbientan.com\/ung-dung-tu-dong-hoa-trong-cong-nghiep\/day-va-cap\/\" rel=\"bookmark\">D\u00e2y v\u00e0 c\u00e1p<\/a><\/li>\n<li><a title=\"Permalink to N\u01b0\u1edbc v\u00e0 n\u01b0\u1edbc th\u1ea3i\" href=\"https:\/\/banbientan.com\/ung-dung-tu-dong-hoa-trong-cong-nghiep\/nuoc-va-nuoc-thai\/\" rel=\"bookmark\">N\u01b0\u1edbc v\u00e0 n\u01b0\u1edbc th\u1ea3i<\/a><\/li>\n<li><a title=\"Permalink to Nh\u1ef1a v\u00e0 cao su\" href=\"https:\/\/banbientan.com\/ung-dung-tu-dong-hoa-trong-cong-nghiep\/nhua-va-cao-su\/\" rel=\"bookmark\">Nh\u1ef1a v\u00e0 cao su<\/a><\/li>\n<li><a title=\"Permalink to In \u1ea5n\" href=\"https:\/\/banbientan.com\/ung-dung-tu-dong-hoa-trong-cong-nghiep\/in-an\/\" rel=\"bookmark\">In \u1ea5n<\/a><\/li>\n<\/ul>\n<ul>\n<li><a title=\"Permalink to M\u00e1y \u0111\u00f3ng g\u00f3i\" href=\"https:\/\/banbientan.com\/ung-dung-tu-dong-hoa-trong-cong-nghiep\/may-dong-goi\/\" rel=\"bookmark\">M\u00e1y \u0111\u00f3ng g\u00f3i<\/a><\/li>\n<li><a title=\"Permalink to Ch\u1ebf t\u1ea1o m\u00e1y\" href=\"https:\/\/banbientan.com\/ung-dung-tu-dong-hoa-trong-cong-nghiep\/che-tao-may\/\" rel=\"bookmark\">Ch\u1ebf t\u1ea1o m\u00e1y<\/a><\/li>\n<li><a title=\"Permalink to Khai kho\u00e1ng &amp; Xi m\u0103ng\" href=\"https:\/\/banbientan.com\/ung-dung-tu-dong-hoa-trong-cong-nghiep\/khai-khoang-xi-mang\/\" rel=\"bookmark\">Khai kho\u00e1ng &amp; Xi m\u0103ng<\/a><\/li>\n<li><a title=\"Permalink to Kim lo\u1ea1i\" href=\"https:\/\/banbientan.com\/ung-dung-tu-dong-hoa-trong-cong-nghiep\/kim-loai\/\" rel=\"bookmark\">Kim lo\u1ea1i<\/a><\/li>\n<li><a title=\"Permalink to Thang m\u00e1y &amp; Thang cu\u1ed1n\" href=\"https:\/\/banbientan.com\/ung-dung-tu-dong-hoa-trong-cong-nghiep\/thang-may-thang-cuon\/\" rel=\"bookmark\">Thang m\u00e1y &amp; Thang cu\u1ed1n<\/a><\/li>\n<li><a title=\"Permalink to C\u1ea7u tr\u1ee5c &amp; C\u1ea7u c\u1ea3ng\" href=\"https:\/\/banbientan.com\/ung-dung-tu-dong-hoa-trong-cong-nghiep\/cau-truc-va-cau-cang\/\" rel=\"bookmark\">C\u1ea7u tr\u1ee5c &amp; C\u1ea7u c\u1ea3ng<\/a><\/li>\n<li><a title=\"Permalink to L\u00e2m nghi\u1ec7p &amp; Ch\u1ebf bi\u1ebfn g\u1ed7\" href=\"https:\/\/banbientan.com\/ung-dung-tu-dong-hoa-trong-cong-nghiep\/lam-nghiep-che-bien-go\/\" rel=\"bookmark\">L\u00e2m nghi\u1ec7p &amp; Ch\u1ebf bi\u1ebfn g\u1ed7<\/a><\/li>\n<li><a title=\"Permalink to N\u0103ng l\u01b0\u1ee3ng m\u1eb7t tr\u1eddi\" href=\"https:\/\/banbientan.com\/ung-dung-tu-dong-hoa-trong-cong-nghiep\/nang-luong-mat-troi\/\" rel=\"bookmark\">N\u0103ng l\u01b0\u1ee3ng m\u1eb7t tr\u1eddi<\/a><\/li>\n<li><a title=\"Permalink to Nghi\u00ean c\u1ee9u n\u0103ng l\u01b0\u1ee3ng\" href=\"https:\/\/banbientan.com\/ung-dung-tu-dong-hoa-trong-cong-nghiep\/nghien-cuu-nang-luong-tai-tao\/\" rel=\"bookmark\">Nghi\u00ean c\u1ee9u n\u0103ng l\u01b0\u1ee3ng<\/a><\/li>\n<li><a title=\"Permalink to V\u1eadn chuy\u1ec3n l\u01b0u d\u1eef v\u1eadt li\u1ec7u\" href=\"https:\/\/banbientan.com\/ung-dung-tu-dong-hoa-trong-cong-nghiep\/van-chuyen-va-luu-du-vat-lieu\/\" rel=\"bookmark\">V\u1eadn chuy\u1ec3n l\u01b0u d\u1eef v\u1eadt li\u1ec7u<\/a><\/li>\n<li><a title=\"Permalink to V\u1eadn chuy\u1ec3n v\u00e0 h\u00e0ng h\u00f3a\" href=\"https:\/\/banbientan.com\/ung-dung-tu-dong-hoa-trong-cong-nghiep\/van-chuyen-va-hang-hoa\/\" rel=\"bookmark\">V\u1eadn chuy\u1ec3n v\u00e0 h\u00e0ng h\u00f3a<\/a><\/li>\n<\/ul>\n<p><iframe loading=\"lazy\" src=\"\/\/www.youtube.com\/embed\/uzD4GK1LXWs\" width=\"727\" height=\"409\" frameborder=\"0\" allowfullscreen=\"allowfullscreen\"><\/iframe><br \/>\n&#8212;&#8212;&#8212;&#8212;&#8212;&#8212;&#8212;&#8212;&#8212;&#8212;&#8212;&#8212;&#8212;&#8212;&#8212;&#8212;&#8212;&#8212;&#8212; <span style=\"color: #ff0000;\"><strong>\u00a0<\/strong><\/span><br \/>\n<span style=\"color: #ff0000;\"><strong>Li\u00ean h\u1ec7 mua thi\u1ebft b\u1ecb:\u00a0<\/strong><\/span><br \/>\n<span style=\"color: #ff0000;\"><strong>Kinh Doanh 1: K\u1ef9 S\u01b0 \u00a0\u2013 L\u00ea Long \u00a0*** Mobile:\u00a0094 8956 835\u2013 01698 160061<\/strong><\/span><br \/>\n<strong>EMail: lelong.aec@gmail.com<\/strong><br \/>\n<strong><span style=\"color: #ff0000;\">Kinh Doanh 2: K\u1ef9 s\u01b0 &#8211; Ti\u1ebfn M\u1ea1nh *** Mobile: 090 628 3840 &#8211; 096 869 0752<\/span> <\/strong><br \/>\n<strong>Email: tienmanh52@gmail.com\u00a0<\/strong><\/p>\n","protected":false},"excerpt":{"rendered":"<p>C\u00f4ng ty TNHH \u0111i\u1ec7n v\u00e0 t\u1ef1 \u0111\u1ed9ng h\u00f3a H\u01b0ng Long (Hung Long EA Co.,ltd) V\u1edbi \u0111\u1ed9i ng\u0169 k\u1ef9 s\u01b0 tr\u1ebb n\u0103ng \u0111\u1ed9ng nhi\u1ec7t t\u00ecnh, \u00a0b\u1eb1ng s\u1ef1 n\u1ed7 l\u1ef1c h\u1ebft m\u00ecnh ch\u00fang t\u00f4i cam k\u1ebft\u00a0tr\u1edf th\u00e0nh b\u1ea1n \u0111\u1ed3ng h\u00e0nh c\u1ee7a c\u00e1c nh\u00e0 m\u00e1y c\u00f4ng nghi\u1ec7p 24\/7. Ch\u00fang t\u00f4i lu\u00f4n hi\u1ec3u \u0111\u01b0\u1ee3c r\u1eb1ng \u0111\u1ea3m b\u1ea3o s\u1ea3n xu\u1ea5t [&hellip;]<\/p>\n","protected":false},"author":2,"featured_media":0,"parent":0,"menu_order":1,"comment_status":"open","ping_status":"closed","template":"","meta":{"footnotes":""},"class_list":["post-25453","page","type-page","status-publish","hentry"],"_links":{"self":[{"href":"https:\/\/hunglong.banbientan.com\/index.php?rest_route=\/wp\/v2\/pages\/25453","targetHints":{"allow":["GET"]}}],"collection":[{"href":"https:\/\/hunglong.banbientan.com\/index.php?rest_route=\/wp\/v2\/pages"}],"about":[{"href":"https:\/\/hunglong.banbientan.com\/index.php?rest_route=\/wp\/v2\/types\/page"}],"author":[{"embeddable":true,"href":"https:\/\/hunglong.banbientan.com\/index.php?rest_route=\/wp\/v2\/users\/2"}],"replies":[{"embeddable":true,"href":"https:\/\/hunglong.banbientan.com\/index.php?rest_route=%2Fwp%2Fv2%2Fcomments&post=25453"}],"version-history":[{"count":0,"href":"https:\/\/hunglong.banbientan.com\/index.php?rest_route=\/wp\/v2\/pages\/25453\/revisions"}],"wp:attachment":[{"href":"https:\/\/hunglong.banbientan.com\/index.php?rest_route=%2Fwp%2Fv2%2Fmedia&parent=25453"}],"curies":[{"name":"wp","href":"https:\/\/api.w.org\/{rel}","templated":true}]}}