{"id":3483,"date":"2011-12-17T19:48:39","date_gmt":"2011-12-17T12:48:39","guid":{"rendered":"http:\/\/banbientan.wordpress.com\/?page_id=3483"},"modified":"2011-12-17T19:48:39","modified_gmt":"2011-12-17T12:48:39","slug":"card-dau-vao-tin-hieu-bien-tan","status":"publish","type":"page","link":"https:\/\/hunglong.banbientan.com\/?page_id=3483","title":{"rendered":"Card \u0111\u1ea7u v\u00e0o t\u00edn hi\u1ec7u"},"content":{"rendered":"<p>Injection Molding Card<br \/>\n<a href=\"https:\/\/banbientan.com\/wp-content\/uploads\/2011\/12\/Frequency-Inverter-Injection-Molding-Card-CHV100-ZS-.jpg\"><img loading=\"lazy\" decoding=\"async\" class=\"alignnone size-full wp-image-4652\" title=\"Frequency-Inverter-Injection-Molding-Card-CHV100-ZS-\" src=\"https:\/\/banbientan.com\/wp-content\/uploads\/2011\/12\/Frequency-Inverter-Injection-Molding-Card-CHV100-ZS-.jpg\" alt=\"\" width=\"319\" height=\"282\" \/><\/a><br \/>\n<a href=\"https:\/\/banbientan.com\/wp-content\/uploads\/2011\/12\/injection-molding-card.pdf\">T\u00e0i li\u1ec7u ti\u1ebfng vi\u1ec7t injection-molding-card<\/a><br \/>\n<a href=\"https:\/\/banbientan.com\/wp-content\/uploads\/2011\/12\/Injection-Molding-Card_Manual.pdf\">Injection Molding Card_Manual ( T\u00e0i li\u1ec7u ti\u1ebfng anh)<\/a><br \/>\n&#8211;\u00a0<strong><span style=\"text-decoration: underline;\">Model v\u00e0 c\u00e1c ch\u1ee9c n\u0103ng:<\/span><\/strong><br \/>\nCard injection molding c\u1ee7a bi\u1ebfn t\u1ea7n CHV c\u00f3 hai lo\u1ea1i: Card nh\u1eadn t\u00edn hi\u1ec7u d\u00f2ng v\u00e0 card nh\u1eadn t\u00edn hi\u1ec7u \u00e1p.<br \/>\nNg\u01b0\u1eddi s\u1eed d\u1ee5ng n\u00ean l\u1ef1a ch\u1ecdn card injection molding khi g\u1eafn bi\u1ebfn t\u1ea7n cho m\u00e1y phun khu\u00f4n. Card n\u00e0y c\u00f3 th\u1ec3 nh\u1eadn v\u00e0 x\u1eed l\u00fd t\u00edn hi\u1ec7u \u00e1p su\u1ea5t v\u00e0 l\u01b0u l\u01b0\u1ee3ng c\u1ee7a m\u00e1y phun khu\u00f4n. C\u00e1c t\u00edn hi\u1ec7u bao g\u1ed3m c\u00f3 t\u00edn hi\u1ec7u \u0111i\u1ec7n \u00e1p v\u00e0 t\u00ednh hi\u1ec7u d\u00f2ng \u0111i\u1ec7n v\u00ec v\u1eady card injection molding \u0111\u01b0\u1ee3c ph\u00e2n lo\u1ea1i th\u00e0nh card nh\u1eadn t\u00edn hi\u1ec7u d\u00f2ng \u0111i\u1ec7n v\u00e0 card nh\u1eadn t\u00edn hi\u1ec7u \u0111i\u1ec7n \u00e1p. Card nh\u1eadn t\u00edn hi\u1ec7u d\u00f2ng \u0111i\u1ec7n g\u1ed3m m\u1ed9t m\u1ea1ch x\u1eed l\u00fd hai t\u00edn hi\u1ec7u d\u00f2ng \u0111i\u1ec7n ng\u00f5 v\u00e0o vi sai. Card nh\u1eadn t\u00edn hi\u1ec7u \u0111i\u1ec7n \u00e1p g\u1ed3m m\u1ed9t m\u1ea1ch x\u1eed l\u00fd hai t\u00edn hi\u1ec7u \u0111i\u1ec7n \u00e1p ng\u00f5 v\u00e0o vi sai. Vui l\u00f2ng l\u1ef1a ch\u1ecdn lo\u1ea1i card ph\u00f9 h\u1ee3p v\u1edbi \u1ee9ng d\u1ee5ng th\u1ef1c t\u1ebf.<br \/>\n&#8211;\u00a0<span style=\"text-decoration: underline;\"><strong>\u0110\u1eb7c \u0111i\u1ec3m k\u1ef9 thu\u1eadt:<\/strong><\/span><\/p>\n<table border=\"1\" cellspacing=\"0\" cellpadding=\"0\">\n<tbody>\n<tr>\n<td valign=\"top\" width=\"121\">Ki\u1ec3u Card<\/td>\n<td valign=\"top\" width=\"88\">Terminal<\/td>\n<td valign=\"top\" width=\"191\">Ch\u1ee9c n\u0103ng<\/td>\n<td valign=\"top\" width=\"89\">\u0110i\u1ec7n \u00e1p v\u00e0o<\/td>\n<td valign=\"top\" width=\"75\">D\u00f2ng \u0111i\u1ec7n v\u00e0o<\/td>\n<\/tr>\n<tr>\n<td valign=\"top\" width=\"121\">Card nh\u1eadn t\u00edn hi\u1ec7u d\u00f2ng \u0111i\u1ec7n<\/td>\n<td valign=\"top\" width=\"88\">1IA, 1IB, 2IA, 2IB<\/td>\n<td valign=\"top\" width=\"191\">Nh\u1eadn t\u00edn hi\u1ec7u l\u01b0u l\u01b0\u1ee3ng v\u00e0o \u00e1p su\u1ea5t c\u1ee7a m\u00e1y phun khu\u00f4n. T\u00edn hi\u1ec7u l\u00e0 c\u01b0\u1eddng \u0111\u1ed9 d\u00f2ng \u0111i\u1ec7n.<\/td>\n<td valign=\"top\" width=\"89\">&#8212;<\/td>\n<td valign=\"top\" width=\"75\">0 ~ 1A<\/td>\n<\/tr>\n<tr>\n<td valign=\"top\" width=\"121\">Card nh\u1eadn di\u1ec7n t\u00edn hi\u1ec7u \u0111i\u1ec7n \u00e1p<\/td>\n<td valign=\"top\" width=\"88\">1VA, 1VB, 2VA, 2VB<\/td>\n<td valign=\"top\" width=\"191\">Nh\u1eadn t\u00edn hi\u1ec7u l\u01b0u l\u01b0\u1ee3ng v\u00e0o \u00e1p su\u1ea5t c\u1ee7a m\u00e1y phun khu\u00f4n. T\u00edn hi\u1ec7u v\u00e0 \u0111i\u1ec7n \u00e1p<\/td>\n<td valign=\"top\" width=\"89\">0 ~ 10V<\/td>\n<td valign=\"top\" width=\"75\">&#8212;<\/td>\n<\/tr>\n<\/tbody>\n<\/table>\n","protected":false},"excerpt":{"rendered":"<p>Injection Molding Card T\u00e0i li\u1ec7u ti\u1ebfng vi\u1ec7t injection-molding-card Injection Molding Card_Manual ( T\u00e0i li\u1ec7u ti\u1ebfng anh) &#8211;\u00a0Model v\u00e0 c\u00e1c ch\u1ee9c n\u0103ng: Card injection molding c\u1ee7a bi\u1ebfn t\u1ea7n CHV c\u00f3 hai lo\u1ea1i: Card nh\u1eadn t\u00edn hi\u1ec7u d\u00f2ng v\u00e0 card nh\u1eadn t\u00edn hi\u1ec7u \u00e1p. Ng\u01b0\u1eddi s\u1eed d\u1ee5ng n\u00ean l\u1ef1a ch\u1ecdn card injection molding khi g\u1eafn bi\u1ebfn t\u1ea7n [&hellip;]<\/p>\n","protected":false},"author":2,"featured_media":4652,"parent":3465,"menu_order":0,"comment_status":"open","ping_status":"open","template":"","meta":{"footnotes":""},"class_list":["post-3483","page","type-page","status-publish","has-post-thumbnail","hentry"],"_links":{"self":[{"href":"https:\/\/hunglong.banbientan.com\/index.php?rest_route=\/wp\/v2\/pages\/3483","targetHints":{"allow":["GET"]}}],"collection":[{"href":"https:\/\/hunglong.banbientan.com\/index.php?rest_route=\/wp\/v2\/pages"}],"about":[{"href":"https:\/\/hunglong.banbientan.com\/index.php?rest_route=\/wp\/v2\/types\/page"}],"author":[{"embeddable":true,"href":"https:\/\/hunglong.banbientan.com\/index.php?rest_route=\/wp\/v2\/users\/2"}],"replies":[{"embeddable":true,"href":"https:\/\/hunglong.banbientan.com\/index.php?rest_route=%2Fwp%2Fv2%2Fcomments&post=3483"}],"version-history":[{"count":0,"href":"https:\/\/hunglong.banbientan.com\/index.php?rest_route=\/wp\/v2\/pages\/3483\/revisions"}],"up":[{"embeddable":true,"href":"https:\/\/hunglong.banbientan.com\/index.php?rest_route=\/wp\/v2\/pages\/3465"}],"wp:featuredmedia":[{"embeddable":true,"href":"https:\/\/hunglong.banbientan.com\/index.php?rest_route=\/"}],"wp:attachment":[{"href":"https:\/\/hunglong.banbientan.com\/index.php?rest_route=%2Fwp%2Fv2%2Fmedia&parent=3483"}],"curies":[{"name":"wp","href":"https:\/\/api.w.org\/{rel}","templated":true}]}}