{"id":3492,"date":"2011-12-17T20:19:23","date_gmt":"2011-12-17T13:19:23","guid":{"rendered":"http:\/\/banbientan.wordpress.com\/?page_id=3492"},"modified":"2011-12-17T20:19:23","modified_gmt":"2011-12-17T13:19:23","slug":"card-bien-tan-truyen-thong","status":"publish","type":"page","link":"https:\/\/hunglong.banbientan.com\/?page_id=3492","title":{"rendered":"Card truy\u1ec1n th\u00f4ng"},"content":{"rendered":"<p><span style=\"color: #006600; font-size: medium;\">Series Communication Card<\/span><br \/>\n<a href=\"https:\/\/banbientan.com\/wp-content\/uploads\/2011\/12\/Communication-Card_manual.pdf\">Communication Card_manual<\/a><br \/>\nGiao th\u1ee9c truy\u1ec1n th\u00f4ng\u00a0c\u1ee7a\u00a0bi\u1ebfn t\u1ea7n\u00a0CHV\u00a0l\u00e0 \u0111\u00f4ng b\u1ed9 seri ch\u1ee7\/t\u1edb.<br \/>\nGiao th\u1ee9c\u00a0truy\u1ec1n th\u00f4ng\u00a0Modbus.\u00a0Ch\u1ec9 c\u00f3 m\u1ed9t\u00a0thi\u1ebft\u00a0b\u1ecb\u00a0(ch\u1ee7)\u00a0c\u00f3\u00a0th\u1ec3thi\u1ebft l\u1eadp\u00a0giao th\u1ee9c\u00a0(\u0111\u01b0\u1ee3c g\u1ecdi l\u00e0\u00a0&#8220;truy v\u1ea5n\u00a0\/\u00a0l\u1ec7nh&#8221;)\u00a0tr\u00ean\u00a0to\u00e0n b\u1ed9 m\u1ea1ng.<br \/>\n<a href=\"https:\/\/banbientan.com\/wp-content\/uploads\/2011\/12\/AC-Drives-Serial-Communication-Card-CHV100-COM-.jpg\"><img loading=\"lazy\" decoding=\"async\" class=\"alignnone size-full wp-image-4655\" title=\"AC-Drives-Serial-Communication-Card-CHV100-COM-\" src=\"https:\/\/banbientan.com\/wp-content\/uploads\/2011\/12\/AC-Drives-Serial-Communication-Card-CHV100-COM-.jpg\" alt=\"\" width=\"427\" height=\"479\" \/><\/a><br \/>\n&#8211;\u00a0C\u00e1c giao th\u1ee9c\u00a0truy\u1ec1n\u00a0th\u00f4ng\u00a0c\u1ee7a\u00a0bi\u1ebfn t\u1ea7n\u00a0CHV\u00a0l\u00e0\u00a0n\u1ed1i ti\u1ebfp kh\u00f4ng \u0111\u1ed3ng b\u1ed9\u00a0ch\u1ee7 \/ t\u1edb. giao th\u1ee9c truy\u1ec1n th\u00f4ng Modbus\u00a0.\u00a0Ch\u1ec9 c\u00f3 m\u1ed9t thi\u1ebft\u00a0b\u1ecb (ch\u1ee7)\u00a0c\u00f3 th\u1ec3 thi\u1ebft l\u1eadp\u00a0giao th\u1ee9c\u00a0(\u0111\u01b0\u1ee3c g\u1ecdi l\u00e0\u00a0&#8220;truy v\u1ea5n\u00a0\/l\u1ec7nh&#8221;)\u00a0tr\u00ean\u00a0to\u00e0n b\u1ed9 m\u1ea1ng.\u00a0C\u00e1c thi\u1ebft b\u1ecb kh\u00e1c\u00a0(t\u1edb)\u00a0ch\u1ec9 c\u00f3 th\u1ec3\u00a0cung c\u1ea5p d\u1eef li\u1ec7u\u00a0\u0111\u1ec3 l\u00e0m cho\u00a0ph\u1ea3n h\u1ed3i \u0111\u1ec3\u00a0&#8220;truy v\u1ea5n\u00a0\/\u00a0l\u1ec7nh&#8221;\u00a0c\u1ee7a con ch\u1ee7 ho\u1eb7c\u00a0c\u00f3 nh\u1eefng h\u00e0nh \u0111\u1ed9ng\u00a0t\u01b0\u01a1ng \u1ee9ng\u00a0theo\u00a0&#8220;l\u1ec7nh\u00a0truy\u00a0v\u1ea5n\/&#8221;\u00a0c\u1ee7a con ch\u1ee7.\u00a0\u1ede \u0111\u00e2y\u00a0ch\u1ee7\u00a0\u0111\u1ec1 c\u1eadp \u0111\u1ebfn\u00a0m\u00e1y t\u00ednh,\u00a0thi\u1ebft b\u1ecb\u00a0\u0111i\u1ec1u khi\u1ec3n c\u00f4ng nghi\u1ec7p\u00a0ho\u1eb7c\u00a0b\u1ed9 \u0111i\u1ec1u khi\u1ec3n\u00a0logic\u00a0l\u1eadp tr\u00ecnh\u00a0(PLC),\u00a0v\u00e0 t\u1edb li\u00ean quan \u0111\u1ebfn\u00a0bi\u1ebfn t\u1ea7n\u00a0CHV \u00a0ho\u1eb7c\u00a0thi\u1ebft b\u1ecb \u0111i\u1ec1u khi\u1ec3n\u00a0kh\u00e1c\u00a0v\u1edbic\u00f9ng\u00a0m\u1ed9t\u00a0giao th\u1ee9c truy\u1ec1n th\u00f4ng.\u00a0C\u00e1c\u00a0ch\u1ee7 c\u00f3 th\u1ec3\u00a0th\u1ef1c\u00a0hi\u1ec7n\u00a0truy\u1ec1n th\u00f4ng\u00a0\u0111\u1ed9c l\u1eadp\u00a0v\u1edbi\u00a0t\u1edb v\u00e0 c\u00f3 th\u1ec3 g\u1eedi\u00a0tin nh\u1eafn qu\u1ea3ng b\u00e1\u00a0cho t\u1ea5t c\u1ea3 c\u00e1c t\u1edb.\u00a0&#8220;Truy v\u1ea5n\u00a0\/\u00a0l\u1ec7nh&#8221;\u00a0t\u1ed5ng th\u1ec3 nh\u1eefng ng\u01b0\u1eddi\u00a0truy c\u1eadp\u00a0\u0111\u1ed9c l\u1eadp, con t\u1edb \u00a0ph\u1ea3i tr\u1ea3 l\u1ea1i\u00a0m\u1ed9t th\u00f4ng b\u00e1o (g\u1ecdi\u00a0l\u00e0\u00a0ph\u1ea3n h\u1ed3i)\u00a0cho c\u00e1c\u00a0tin nh\u1eafn qu\u1ea3ng b\u00e1\u00a0\u0111\u01b0\u1ee3c\u00a0g\u1eedi\u00a0b\u1edfi con ch\u1ee7, t\u1edb kh\u00f4ng\u00a0c\u1ea7n ph\u1ea3i th\u1ef1c hi\u1ec7n\u00a0m\u1ed9t ph\u1ea3n h\u1ed5i \u0111\u1ec3 l\u00e0m ch\u1ee7.<\/p>\n","protected":false},"excerpt":{"rendered":"<p>Series Communication Card Communication Card_manual Giao th\u1ee9c truy\u1ec1n th\u00f4ng\u00a0c\u1ee7a\u00a0bi\u1ebfn t\u1ea7n\u00a0CHV\u00a0l\u00e0 \u0111\u00f4ng b\u1ed9 seri ch\u1ee7\/t\u1edb. Giao th\u1ee9c\u00a0truy\u1ec1n th\u00f4ng\u00a0Modbus.\u00a0Ch\u1ec9 c\u00f3 m\u1ed9t\u00a0thi\u1ebft\u00a0b\u1ecb\u00a0(ch\u1ee7)\u00a0c\u00f3\u00a0th\u1ec3thi\u1ebft l\u1eadp\u00a0giao th\u1ee9c\u00a0(\u0111\u01b0\u1ee3c g\u1ecdi l\u00e0\u00a0&#8220;truy v\u1ea5n\u00a0\/\u00a0l\u1ec7nh&#8221;)\u00a0tr\u00ean\u00a0to\u00e0n b\u1ed9 m\u1ea1ng. &#8211;\u00a0C\u00e1c giao th\u1ee9c\u00a0truy\u1ec1n\u00a0th\u00f4ng\u00a0c\u1ee7a\u00a0bi\u1ebfn t\u1ea7n\u00a0CHV\u00a0l\u00e0\u00a0n\u1ed1i ti\u1ebfp kh\u00f4ng \u0111\u1ed3ng b\u1ed9\u00a0ch\u1ee7 \/ t\u1edb. giao th\u1ee9c truy\u1ec1n th\u00f4ng Modbus\u00a0.\u00a0Ch\u1ec9 c\u00f3 m\u1ed9t thi\u1ebft\u00a0b\u1ecb (ch\u1ee7)\u00a0c\u00f3 th\u1ec3 thi\u1ebft l\u1eadp\u00a0giao th\u1ee9c\u00a0(\u0111\u01b0\u1ee3c g\u1ecdi l\u00e0\u00a0&#8220;truy v\u1ea5n\u00a0\/l\u1ec7nh&#8221;)\u00a0tr\u00ean\u00a0to\u00e0n b\u1ed9 m\u1ea1ng.\u00a0C\u00e1c thi\u1ebft [&hellip;]<\/p>\n","protected":false},"author":2,"featured_media":0,"parent":3465,"menu_order":5,"comment_status":"open","ping_status":"open","template":"","meta":{"footnotes":""},"class_list":["post-3492","page","type-page","status-publish","hentry"],"_links":{"self":[{"href":"https:\/\/hunglong.banbientan.com\/index.php?rest_route=\/wp\/v2\/pages\/3492","targetHints":{"allow":["GET"]}}],"collection":[{"href":"https:\/\/hunglong.banbientan.com\/index.php?rest_route=\/wp\/v2\/pages"}],"about":[{"href":"https:\/\/hunglong.banbientan.com\/index.php?rest_route=\/wp\/v2\/types\/page"}],"author":[{"embeddable":true,"href":"https:\/\/hunglong.banbientan.com\/index.php?rest_route=\/wp\/v2\/users\/2"}],"replies":[{"embeddable":true,"href":"https:\/\/hunglong.banbientan.com\/index.php?rest_route=%2Fwp%2Fv2%2Fcomments&post=3492"}],"version-history":[{"count":0,"href":"https:\/\/hunglong.banbientan.com\/index.php?rest_route=\/wp\/v2\/pages\/3492\/revisions"}],"up":[{"embeddable":true,"href":"https:\/\/hunglong.banbientan.com\/index.php?rest_route=\/wp\/v2\/pages\/3465"}],"wp:attachment":[{"href":"https:\/\/hunglong.banbientan.com\/index.php?rest_route=%2Fwp%2Fv2%2Fmedia&parent=3492"}],"curies":[{"name":"wp","href":"https:\/\/api.w.org\/{rel}","templated":true}]}}