{"id":3506,"date":"2011-12-17T20:28:44","date_gmt":"2011-12-17T13:28:44","guid":{"rendered":"http:\/\/banbientan.wordpress.com\/?page_id=3506"},"modified":"2011-12-17T20:28:44","modified_gmt":"2011-12-17T13:28:44","slug":"card-dieu-khien-bom-nuoc","status":"publish","type":"page","link":"https:\/\/hunglong.banbientan.com\/?page_id=3506","title":{"rendered":"Card \u0111i\u1ec1u khi\u1ec3n b\u01a1m n\u01b0\u1edbc"},"content":{"rendered":"<p><span style=\"color: #006600; font-size: medium;\">Water Supply Control Card<\/span><br \/>\n<a href=\"https:\/\/banbientan.com\/wp-content\/uploads\/2011\/12\/water_supply_card_manual_vi.pdf\">T\u00e0i li\u1ec7u ti\u1ebfng vi\u1ec7t card c\u1ea5p n\u01b0\u1edbc invt<\/a><br \/>\n<a href=\"https:\/\/banbientan.com\/wp-content\/uploads\/2011\/12\/Water-Supply-Card_manual.pdf\">Water Supply Card_manual<\/a><br \/>\n&#8211; Model c\u1ee7a card c\u1ea5p n\u01b0\u1edbc l\u00e0 CHV00GS. V\u1edbi card c\u1ea5p n\u01b0\u1edbc, bi\u1ebfn t\u1ea7n CHV c\u00f3 th\u1ec3 th\u1ef1c hi\u1ec7n vi\u1ec7c c\u1ea5p n\u01b0\u1edbc \u0111\u1eb3ng \u00e1p. H\u01a1n n\u1eefa n\u00f3 c\u00f3 th\u1ec3 thi h\u00e0nh vi\u1ec7c thi\u1ebft l\u1eadp v\u00e0 chuy\u1ec3n m\u1ea1ch logic t\u1ef1 \u0111\u1ed9ng cho b\u01a1m \u0111i\u1ec1u khi\u1ec3n t\u1ea7n s\u1ed1, b\u01a1m ch\u1ea1y t\u1ea7n s\u1ed1 \u0111i\u1ec7n l\u01b0\u1edbi, b\u01a1m ng\u1ee7 \u0111\u00f4ng v\u00e0 b\u01a1m v\u00e9t. Trong \u0111\u00f3, n\u00f3 c\u00f3 th\u1ec3 th\u1ef1c hi\u1ec7n c\u00e1c ch\u1ee9c n\u0103ng nh\u01b0 c\u1ea5p n\u01b0\u1edbc nhi\u1ec1u giai \u0111o\u1ea1n, \u0111i\u1ec1u khi\u1ec3n ng\u1ee7 \u0111\u00f4ng, \u0111i\u1ec1u khi\u1ec3n b\u01a1m v\u00e9t, \u0111\u1ed5i b\u01a1m \u0111\u1ecbnh k\u1ef3 v\u00e0 x\u00e1c \u0111\u1ecbnh b\u01a1m t\u1ea7n s\u1ed1 \u0111i\u1ec1u khi\u1ec3n b\u1ecb l\u1ed7i.<br \/>\n<a href=\"https:\/\/banbientan.com\/wp-content\/uploads\/2011\/12\/frequency-inverter-water-supply-control-card.jpg\"><img loading=\"lazy\" decoding=\"async\" class=\"alignnone size-full wp-image-4678\" title=\"frequency-inverter-water-supply-control-card\" src=\"https:\/\/banbientan.com\/wp-content\/uploads\/2011\/12\/frequency-inverter-water-supply-control-card.jpg\" alt=\"\" width=\"490\" height=\"267\" \/><\/a><br \/>\n<strong><\/strong><strong><span style=\"text-decoration: underline;\"><span style=\"color: #006600;\">M\u00f4 T\u1ea3 S\u1ea3n Ph\u1ea9m:<\/span><\/span><\/strong><br \/>\n&#8211; Model c\u1ee7a card c\u1ea5p n\u01b0\u1edbc l\u00e0 CHV00GS. V\u1edbi card c\u1ea5p n\u01b0\u1edbc, bi\u1ebfn t\u1ea7n CHV c\u00f3 th\u1ec3 th\u1ef1c hi\u1ec7n vi\u1ec7c c\u1ea5p n\u01b0\u1edbc \u0111\u1eb3ng \u00e1p. H\u01a1n n\u1eefa n\u00f3 c\u00f3 th\u1ec3 thi h\u00e0nh vi\u1ec7c thi\u1ebft l\u1eadp v\u00e0 chuy\u1ec3n m\u1ea1ch logic t\u1ef1 \u0111\u1ed9ng cho b\u01a1m \u0111i\u1ec1u khi\u1ec3n t\u1ea7n s\u1ed1, b\u01a1m ch\u1ea1y t\u1ea7n s\u1ed1 \u0111i\u1ec7n l\u01b0\u1edbi, b\u01a1m ng\u1ee7 \u0111\u00f4ng v\u00e0 b\u01a1m v\u00e9t. Trong \u0111\u00f3, n\u00f3 c\u00f3 th\u1ec3 th\u1ef1c hi\u1ec7n c\u00e1c ch\u1ee9c n\u0103ng nh\u01b0 c\u1ea5p n\u01b0\u1edbc nhi\u1ec1u giai \u0111o\u1ea1n, \u0111i\u1ec1u khi\u1ec3n ng\u1ee7 \u0111\u00f4ng, \u0111i\u1ec1u khi\u1ec3n b\u01a1m v\u00e9t, \u0111\u1ed5i b\u01a1m \u0111\u1ecbnh k\u1ef3 v\u00e0 x\u00e1c \u0111\u1ecbnh b\u01a1m t\u1ea7n s\u1ed1 \u0111i\u1ec1u khi\u1ec3n b\u1ecb l\u1ed7i.<br \/>\n<a name=\"_Toc123533695\" href=\"http:\/\/www.dattech.com.vn\/vn\/san-pham\/test\/ZLWBJY110455\/#\"><\/a><span style=\"text-decoration: underline;\">\u0110\u1eb7c t\u00ednh c\u1ee7a card c\u1ea5p n\u01b0\u1edbc<\/span><span style=\"text-decoration: underline;\">:<\/span><br \/>\n&#8211; C\u00f3 c\u00e1c ch\u1ee9c n\u0103ng bi\u1ebfn t\u1ea7n hi\u1ec7u su\u1ea5t cao CHV c\u1ee7a INVT, nh\u01b0 l\u00e0 password b\u1ea3o v\u1ec7 gi\u00fap gi\u1edbi h\u1ea1n nh\u1eefng c\u00e1 nh\u00e2n kh\u00f4ng \u0111\u01b0\u1ee3c ph\u00e9p thay \u0111\u1ed5i th\u00f4ng s\u1ed1 m\u1ed9t c\u00e1ch t\u00f9y ti\u1ec7n khi\u1ebfn s\u1ef1 ho\u1ea1t \u0111\u1ed9ng kh\u00f4ng \u0111\u00fang.<br \/>\n&#8211; \u00a0Cho ph\u00e9p \u0111\u1eb7t \u00e1p su\u1ea5t v\u1edbi 8 kho\u1ea3ng th\u1eddi gian trong m\u1ed7i ng\u00e0y, \u00e1p su\u1ea5t \u0111\u1ecbnh s\u1eb5n c\u00f3 th\u1ec3 thay \u0111\u1ed5i theo th\u1eddi gian.<br \/>\n&#8211; Ch\u1ee9c n\u0103ng \u0111i\u1ec1u khi\u1ec3n b\u01a1m ng\u1ee7 \u0111\u00f4ng: card c\u00f3 th\u1ec3 l\u00e0m cho h\u1ec7 th\u1ed1ng \u0111i v\u00e0o tr\u1ea1ng th\u00e1i v\u1eadn h\u00e0nh ng\u1ee7 \u0111\u00f4ng v\u00e0 \u0111i\u1ec1u khi\u1ec3n m\u1ed9t b\u01a1m ng\u1ee7 \u0111\u00f4ng nh\u1ecf chuy\u00ean d\u1ee5ng, thi\u1ebft l\u1eadp c\u00e1c th\u00f4ng s\u1ed1 \u0111\u00e1nh th\u1ee9c ng\u1ee7 \u0111\u00f4ng, \u0111\u00e1nh th\u1ee9c c\u00e1c b\u01a1m t\u1ea7n s\u1ed1 thay \u0111\u1ed5i v\u00e0 b\u01a1m tr\u1ef1c ti\u1ebfp \u0111\u1ec3 ki\u1ec3m so\u00e1t ho\u1ea1t \u0111\u1ed9ng b\u00ecnh th\u01b0\u1eddng.<br \/>\n&#8211; D\u1eebng l\u01b0u l\u01b0\u1ee3ng nh\u1ecf v\u00e0 ti\u1ebft ki\u1ec7m \u0111i\u1ec7n: n\u1ebfu l\u01b0\u1ee3ng n\u01b0\u1edbc ti\u00eau th\u1ee5 gi\u1ea3m th\u1ea5p, PID s\u1ebd \u0111i\u1ec1u ch\u1ec9nh l\u01b0u l\u01b0\u1ee3ng trong d\u1ea3i dung sai. Khi \u0111i\u1ec1u ch\u1ec9nh PID l\u00e0 d\u01b0\u01a1ng, n\u1ebfu l\u01b0u l\u01b0\u1ee3ng \u0111\u1eb7t nh\u1ecf h\u01a1n l\u01b0u l\u01b0\u1ee3ng h\u1ed3i ti\u1ebfp v\u00e0 v\u01b0\u1ee3t ra ngo\u00e0i d\u1ea3i dung sai th\u00ec b\u01a1m s\u1ebd d\u1eebng.<br \/>\n&#8211; \u0110i\u1ec1u khi\u1ec3n lu\u00e2n phi\u00ean \u0111\u1ecbnh k\u1ef3: ch\u1ee9c n\u0103ng n\u00e0y c\u00f3 t\u00e1c d\u1ee5ng ch\u1ed1ng l\u1ea1i s\u1ef1 g\u1ec9 s\u00e9t b\u01a1m v\u00e0 trong khi \u0111\u00f3 tr\u00e1nh \u0111\u01b0\u1ee3c s\u1ef1 ho\u1ea1t \u0111\u1ed9ng c\u1ee7a m\u1ed9t b\u01a1m trong th\u1eddi gian d\u00e0i. \u0110i\u1ec1u ki\u1ec7n: c\u00f4ng su\u1ea5t c\u1ee7a c\u00e1c b\u01a1m lu\u00e2n phi\u00ean ph\u1ea3i t\u01b0\u01a1ng \u0111\u01b0\u01a1ng.<br \/>\n&#8211; \u0110i\u1ec1u khi\u1ec3n b\u01a1m v\u00e9t: c\u00f3 kh\u1ea3 n\u0103ng \u0111i\u1ec1u khi\u1ec3n m\u1ef1c n\u01b0\u1edbc c\u1ee7a h\u1ed3 ch\u1ee9a n\u01b0\u1edbc th\u1ea3i.<br \/>\n&#8211; D\u00f2 m\u1ef1c ch\u1ea5t l\u1ecfng v\u00e0 \u0111i\u1ec1u khi\u1ec3n n\u01b0\u1edbc v\u00e0o b\u1ec3: c\u00f3 th\u1ec3 d\u00f2 m\u1ee9c ch\u1ea5t l\u1ecfng trong b\u1ec3 n\u01b0\u1edbc s\u1ea1ch v\u00e0 t\u1ef1 \u0111\u1ed9ng \u0111i\u1ec1u khi\u1ec3n \u00e1p su\u1ea5t \u0111\u1eb7t c\u1ee7a b\u01a1m.<br \/>\n&#8211; B\u00e1o \u0111\u1ed9ng qu\u00e1\/ d\u01b0\u1edbi \u00e1p trong \u0111\u01b0\u1eddng \u1ed1ng: card c\u1ea5p n\u01b0\u1edbc cung c\u1ea5p l\u1ef1a ch\u1ecdn ng\u00f5 ra tr\u1ec5 terminal qu\u00e1 \u00e1p\/d\u01b0\u1edbi \u00e1p.<br \/>\n&#8211; Card n\u01b0\u1edbc c\u00f3 th\u1ec3 truy c\u1eadp th\u00f4ng s\u1ed1 d\u00f2ng \u0111\u1ecbnh m\u1ee9c motor c\u1ee7a 7 b\u01a1m, v\u00e0 cung c\u1ea5p ch\u1ee9c n\u0103ng b\u1ea3o v\u1ec7 qu\u00e1 d\u00f2ng, qu\u00e1 t\u1ea3i \u0111\u1ed1i v\u1edbi b\u01a1m thay \u0111\u1ed5i t\u1ea7n s\u1ed1 \u0111ang ho\u1ea1t \u0111\u1ed9ng.<br \/>\n&#8211; Ghi l\u1ea1i b\u01a1m l\u1ed7i: card n\u01b0\u1edbc c\u00f3 th\u1ec3 t\u1ef1 \u0111\u1ed9ng ghi l\u1ea1i b\u01a1m l\u1ed7i. \u0110\u1ec3 x\u00f3a l\u1ed7i ghi \u0111\u01b0\u1ee3c, s\u1eed d\u1ee5ng ch\u1ee9c n\u0103ng x\u00f3a l\u1ed7i l\u01b0u l\u1ea1i.<\/p>\n","protected":false},"excerpt":{"rendered":"<p>Water Supply Control Card T\u00e0i li\u1ec7u ti\u1ebfng vi\u1ec7t card c\u1ea5p n\u01b0\u1edbc invt Water Supply Card_manual &#8211; Model c\u1ee7a card c\u1ea5p n\u01b0\u1edbc l\u00e0 CHV00GS. V\u1edbi card c\u1ea5p n\u01b0\u1edbc, bi\u1ebfn t\u1ea7n CHV c\u00f3 th\u1ec3 th\u1ef1c hi\u1ec7n vi\u1ec7c c\u1ea5p n\u01b0\u1edbc \u0111\u1eb3ng \u00e1p. H\u01a1n n\u1eefa n\u00f3 c\u00f3 th\u1ec3 thi h\u00e0nh vi\u1ec7c thi\u1ebft l\u1eadp v\u00e0 chuy\u1ec3n m\u1ea1ch logic t\u1ef1 \u0111\u1ed9ng [&hellip;]<\/p>\n","protected":false},"author":2,"featured_media":4678,"parent":3465,"menu_order":6,"comment_status":"open","ping_status":"open","template":"","meta":{"footnotes":""},"class_list":["post-3506","page","type-page","status-publish","has-post-thumbnail","hentry"],"_links":{"self":[{"href":"https:\/\/hunglong.banbientan.com\/index.php?rest_route=\/wp\/v2\/pages\/3506","targetHints":{"allow":["GET"]}}],"collection":[{"href":"https:\/\/hunglong.banbientan.com\/index.php?rest_route=\/wp\/v2\/pages"}],"about":[{"href":"https:\/\/hunglong.banbientan.com\/index.php?rest_route=\/wp\/v2\/types\/page"}],"author":[{"embeddable":true,"href":"https:\/\/hunglong.banbientan.com\/index.php?rest_route=\/wp\/v2\/users\/2"}],"replies":[{"embeddable":true,"href":"https:\/\/hunglong.banbientan.com\/index.php?rest_route=%2Fwp%2Fv2%2Fcomments&post=3506"}],"version-history":[{"count":0,"href":"https:\/\/hunglong.banbientan.com\/index.php?rest_route=\/wp\/v2\/pages\/3506\/revisions"}],"up":[{"embeddable":true,"href":"https:\/\/hunglong.banbientan.com\/index.php?rest_route=\/wp\/v2\/pages\/3465"}],"wp:featuredmedia":[{"embeddable":true,"href":"https:\/\/hunglong.banbientan.com\/index.php?rest_route=\/"}],"wp:attachment":[{"href":"https:\/\/hunglong.banbientan.com\/index.php?rest_route=%2Fwp%2Fv2%2Fmedia&parent=3506"}],"curies":[{"name":"wp","href":"https:\/\/api.w.org\/{rel}","templated":true}]}}