{"id":3512,"date":"2011-12-17T20:46:43","date_gmt":"2011-12-17T13:46:43","guid":{"rendered":"http:\/\/banbientan.wordpress.com\/?page_id=3512"},"modified":"2011-12-17T20:46:43","modified_gmt":"2011-12-17T13:46:43","slug":"bien-tan-trung-the-chv100","status":"publish","type":"page","link":"https:\/\/hunglong.banbientan.com\/?page_id=3512","title":{"rendered":"CHV100 Trung th\u1ebf"},"content":{"rendered":"<p><span style=\"color: #000000;\"><strong><span style=\"font-size: medium;\">CHV100 &#8211; Bi\u1ebfn t\u1ea7n trung th\u1ebf (22kW ~ 2800kW)<\/span><\/strong><\/span><br \/>\n<a href=\"http:\/\/banbientan.files.wordpress.com\/2011\/12\/chvmv.jpg\"><img loading=\"lazy\" decoding=\"async\" class=\"alignleft wp-image-3513 size-full\" title=\"CHVMV\" src=\"http:\/\/banbientan.files.wordpress.com\/2011\/12\/chvmv.jpg\" alt=\"\" width=\"175\" height=\"243\" \/><\/a><\/p>\n<table border=\"0\" cellspacing=\"0\" cellpadding=\"0\">\n<tbody>\n<tr>\n<td valign=\"top\"><strong>C\u00f4ng su\u1ea5t: 22kW ~ 2800kW<br \/>\n<em>\u0110i\u1ec7n \u00e1p: 690V \/\u00a01140V\u00a0<\/em><em>\u00b1 15%<\/em><br \/>\n<\/strong><\/td>\n<\/tr>\n<tr>\n<td valign=\"top\"><\/td>\n<\/tr>\n<\/tbody>\n<\/table>\n<p>&nbsp;<br \/>\n&nbsp;<br \/>\n&nbsp;<br \/>\n&nbsp;<br \/>\n&nbsp;<br \/>\n&nbsp;<br \/>\n&nbsp;<br \/>\nCHV\u00a0l\u00e0 d\u00f2ng bi\u1ebfn t\u1ea7n\u00a0trung th\u1ebf\u00a0\u0111i\u1ec1u khi\u1ec3n vector, ch\u1ee9c n\u0103ng\u00a0\u00a0ki\u1ec3m so\u00e1t\u00a0th\u00f4ng minh\u00a0Dual-CPU(DSP+MCU),\u00a0k\u1ebft h\u1ee3p c\u00e1c kh\u1ed1i h\u00e0m to\u00e1n h\u1ecdc gi\u00fap qu\u00e1 tr\u00ecnh\u00a0x\u1eed l\u00fd v\u00e0 \u0111i\u1ec1u khi\u1ec3n nhanh g\u1ecdn, ch\u00ednh x\u00e1c.\u00a0T\u00edn hi\u1ec7u\u00a0\u0111\u01b0\u1ee3c truy\u1ec1n\u00a0b\u1eb1ng c\u00e1p quang\u00a0\u0111\u1ea3m b\u1ea3o t\u00ednh an to\u00e0n v\u00e0 hi\u1ec7u su\u1ea5t cao nh\u1ea5t&#8230;<br \/>\n&#8211;\u00a0M\u00e1y\u00a0khai th\u00e1c m\u1ecf<br \/>\n&#8211;\u00a0B\u0103ng t\u1ea3i c\u00f4ng nghi\u1ec7p<br \/>\n&#8211;\u00a0M\u00e1y nghi\u1ec1n, tr\u1ed9n, trung chuy\u1ec3n\u00a0than<br \/>\n&#8211;\u00a0B\u01a1m, qu\u1ea1t,m\u00e1y khai th\u00e1c d\u1ea7u<br \/>\n&#8211;\u00a0H\u1ec7 th\u1ed1ng b\u01a1m c\u00f4ng nghi\u1ec7p\u00a0&#8230;<\/p>\n<table border=\"1\" cellspacing=\"0\" cellpadding=\"0\">\n<tbody>\n<tr>\n<td colspan=\"4\" valign=\"bottom\" nowrap=\"nowrap\">Power voltage 3AC 660V\u00b115%<\/td>\n<\/tr>\n<tr>\n<td valign=\"bottom\" nowrap=\"nowrap\">Model<\/td>\n<td valign=\"bottom\" nowrap=\"nowrap\">C\u00f4ng su\u1ea5t<\/td>\n<td valign=\"bottom\" nowrap=\"nowrap\">D\u00f2ng v\u00e0o<\/td>\n<td valign=\"bottom\" nowrap=\"nowrap\">D\u00f2ng ra<\/td>\n<\/tr>\n<tr>\n<td valign=\"bottom\" nowrap=\"nowrap\">CHV100-018G-6<\/td>\n<td valign=\"bottom\" nowrap=\"nowrap\">18.5<\/td>\n<td valign=\"bottom\" nowrap=\"nowrap\">28<\/td>\n<td valign=\"bottom\" nowrap=\"nowrap\">22<\/td>\n<\/tr>\n<tr>\n<td valign=\"bottom\" nowrap=\"nowrap\">CHV100-022G-6<\/td>\n<td valign=\"bottom\" nowrap=\"nowrap\">22.0<\/td>\n<td valign=\"bottom\" nowrap=\"nowrap\">38<\/td>\n<td valign=\"bottom\" nowrap=\"nowrap\">28<\/td>\n<\/tr>\n<tr>\n<td valign=\"bottom\" nowrap=\"nowrap\">CHV100-030G-6<\/td>\n<td valign=\"bottom\" nowrap=\"nowrap\">30.0<\/td>\n<td valign=\"bottom\" nowrap=\"nowrap\">40<\/td>\n<td valign=\"bottom\" nowrap=\"nowrap\">35<\/td>\n<\/tr>\n<tr>\n<td valign=\"bottom\" nowrap=\"nowrap\">CHV100-037G-6<\/td>\n<td valign=\"bottom\" nowrap=\"nowrap\">37.0<\/td>\n<td valign=\"bottom\" nowrap=\"nowrap\">47<\/td>\n<td valign=\"bottom\" nowrap=\"nowrap\">45<\/td>\n<\/tr>\n<tr>\n<td valign=\"bottom\" nowrap=\"nowrap\">CHV100-045G-6<\/td>\n<td valign=\"bottom\" nowrap=\"nowrap\">45.0<\/td>\n<td valign=\"bottom\" nowrap=\"nowrap\">55<\/td>\n<td valign=\"bottom\" nowrap=\"nowrap\">52<\/td>\n<\/tr>\n<tr>\n<td valign=\"bottom\" nowrap=\"nowrap\">CHV100-055G-6<\/td>\n<td valign=\"bottom\" nowrap=\"nowrap\">55.0<\/td>\n<td valign=\"bottom\" nowrap=\"nowrap\">65<\/td>\n<td valign=\"bottom\" nowrap=\"nowrap\">63<\/td>\n<\/tr>\n<tr>\n<td valign=\"bottom\" nowrap=\"nowrap\">CHV100-075G-6<\/td>\n<td valign=\"bottom\" nowrap=\"nowrap\">75.0<\/td>\n<td valign=\"bottom\" nowrap=\"nowrap\">85<\/td>\n<td valign=\"bottom\" nowrap=\"nowrap\">86<\/td>\n<\/tr>\n<tr>\n<td valign=\"bottom\" nowrap=\"nowrap\">CHV100-090G-6<\/td>\n<td valign=\"bottom\" nowrap=\"nowrap\">90.0<\/td>\n<td valign=\"bottom\" nowrap=\"nowrap\">95<\/td>\n<td valign=\"bottom\" nowrap=\"nowrap\">98<\/td>\n<\/tr>\n<tr>\n<td valign=\"bottom\" nowrap=\"nowrap\">CHV100-110G-6<\/td>\n<td valign=\"bottom\" nowrap=\"nowrap\">110.0<\/td>\n<td valign=\"bottom\" nowrap=\"nowrap\">118<\/td>\n<td valign=\"bottom\" nowrap=\"nowrap\">121<\/td>\n<\/tr>\n<tr>\n<td valign=\"bottom\" nowrap=\"nowrap\">CHV100-132G-6<\/td>\n<td valign=\"bottom\" nowrap=\"nowrap\">132.0<\/td>\n<td valign=\"bottom\" nowrap=\"nowrap\">145<\/td>\n<td valign=\"bottom\" nowrap=\"nowrap\">150<\/td>\n<\/tr>\n<tr>\n<td valign=\"bottom\" nowrap=\"nowrap\">CHV100-160G-6<\/td>\n<td valign=\"bottom\" nowrap=\"nowrap\">160.0<\/td>\n<td valign=\"bottom\" nowrap=\"nowrap\">165<\/td>\n<td valign=\"bottom\" nowrap=\"nowrap\">175<\/td>\n<\/tr>\n<tr>\n<td valign=\"bottom\" nowrap=\"nowrap\">CHV100-185G-6<\/td>\n<td valign=\"bottom\" nowrap=\"nowrap\">185.0<\/td>\n<td valign=\"bottom\" nowrap=\"nowrap\">190<\/td>\n<td valign=\"bottom\" nowrap=\"nowrap\">198<\/td>\n<\/tr>\n<tr>\n<td valign=\"bottom\" nowrap=\"nowrap\">CHV100-200G-6<\/td>\n<td valign=\"bottom\" nowrap=\"nowrap\">200.0<\/td>\n<td valign=\"bottom\" nowrap=\"nowrap\">210<\/td>\n<td valign=\"bottom\" nowrap=\"nowrap\">218<\/td>\n<\/tr>\n<tr>\n<td valign=\"bottom\" nowrap=\"nowrap\">CHV100-220G-6<\/td>\n<td valign=\"bottom\" nowrap=\"nowrap\">220.0<\/td>\n<td valign=\"bottom\" nowrap=\"nowrap\">230<\/td>\n<td valign=\"bottom\" nowrap=\"nowrap\">240<\/td>\n<\/tr>\n<tr>\n<td valign=\"bottom\" nowrap=\"nowrap\">CHV100-250G-6<\/td>\n<td valign=\"bottom\" nowrap=\"nowrap\">250.0<\/td>\n<td valign=\"bottom\" nowrap=\"nowrap\">255<\/td>\n<td valign=\"bottom\" nowrap=\"nowrap\">270<\/td>\n<\/tr>\n<tr>\n<td valign=\"bottom\" nowrap=\"nowrap\">CHV100-280G-6<\/td>\n<td valign=\"bottom\" nowrap=\"nowrap\">280.0<\/td>\n<td valign=\"bottom\" nowrap=\"nowrap\">290<\/td>\n<td valign=\"bottom\" nowrap=\"nowrap\">305<\/td>\n<\/tr>\n<tr>\n<td valign=\"bottom\" nowrap=\"nowrap\">CHV100-315G-6<\/td>\n<td valign=\"bottom\" nowrap=\"nowrap\">315.0<\/td>\n<td valign=\"bottom\" nowrap=\"nowrap\">334<\/td>\n<td valign=\"bottom\" nowrap=\"nowrap\">350<\/td>\n<\/tr>\n<tr>\n<td valign=\"bottom\" nowrap=\"nowrap\">CHV100-350G-6<\/td>\n<td valign=\"bottom\" nowrap=\"nowrap\">350.0<\/td>\n<td valign=\"bottom\" nowrap=\"nowrap\">360<\/td>\n<td valign=\"bottom\" nowrap=\"nowrap\">380<\/td>\n<\/tr>\n<tr>\n<td valign=\"bottom\" nowrap=\"nowrap\">CHV100-400G-6<\/td>\n<td valign=\"bottom\" nowrap=\"nowrap\">400.0<\/td>\n<td valign=\"bottom\" nowrap=\"nowrap\">411<\/td>\n<td valign=\"bottom\" nowrap=\"nowrap\">430<\/td>\n<\/tr>\n<tr>\n<td valign=\"bottom\" nowrap=\"nowrap\">CHV100-500G-6<\/td>\n<td valign=\"bottom\" nowrap=\"nowrap\">500.0<\/td>\n<td valign=\"bottom\" nowrap=\"nowrap\">518<\/td>\n<td valign=\"bottom\" nowrap=\"nowrap\">540<\/td>\n<\/tr>\n<tr>\n<td valign=\"bottom\" nowrap=\"nowrap\">CHV100-560G-6<\/td>\n<td valign=\"bottom\" nowrap=\"nowrap\">560.0<\/td>\n<td valign=\"bottom\" nowrap=\"nowrap\">578<\/td>\n<td valign=\"bottom\" nowrap=\"nowrap\">600<\/td>\n<\/tr>\n<tr>\n<td valign=\"bottom\" nowrap=\"nowrap\">CHV100-630G-6<\/td>\n<td valign=\"bottom\" nowrap=\"nowrap\">630.0<\/td>\n<td valign=\"bottom\" nowrap=\"nowrap\">655<\/td>\n<td valign=\"bottom\" nowrap=\"nowrap\">680<\/td>\n<\/tr>\n<tr>\n<td colspan=\"4\" valign=\"bottom\" nowrap=\"nowrap\">Power voltage 3AC 1140V\u00b115%<\/td>\n<\/tr>\n<tr>\n<td valign=\"bottom\" nowrap=\"nowrap\">CHV100-037G-12<\/td>\n<td valign=\"bottom\" nowrap=\"nowrap\">37.0<\/td>\n<td valign=\"bottom\" nowrap=\"nowrap\">24<\/td>\n<td valign=\"bottom\" nowrap=\"nowrap\">24<\/td>\n<\/tr>\n<tr>\n<td valign=\"bottom\" nowrap=\"nowrap\">CHV100-045G-12<\/td>\n<td valign=\"bottom\" nowrap=\"nowrap\">45.0<\/td>\n<td valign=\"bottom\" nowrap=\"nowrap\">29<\/td>\n<td valign=\"bottom\" nowrap=\"nowrap\">31<\/td>\n<\/tr>\n<tr>\n<td valign=\"bottom\" nowrap=\"nowrap\">CHV100-055G-12<\/td>\n<td valign=\"bottom\" nowrap=\"nowrap\">55.0<\/td>\n<td valign=\"bottom\" nowrap=\"nowrap\">35<\/td>\n<td valign=\"bottom\" nowrap=\"nowrap\">38<\/td>\n<\/tr>\n<tr>\n<td valign=\"bottom\" nowrap=\"nowrap\">CHV100-090G-12<\/td>\n<td valign=\"bottom\" nowrap=\"nowrap\">90.0<\/td>\n<td valign=\"bottom\" nowrap=\"nowrap\">57<\/td>\n<td valign=\"bottom\" nowrap=\"nowrap\">58<\/td>\n<\/tr>\n<tr>\n<td valign=\"bottom\" nowrap=\"nowrap\">CHV100-110G-12<\/td>\n<td valign=\"bottom\" nowrap=\"nowrap\">110.0<\/td>\n<td valign=\"bottom\" nowrap=\"nowrap\">70<\/td>\n<td valign=\"bottom\" nowrap=\"nowrap\">73<\/td>\n<\/tr>\n<tr>\n<td valign=\"bottom\" nowrap=\"nowrap\">CHV100-132G-12<\/td>\n<td valign=\"bottom\" nowrap=\"nowrap\">132.0<\/td>\n<td valign=\"bottom\" nowrap=\"nowrap\">84<\/td>\n<td valign=\"bottom\" nowrap=\"nowrap\">86<\/td>\n<\/tr>\n<tr>\n<td valign=\"bottom\" nowrap=\"nowrap\">CHV100-160G-12<\/td>\n<td valign=\"bottom\" nowrap=\"nowrap\">160.0<\/td>\n<td valign=\"bottom\" nowrap=\"nowrap\">101<\/td>\n<td valign=\"bottom\" nowrap=\"nowrap\">104<\/td>\n<\/tr>\n<tr>\n<td valign=\"bottom\" nowrap=\"nowrap\">CHV100-185G-12<\/td>\n<td valign=\"bottom\" nowrap=\"nowrap\">185.0<\/td>\n<td valign=\"bottom\" nowrap=\"nowrap\">117<\/td>\n<td valign=\"bottom\" nowrap=\"nowrap\">115<\/td>\n<\/tr>\n<tr>\n<td valign=\"bottom\" nowrap=\"nowrap\">CHV100-200G-12<\/td>\n<td valign=\"bottom\" nowrap=\"nowrap\">200.0<\/td>\n<td valign=\"bottom\" nowrap=\"nowrap\">126<\/td>\n<td valign=\"bottom\" nowrap=\"nowrap\">132<\/td>\n<\/tr>\n<tr>\n<td valign=\"bottom\" nowrap=\"nowrap\">CHV100-250G-12<\/td>\n<td valign=\"bottom\" nowrap=\"nowrap\">250.0<\/td>\n<td valign=\"bottom\" nowrap=\"nowrap\">158<\/td>\n<td valign=\"bottom\" nowrap=\"nowrap\">162<\/td>\n<\/tr>\n<tr>\n<td valign=\"bottom\" nowrap=\"nowrap\">CHV100-300G-12<\/td>\n<td valign=\"bottom\" nowrap=\"nowrap\">300.0<\/td>\n<td valign=\"bottom\" nowrap=\"nowrap\">190<\/td>\n<td valign=\"bottom\" nowrap=\"nowrap\">190<\/td>\n<\/tr>\n<tr>\n<td valign=\"bottom\" nowrap=\"nowrap\">CHV100-315G-12<\/td>\n<td valign=\"bottom\" nowrap=\"nowrap\">315.0<\/td>\n<td valign=\"bottom\" nowrap=\"nowrap\">200<\/td>\n<td valign=\"bottom\" nowrap=\"nowrap\">208<\/td>\n<\/tr>\n<tr>\n<td valign=\"bottom\" nowrap=\"nowrap\">CHV100-350G-12<\/td>\n<td valign=\"bottom\" nowrap=\"nowrap\">350.0<\/td>\n<td valign=\"bottom\" nowrap=\"nowrap\">221<\/td>\n<td valign=\"bottom\" nowrap=\"nowrap\">221<\/td>\n<\/tr>\n<tr>\n<td valign=\"bottom\" nowrap=\"nowrap\">CHV100-350G-12<\/td>\n<td valign=\"bottom\" nowrap=\"nowrap\">375.0<\/td>\n<td valign=\"bottom\" nowrap=\"nowrap\">225<\/td>\n<td valign=\"bottom\" nowrap=\"nowrap\">225<\/td>\n<\/tr>\n<tr>\n<td valign=\"bottom\" nowrap=\"nowrap\">CHV100-400G-12<\/td>\n<td valign=\"bottom\" nowrap=\"nowrap\">400.0<\/td>\n<td valign=\"bottom\" nowrap=\"nowrap\">260<\/td>\n<td valign=\"bottom\" nowrap=\"nowrap\">260<\/td>\n<\/tr>\n<tr>\n<td valign=\"bottom\" nowrap=\"nowrap\">CHV100-500G-12<\/td>\n<td valign=\"bottom\" nowrap=\"nowrap\">500.0<\/td>\n<td valign=\"bottom\" nowrap=\"nowrap\">325<\/td>\n<td valign=\"bottom\" nowrap=\"nowrap\">325<\/td>\n<\/tr>\n<tr>\n<td valign=\"bottom\" nowrap=\"nowrap\">CHV100-560G-12<\/td>\n<td valign=\"bottom\" nowrap=\"nowrap\">560.0<\/td>\n<td valign=\"bottom\" nowrap=\"nowrap\">355<\/td>\n<td valign=\"bottom\" nowrap=\"nowrap\">355<\/td>\n<\/tr>\n<tr>\n<td valign=\"bottom\" nowrap=\"nowrap\">CHV100-630G-12<\/td>\n<td valign=\"bottom\" nowrap=\"nowrap\">630.0<\/td>\n<td valign=\"bottom\" nowrap=\"nowrap\">400<\/td>\n<td valign=\"bottom\" nowrap=\"nowrap\">400<\/td>\n<\/tr>\n<tr>\n<td valign=\"bottom\" nowrap=\"nowrap\">CHV100-710G-12<\/td>\n<td valign=\"bottom\" nowrap=\"nowrap\">710.0<\/td>\n<td valign=\"bottom\" nowrap=\"nowrap\">450<\/td>\n<td valign=\"bottom\" nowrap=\"nowrap\">450<\/td>\n<\/tr>\n<\/tbody>\n<\/table>\n<p><a href=\"http:\/\/banbientan.files.wordpress.com\/2011\/12\/appendix-differencebetweenchv100-lv-and-mv.pdf\">Appendix-differencebetweenCHV100-LV-and-MV<\/a><\/p>\n","protected":false},"excerpt":{"rendered":"<p>CHV100 &#8211; Bi\u1ebfn t\u1ea7n trung th\u1ebf (22kW ~ 2800kW) C\u00f4ng su\u1ea5t: 22kW ~ 2800kW \u0110i\u1ec7n \u00e1p: 690V \/\u00a01140V\u00a0\u00b1 15% &nbsp; &nbsp; &nbsp; &nbsp; &nbsp; &nbsp; &nbsp; CHV\u00a0l\u00e0 d\u00f2ng bi\u1ebfn t\u1ea7n\u00a0trung th\u1ebf\u00a0\u0111i\u1ec1u khi\u1ec3n vector, ch\u1ee9c n\u0103ng\u00a0\u00a0ki\u1ec3m so\u00e1t\u00a0th\u00f4ng minh\u00a0Dual-CPU(DSP+MCU),\u00a0k\u1ebft h\u1ee3p c\u00e1c kh\u1ed1i h\u00e0m to\u00e1n h\u1ecdc gi\u00fap qu\u00e1 tr\u00ecnh\u00a0x\u1eed l\u00fd v\u00e0 \u0111i\u1ec1u khi\u1ec3n nhanh g\u1ecdn, ch\u00ednh x\u00e1c.\u00a0T\u00edn hi\u1ec7u\u00a0\u0111\u01b0\u1ee3c [&hellip;]<\/p>\n","protected":false},"author":2,"featured_media":17573,"parent":527,"menu_order":7,"comment_status":"open","ping_status":"open","template":"","meta":{"footnotes":""},"class_list":["post-3512","page","type-page","status-publish","has-post-thumbnail","hentry"],"_links":{"self":[{"href":"https:\/\/hunglong.banbientan.com\/index.php?rest_route=\/wp\/v2\/pages\/3512","targetHints":{"allow":["GET"]}}],"collection":[{"href":"https:\/\/hunglong.banbientan.com\/index.php?rest_route=\/wp\/v2\/pages"}],"about":[{"href":"https:\/\/hunglong.banbientan.com\/index.php?rest_route=\/wp\/v2\/types\/page"}],"author":[{"embeddable":true,"href":"https:\/\/hunglong.banbientan.com\/index.php?rest_route=\/wp\/v2\/users\/2"}],"replies":[{"embeddable":true,"href":"https:\/\/hunglong.banbientan.com\/index.php?rest_route=%2Fwp%2Fv2%2Fcomments&post=3512"}],"version-history":[{"count":0,"href":"https:\/\/hunglong.banbientan.com\/index.php?rest_route=\/wp\/v2\/pages\/3512\/revisions"}],"up":[{"embeddable":true,"href":"https:\/\/hunglong.banbientan.com\/index.php?rest_route=\/wp\/v2\/pages\/527"}],"wp:featuredmedia":[{"embeddable":true,"href":"https:\/\/hunglong.banbientan.com\/index.php?rest_route=\/"}],"wp:attachment":[{"href":"https:\/\/hunglong.banbientan.com\/index.php?rest_route=%2Fwp%2Fv2%2Fmedia&parent=3512"}],"curies":[{"name":"wp","href":"https:\/\/api.w.org\/{rel}","templated":true}]}}