{"id":3530,"date":"2011-12-17T21:25:45","date_gmt":"2011-12-17T14:25:45","guid":{"rendered":"http:\/\/banbientan.wordpress.com\/?page_id=3530"},"modified":"2011-12-17T21:25:45","modified_gmt":"2011-12-17T14:25:45","slug":"braking-unit-bo-ham-dong-nang-dbu","status":"publish","type":"page","link":"https:\/\/hunglong.banbientan.com\/?page_id=3530","title":{"rendered":"B\u1ed9 h\u00e3m \u0111\u1ed9ng n\u0103ng DBU"},"content":{"rendered":"<p><span style=\"color: #006600; font-size: medium;\">DBU Dynamic Braking Unit<\/span><br \/>\n<strong><a href=\"https:\/\/banbientan.com\/wp-content\/uploads\/2011\/12\/dbubrakeunitinstallation.pdf\">T\u00e0i li\u1ec7u ti\u1ebfng anh b\u1ed9 h\u00e3m DBU<\/a><\/strong><br \/>\n<a href=\"https:\/\/banbientan.com\/wp-content\/uploads\/2011\/12\/dbu-dynamic-braking-unit.jpg\"><img loading=\"lazy\" decoding=\"async\" class=\"alignnone  wp-image-4700\" title=\"dbu-dynamic-braking-unit\" src=\"https:\/\/banbientan.com\/wp-content\/uploads\/2011\/12\/dbu-dynamic-braking-unit.jpg\" alt=\"\" width=\"336\" height=\"336\" \/><\/a><br \/>\nB\u1ed9 h\u00e3m \u0111\u1ed9ng n\u0103ng \u0111\u01b0\u1ee3c \u00e1p d\u1ee5ng\u00a0trong\u00a0vi\u1ec7c\u00a0nhanh ch\u00f3ng gi\u1ea3m t\u1ed1c \u0111\u1ed9,\u00a0\u0111\u1ecbnh v\u1ecb\u00a0v\u00e0\u00a0h\u1ec7 th\u1ed1ng phanh.\u00a0Do\u00a0qu\u00e1n t\u00ednh\u00a0l\u1edbn c\u1ee7a\u00a0t\u1ea3i,khi phanh,\u00a0\u0111\u1ed9ng l\u1ef1c\u00a0s\u1ebd\u00a0\u0111\u01b0\u1ee3c chuy\u1ec3n \u0111\u1ed5i\u00a0th\u00e0nh n\u0103ng l\u01b0\u1ee3ng\u00a0\u0111i\u1ec7n,v\u00e0 sau \u0111\u00f3\u00a0\u0111i\u1ec7n \u00e1p\u00a0DC \u00a0\u00a0main bus s\u1ebd t\u0103ng l\u00ean.\u00a0DBu\u00a0c\u00f3 th\u1ec3\u00a0\u0111\u01b0\u1ee3c s\u1eed d\u1ee5ng\u00a0n\u0103ng l\u01b0\u1ee3ng\u00a0t\u00e1i sinh,\u00a0\u0111\u1ec3\u00a0ng\u0103n\u00a0ch\u1eb7n\u00a0bi\u1ebfn t\u1ea7n\u00a0l\u00e0\u00a0l\u1ed7i\u00a0qu\u00e1\u00a0\u00e1p<br \/>\nM\u00f4\u00a0T\u1ea3\u00a0S\u1ea3n\u00a0Ph\u1ea9m<\/p>\n<div id=\"gt-res-wrap\">\n<div id=\"gt-res-content\">\n<div dir=\"ltr\">&#8211; \u0110i\u1ec7n \u00e1p h\u00e3m: D\u1ea3i \u0111i\u1ec7n \u00e1p phanh l\u00e0 t\u00f9y ch\u1ecdn<br \/>\n&#8211;\u00a0Song song\u00a0m\u00f4 h\u00ecnh:\u00a0H\u1ed7 tr\u1ee3\u00a0k\u1ebft n\u1ed1i ch\u1ee7 t\u1edb.<br \/>\n&#8211;\u00a0Th\u1eddi gian \u0111\u00e1p \u1ee9ng:\u00a0\u00cdt\u00a0h\u01a1n\u00a01ms, c\u00f3 s\u1eed d\u1ee5ng b\u1ed9 l\u1ecdc nhi\u1ec5u<br \/>\n&#8211;\u00a0B\u1ea3o v\u1ec7:\u00a0nhi\u1ec7t \u0111\u1ed9, qu\u00e1 d\u00f2ng,\u00a0ng\u1eafn\u00a0m\u1ea1ch,\u00a0vv<br \/>\n&#8211; \u0110i\u1ec7n tr\u1edf: \u0110i\u1ec7n tr\u1edf kh\u00f4ng c\u1ea3m \u1ee9ng.<br \/>\n&#8211;\u00a0C\u1ea5p b\u1ea3o v\u1ec7:\u00a0IP20<\/p>\n<div><\/div>\n<\/div>\n<\/div>\n<\/div>\n","protected":false},"excerpt":{"rendered":"<p>DBU Dynamic Braking Unit T\u00e0i li\u1ec7u ti\u1ebfng anh b\u1ed9 h\u00e3m DBU B\u1ed9 h\u00e3m \u0111\u1ed9ng n\u0103ng \u0111\u01b0\u1ee3c \u00e1p d\u1ee5ng\u00a0trong\u00a0vi\u1ec7c\u00a0nhanh ch\u00f3ng gi\u1ea3m t\u1ed1c \u0111\u1ed9,\u00a0\u0111\u1ecbnh v\u1ecb\u00a0v\u00e0\u00a0h\u1ec7 th\u1ed1ng phanh.\u00a0Do\u00a0qu\u00e1n t\u00ednh\u00a0l\u1edbn c\u1ee7a\u00a0t\u1ea3i,khi phanh,\u00a0\u0111\u1ed9ng l\u1ef1c\u00a0s\u1ebd\u00a0\u0111\u01b0\u1ee3c chuy\u1ec3n \u0111\u1ed5i\u00a0th\u00e0nh n\u0103ng l\u01b0\u1ee3ng\u00a0\u0111i\u1ec7n,v\u00e0 sau \u0111\u00f3\u00a0\u0111i\u1ec7n \u00e1p\u00a0DC \u00a0\u00a0main bus s\u1ebd t\u0103ng l\u00ean.\u00a0DBu\u00a0c\u00f3 th\u1ec3\u00a0\u0111\u01b0\u1ee3c s\u1eed d\u1ee5ng\u00a0n\u0103ng l\u01b0\u1ee3ng\u00a0t\u00e1i sinh,\u00a0\u0111\u1ec3\u00a0ng\u0103n\u00a0ch\u1eb7n\u00a0bi\u1ebfn t\u1ea7n\u00a0l\u00e0\u00a0l\u1ed7i\u00a0qu\u00e1\u00a0\u00e1p M\u00f4\u00a0T\u1ea3\u00a0S\u1ea3n\u00a0Ph\u1ea9m &#8211; \u0110i\u1ec7n \u00e1p h\u00e3m: D\u1ea3i \u0111i\u1ec7n \u00e1p [&hellip;]<\/p>\n","protected":false},"author":2,"featured_media":4700,"parent":3526,"menu_order":2,"comment_status":"open","ping_status":"open","template":"","meta":{"footnotes":""},"class_list":["post-3530","page","type-page","status-publish","has-post-thumbnail","hentry"],"_links":{"self":[{"href":"https:\/\/hunglong.banbientan.com\/index.php?rest_route=\/wp\/v2\/pages\/3530","targetHints":{"allow":["GET"]}}],"collection":[{"href":"https:\/\/hunglong.banbientan.com\/index.php?rest_route=\/wp\/v2\/pages"}],"about":[{"href":"https:\/\/hunglong.banbientan.com\/index.php?rest_route=\/wp\/v2\/types\/page"}],"author":[{"embeddable":true,"href":"https:\/\/hunglong.banbientan.com\/index.php?rest_route=\/wp\/v2\/users\/2"}],"replies":[{"embeddable":true,"href":"https:\/\/hunglong.banbientan.com\/index.php?rest_route=%2Fwp%2Fv2%2Fcomments&post=3530"}],"version-history":[{"count":0,"href":"https:\/\/hunglong.banbientan.com\/index.php?rest_route=\/wp\/v2\/pages\/3530\/revisions"}],"up":[{"embeddable":true,"href":"https:\/\/hunglong.banbientan.com\/index.php?rest_route=\/wp\/v2\/pages\/3526"}],"wp:featuredmedia":[{"embeddable":true,"href":"https:\/\/hunglong.banbientan.com\/index.php?rest_route=\/"}],"wp:attachment":[{"href":"https:\/\/hunglong.banbientan.com\/index.php?rest_route=%2Fwp%2Fv2%2Fmedia&parent=3530"}],"curies":[{"name":"wp","href":"https:\/\/api.w.org\/{rel}","templated":true}]}}