{"id":3537,"date":"2011-12-17T21:36:00","date_gmt":"2011-12-17T14:36:00","guid":{"rendered":"http:\/\/banbientan.wordpress.com\/?page_id=3537"},"modified":"2011-12-17T21:36:00","modified_gmt":"2011-12-17T14:36:00","slug":"braking-unit-rbu","status":"publish","type":"page","link":"https:\/\/hunglong.banbientan.com\/?page_id=3537","title":{"rendered":"B\u1ed9 h\u00e3m t\u00e1i sinh RBU"},"content":{"rendered":"<p><span style=\"color: #006600; font-size: medium;\">RBU H\u00e3m t\u00e1i sinh n\u0103ng l\u01b0\u1ee3ng.<\/span><br \/>\n<strong><a href=\"https:\/\/banbientan.com\/wp-content\/uploads\/2011\/12\/rbuenglishmanual.pdf\">T\u00e0i li\u1ec7u ti\u1ebfnh anh RBU<\/a><\/strong><br \/>\nRBU b\u1ed9 h\u00e3m t\u00e1i sinh n\u0103ng l\u01b0\u1ee3ng\u00a0c\u00f3 th\u1ec3\u00a0t\u00e1i sinh n\u0103ng l\u01b0\u1ee3ng\u00a0quay\u00a0tr\u1edf\u00a0l\u1ea1i\u00a0l\u01b0\u1edbi.<br \/>\n<a href=\"https:\/\/banbientan.com\/wp-content\/uploads\/2011\/12\/rbu-regernerative-braking.jpg\"><img loading=\"lazy\" decoding=\"async\" class=\"wp-image-4704 alignright\" title=\"rbu-regernerative-braking\" src=\"https:\/\/banbientan.com\/wp-content\/uploads\/2011\/12\/rbu-regernerative-braking-633x1024.jpg\" alt=\"\" width=\"170\" height=\"275\" \/><\/a><br \/>\nM\u00f4\u00a0T\u1ea3\u00a0S\u1ea3n\u00a0Ph\u1ea9m:<br \/>\nM\u1ee9c \u0111i\u1ec7n \u00e1p:\u00a0380VAC\u00a0\/\u00a0660VAC<br \/>\n&#8211; \u0110i\u1ec7n tr\u1edf h\u00e3m:<br \/>\n150%\u00a0d\u00f2ng \u0111\u1ecbnh m\u1ee9c, \u1edf 30s;<br \/>\n100% d\u00f2ng \u0111\u1ecbnh m\u1ee9c,\u00a01 ph\u00fat;<br \/>\n80%\u00a0\u0111d\u00f2ng \u0111\u1ecbnh m\u1ee9c, lu\u00f4n lu\u00f4n.<br \/>\n&#8211; Ch\u1ebf \u0111\u1ed9 di\u1ec1u khi\u1ec3n : Ph\u01b0\u01a1ng ph\u00e1p \u0111i\u1ec1u khi\u1ec3n d\u00f2ng v\u1edbi g\u00f3c pha\u00a0l\u00e0\u00a0120 \u0111\u1ed9.<br \/>\n&#8211; C\u00e1ch \u0111i\u1ec1u khi\u1ec3n : \u0110i\u1ec1u khi\u1ec3n b\u00ean ngo\u00e0i, b\u00e0n ph\u00edm<br \/>\n&#8211;\u00a0B\u1ea3o v\u1ec7: qu\u00e1 d\u00f2ng,\u00a0qu\u00e1\u00a0\u0111i\u1ec7n \u00e1p,\u00a0qu\u00e1 nhi\u1ec7t.<br \/>\n&#8211;\u00a0C\u1ea5p b\u1ea3o v\u1ec7:\u00a0IP20.<br \/>\n\u1ee8ng d\u1ee5ng:<br \/>\n&#8211;\u00a0N\u00e2ng H\u00e0ng,\u00a0c\u1ea7n c\u1ea9u,\u00a0t\u1eddi,\u00a0m\u00e1y ly t\u00e2m,\u00a0b\u01a1m\u00a0ch\u00ecm.<\/p>\n","protected":false},"excerpt":{"rendered":"<p>RBU H\u00e3m t\u00e1i sinh n\u0103ng l\u01b0\u1ee3ng. T\u00e0i li\u1ec7u ti\u1ebfnh anh RBU RBU b\u1ed9 h\u00e3m t\u00e1i sinh n\u0103ng l\u01b0\u1ee3ng\u00a0c\u00f3 th\u1ec3\u00a0t\u00e1i sinh n\u0103ng l\u01b0\u1ee3ng\u00a0quay\u00a0tr\u1edf\u00a0l\u1ea1i\u00a0l\u01b0\u1edbi. M\u00f4\u00a0T\u1ea3\u00a0S\u1ea3n\u00a0Ph\u1ea9m: M\u1ee9c \u0111i\u1ec7n \u00e1p:\u00a0380VAC\u00a0\/\u00a0660VAC &#8211; \u0110i\u1ec7n tr\u1edf h\u00e3m: 150%\u00a0d\u00f2ng \u0111\u1ecbnh m\u1ee9c, \u1edf 30s; 100% d\u00f2ng \u0111\u1ecbnh m\u1ee9c,\u00a01 ph\u00fat; 80%\u00a0\u0111d\u00f2ng \u0111\u1ecbnh m\u1ee9c, lu\u00f4n lu\u00f4n. &#8211; Ch\u1ebf \u0111\u1ed9 di\u1ec1u khi\u1ec3n : Ph\u01b0\u01a1ng ph\u00e1p \u0111i\u1ec1u khi\u1ec3n [&hellip;]<\/p>\n","protected":false},"author":2,"featured_media":4704,"parent":3526,"menu_order":4,"comment_status":"open","ping_status":"open","template":"","meta":{"footnotes":""},"class_list":["post-3537","page","type-page","status-publish","has-post-thumbnail","hentry"],"_links":{"self":[{"href":"https:\/\/hunglong.banbientan.com\/index.php?rest_route=\/wp\/v2\/pages\/3537","targetHints":{"allow":["GET"]}}],"collection":[{"href":"https:\/\/hunglong.banbientan.com\/index.php?rest_route=\/wp\/v2\/pages"}],"about":[{"href":"https:\/\/hunglong.banbientan.com\/index.php?rest_route=\/wp\/v2\/types\/page"}],"author":[{"embeddable":true,"href":"https:\/\/hunglong.banbientan.com\/index.php?rest_route=\/wp\/v2\/users\/2"}],"replies":[{"embeddable":true,"href":"https:\/\/hunglong.banbientan.com\/index.php?rest_route=%2Fwp%2Fv2%2Fcomments&post=3537"}],"version-history":[{"count":0,"href":"https:\/\/hunglong.banbientan.com\/index.php?rest_route=\/wp\/v2\/pages\/3537\/revisions"}],"up":[{"embeddable":true,"href":"https:\/\/hunglong.banbientan.com\/index.php?rest_route=\/wp\/v2\/pages\/3526"}],"wp:featuredmedia":[{"embeddable":true,"href":"https:\/\/hunglong.banbientan.com\/index.php?rest_route=\/"}],"wp:attachment":[{"href":"https:\/\/hunglong.banbientan.com\/index.php?rest_route=%2Fwp%2Fv2%2Fmedia&parent=3537"}],"curies":[{"name":"wp","href":"https:\/\/api.w.org\/{rel}","templated":true}]}}