{"id":3617,"date":"2012-01-09T09:40:28","date_gmt":"2012-01-09T02:40:28","guid":{"rendered":"http:\/\/banbientan.wordpress.com\/?page_id=3617"},"modified":"2012-01-09T09:40:28","modified_gmt":"2012-01-09T02:40:28","slug":"bien-tan-goodrive-300","status":"publish","type":"page","link":"https:\/\/hunglong.banbientan.com\/?page_id=3617","title":{"rendered":"Goodrive 300 lo\u1ea1i m\u1edbi"},"content":{"rendered":"<p><a href=\"https:\/\/banbientan.com\/wp-content\/uploads\/2012\/01\/g300.jpg\"><img loading=\"lazy\" decoding=\"async\" class=\"alignnone size-full wp-image-4644\" title=\"g300\" src=\"https:\/\/banbientan.com\/wp-content\/uploads\/2012\/01\/g300.jpg\" alt=\"\" width=\"165\" height=\"299\" \/><\/a><br \/>\n<strong><a href=\"http:\/\/banbientan.files.wordpress.com\/2012\/01\/goodrive-300.pdf\">T\u00e0i li\u1ec7u ti\u1ebfng anh Goodrive 300<\/a><\/strong><br \/>\n<strong>1. Gi\u1edbi thi\u1ec7u chung:<\/strong><br \/>\n<a href=\"http:\/\/www.youtube.com\/watch?v=OvYk6nJyJio&amp;feature=plcp\">httpv:\/\/www.youtube.com\/watch?v=OvYk6nJyJio&amp;feature=plcp<\/a><br \/>\nBi\u1ebfn T\u1ea7n Goodrive 300 l\u00e0 d\u00f2ng bi\u1ebfn t\u1ea7n c\u00f3 t\u00ednh n\u0103ng cao, \u0111\u01b0\u1ee3c \u1ee9ng d\u1ee5ng r\u1ed9ng r\u00e3i trong vi\u1ec7c \u0111i\u1ec1u khi\u1ec3n t\u1ed1c \u0111\u1ed9 \u0111\u1ed9ng c\u01a1 \u0111\u1ed3ng b\u1ed9 v\u00e0 kh\u00f4ng \u0111\u1ed3ng b\u1ed9 . S\u1ea3n ph\u1ea9m d\u1ef1a tr\u00ean\u00a0 b\u1ed9 vi x\u1eed l\u00fd 32 bit (DSP), \u1ee9ng d\u1ee5ng thu\u1eadt to\u00e1n \u0111i\u1ec1u khi\u1ec3n Vector h\u00e0ng \u0111\u1ea7u th\u1ebf gi\u1edbi , th\u1ef1c hi\u1ec7n \u0111i\u1ec1u khi\u1ec3n\u00a0 \u0111\u1ed9ng c\u01a1 truy\u1ec1n \u0111\u1ed9ng v\u1edbi \u00a0t\u00ednh n\u0103ng v\u00e0 t\u00ednh ch\u00ednh x\u00e1c cao , \u0111\u1ed3ng th\u1eddi n\u00e2ng cao t\u00ednh th\u00edch \u1ee9ng v\u1edbi m\u00f4i tr\u01b0\u1eddng , t\u0103ng c\u01b0\u1eddng trong vi\u1ec7c thi\u1ebft k\u1ebf nh\u1eb1m gi\u00fap cho kh\u00e1ch h\u00e0ng s\u1eed d\u1ee5ng d\u1ec5 d\u00e0ng v\u00e0 chuy\u00ean nghi\u1ec7p, t\u00ednh n\u0103ng t\u1ed1i \u01b0u ho\u00e1, \u1ee9ng d\u1ee5ng linh ho\u1ea1t, t\u00ednh \u1ed5n \u0111\u1ecbnh cao.<br \/>\n<strong>2. \u0110\u1eb7c t\u00ednh k\u1ef9 thu\u1eadt:<\/strong><br \/>\n<strong>&#8211; <\/strong><strong>\u0110\u1eb7c t\u00ednh k\u1ef9 thu\u1eadt:<\/strong><br \/>\n&#8211;\u00a0 C\u00f3 th\u1ec3 \u0111i\u1ec1u khi\u1ec3n \u0111\u1ed9ng c\u01a1 \u0111\u1ed3ng b\u1ed9 nam ch\u00e2m v\u0129nh c\u1eedu v\u00e0 kh\u00f4ng \u0111\u1ed3ng b\u1ed9.<br \/>\n&#8211; Ch\u1ee9c n\u0103ng \u0111i\u1ec1u khi\u1ec3n cao c\u1ea5p vector v\u00f2ng h\u1edf:<br \/>\n+ Momen kh\u1edfi \u0111\u1ed9ng cho \u0111\u1ed9ng c\u01a1 kh\u00f4ng \u0111\u1ed3ng b\u1ed9: 0.25Hz\/ 150%\u00a0 momen \u0111\u1ecbnh m\u1ee9c<br \/>\n+\u00a0\u00a0 Momen kh\u1edfi \u0111\u1ed9ng cho \u0111\u1ed9ng c\u01a1 \u0111\u1ed3ng b\u1ed9 nam ch\u00e2m v\u0129nh c\u1eedu: 2.5Hz\/ 150%\u00a0 momen \u0111\u1ecbnh m\u1ee9c<br \/>\n&#8211;\u00a0 B\u1ed9 x\u1eed l\u00fd s\u1ed1 (DSP) 32Bit<br \/>\n&#8211;\u00a0 \u0110\u00e1p \u1ee9ng \u0111i\u1ec1u khi\u1ec3n ch\u00ednh x\u00e1c, hi\u1ec7u su\u1ea5t cao cho motor<br \/>\n&#8211;\u00a0 Kh\u1ea3 n\u0103ng th\u00edch \u1ee9ng v\u1edbi m\u00f4i tr\u01b0\u1eddng v\u00e0 \u0111\u1ed9 tin c\u1eady cao<br \/>\n&#8211;\u00a0 Thi\u1ebft k\u1ebf th\u00e2n thi\u1ec7n, d\u1ec5 d\u00e0ng cho ng\u01b0\u1eddi s\u1eed d\u1ee5ng.<br \/>\n&#8211;\u00a0 T\u1ed1i \u01b0u h\u00f3a c\u00e1c t\u00ednh n\u0103ng, \u1ee9ng d\u1ee5ng linh ho\u1ea1t v\u00e0 \u1ed5n \u0111\u1ecbnh.<br \/>\n&#8211; \u00a0Thi\u1ebft k\u1ebf c\u00f3 h\u1ed5 tr\u1ee3 t\u1ed1t cho c\u00e1c \u1ee9ng d\u1ee5ng t\u1ef1 \u0111\u1ed9ng h\u00f3a : Timer, counter, Simple PLC, nhi\u1ec1u I\/O.<br \/>\nD\u1ea3i c\u00f4ng su\u1ea5t: 1.5kW~ 315kW<br \/>\n<strong>3. \u1ee8ng D\u1ee5ng:<\/strong><br \/>\n&#8211; \u0110\u01b0\u1ee3c \u1ee9ng d\u1ee5ng trong c\u00e1c l\u0129nh v\u1ef1c: M\u00e1y c\u00f4ng c\u1ee5, d\u1ec7t may, cao su, c\u1ed5ng tr\u1ee5c, c\u1ea9u ch\u00e2n \u0111\u1ebf, thi\u1ebft b\u1ecb n\u00e2ng h\u1ea1, m\u00e1y x\u00e2y d\u1ef1ng, gia c\u00f4ng kim lo\u1ea1i, vv\u2026<\/p>\n","protected":false},"excerpt":{"rendered":"<p>T\u00e0i li\u1ec7u ti\u1ebfng anh Goodrive 300 1. Gi\u1edbi thi\u1ec7u chung: httpv:\/\/www.youtube.com\/watch?v=OvYk6nJyJio&amp;feature=plcp Bi\u1ebfn T\u1ea7n Goodrive 300 l\u00e0 d\u00f2ng bi\u1ebfn t\u1ea7n c\u00f3 t\u00ednh n\u0103ng cao, \u0111\u01b0\u1ee3c \u1ee9ng d\u1ee5ng r\u1ed9ng r\u00e3i trong vi\u1ec7c \u0111i\u1ec1u khi\u1ec3n t\u1ed1c \u0111\u1ed9 \u0111\u1ed9ng c\u01a1 \u0111\u1ed3ng b\u1ed9 v\u00e0 kh\u00f4ng \u0111\u1ed3ng b\u1ed9 . S\u1ea3n ph\u1ea9m d\u1ef1a tr\u00ean\u00a0 b\u1ed9 vi x\u1eed l\u00fd 32 bit (DSP), \u1ee9ng [&hellip;]<\/p>\n","protected":false},"author":2,"featured_media":4644,"parent":527,"menu_order":7,"comment_status":"open","ping_status":"open","template":"","meta":{"footnotes":""},"class_list":["post-3617","page","type-page","status-publish","has-post-thumbnail","hentry"],"_links":{"self":[{"href":"https:\/\/hunglong.banbientan.com\/index.php?rest_route=\/wp\/v2\/pages\/3617","targetHints":{"allow":["GET"]}}],"collection":[{"href":"https:\/\/hunglong.banbientan.com\/index.php?rest_route=\/wp\/v2\/pages"}],"about":[{"href":"https:\/\/hunglong.banbientan.com\/index.php?rest_route=\/wp\/v2\/types\/page"}],"author":[{"embeddable":true,"href":"https:\/\/hunglong.banbientan.com\/index.php?rest_route=\/wp\/v2\/users\/2"}],"replies":[{"embeddable":true,"href":"https:\/\/hunglong.banbientan.com\/index.php?rest_route=%2Fwp%2Fv2%2Fcomments&post=3617"}],"version-history":[{"count":0,"href":"https:\/\/hunglong.banbientan.com\/index.php?rest_route=\/wp\/v2\/pages\/3617\/revisions"}],"up":[{"embeddable":true,"href":"https:\/\/hunglong.banbientan.com\/index.php?rest_route=\/wp\/v2\/pages\/527"}],"wp:featuredmedia":[{"embeddable":true,"href":"https:\/\/hunglong.banbientan.com\/index.php?rest_route=\/"}],"wp:attachment":[{"href":"https:\/\/hunglong.banbientan.com\/index.php?rest_route=%2Fwp%2Fv2%2Fmedia&parent=3617"}],"curies":[{"name":"wp","href":"https:\/\/api.w.org\/{rel}","templated":true}]}}