{"id":46,"date":"2013-07-06T00:00:49","date_gmt":"2013-07-05T17:00:49","guid":{"rendered":"http:\/\/banbientan.wordpress.com\/?page_id=46"},"modified":"2013-07-06T00:00:49","modified_gmt":"2013-07-05T17:00:49","slug":"trang-chu","status":"publish","type":"page","link":"https:\/\/hunglong.banbientan.com\/?page_id=46","title":{"rendered":"Trang Ch\u1ee7"},"content":{"rendered":"<p><\/p>\n<p>[row style=&#8221;collapse&#8221; width=&#8221;full-width&#8221;] [col span__sm=&#8221;12&#8243;] [ux_slider] [ux_image id=&#8221;26465&#8243; image_size=&#8221;original&#8221;] [ux_image id=&#8221;26467&#8243; image_size=&#8221;original&#8221;] [ux_image id=&#8221;26466&#8243; image_size=&#8221;original&#8221;] [\/ux_slider] [\/col] [\/row] [row] [col span__sm=&#8221;12&#8243; padding=&#8221;25px 0px 0px 0px&#8221; margin=&#8221;0px 0px -10px 0&#8243; margin__sm=&#8221;0px 0px -10px -10px&#8221;] [title text=&#8221;Bi\u1ebfn t\u1ea7n ch\u1ea5t l\u01b0\u1ee3ng &#8211; gi\u00e1 r\u1ebb&#8221; tag_name=&#8221;h2&#8243; icon=&#8221;icon-star&#8221; margin_bottom=&#8221;-20px&#8221;] [\/col] [\/row] [row col_style=&#8221;solid&#8221; class=&#8221;home-row-noibat-1&#8243;] [col span=&#8221;3&#8243; span__sm=&#8221;6&#8243;] [ux_image_box img=&#8221;22878&#8243; image_height=&#8221;300px&#8221; image_size=&#8221;medium&#8221; image_hover=&#8221;zoom&#8221; link=&#8221;https:\/\/banbientan.com\/bien-tan-kde500\/&#8221;] [gap height=&#8221;10px&#8221;] [ux_text font_size=&#8221;1&#8243; text_align=&#8221;center&#8221;]<\/p>\n<p><a href=\"https:\/\/banbientan.com\/bien-tan-kde\/bien-tan-kde500\/\">Bi\u1ebfn t\u1ea7n KDE500<\/a><\/p>\n[\/ux_text] [\/ux_image_box] [\/col] [col span=&#8221;3&#8243; span__sm=&#8221;6&#8243;] [ux_image_box img=&#8221;22877&#8243; image_height=&#8221;300px&#8221; image_width=&#8221;93&#8243; image_size=&#8221;medium&#8221; image_hover=&#8221;zoom&#8221; link=&#8221;https:\/\/banbientan.com\/bien-tan-kde500m\/&#8221;] [gap height=&#8221;10px&#8221;] [ux_text font_size=&#8221;1&#8243;]\n<p><a href=\"https:\/\/banbientan.com\/bien-tan-ked\/bien-tan-kde500m\/\">Bi\u1ebfn t\u1ea7n KDE500M<\/a><\/p>\n[\/ux_text] [\/ux_image_box] [\/col] [col span=&#8221;3&#8243; span__sm=&#8221;6&#8243;] [ux_image_box img=&#8221;22635&#8243; image_height=&#8221;300px&#8221; image_size=&#8221;medium&#8221; image_hover=&#8221;zoom&#8221; link=&#8221;https:\/\/banbientan.com\/bien-tan-ked\/bien-tan-kde300a-2\/&#8221;] [gap height=&#8221;10px&#8221;] [ux_text font_size=&#8221;1&#8243;]\n<p><a href=\"https:\/\/banbientan.com\/bien-tan-ked\/bien-tan-kde300a-2\/\">Bi\u1ebfn t\u1ea7n KDE300A<\/a><\/p>\n[\/ux_text] [\/ux_image_box] [\/col] [col span=&#8221;3&#8243; span__sm=&#8221;6&#8243;] [ux_image_box img=&#8221;21280&#8243; image_height=&#8221;300px&#8221; image_size=&#8221;medium&#8221; image_hover=&#8221;zoom&#8221; link=&#8221;https:\/\/banbientan.com\/bien-tan-ked\/bien-tan-kde200-mini\/&#8221;] [gap height=&#8221;10px&#8221;] [ux_text font_size=&#8221;1&#8243;]\n<p><a href=\"https:\/\/banbientan.com\/bien-tan-ked\/bien-tan-kde200-mini\/\">Bi\u1ebfn t\u1ea7n KDE200<\/a><\/p>\n[\/ux_text] [\/ux_image_box] [\/col] [\/row] [row col_style=&#8221;solid&#8221; class=&#8221;home-row-noibat-2&#8243;] [col span=&#8221;3&#8243; span__sm=&#8221;6&#8243;] [ux_image_box img=&#8221;16821&#8243; image_height=&#8221;300px&#8221; image_width=&#8221;80&#8243; image_size=&#8221;original&#8221; image_hover=&#8221;zoom&#8221; link=&#8221;https:\/\/banbientan.com\/bien-tan-yaskawa-a1000\/&#8221;] [gap height=&#8221;10px&#8221;] [ux_text font_size=&#8221;1&#8243;]\n<p><a href=\"https:\/\/banbientan.com\/bien-tan-yaskawa-a1000\/\">Bi\u1ebfn t\u1ea7n Yaskawa A1000<\/a><\/p>\n[\/ux_text] [\/ux_image_box] [\/col] [col span=&#8221;3&#8243; span__sm=&#8221;6&#8243;] [ux_image_box img=&#8221;20749&#8243; image_height=&#8221;300px&#8221; image_width=&#8221;94&#8243; image_size=&#8221;medium&#8221; image_hover=&#8221;zoom&#8221; link=&#8221;https:\/\/banbientan.com\/bien-tan-yaskawa-e1000\/&#8221;] [gap height=&#8221;10px&#8221;] [ux_text font_size=&#8221;1&#8243;]\n<p><a href=\"https:\/\/banbientan.com\/bien-tan-yaskawa-inverter\/bien-tan-yaskawa-e1000\/\">Bi\u1ebfn t\u1ea7n Yaskawa E1000<\/a><\/p>\n[\/ux_text] [\/ux_image_box] [\/col] [col span=&#8221;3&#8243; span__sm=&#8221;6&#8243;] [ux_image_box img=&#8221;16818&#8243; image_height=&#8221;300px&#8221; image_size=&#8221;original&#8221; image_hover=&#8221;zoom&#8221; link=&#8221;https:\/\/banbientan.com\/bien-tan-yaskawa-v1000-inverter\/&#8221;] [gap height=&#8221;10px&#8221;] [ux_text font_size=&#8221;1&#8243;]\n<p><a href=\"https:\/\/banbientan.com\/bien-tan-yaskawa-inverter\/bien-tan-yaskawa-v1000-inverter\/\">Bi\u1ebfn t\u1ea7n Yaskawa V1000<\/a><\/p>\n[\/ux_text] [\/ux_image_box] [\/col] [col span=&#8221;3&#8243; span__sm=&#8221;6&#8243;] [ux_image_box img=&#8221;16806&#8243; image_height=&#8221;300px&#8221; image_size=&#8221;medium&#8221; image_hover=&#8221;zoom&#8221; link=&#8221;https:\/\/banbientan.com\/bien-tan-yaskawa-j1000\/&#8221;] [gap height=&#8221;10px&#8221;] [ux_text font_size=&#8221;1&#8243;]\n<p><a href=\"https:\/\/banbientan.com\/bien-tan-yaskawa-inverter\/bien-tan-yaskawa-j1000\/\">Bi\u1ebfn t\u1ea7n Yaskawa J1000<\/a><\/p>\n[\/ux_text] [\/ux_image_box] [\/col] [\/row] [block id=&#8221;26405&#8243;] [gap] [row] [col span__sm=&#8221;12&#8243;]\n<p><span style=\"color: #0000ff;\"><strong>1 &#8211; Chuy\u00ean b\u00e1n bi\u1ebfn t\u1ea7n KDE, INVT v\u00e0 Yaskawa<\/strong><\/span>\u200b<\/p>\n<table>\n<tbody>\n<tr>\n<td style=\"text-align: center;\"><a href=\"https:\/\/banbientan.com\/bien-tan-ked\/\"><img loading=\"lazy\" decoding=\"async\" class=\"wp-image-21280 aligncenter\" src=\"https:\/\/i2.wp.com\/banbientan.com\/wp-content\/uploads\/2018\/04\/bien-tan-KDE200.jpg?resize=174%2C231&amp;ssl=1\" sizes=\"auto, (max-width: 174px) 100vw, 174px\" srcset=\"https:\/\/i2.wp.com\/banbientan.com\/wp-content\/uploads\/2018\/04\/bien-tan-KDE200.jpg?w=394&amp;ssl=1 394w, https:\/\/i2.wp.com\/banbientan.com\/wp-content\/uploads\/2018\/04\/bien-tan-KDE200.jpg?resize=226%2C300&amp;ssl=1 226w\" alt=\"\" width=\"106\" height=\"141\" data-attachment-id=\"21280\" data-permalink=\"https:\/\/banbientan.com\/bien-tan-ked\/bien-tan-kde200\/\" data-orig-file=\"https:\/\/i2.wp.com\/banbientan.com\/wp-content\/uploads\/2018\/04\/bien-tan-KDE200.jpg?fit=394%2C523&amp;ssl=1\" data-orig-size=\"394,523\" data-comments-opened=\"0\" data-image-meta=\"{&quot;aperture&quot;:&quot;0&quot;,&quot;credit&quot;:&quot;&quot;,&quot;camera&quot;:&quot;&quot;,&quot;caption&quot;:&quot;&quot;,&quot;created_timestamp&quot;:&quot;0&quot;,&quot;copyright&quot;:&quot;&quot;,&quot;focal_length&quot;:&quot;0&quot;,&quot;iso&quot;:&quot;0&quot;,&quot;shutter_speed&quot;:&quot;0&quot;,&quot;title&quot;:&quot;&quot;,&quot;orientation&quot;:&quot;0&quot;}\" data-image-title=\"bien tan KDE200\" data-image-description=\"\" data-medium-file=\"https:\/\/i2.wp.com\/banbientan.com\/wp-content\/uploads\/2018\/04\/bien-tan-KDE200.jpg?fit=226%2C300&amp;ssl=1\" data-large-file=\"https:\/\/i2.wp.com\/banbientan.com\/wp-content\/uploads\/2018\/04\/bien-tan-KDE200.jpg?fit=394%2C523&amp;ssl=1\" \/><\/a><\/td>\n<td style=\"text-align: center;\"><a href=\"https:\/\/banbientan.com\/bien-tan-yaskawa-a1000\/\"><img loading=\"lazy\" decoding=\"async\" class=\" wp-image-21234\" src=\"https:\/\/banbientan.com\/wp-content\/uploads\/2018\/01\/Yaskawa-A1000.jpg\" alt=\"Yaskawa A1000\" width=\"118\" height=\"159\" \/><\/a><\/td>\n<td style=\"text-align: center;\"><a href=\"https:\/\/banbientan.com\/bien-tan-invt-chf100a-gia-re\/\"><img loading=\"lazy\" decoding=\"async\" class=\" wp-image-21218\" src=\"https:\/\/banbientan.com\/wp-content\/uploads\/2018\/01\/dam-bao-an-toan-cho-he-thong-dien.jpg\" alt=\"\u0110\u1ea3m b\u1ea3o an to\u00e0n cho h\u1ec7 th\u1ed1ng \u0111i\u1ec7n\" width=\"130\" height=\"167\" \/><\/a><\/td>\n<td style=\"text-align: center;\"><a href=\"https:\/\/banbientan.com\/bien-tan-frecon-fr200\/\"><img loading=\"lazy\" decoding=\"async\" class=\"wp-image-20804 aligncenter\" src=\"https:\/\/banbientan.com\/wp-content\/uploads\/2017\/08\/t\u1ea3i-xu\u1ed1ng.jpg\" alt=\"\" width=\"107\" height=\"147\" \/><\/a><\/td>\n<\/tr>\n<tr>\n<td style=\"text-align: center;\"><strong><a href=\"https:\/\/banbientan.com\/bien-tan-ked\/\">Bi\u1ebfn t\u1ea7n KDE<\/a><\/strong><\/td>\n<td style=\"text-align: center;\"><strong><a href=\"https:\/\/banbientan.com\/bien-tan-yaskawa-inverter\/bien-tan-yaskawa-a1000\/\">Bi\u1ebfn t\u1ea7n Yaskawa<\/a><\/strong><\/td>\n<td style=\"text-align: center;\"><strong><a href=\"https:\/\/banbientan.com\/bien-tan-invt-chf\/bien-tan-invt-gd200a-loai-da-nang-moi\/\">Bi\u1ebfn t\u1ea7n INVT<\/a><\/strong><\/td>\n<td style=\"text-align: center;\"><strong><a href=\"https:\/\/banbientan.com\/frecon\/mua-ban-bien-tan-frecon-fr200-sua-chua-bien-tan-tai-ha-noi\/\" target=\"_blank\" rel=\"noopener\">Bi\u1ebfn t\u1ea7n Frecon <\/a><\/strong><\/td>\n<\/tr>\n<\/tbody>\n<\/table>\n<p><span style=\"color: #ff0000;\"><strong>2 &#8211; M\u1ed9t s\u1ed1 thi\u1ebft b\u1ecb t\u1ef1 \u0111\u1ed9ng h\u00f3a b\u00e1n ch\u1ea1y kh\u00e1c:<\/strong><\/span><\/p>\n<table style=\"width: 774.838px;\">\n<tbody>\n<tr style=\"height: 156px;\">\n<td style=\"width: 178px; height: 156px;\">\u00a0<a href=\"https:\/\/banbientan.com\/dai-ly-omron\/cam-bien-quang\/e3fae3ra-loai-moi\/\"><img loading=\"lazy\" decoding=\"async\" title=\"e3fa_photoelectric_sensor\" src=\"https:\/\/banbientan.com\/wp-content\/uploads\/2012\/07\/e3fa_photoelectric_sensor.jpg\" alt=\"\" width=\"151\" height=\"139\" \/><\/a><\/td>\n<td style=\"width: 191px; height: 156px;\">\u00a0<a href=\"https:\/\/banbientan.com\/dai-ly-omron\/cam-bien-tiem-can\/e2b-cam-bien-tiem-can-gia-re\/\"><img loading=\"lazy\" decoding=\"async\" title=\"e2b\" src=\"https:\/\/banbientan.com\/wp-content\/uploads\/2013\/05\/e2b.jpg\" alt=\"\" width=\"166\" height=\"119\" \/><\/a><\/td>\n<td style=\"width: 199px; height: 156px;\">\u00a0<a href=\"https:\/\/banbientan.com\/dai-ly-omron\/dieu-khien-nhiet-do\/e5cc-e5ec-loai-kinh-te-2\/\"><img loading=\"lazy\" decoding=\"async\" title=\"Home\" src=\"https:\/\/banbientan.com\/wp-content\/uploads\/2012\/09\/E5CC+E5ECW-300x292.jpg\" alt=\"E5CC+E5ECW 300x292 Home\" width=\"155\" height=\"151\" \/><\/a><\/td>\n<td style=\"width: 181.838px; height: 156px;\">\u00a0<a href=\"https:\/\/banbientan.com\/dai-ly-omron\/bo-dem\/h7cz-l8-gia-re\/\"><img loading=\"lazy\" decoding=\"async\" class=\"\" title=\"Home\" src=\"https:\/\/banbientan.com\/wp-content\/uploads\/2012\/07\/h7cz-bodemhienthiso.png\" alt=\"h7cz bodemhienthiso Home\" width=\"149\" height=\"141\" \/><\/a><\/td>\n<\/tr>\n<tr style=\"height: 21px;\">\n<td style=\"width: 178px; height: 21px;\"><a href=\"https:\/\/banbientan.com\/dai-ly-omron\/cam-bien-quang\/e3fae3ra-loai-moi\/\">C\u1ea3m bi\u1ebfn quang E3FA<\/a><\/td>\n<td style=\"width: 191px; height: 21px;\"><a href=\"https:\/\/banbientan.com\/dai-ly-omron\/cam-bien-tiem-can\/e2b-cam-bien-tiem-can-gia-re\/\">C\u1ea3m bi\u1ebfn ti\u1ec7m c\u1eadn E2B<\/a><\/td>\n<td style=\"width: 199px; height: 21px;\"><a href=\"https:\/\/banbientan.com\/dai-ly-omron\/dieu-khien-nhiet-do\/e5cc-e5ec-loai-kinh-te-2\/\" target=\"_blank\" rel=\"noopener\">\u0110i\u1ec1u khi\u1ec3n nhi\u1ec7t \u0111\u1ed9 E5CC<\/a><\/td>\n<td style=\"width: 181.838px; height: 21px;\"><a href=\"https:\/\/banbientan.com\/dai-ly-omron\/bo-dem\/h7cz-l8-gia-re\/\" target=\"_blank\" rel=\"noopener\">B\u1ed9 \u0111\u1ebfm H7CZ<\/a><\/td>\n<\/tr>\n<tr style=\"height: 155px;\">\n<td style=\"width: 178px; height: 155px;\">\u00a0<a href=\"https:\/\/banbientan.com\/dai-ly-omron\/timer\/h5cz-timer-omrom\/\"><img loading=\"lazy\" decoding=\"async\" title=\"Home\" src=\"https:\/\/banbientan.com\/wp-content\/uploads\/2012\/10\/H5CZ-L8-293x300.jpg\" alt=\"H5CZ L8 293x300 Home\" width=\"146\" height=\"149\" \/><\/a><\/td>\n<td style=\"width: 191px; height: 155px;\">\u00a0<a href=\"https:\/\/banbientan.com\/dai-ly-omron\/dong-ho-can-k3hb-v\/\"><img loading=\"lazy\" decoding=\"async\" title=\"Home\" src=\"https:\/\/banbientan.com\/wp-content\/uploads\/2011\/10\/k3hb-v_small.jpg\" alt=\"k3hb v small Home\" width=\"167\" height=\"117\" \/><\/a><\/td>\n<td style=\"width: 199px; height: 155px;\"><a href=\"https:\/\/banbientan.com\/e6a2-loai-kinh-te\/\" target=\"_blank\" rel=\"noopener\">\u00a0<img loading=\"lazy\" decoding=\"async\" title=\"Home\" src=\"https:\/\/banbientan.com\/wp-content\/uploads\/2012\/10\/E6A2-CW3C-100P-R-300x253.jpg\" alt=\"E6A2 CW3C 100P R 300x253 Home\" width=\"155\" height=\"131\" \/><\/a><\/td>\n<td style=\"width: 181.838px; height: 155px;\">\u00a0<a href=\"https:\/\/banbientan.com\/dai-ly-omron\/cong-tac-hanh-trinh\/wl-cong-tac-hanh-trinh\/\"><img loading=\"lazy\" decoding=\"async\" title=\"Home\" src=\"https:\/\/banbientan.com\/wp-content\/uploads\/2012\/07\/switches_limit_wl_pic01_01oct2000-300x188.jpg\" alt=\"switches limit wl pic01 01oct2000 300x188 Home\" width=\"169\" height=\"106\" \/><\/a><\/td>\n<\/tr>\n<tr style=\"height: 21.0603px;\">\n<td style=\"width: 178px; height: 21.0603px;\"><a href=\"https:\/\/banbientan.com\/dai-ly-omron\/timer\/h5cz-timer-omrom\/\">B\u1ed9 \u0111\u1eb7t th\u1eddi gian H5CZ<\/a><\/td>\n<td style=\"width: 191px; height: 21.0603px;\"><a href=\"https:\/\/banbientan.com\/dai-ly-omron\/dong-ho-can-k3hb-v\/\" target=\"_blank\" rel=\"noopener\">\u0110\u1ed3ng h\u1ed3 c\u00e2n K3HB-VLC<\/a><\/td>\n<td style=\"width: 199px; height: 21.0603px;\"><a href=\"https:\/\/banbientan.com\/tu-dong-hoa-omron\/ma-hoa-vong-quay-encoder\/encoder-e6b2\/\" target=\"_blank\" rel=\"noopener\">B\u1ed9 m\u00e3 h\u00f3a xung E6B2<\/a><\/td>\n<td style=\"width: 181.838px; height: 21.0603px;\"><a style=\"color: #074d7c;\" href=\"https:\/\/banbientan.com\/dai-ly-omron\/cong-tac-hanh-trinh\/wl-cong-tac-hanh-trinh\/\" target=\"_blank\" rel=\"noopener\">C\u00f4ng t\u1eafc h\u00e0nh tr\u00ecnh WL<\/a><\/td>\n<\/tr>\n<tr style=\"height: 152px;\">\n<td style=\"width: 178px; height: 152px;\"><a href=\"https:\/\/banbientan.com\/dai-ly-omron\/ro-le\/my-relay-omron\/\"><img loading=\"lazy\" decoding=\"async\" title=\"Home\" src=\"https:\/\/banbientan.com\/wp-content\/uploads\/2011\/10\/my_relay.jpg\" alt=\"my relay Home\" width=\"154\" height=\"89\" \/><\/a><\/td>\n<td style=\"width: 191px; height: 152px;\"><a href=\"https:\/\/banbientan.com\/ro-le-bao-ve-dong-dien-ap-pha-k8ak-k8ds\/\"><img loading=\"lazy\" decoding=\"async\" class=\"alignnone wp-image-15183\" src=\"https:\/\/banbientan.com\/wp-content\/uploads\/2013\/07\/k8ak-bao-ve-mat-pha-300x274.jpg\" alt=\"k8ak bao ve mat pha\" width=\"160\" height=\"146\" \/><\/a><\/td>\n<td style=\"width: 199px; height: 152px;\"><a href=\"https:\/\/banbientan.com\/bo-lap-trinh-don-gian-zen-logo\/\"><img loading=\"lazy\" decoding=\"async\" title=\"Home\" src=\"https:\/\/banbientan.com\/wp-content\/uploads\/2011\/10\/zen_small.jpg\" alt=\"zen small Home\" width=\"176\" height=\"106\" \/><\/a><\/td>\n<td style=\"width: 181.838px; height: 152px;\"><a href=\"https:\/\/banbientan.com\/dai-ly-omron\/bo-nguon-xung-24v\/s8jc\/\"><img loading=\"lazy\" decoding=\"async\" title=\"bo nguon xung S8Jc\" src=\"https:\/\/banbientan.com\/wp-content\/uploads\/2011\/10\/bo-nguon-xung-S8Jc.jpg\" alt=\"bo nguon xung S8Jc Home\" width=\"173\" height=\"113\" \/><\/a><\/td>\n<\/tr>\n<tr style=\"height: 21px;\">\n<td style=\"width: 178px; height: 21px;\"><a href=\"https:\/\/banbientan.com\/dai-ly-omron\/ro-le\/my-relay-omron\/\" target=\"_blank\" rel=\"noopener\">R\u01a1 le trung gian MY<\/a><\/td>\n<td style=\"width: 191px; height: 21px;\"><a href=\"https:\/\/banbientan.com\/tu-dong-hoa-omron\/ro-le-mat-pha-qua-ap-dong\/ro-le-bao-ve-dong-dien-ap-pha-k8ak-k8ds\/\">R\u01a1 le b\u1ea3o v\u1ec7 m\u1ea5t pha K8DS<\/a><\/td>\n<td style=\"width: 199px; height: 21px;\"><a style=\"color: #074d7c;\" href=\"https:\/\/banbientan.com\/tu-dong-hoa-omron\/bo-lap-trinh-zen-omron\/bo-lap-trinh-don-gian-zen-logo\/\">B\u1ed9 l\u1eadp tr\u00ecnh ZEN<\/a><\/td>\n<td style=\"width: 181.838px; height: 21px;\"><a href=\"https:\/\/banbientan.com\/dai-ly-omron\/bo-nguon-xung-24v\/s8jc\/\" target=\"_blank\" rel=\"noopener\">B\u1ed9 ngu\u1ed3n xung S8JC<\/a><\/td>\n<\/tr>\n<tr style=\"height: 170px;\">\n<td style=\"width: 178px; height: 170px;\"><a href=\"https:\/\/banbientan.com\/dai-ly-omron\/bien-tan-omron\/3g3mx2\/\"><img loading=\"lazy\" decoding=\"async\" title=\"3G3MX2 bien tan omron\" src=\"https:\/\/banbientan.com\/wp-content\/uploads\/2011\/10\/3G3MX2-bien-tan-omron.jpg\" alt=\"3G3MX2 bien tan omron Home\" width=\"131\" height=\"149\" \/><\/a><\/td>\n<td style=\"width: 191px; height: 170px;\"><a href=\"https:\/\/banbientan.com\/dai-ly-omron\/dong-ho-do\/k3ma-j\/\"><img loading=\"lazy\" decoding=\"async\" title=\"K3MA-j\" src=\"https:\/\/banbientan.com\/wp-content\/uploads\/2011\/10\/K3MA-j.jpg\" alt=\"K3MA j Home\" width=\"154\" height=\"109\" \/><\/a><\/td>\n<td style=\"width: 199px; height: 170px;\"><a href=\"https:\/\/banbientan.com\/dai-ly-omron\/cam-bien-tiem-can\/e2k-c\/\"><img loading=\"lazy\" decoding=\"async\" title=\"cam bien tiem can dien dung E2CK\" src=\"https:\/\/banbientan.com\/wp-content\/uploads\/2011\/10\/cam-bien-tiem-can-dien-dung-E2CK.jpg\" alt=\"cam bien tiem can dien dung E2CK Home\" width=\"146\" height=\"130\" \/><\/a><\/td>\n<td style=\"width: 181.838px; height: 170px;\"><a href=\"https:\/\/banbientan.com\/bo-kiem-tra-do-muc-chat-long-61f\/\"><img loading=\"lazy\" decoding=\"async\" title=\"61f_levelctrlr_small\" src=\"https:\/\/banbientan.com\/wp-content\/uploads\/2011\/10\/61f_levelctrlr_small.jpg\" alt=\"61f levelctrlr small Home\" width=\"167\" height=\"124\" \/><\/a><\/td>\n<\/tr>\n<tr style=\"height: 21px;\">\n<td style=\"width: 178px; height: 21px;\"><a style=\"color: #074d7c;\" href=\"https:\/\/banbientan.com\/dai-ly-omron\/bien-tan-omron\/3g3mx2\/\" target=\"_blank\" rel=\"noopener\">Bi\u1ebfn t\u1ea7n Omron 3G3MX2<\/a><\/td>\n<td style=\"width: 191px; height: 21px;\"><a href=\"https:\/\/banbientan.com\/dai-ly-omron\/dong-ho-do\/k3ma-j\/\" target=\"_blank\" rel=\"noopener\">B\u1ed9 \u0111o d\u00f2ng, \u00e1p K3MA<\/a><\/td>\n<td style=\"width: 199px; height: 21px;\"><a href=\"https:\/\/banbientan.com\/dai-ly-omron\/cam-bien-tiem-can\/e2k-c\/\" target=\"_blank\" rel=\"noopener\">C\u1ea3m bi\u1ebfn ti\u1ec7m c\u1eadn \u0111i\u1ec7n dung<\/a><\/td>\n<td style=\"width: 181.838px; height: 21px;\"><a href=\"https:\/\/banbientan.com\/tu-dong-hoa-omron\/bo-bao-muc-nuoc\/bo-kiem-tra-do-muc-chat-long-61f\/\" target=\"_blank\" rel=\"noopener\">\u0110i\u1ec1u khi\u1ec3n m\u1ee9c n\u01b0\u1edbc 61F<\/a><\/td>\n<\/tr>\n<\/tbody>\n<\/table>\n<p style=\"text-align: left;\"><span style=\"color: #ff0000;\"><strong>3 &#8211; C\u00e1c\u00a0h\u00e3ng<a href=\"https:\/\/banbientan.com\/bien-tan-cac-loai\/\" target=\"_blank\" rel=\"noopener\">\u00a0bi\u1ebfn t\u1ea7n<\/a>\u00a0b\u00e1n th\u01b0\u01a1ng m\u1ea1i:<img loading=\"lazy\" decoding=\"async\" class=\"wp-image-17365 aligncenter\" src=\"https:\/\/banbientan.com\/wp-content\/uploads\/2013\/07\/logo-cac-hang-min.jpg\" alt=\"logo cac hang min\" width=\"691\" height=\"85\" \/><br \/><\/strong><\/span><\/p>\n<table style=\"height: 140px;\" border=\"0\" width=\"697\">\n<tbody>\n<tr>\n<td><span style=\"color: #0000ff;\"><strong>\u00a0<a style=\"color: #0000ff;\" href=\"https:\/\/banbientan.com\/bien-tan-ked\/\">Bi\u1ebfn t\u1ea7n KED<\/a><\/strong><\/span><\/td>\n<td><span style=\"color: #0000ff;\"><strong><span style=\"font-size: 12pt;\"><span style=\"font-family: arial;\"><a style=\"color: #0000ff;\" href=\"https:\/\/banbientan.com\/bien-tan-frecon\/\" target=\"_blank\" rel=\"noopener\">Bi\u1ebfn t\u1ea7n Frecon<\/a><\/span><\/span><\/strong><\/span><\/td>\n<td><span style=\"color: #0000ff;\"><strong><a style=\"color: #0000ff;\" href=\"https:\/\/banbientan.com\/bien-tan-invt-chf\/\">Bi\u1ebfn t\u1ea7n INVT<\/a><\/strong><\/span><\/td>\n<td><span style=\"color: #0000ff;\"><a style=\"color: #0000ff;\" href=\"https:\/\/banbientan.com\/bien-tan-yaskawa-inverter\/\"><strong>Bi\u1ebfn t\u1ea7n YASKAWA<\/strong><\/a><\/span><\/td>\n<\/tr>\n<tr>\n<td><a href=\"https:\/\/banbientan.com\/tu-dong-hoa-omron\/inverter_omron\/\">Bi\u1ebfn t\u1ea7n OMRON<br \/><\/a><\/td>\n<td><a href=\"https:\/\/banbientan.com\/control-techniques\/bien-tan\/\"><strong>Bi\u1ebfn t\u1ea7n EMERSON<\/strong><\/a><a href=\"https:\/\/banbientan.com\/bien-tan-siemen\/\"><br \/><\/a><\/td>\n<td><a href=\"https:\/\/banbientan.com\/bien-tan-ls-lg\/\">Bi\u1ebfn t\u1ea7n LS<\/a><\/td>\n<td><a href=\"https:\/\/banbientan.com\/bien-tan-inovance\/\">Bi\u1ebfn t\u1ea7n INOVANCE<br \/><\/a><\/td>\n<\/tr>\n<tr>\n<td><a href=\"https:\/\/banbientan.com\/bien-tan-abb-acs\/\">Bi\u1ebfn t\u1ea7n ABB<\/a><\/td>\n<td><a href=\"https:\/\/banbientan.com\/bien-tan-hyundai\/\">Bi\u1ebfn t\u1ea7n Hyundai<br \/><\/a><\/td>\n<td><a href=\"https:\/\/banbientan.com\/bien-tan-hitachi-1\/\">Bi\u1ebfn t\u1ea7n HITACHI<br \/><\/a><\/td>\n<td><a href=\"https:\/\/banbientan.com\/ban-bien-tan-fuji\/\">Bi\u1ebfn t\u1ea7n Fuji<br \/><\/a><\/td>\n<\/tr>\n<tr>\n<td><a href=\"https:\/\/banbientan.com\/bien-tan-danfoss-vlt\/\">Bi\u1ebfn t\u1ea7n Danfoss<br \/><\/a><\/td>\n<td><a href=\"https:\/\/banbientan.com\/bien-tan-cs-cs\/\">Bi\u1ebfn t\u1ea7n CS<br \/><\/a><\/td>\n<td><a href=\"https:\/\/banbientan.com\/bien-tan-altivar-schneider\/\">Bi\u1ebfn t\u1ea7n Schneider<br \/><\/a><\/td>\n<td><a href=\"https:\/\/banbientan.com\/bien-tan-mitshubishi\/\">Bi\u1ebfn t\u1ea7n Mitshubishi<br \/><\/a><\/td>\n<\/tr>\n<tr>\n<td><a href=\"https:\/\/banbientan.com\/bien-tan-cutes-ct\/\">Bi\u1ebfn t\u1ea7n Cutes<\/a><\/td>\n<td><a href=\"https:\/\/banbientan.com\/bien-tan-chziri-chziri\/\">Bi\u1ebfn t\u1ea7n Chziri<br \/><\/a><\/td>\n<td><a href=\"https:\/\/banbientan.com\/bien-tan-toshiba-inverter\/\">Bi\u1ebfn t\u1ea7n Toshiba<\/a><\/td>\n<td><a style=\"font-family: sans-serif; font-size: medium;\" href=\"https:\/\/banbientan.com\/bien-tan-powtran-2\/\">Bi\u1ebfn t\u1ea7n Powtran<\/a><\/td>\n<\/tr>\n<tr>\n<td><a href=\"https:\/\/banbientan.com\/bien-tan-keb-inverter\/\">Bi\u1ebfn t\u1ea7n KEB<br \/><\/a><\/td>\n<td><a href=\"https:\/\/banbientan.com\/bi%e1%ba%bfn-t%e1%ba%a7n-sew\/\">Bi\u1ebfn t\u1ea7n SEW<\/a><\/td>\n<td><a href=\"https:\/\/banbientan.com\/bien-tan-adlee\/\">Bi\u1ebfn t\u1ea7n ADLEE<\/a><\/td>\n<td><a href=\"https:\/\/banbientan.com\/bien-tan-sinee-inverter\/\">Bi\u1ebfn t\u1ea7n Sinee<\/a><\/td>\n<\/tr>\n<tr>\n<td><a style=\"font-family: sans-serif; font-size: medium;\" href=\"https:\/\/banbientan.com\/bien-tan-teco-inverter\/\">Bi\u1ebfn t\u1ea7n Teco<\/a><span style=\"font-family: arial; font-size: 11px;\">\u00a0<\/span><\/td>\n<td><a style=\"font-family: sans-serif; font-size: medium;\" href=\"https:\/\/banbientan.com\/bien-tan-vacon-inverter\/\">Bi\u1ebfn t\u1ea7n Vacon<\/a><span style=\"font-family: arial; font-size: 11px;\">\u00a0<\/span><\/td>\n<td><a style=\"font-family: sans-serif; font-size: medium;\" href=\"https:\/\/banbientan.com\/bien-tan-senlan\/\">Bi\u1ebfn t\u1ea7n Senlan<\/a><\/td>\n<td><a style=\"font-family: sans-serif; font-size: medium;\" href=\"https:\/\/banbientan.com\/bien-tan-lenze\/\">Bi\u1ebfn t\u1ea7n Lenze<\/a><\/td>\n<\/tr>\n<tr>\n<td><span style=\"font-size: 12pt;\"><span style=\"font-family: arial;\"><a href=\"https:\/\/banbientan.com\/bien-tan-delta-dai-loan\/\">Bi\u1ebfn t\u1ea7n DELTA<\/a><\/span><\/span><\/td>\n<td><a href=\"https:\/\/banbientan.com\/bien-tan-shihlin\/\">Bi\u1ebfn t\u1ea7n Shihlin<\/a><\/td>\n<td>\u00a0<a href=\"https:\/\/banbientan.com\/bien-tan-rockwell\/\">Bi\u1ebfn t\u1ea7n Rockwell<\/a><\/td>\n<td>\u00a0<a href=\"https:\/\/banbientan.com\/bien-tan-siemen\/\">Bi\u1ebfn t\u1ea7n SIEMENS<\/a><\/td>\n<\/tr>\n<\/tbody>\n<\/table>\n<p><strong style=\"font-size: 14pt;\">\u21d2\u00a0<a href=\"https:\/\/banbientan.com\/anh-cong-truong-thi-cong\/\">Xem m\u1ed9t s\u1ed1 h\u00ecnh \u1ea3nh C\u00f4ng Tr\u01b0\u1eddng H\u01b0ng Long \u0111\u00e3 thi c\u00f4ng<\/a><\/strong><\/p>\n[\/col] [\/row] ","protected":false},"excerpt":{"rendered":"","protected":false},"author":2,"featured_media":5841,"parent":0,"menu_order":0,"comment_status":"open","ping_status":"closed","template":"page-blank.php","meta":{"footnotes":""},"class_list":["post-46","page","type-page","status-publish","has-post-thumbnail","hentry"],"_links":{"self":[{"href":"https:\/\/hunglong.banbientan.com\/index.php?rest_route=\/wp\/v2\/pages\/46","targetHints":{"allow":["GET"]}}],"collection":[{"href":"https:\/\/hunglong.banbientan.com\/index.php?rest_route=\/wp\/v2\/pages"}],"about":[{"href":"https:\/\/hunglong.banbientan.com\/index.php?rest_route=\/wp\/v2\/types\/page"}],"author":[{"embeddable":true,"href":"https:\/\/hunglong.banbientan.com\/index.php?rest_route=\/wp\/v2\/users\/2"}],"replies":[{"embeddable":true,"href":"https:\/\/hunglong.banbientan.com\/index.php?rest_route=%2Fwp%2Fv2%2Fcomments&post=46"}],"version-history":[{"count":0,"href":"https:\/\/hunglong.banbientan.com\/index.php?rest_route=\/wp\/v2\/pages\/46\/revisions"}],"wp:featuredmedia":[{"embeddable":true,"href":"https:\/\/hunglong.banbientan.com\/index.php?rest_route=\/"}],"wp:attachment":[{"href":"https:\/\/hunglong.banbientan.com\/index.php?rest_route=%2Fwp%2Fv2%2Fmedia&parent=46"}],"curies":[{"name":"wp","href":"https:\/\/api.w.org\/{rel}","templated":true}]}}