{"id":4950,"date":"2012-07-04T02:26:42","date_gmt":"2012-07-03T19:26:42","guid":{"rendered":"https:\/\/banbientan.com\/?page_id=4950"},"modified":"2012-07-04T02:26:42","modified_gmt":"2012-07-03T19:26:42","slug":"cpm1a","status":"publish","type":"page","link":"https:\/\/hunglong.banbientan.com\/?page_id=4950","title":{"rendered":"CPM1A"},"content":{"rendered":"<p>B\u1ed9 \u0111i\u1ec1u khi\u1ec3n l\u1eadp tr\u00ecnh c\u1ee1 nh\u1ecf\u00a0CPM1A<br \/>\n<strong>Tham kh\u1ea3o thay th\u1ebf sang d\u00f2ng <a href=\"https:\/\/banbientan.com\/dai-ly-omron\/plc-bo-lap-trinh\/cp1e\/\" target=\"_blank\" rel=\"noopener\">CP1E<\/a><\/strong><br \/>\n<a href=\"https:\/\/banbientan.com\/wp-content\/uploads\/2012\/07\/CPM1A.gif\"><img loading=\"lazy\" decoding=\"async\" class=\"alignnone  wp-image-4958\" title=\"CPM1A\" alt=\"\" src=\"https:\/\/banbientan.com\/wp-content\/uploads\/2012\/07\/CPM1A.gif\" width=\"359\" height=\"338\" \/><\/a><br \/>\n<strong><a href=\"https:\/\/banbientan.com\/wp-content\/uploads\/2012\/07\/CPM1A.pdf\">Catalog ti\u1ebfng vi\u1ec7t CPM1A<\/a><\/strong><br \/>\nC\u00f3 nhi\u1ec1u model kh\u00e1c nhau, m\u1edf r\u1ed9ng t\u1edbi 160 I\/O.<br \/>\n\u0083 Thi\u1ebft k\u1ebf g\u1ecdn ph\u00f9 h\u1ee3p v\u1edbi b\u1ea5t k\u1ef3 v\u1ecb tr\u00ed n\u00e0o.<br \/>\n\u0083 C\u00f3 nhi\u1ec1u t\u00ednh n\u0103ng: 2 b\u1ed9 \u0111i\u1ec1u ch\u1ec9nh \u0111\u1eb7t analog<br \/>\no X\u1eed l\u00fd ng\u1eaft<br \/>\no C\u00e1c \u0111\u1ea7u v\u00e0o \u0111\u00e1p \u1ee9ng nhanh<br \/>\no B\u1ed9 \u0111\u1ebfm (counter) t\u1ed1c \u0111\u1ed9 cao<br \/>\n<a href=\"https:\/\/banbientan.com\/wp-content\/uploads\/2012\/07\/cmp1a_pic1_small.jpg\"><img loading=\"lazy\" decoding=\"async\" class=\"alignnone size-full wp-image-4959\" title=\"cmp1a_pic1_small\" alt=\"\" src=\"https:\/\/banbientan.com\/wp-content\/uploads\/2012\/07\/cmp1a_pic1_small.jpg\" width=\"364\" height=\"226\" \/><\/a><br \/>\nTh\u00f4ng tin \u0111\u1eb7t h\u00e0ng<\/p>\n<table style=\"width: 637px;\" border=\"1\" cellspacing=\"0\" cellpadding=\"0\">\n<tbody>\n<tr>\n<td valign=\"bottom\" nowrap=\"nowrap\" width=\"61\"><span style=\"font-size: small;\">Ngu\u1ed3n \u0111i\u1ec7n<\/span><\/td>\n<td valign=\"bottom\" nowrap=\"nowrap\" width=\"99\"><span style=\"font-size: small;\">\u00a0S\u1ed1 \u0111\u1ea7u v\u00e0o<\/span><\/td>\n<td valign=\"bottom\" width=\"93\"><span style=\"font-size: small;\">S\u1ed1 \u0111\u1ea7u ra<\/span><\/td>\n<td valign=\"bottom\" nowrap=\"nowrap\" width=\"180\"><span style=\"font-size: small;\">\u0110\u1ea7u ra r\u01a1le<\/span><\/td>\n<td valign=\"bottom\" nowrap=\"nowrap\" width=\"204\"><span style=\"font-size: small;\">\u0110\u1ea7u ra transistor<\/span><\/td>\n<\/tr>\n<tr>\n<td valign=\"bottom\" nowrap=\"nowrap\" width=\"61\"><span style=\"font-size: small;\">AC\u00a0<\/span><\/td>\n<td valign=\"bottom\" nowrap=\"nowrap\" width=\"99\"><span style=\"font-size: small;\">6 \u0111\u1ea7u<\/span><\/td>\n<td valign=\"bottom\" nowrap=\"nowrap\" width=\"93\"><span style=\"font-size: small;\">4 \u0111\u1ea7u<\/span><\/td>\n<td valign=\"bottom\" nowrap=\"nowrap\" width=\"180\"><span style=\"font-size: small;\">CPM1A-10CDR-A-V1<\/span><\/td>\n<td valign=\"bottom\" nowrap=\"nowrap\" width=\"204\"><span style=\"font-size: small;\">\u00a0<\/span><\/td>\n<\/tr>\n<tr>\n<td valign=\"bottom\" nowrap=\"nowrap\" width=\"61\"><span style=\"font-size: small;\">AC<\/span><\/td>\n<td valign=\"bottom\" nowrap=\"nowrap\" width=\"99\"><span style=\"font-size: small;\">12 \u0111\u1ea7u\u00a0\u00a0<\/span><\/td>\n<td valign=\"bottom\" nowrap=\"nowrap\" width=\"93\"><span style=\"font-size: small;\">8 \u0111\u1ea7u<\/span><\/td>\n<td valign=\"bottom\" nowrap=\"nowrap\" width=\"180\"><span style=\"font-size: small;\">CPM1A-20CDR-A-V1<\/span><\/td>\n<td valign=\"bottom\" nowrap=\"nowrap\" width=\"204\"><span style=\"font-size: small;\">\u00a0<\/span><\/td>\n<\/tr>\n<tr>\n<td valign=\"bottom\" nowrap=\"nowrap\" width=\"61\"><span style=\"font-size: small;\">DC<\/span><\/td>\n<td valign=\"bottom\" nowrap=\"nowrap\" width=\"99\"><span style=\"font-size: small;\">12 \u0111\u1ea7u\u00a0\u00a0<\/span><\/td>\n<td valign=\"bottom\" nowrap=\"nowrap\" width=\"93\"><span style=\"font-size: small;\">8 \u0111\u1ea7u<\/span><\/td>\n<td valign=\"bottom\" nowrap=\"nowrap\" width=\"180\"><span style=\"font-size: small;\">\u00a0<\/span><\/td>\n<td valign=\"bottom\" nowrap=\"nowrap\" width=\"204\"><span style=\"font-size: small;\">CPM1A-20CDT-D-V2<\/span><\/td>\n<\/tr>\n<tr>\n<td valign=\"bottom\" nowrap=\"nowrap\" width=\"61\"><span style=\"font-size: small;\">AC\u00a0<\/span><\/td>\n<td valign=\"bottom\" nowrap=\"nowrap\" width=\"99\"><span style=\"font-size: small;\">18 \u0111\u1ea7u<\/span><\/td>\n<td valign=\"bottom\" nowrap=\"nowrap\" width=\"93\"><span style=\"font-size: small;\">12 \u0111\u1ea7u<\/span><\/td>\n<td valign=\"bottom\" nowrap=\"nowrap\" width=\"180\"><span style=\"font-size: small;\">CPM1A-30CDR-A-V1<\/span><\/td>\n<td valign=\"bottom\" nowrap=\"nowrap\" width=\"204\"><span style=\"font-size: small;\">\u00a0<\/span><\/td>\n<\/tr>\n<tr>\n<td valign=\"bottom\" nowrap=\"nowrap\" width=\"61\"><span style=\"font-size: small;\">AC\u00a0<\/span><\/td>\n<td valign=\"bottom\" nowrap=\"nowrap\" width=\"99\"><span style=\"font-size: small;\">24 \u0111\u1ea7u<\/span><\/td>\n<td valign=\"bottom\" nowrap=\"nowrap\" width=\"93\"><span style=\"font-size: small;\">16 \u0111\u1ea7u<\/span><\/td>\n<td valign=\"bottom\" nowrap=\"nowrap\" width=\"180\"><span style=\"font-size: small;\">CPM1A-40CDR-A-V1<\/span><\/td>\n<td valign=\"bottom\" nowrap=\"nowrap\" width=\"204\"><span style=\"font-size: small;\">\u00a0<\/span><\/td>\n<\/tr>\n<tr>\n<td valign=\"bottom\" nowrap=\"nowrap\" width=\"61\"><span style=\"font-size: small;\">DC<\/span><\/td>\n<td valign=\"bottom\" nowrap=\"nowrap\" width=\"99\"><span style=\"font-size: small;\">24 \u0111\u1ea7u<\/span><\/td>\n<td valign=\"bottom\" nowrap=\"nowrap\" width=\"93\"><span style=\"font-size: small;\">16 \u0111\u1ea7u<\/span><\/td>\n<td valign=\"bottom\" nowrap=\"nowrap\" width=\"180\"><span style=\"font-size: small;\">\u00a0<\/span><\/td>\n<td valign=\"bottom\" nowrap=\"nowrap\" width=\"204\"><span style=\"font-size: small;\">CPM1A-40CDT-D-V2<\/span><\/td>\n<\/tr>\n<\/tbody>\n<\/table>\n<p><strong><span style=\"font-size: small;\">\u00a0Module m\u1edf r\u1ed9ng (d\u00f9ng cho c\u1ea3 CPM2A):<\/span><\/strong><br \/>\nc\u00f3 th\u1ec3 n\u1ed1i t\u1ed1i \u0111a 3 module m\u1edf r\u1ed9ng (n\u1ebfu d\u00f9ng CPM1A-AD\/DA041 th\u00ec ch\u1ec9 c\u00f3 th\u1ec3 n\u1ed1i 2: 1 module analog + 1 module I\/O)<strong><\/strong><\/p>\n<table style=\"width: 625px;\" border=\"0\" cellspacing=\"0\" cellpadding=\"0\">\n<tbody>\n<tr>\n<td valign=\"bottom\" nowrap=\"nowrap\" width=\"151\">C\u00e1c module I\/O m\u1edf r\u1ed9ng<\/td>\n<td valign=\"bottom\" nowrap=\"nowrap\" width=\"66\">\u00a0S\u1ed1 \u0111\u1ea7u v\u00e0o<\/td>\n<td valign=\"bottom\" nowrap=\"nowrap\" width=\"48\">\u00a0S\u1ed1 \u0111\u1ea7u ra<\/td>\n<td valign=\"bottom\" nowrap=\"nowrap\" width=\"168\">\u0110\u1ea7u ra r\u01a1le<\/td>\n<td valign=\"bottom\" nowrap=\"nowrap\" width=\"192\">\u0110\u1ea7u ra transistor<\/td>\n<\/tr>\n<tr>\n<td valign=\"bottom\" nowrap=\"nowrap\" width=\"151\">20 \u0111\u1ea7u I\/O<\/td>\n<td valign=\"bottom\" nowrap=\"nowrap\" width=\"66\">\u00a012<\/td>\n<td valign=\"bottom\" nowrap=\"nowrap\" width=\"48\">8<\/td>\n<td valign=\"bottom\" nowrap=\"nowrap\" width=\"168\">CPM1A-20EDR1<\/td>\n<td valign=\"bottom\" nowrap=\"nowrap\" width=\"192\">CPM1A-20EDT<\/td>\n<\/tr>\n<tr>\n<td valign=\"bottom\" nowrap=\"nowrap\" width=\"151\">40 \u0111\u1ea7u I\/O<\/td>\n<td valign=\"bottom\" nowrap=\"nowrap\" width=\"66\">\u00a024<\/td>\n<td valign=\"bottom\" nowrap=\"nowrap\" width=\"48\">16<\/td>\n<td valign=\"bottom\" nowrap=\"nowrap\" width=\"168\">CPM1A-40EDR<\/td>\n<td valign=\"bottom\" nowrap=\"nowrap\" width=\"192\">CPM1A-40EDT<\/td>\n<\/tr>\n<tr>\n<td valign=\"bottom\" nowrap=\"nowrap\" width=\"151\">8 \u0111\u1ea7u v\u00e0o<\/td>\n<td valign=\"bottom\" nowrap=\"nowrap\" width=\"66\">\u00a08<\/td>\n<td valign=\"bottom\" nowrap=\"nowrap\" width=\"48\">&#8212;<\/td>\n<td valign=\"bottom\" nowrap=\"nowrap\" width=\"168\">CPM1A-8ED<\/td>\n<td valign=\"bottom\" nowrap=\"nowrap\" width=\"192\"><\/td>\n<\/tr>\n<tr>\n<td valign=\"bottom\" nowrap=\"nowrap\" width=\"151\">8 \u0111\u1ea7u ra<\/td>\n<td valign=\"bottom\" nowrap=\"nowrap\" width=\"66\">\u00a0&#8212;<\/td>\n<td valign=\"bottom\" nowrap=\"nowrap\" width=\"48\">8<\/td>\n<td valign=\"bottom\" nowrap=\"nowrap\" width=\"168\">CPM1A-8ER<\/td>\n<td valign=\"bottom\" nowrap=\"nowrap\" width=\"192\">CPM1A-8ET<\/td>\n<\/tr>\n<\/tbody>\n<\/table>\n<p><strong>\u00a0<a href=\"https:\/\/banbientan.com\/wp-content\/uploads\/2012\/07\/1_Gioi-thieu-CPM1-Kit.pdf\">1_Gioi thieu CPM1 Kit<\/a><\/strong><br \/>\n<strong><a href=\"https:\/\/banbientan.com\/wp-content\/uploads\/2012\/07\/2_Cau-truc-CPM1.pdf\">2_Cau truc CPM1<\/a><\/strong><br \/>\n<strong><a href=\"https:\/\/banbientan.com\/wp-content\/uploads\/2012\/07\/3_Lap-trinh-dung-ban-phim.pdf\">3_Lap trinh dung ban phim<\/a><\/strong><br \/>\n<strong><a href=\"https:\/\/banbientan.com\/wp-content\/uploads\/2012\/07\/4_Lap-trinh-so-do-hinh-thang.pdf\">4_Lap trinh so do hinh thang<\/a><\/strong><br \/>\n<strong><a href=\"https:\/\/banbientan.com\/wp-content\/uploads\/2012\/07\/5_Cac-lenh-pho-bien.pdf\">5_Cac lenh pho bien<\/a><\/strong><\/p>\n","protected":false},"excerpt":{"rendered":"<p>B\u1ed9 \u0111i\u1ec1u khi\u1ec3n l\u1eadp tr\u00ecnh c\u1ee1 nh\u1ecf\u00a0CPM1A Tham kh\u1ea3o thay th\u1ebf sang d\u00f2ng CP1E Catalog ti\u1ebfng vi\u1ec7t CPM1A C\u00f3 nhi\u1ec1u model kh\u00e1c nhau, m\u1edf r\u1ed9ng t\u1edbi 160 I\/O. \u0083 Thi\u1ebft k\u1ebf g\u1ecdn ph\u00f9 h\u1ee3p v\u1edbi b\u1ea5t k\u1ef3 v\u1ecb tr\u00ed n\u00e0o. \u0083 C\u00f3 nhi\u1ec1u t\u00ednh n\u0103ng: 2 b\u1ed9 \u0111i\u1ec1u ch\u1ec9nh \u0111\u1eb7t analog o X\u1eed l\u00fd ng\u1eaft [&hellip;]<\/p>\n","protected":false},"author":2,"featured_media":4958,"parent":128,"menu_order":5,"comment_status":"open","ping_status":"closed","template":"","meta":{"footnotes":""},"class_list":["post-4950","page","type-page","status-publish","has-post-thumbnail","hentry"],"_links":{"self":[{"href":"https:\/\/hunglong.banbientan.com\/index.php?rest_route=\/wp\/v2\/pages\/4950","targetHints":{"allow":["GET"]}}],"collection":[{"href":"https:\/\/hunglong.banbientan.com\/index.php?rest_route=\/wp\/v2\/pages"}],"about":[{"href":"https:\/\/hunglong.banbientan.com\/index.php?rest_route=\/wp\/v2\/types\/page"}],"author":[{"embeddable":true,"href":"https:\/\/hunglong.banbientan.com\/index.php?rest_route=\/wp\/v2\/users\/2"}],"replies":[{"embeddable":true,"href":"https:\/\/hunglong.banbientan.com\/index.php?rest_route=%2Fwp%2Fv2%2Fcomments&post=4950"}],"version-history":[{"count":0,"href":"https:\/\/hunglong.banbientan.com\/index.php?rest_route=\/wp\/v2\/pages\/4950\/revisions"}],"up":[{"embeddable":true,"href":"https:\/\/hunglong.banbientan.com\/index.php?rest_route=\/wp\/v2\/pages\/128"}],"wp:featuredmedia":[{"embeddable":true,"href":"https:\/\/hunglong.banbientan.com\/index.php?rest_route=\/"}],"wp:attachment":[{"href":"https:\/\/hunglong.banbientan.com\/index.php?rest_route=%2Fwp%2Fv2%2Fmedia&parent=4950"}],"curies":[{"name":"wp","href":"https:\/\/api.w.org\/{rel}","templated":true}]}}