{"id":5264,"date":"2013-05-29T00:00:21","date_gmt":"2013-05-28T17:00:21","guid":{"rendered":"https:\/\/banbientan.com\/?page_id=5264"},"modified":"2013-05-29T00:00:21","modified_gmt":"2013-05-28T17:00:21","slug":"commander-sk","status":"publish","type":"page","link":"https:\/\/hunglong.banbientan.com\/?page_id=5264","title":{"rendered":"Commander SK"},"content":{"rendered":"<p><a href=\"https:\/\/banbientan.com\/wp-content\/uploads\/2012\/07\/bien-tan-sk.jpg\"><br \/>\n<img loading=\"lazy\" decoding=\"async\" class=\"alignnone size-full wp-image-5266\" title=\"bien tan sk\" src=\"https:\/\/banbientan.com\/wp-content\/uploads\/2012\/07\/bien-tan-sk.jpg\" alt=\"\" width=\"170\" height=\"167\" \/><\/a>\u00a0<a href=\"https:\/\/banbientan.com\/wp-content\/uploads\/2012\/07\/sk-inverter.jpg\"><img loading=\"lazy\" decoding=\"async\" class=\"alignnone size-full wp-image-5265\" title=\"sk inverter\" src=\"https:\/\/banbientan.com\/wp-content\/uploads\/2012\/07\/sk-inverter.jpg\" alt=\"\" width=\"170\" height=\"172\" \/><\/a><br \/>\n<strong><a href=\"https:\/\/banbientan.com\/wp-content\/uploads\/2012\/07\/Commander-SK-Catalog.pdf\">Commander-SK Catalog<\/a><\/strong><br \/>\n<span style=\"font-size: medium;\"><strong><a href=\"https:\/\/banbientan.com\/wp-content\/uploads\/2012\/07\/Commander-SK-Advanced-User-Guide.pdf\">T\u00e0i li\u1ec7u c\u00e0i \u0111\u1eb7t ti\u1ebfng anh bi\u1ebfn t\u1ea7n Commander SK<\/a><\/strong><\/span><br \/>\n<a href=\"https:\/\/youtu.be\/ysIql5ppW7Y\" target=\"_blank\" rel=\"noopener\">Video h\u01b0\u1edbng d\u1eabn c\u00e0i \u0111\u1eb7t bi\u1ebfn t\u1ea7n SK<\/a><br \/>\n<span style=\"font-size: small;\"><strong>Gi\u1edbi thi\u1ec7u chung :<\/strong><\/span><br \/>\nD\u1ea3i c\u00f4ng su\u1ea5t: 25kW &#8211; 132kW (0.33hp &#8211; 200hp)<br \/>\nC\u00e1c c\u1ea5p \u0111i\u1ec7n \u00e1p: 100V \/ 200V \/ 400V \/ 575V \/ 690V<br \/>\nCommander SK r\u1ea5t d\u1ec5 s\u1eed d\u1ee5ng v\u00e0 h\u1ed7 tr\u1ee3 nhi\u1ec1u gi\u00e1 tr\u1ecb to l\u1edbn . B\u1ed9 \u0111i\u1ec1u khi\u1ec3n r\u1ea5t g\u1ecdn v\u1edbi ch\u1ee9c n\u0103ng \u0111i\u1ec1u khi\u1ec3n \u0111\u1ed9ng c\u01a1 tuy\u1ec7t v\u1eddi. V\u1edbi ch\u1ee9c n\u0103ng th\u00f4ng\u00a0 minh t\u00edch h\u1ee3p, c\u00e1c module g\u1eafn th\u00eam m\u1edf r\u1ed9ng I\/O, k\u1ebft n\u1ed1i Ethernet v\u00e0 c\u00e1c module m\u1ea1ng truy\u1ec1n th\u00f4ng, Commander SK cho ph\u00e9p b\u1ea1n l\u00e0m nhi\u1ec1u h\u01a1n b\u1ea1n mong \u0111\u1ee3i \u1edf c\u00e1c b\u1ed9 \u0111i\u1ec1u khi\u1ec3n v\u00f2ng h\u1edf th\u00f4ng d\u1ee5ng kh\u00e1c\u2026<br \/>\n<span style=\"font-size: large;\"><strong>\u01afu \u0111i\u1ec3m n\u1ed5i b\u1eadt :<\/strong><\/span><br \/>\n<strong>B\u1ed9 \u0111i\u1ec1u khi\u1ec3n \u0111\u01a1n gi\u1ea3n gi\u1ea3i quy\u1ebft r\u1ea5t nhi\u1ec1u \u1ee9ng d\u1ee5ng<\/strong><br \/>\nCommander SK l\u1eafp \u0111\u1eb7t v\u00e0 c\u1ea5u h\u00ecnh \u0111\u01a1n gi\u1ea3n, ti\u1ebft ki\u1ec7m th\u1eddi gian, nh\u01b0ng c\u00f3 t\u00ednh n\u0103ng v\u00e0 nhi\u1ec1u ch\u1ee9c n\u0103ng c\u1ea7n thi\u1ebft gi\u1ea3i quy\u1ebft r\u1ea5t nhi\u1ec1u c\u00e1c \u1ee9ng d\u1ee5ng ph\u1ee9c t\u1ea1p h\u01a1n nhi\u1ec1u so v\u1edbi c\u00e1c s\u1ea3n ph\u1ea9m c\u00f9ng lo\u1ea1i. C\u00e1c t\u00ednh n\u0103ng bao g\u1ed3m:<br \/>\n<strong>D\u1ec5 d\u00e0ng l\u1eafp \u0111\u1eb7t<\/strong><br \/>\nTh\u1ebb nh\u1edb l\u1ef1a ch\u1ecdn th\u00eam, cho ph\u00e9p l\u01b0u tr\u1eef, d\u1ef1 ph\u00f2ng c\u00e1c th\u00f4ng s\u1ed1 c\u00e0i \u0111\u1eb7t v\u00e0 d\u1ec5 d\u00e0ng n\u1ea1p l\u1ea1i<br \/>\n<strong>Kh\u1ea3 n\u0103ng m\u1edf r\u1ed9ng \u00a0<\/strong><br \/>\nC\u00e1c module l\u1ef1a ch\u1ecdn \u0111\u1ec3 k\u1ebft n\u1ed1i c\u00e1c m\u1ea1ng truy\u1ec1n th\u00f4ng v\u00e0 Ethernet, c\u00e1c module m\u1edf r\u1ed9ng I\/O v\u00e0 th\u1eddi gian th\u1ef1c.<br \/>\n<strong>Linh ho\u1ea1t<\/strong><br \/>\nGi\u1ea3m thi\u1ec3u t\u1ed3n kho v\u1edbi b\u1ed9 \u0111i\u1ec1u khi\u1ec3n 1 hay 3 pha \u0111i\u1ec7n \u00e1p 220V, v\u00e0 b\u1ed9 \u0111i\u1ec1u khi\u1ec3n c\u00f3 hai m\u1ee9c c\u00f4ng su\u1ea5t cho b\u01a1m \/qu\u1ea1t hay m\u00e1y m\u00f3c thi\u1ebft b\u1ecb v\u1edbi c\u00e1c kh\u1ed1i c\u00f4ng su\u1ea5t l\u1edbn.<br \/>\n<strong>T\u00ednh n\u0103ng t\u00edch h\u1ee3p s\u1eb5n<\/strong><br \/>\nC\u1ed5ng giao ti\u1ebfp n\u1ed1i ti\u1ebfp v\u1edbi ki\u1ec3u truy\u1ec1n th\u00f4ng d\u1ea1ng Modbus RTU cho ph\u00e9p k\u1ebft n\u1ed1i v\u1edbi c\u00e1c thi\u1ebft b\u1ecb t\u1ef1 \u0111\u1ed9ng kh\u00e1c hay c\u00e1c c\u00f4ng c\u1ee5 ph\u1ea7n m\u1ec1m cho ph\u00e9p truy xu\u1ea5t c\u00e1c t\u00ednh n\u0103ng c\u1ea5p cao kh\u00e1c.<br \/>\n<strong>Th\u00f4ng minh\u00a0<\/strong><br \/>\nCh\u1ee9c n\u0103ng \u0111i\u1ec1u khi\u1ec3n l\u1eadp tr\u00ecnh (PLC) v\u1edbi th\u1ebb nh\u1edb logicstick.<br \/>\n<strong>\u0110\u00e1p \u1ee9ng c\u1ea5p cao (High Performance)<\/strong><br \/>\n\u0110i\u1ec1u khi\u1ec3n vector v\u00f2ng h\u1edf.<br \/>\n<span style=\"font-size: x-large;\"><strong>C\u00e1c th\u00f4ng s\u1ed1 k\u1ef9 thu\u1eadt ch\u00ednh:<\/strong><\/span><\/p>\n<ul>\n<li>\u00a0 \u00a0 \u00a0 \u00a0Ch\u1ee9c n\u0103ng t\u1ef1 \u0111\u1ed9ng tinh ch\u1ec9nh kh\u00f4ng quay cho \u0111\u00e1p \u1ee9ng t\u1ed1i \u01b0u nhanh ch\u00f3ng.<\/li>\n<li>\u00a0 \u00a0 \u00a0 \u00a08 c\u1ea5p t\u1ed1c \u0111\u1ed9 c\u00e0i \u0111\u1eb7t tr\u01b0\u1edbc cho \u0111\u1ed9 linh ho\u1ea1t \u1ee9ng d\u1ee5ng l\u1edbn h\u01a1n<\/li>\n<li>\u00a0 \u00a0 \u00a0 \u00a0B\u00e0n ph\u00edm cho ph\u00e9p truy xu\u1ea5t t\u1ea5t c\u1ea3 c\u00e1c th\u00f4ng s\u1ed1- c\u00e1c munu c\u01a1 b\u1ea3n v\u00e0 c\u1ea5p cao.<\/li>\n<li>\u00a0 \u00a0 \u00a0 \u00a0\u0110i\u1ec1u khi\u1ec3n vector v\u00f2ng h\u1edf . \u0110i\u1ec1u khi\u1ec3n t\u1ed1c \u0111\u1ed9 hay momen.<\/li>\n<li>\u00a0 \u00a0 \u00a0 \u00a0\u0110\u1ea7u v\u00e0o tham chi\u1ebfu t\u1ed1c \u0111\u1ed9 c\u00f3 th\u1ec3 l\u1ef1a ch\u1ecdn : 0-10V, 0-20mA, 4-20mA (-10V \u0111\u1ebfn +10V v\u1edbi module m\u1edf r\u1ed9ng SM-I\/O Lite)<\/li>\n<li>\u00a0 \u00a0 \u00a0 \u00a0T\u1ea7n s\u1ed1 \u0111\u00f3ng ng\u1eaft t\u1eeb 3kHz \u0111\u1ebfn 18kHz \u2013 \u0111\u1ed9ng c\u01a1 v\u1eadn h\u00e0nh \u00eam<\/li>\n<li>\u00a0 \u00a0 \u00a0 \u00a0T\u1ea7n s\u1ed1 \u0111\u1ea7u ra \u0111i\u1ec1u ch\u1ec9nh t\u1eeb 0 &#8211; 1500 Hz<\/li>\n<li>\u00a0 \u00a0 \u00a0 \u00a0T\u0103ng v\u00e0 gi\u1ea3m t\u1ed1c c\u00f3 th\u1ec3 l\u1ef1a ch\u1ecdn theo \u0111\u01b0\u1eddng d\u1ea1ng tuy\u1ebfn t\u00ednh hay d\u1ea1ng \u0111\u01b0\u1eddng cong ki\u1ec3u ch\u1eef S.<\/li>\n<li>\u00a0 \u00a0 \u00a0 \u00a0Truy\u1ec1n th\u00f4ng Modbus RTU RS485 th\u00f4ng qua c\u1ed5ng RJ45 t\u00edch h\u1ee3p s\u1eb5n.<\/li>\n<li>\u00a0 \u00a0 \u00a0 \u00a0H\u00e3m b\u1eb1ng c\u00e1ch b\u01a1m d\u00f2ng DC \u2013t\u00ednh n\u0103ng chu\u1ea9n.<\/li>\n<li>\u00a0 \u00a0 \u00a0 \u00a0T\u00edch h\u1ee3p s\u1eb5n transistor h\u00e3m \u0111\u1ed9ng n\u0103ng.<\/li>\n<li>\u00a0 \u00a0 \u00a0 \u00a0Ti\u1ebft ki\u1ec7m n\u0103ng l\u01b0\u1ee3ng v\u1edbi ki\u1ec3u \u0111i\u1ec1u khi\u1ec3n \u0111\u1ed9ng t\u1eeb th\u00f4ng \u0111\u1ed9ng c\u01a1 d\u1ea1ng V\/Hz.<\/li>\n<li>\u00a0 \u00a0 \u00a0 \u00a0T\u1ed1i \u01b0u n\u0103ng l\u01b0\u1ee3ng cho c\u00e1c \u1ee9ng d\u1ee5ng b\u01a1m &amp; qu\u1ea1t v\u1edbi ki\u1ec3u \u0111i\u1ec1u khi\u1ec3n t\u1eeb th\u00f4ng h\u00e0m b\u1eadc 2.<\/li>\n<li>\u00a0 \u00a0 \u00a0 \u00a0T\u00ednh n\u0103ng ph\u1ea7n m\u1ec1m ti\u00eau chu\u1ea9n ti\u00ean ti\u1ebfn nh\u01b0 b\u1ed9 \u0111\u1ecbnh th\u1eddi, c\u00e1c ch\u1ee9c n\u0103ng th\u1ec1m ng\u01b0\u1ee1ng, c\u00e1c kh\u1ed1i h\u00e0m to\u00e1n h\u1ecdc, c\u00e1c h\u00e0m logic, b\u1ed9 \u0111i\u1ec1u khi\u1ec3n PID v\u00e0 b\u1ed9 \u0111o kW\/h.<\/li>\n<\/ul>\n<p><strong>\u00a0<\/strong><strong>\u0110\u1ea7u v\u00e0o v\u00e0 \u0111\u1ea7u ra *<\/strong><strong>\u00a0<\/strong><\/p>\n<table border=\"1\" cellspacing=\"0\" cellpadding=\"0\">\n<tbody>\n<tr>\n<td width=\"204\">\n<p align=\"center\"><strong>\u0110\u1ea7u v\u00e0o v\u00e0 \u0111\u1ea7u ra ti\u00eau chu\u1ea9n<\/strong><\/p>\n<\/td>\n<td width=\"216\">\n<p align=\"center\"><strong>Ch\u1ee9c n\u0103ng m\u1eb7c \u0111\u1ecbnh cho c\u00e1c \u0111\u1ea7u v\u00e0o\/ \u0111\u1ea7u ra<\/strong><\/p>\n<\/td>\n<td width=\"144\">\n<p align=\"center\"><strong>Rating<\/strong><\/p>\n<\/td>\n<td width=\"103\">\n<p align=\"center\"><strong>S\u1ed1 l\u01b0\u1ee3ng<\/strong><\/p>\n<\/td>\n<\/tr>\n<tr>\n<td rowspan=\"4\" width=\"204\">\u0110\u1ea7u v\u00e0o Digital<\/td>\n<td width=\"216\">Enable\/Reset<\/td>\n<td rowspan=\"4\" width=\"144\">24V<\/td>\n<td rowspan=\"4\" width=\"103\">4<\/td>\n<\/tr>\n<tr>\n<td width=\"216\">Run Forwards<\/td>\n<\/tr>\n<tr>\n<td width=\"216\">Run Reverse<\/td>\n<\/tr>\n<tr>\n<td width=\"216\">Local Remote Speed reference<\/td>\n<\/tr>\n<tr>\n<td width=\"204\">\u0110\u1ea7u ra Digital<\/td>\n<td width=\"216\">Zero Speed<\/td>\n<td width=\"144\">24V<\/td>\n<td width=\"103\">1<\/td>\n<\/tr>\n<tr>\n<td width=\"204\">Relay \u0111\u1ea7u ra<\/td>\n<td width=\"216\">Drive Healthy<\/td>\n<td width=\"144\">Ti\u1ebfp \u0111i\u1ec3m th\u01b0\u1eddng m\u1edf<\/td>\n<td width=\"103\">1<\/td>\n<\/tr>\n<tr>\n<td width=\"204\">\u0110\u1ea7u v\u00e0o Analog No.1<\/td>\n<td width=\"216\">Tham chi\u1ebfu t\u1ed1c \u0111\u1ed9 t\u1ea1i ch\u1ed7<\/td>\n<td width=\"144\">0-10V<\/td>\n<td width=\"103\">1<\/td>\n<\/tr>\n<tr>\n<td width=\"204\">\u0110\u1ea7u v\u00e0o Analog No.2<\/td>\n<td width=\"216\">Tham chi\u1ebfu t\u1ed1c \u0111\u1ed9 t\u1eeb xa<\/td>\n<td width=\"144\">0-20mA or 4-20mA<\/td>\n<td width=\"103\">1<\/td>\n<\/tr>\n<tr>\n<td width=\"204\">\u0110\u1ea7u ra Analog<\/td>\n<td width=\"216\">T\u1ed1c \u0111\u1ed9 \u0111\u1ed9ng c\u01a1<\/td>\n<td width=\"144\">0-10V<\/td>\n<td width=\"103\">1<\/td>\n<\/tr>\n<\/tbody>\n<\/table>\n<p>C\u00e1c ch\u1ee9c n\u0103ng I\/O l\u00e0 gi\u00e1 tr\u1ecb m\u1eb7c \u0111\u1ecbnh c\u00e0i \u0111\u1eb7t theo chu\u1ea9n Ch\u00e2u \u00c2u, c\u00e1c ch\u1ee9c n\u0103ng kh\u00e1c c\u00f3 th\u1ec3 c\u1ea5u h\u00ecnh \u0111\u01b0\u1ee3c. C\u00e1c \u0111\u1ea7u v\u00e0o \/ ra c\u00f3 th\u1ec3 m\u1edf r\u1ed9ng b\u1eb1ng c\u00e1ch g\u1eafn th\u00eam c\u00e1c module..<br \/>\n<strong>\u00a0<\/strong><strong>TU\u00c2N TH\u1ee6 TI\u00caU CHU\u1ea8N \u0110I\u1ec6N V\u00c0 AN TO\u00c0N M\u00d4I TR\u01af\u1edcNG\u00a0<\/strong><strong>( Environmental safety and electrical conformance)<\/strong><br \/>\nC\u1ea5p b\u1ea3o v\u1ec7 IP20 (NEMA 1).<br \/>\nC\u00f3 s\u1eb5n b\u1ed9 ph\u1ee5 t\u00f9ng d\u00e0nh cho vi\u1ec7c l\u1eafp \u0111\u1eb7t tr\u00ean t\u01b0\u1eddng.<br \/>\nNhi\u1ec7t \u0111\u1ed9 m\u1ed9i tr\u01b0\u1eddng -10\u00b0C \u00f7 40\u00b0C<br \/>\nMi\u1ec5n nhi\u1ec5m \u0111i\u1ec7n t\u1eeb theo chu\u1ea9n EN61800-3, EN61000-6-1 v\u00e0 EN61000-6-2<br \/>\n\u0110\u1ed9 \u1ea9m c\u1ef1c \u0111\u1ea1i\u00a0 95%\u00a0 (Kh\u00f4ng ng\u01b0ng t\u1ee5 )<br \/>\nS\u1ea3n ph\u1ea9m chu\u1ea9n tu\u00e2n th\u1ee7 ph\u00e1t x\u1ea1 \u0111i\u1ec7n t\u1eeb theo ti\u00eau chu\u1ea9n EN61800-3 (M\u00f4i tr\u01b0\u1eddng th\u1ee9 2). \u0110\u1ec3 t\u01b0\u01a1ng th\u00edch ti\u00eau chu\u1ea9n EN61000-6-3 (d\u00e2n c\u01b0) v\u00e0 EN61000-6-4 (c\u00f4ng nghi\u1ec7p), th\u00ec s\u1ea3n ph\u1ea9m g\u1eafn th\u00eam b\u1ed9 l\u1ecdc EMC.<br \/>\n<strong>\u00a0 \u00a0 \u00a0 K\u00edch th\u01b0\u1edbc, tr\u1ecdng l\u01b0\u1ee3ng v\u00e0 t\u1ef7 l\u1ec7<\/strong><br \/>\n<a href=\"https:\/\/banbientan.com\/wp-content\/uploads\/2012\/07\/commander_sk_dimensions_weight.jpg\"><img loading=\"lazy\" decoding=\"async\" class=\"alignnone size-full wp-image-7505\" title=\"commander_sk_dimensions_weight\" src=\"https:\/\/banbientan.com\/wp-content\/uploads\/2012\/07\/commander_sk_dimensions_weight.jpg\" alt=\"\" width=\"335\" height=\"631\" \/><\/a><br \/>\n<span style=\"font-size: small;\"><strong>C\u00e1c \u1ee9ng d\u1ee5ng ch\u00ednh :<\/strong><\/span><br \/>\n<span style=\"font-size: small;\">\u00b7\u00a0\u00a0\u00a0\u00a0\u00a0\u00a0\u00a0\u00a0\u00a0Thi\u1ebft b\u1ecb n\u00e2ng v\u1eadn chuy\u1ec3n c\u1ea7u tr\u1ee5c, c\u1ea9u ch\u00e2n \u0111\u1ebf.<\/span><br \/>\n<span style=\"font-size: small;\">\u00b7\u00a0\u00a0\u00a0\u00a0\u00a0\u00a0\u00a0\u00a0\u00a0B\u0103ng t\u1ea3i h\u00e0ng.<\/span><br \/>\n<span style=\"font-size: small;\">\u00b7\u00a0\u00a0\u00a0\u00a0\u00a0\u00a0\u00a0\u00a0\u00a0M\u00e1y \u0111\u00f9n nh\u1ef1a, m\u00e1y tr\u1ed9n.<\/span><br \/>\n<span style=\"font-size: small;\">\u00b7\u00a0\u00a0\u00a0\u00a0\u00a0\u00a0\u00a0\u00a0\u00a0H\u1ec7 th\u1ed1ng b\u01a1m v\u00e0 qu\u1ea1t gi\u00f3.<\/span><br \/>\n<span style=\"font-size: small;\">\u00b7\u00a0\u00a0\u00a0\u00a0\u00a0\u00a0\u00a0\u00a0\u00a0\u2026<\/span><br \/>\n<a href=\"https:\/\/banbientan.com\/wp-content\/uploads\/2012\/07\/980-x-130-commander-sk.jpg\"><img loading=\"lazy\" decoding=\"async\" class=\"alignnone size-full wp-image-7655\" title=\"980-x-130-commander-sk\" src=\"https:\/\/banbientan.com\/wp-content\/uploads\/2012\/07\/980-x-130-commander-sk.jpg\" alt=\"\" width=\"980\" height=\"130\" \/><\/a><\/p>\n","protected":false},"excerpt":{"rendered":"<p>\u00a0 Commander-SK Catalog T\u00e0i li\u1ec7u c\u00e0i \u0111\u1eb7t ti\u1ebfng anh bi\u1ebfn t\u1ea7n Commander SK Video h\u01b0\u1edbng d\u1eabn c\u00e0i \u0111\u1eb7t bi\u1ebfn t\u1ea7n SK Gi\u1edbi thi\u1ec7u chung : D\u1ea3i c\u00f4ng su\u1ea5t: 25kW &#8211; 132kW (0.33hp &#8211; 200hp) C\u00e1c c\u1ea5p \u0111i\u1ec7n \u00e1p: 100V \/ 200V \/ 400V \/ 575V \/ 690V Commander SK r\u1ea5t d\u1ec5 s\u1eed d\u1ee5ng v\u00e0 h\u1ed7 [&hellip;]<\/p>\n","protected":false},"author":2,"featured_media":5265,"parent":4431,"menu_order":2,"comment_status":"open","ping_status":"closed","template":"","meta":{"footnotes":""},"class_list":["post-5264","page","type-page","status-publish","has-post-thumbnail","hentry"],"_links":{"self":[{"href":"https:\/\/hunglong.banbientan.com\/index.php?rest_route=\/wp\/v2\/pages\/5264","targetHints":{"allow":["GET"]}}],"collection":[{"href":"https:\/\/hunglong.banbientan.com\/index.php?rest_route=\/wp\/v2\/pages"}],"about":[{"href":"https:\/\/hunglong.banbientan.com\/index.php?rest_route=\/wp\/v2\/types\/page"}],"author":[{"embeddable":true,"href":"https:\/\/hunglong.banbientan.com\/index.php?rest_route=\/wp\/v2\/users\/2"}],"replies":[{"embeddable":true,"href":"https:\/\/hunglong.banbientan.com\/index.php?rest_route=%2Fwp%2Fv2%2Fcomments&post=5264"}],"version-history":[{"count":0,"href":"https:\/\/hunglong.banbientan.com\/index.php?rest_route=\/wp\/v2\/pages\/5264\/revisions"}],"up":[{"embeddable":true,"href":"https:\/\/hunglong.banbientan.com\/index.php?rest_route=\/wp\/v2\/pages\/4431"}],"wp:featuredmedia":[{"embeddable":true,"href":"https:\/\/hunglong.banbientan.com\/index.php?rest_route=\/"}],"wp:attachment":[{"href":"https:\/\/hunglong.banbientan.com\/index.php?rest_route=%2Fwp%2Fv2%2Fmedia&parent=5264"}],"curies":[{"name":"wp","href":"https:\/\/api.w.org\/{rel}","templated":true}]}}