{"id":527,"date":"2011-09-24T15:33:55","date_gmt":"2011-09-24T08:33:55","guid":{"rendered":"http:\/\/banbientan.wordpress.com\/?page_id=2"},"modified":"2011-09-24T15:33:55","modified_gmt":"2011-09-24T08:33:55","slug":"bien-tan-invt","status":"publish","type":"page","link":"https:\/\/hunglong.banbientan.com\/?page_id=527","title":{"rendered":"Bi\u1ebfn t\u1ea7n INVT"},"content":{"rendered":"<h3 id=\"sites-page-title-header\" align=\"left\"><\/h3>\n<div id=\"sites-canvas-main\">\n<div id=\"sites-canvas-main-content\">\n<a href=\"https:\/\/banbientan.com\/wp-content\/uploads\/2013\/12\/san-pham-invt.jpg\"><img loading=\"lazy\" decoding=\"async\" class=\"alignnone wp-image-19429\" src=\"https:\/\/banbientan.com\/wp-content\/uploads\/2013\/12\/san-pham-invt.jpg\" alt=\"san pham invt\" width=\"678\" height=\"116\" \/><\/a><br \/>\n<b>INVT<\/b> \u00a0l\u00e0\u00a0nh\u00e0 s\u1ea3n xu\u1ea5t\u00a0v\u00e0 th\u01b0\u01a1ng hi\u1ec7u <a href=\"https:\/\/banbientan.com\/bien-tan\/ \">bi\u1ebfn t\u1ea7n<\/a>\u00a0l\u1edbn nh\u1ea5t Trung Qu\u1ed1c ,\u00a0s\u1ea3n xu\u1ea5t c\u00e1c\u00a0s\u1ea3n ph\u1ea9m ch\u1ea5t l\u01b0\u1ee3ng cao\u00a0v\u1edbi gi\u00e1 c\u1ea3 \u0111\u1eb7c bi\u1ec7t c\u1ea1nh tranh,\u00a0bi\u1ebfn t\u1ea7n\u00a0<strong>\u00a0INVT<\/strong>\u00a0\u0111\u00e3 \u0111\u01b0\u1ee3c \u1ee9ng d\u1ee5ng r\u1ed9ng r\u00e3i\u00a0tr\u00ean to\u00e0n th\u1ebf gi\u1edbi\u00a0trong nhi\u1ec1u n\u0103m qua nh\u1edd c\u00f3 c\u00e1c t\u00ednh n\u0103ng \u0111\u1eb7c bi\u1ec7t, \u0111a n\u0103ng, \u0111\u1ed9 b\u1ec1n cao, ti\u1ebft ki\u1ec7m \u0111i\u1ec7n v\u00e0 l\u1ee3i nhu\u1eadn cao m\u00e0 n\u00f3 mang l\u1ea1i cho b\u1ea5t c\u1ee9 kh\u00e1ch h\u00e0ng n\u00e0o t\u1eeb kinh doanh th\u01b0\u01a1ng m\u1ea1i, ch\u1ebf t\u1ea1o m\u00e1y cho \u0111\u1ebfn s\u1eed d\u1ee5ng tr\u1ef1c ti\u1ebfp.\u00a0<strong>\u00a0INVT\u00a0<\/strong>\u00a0l\u00e0 th\u01b0\u01a1ng hi\u1ec7u to\u00e0n c\u1ea7u, c\u00f3 h\u1ec7 th\u1ed1ng ph\u00e2n ph\u1ed1i r\u1ed9ng l\u1edbn v\u00e0 xu\u1ea5t kh\u1ea9u \u1edf nhi\u1ec1u n\u01b0\u1edbc tr\u00ean th\u1ebf gi\u1edbi. <b>H\u00e3ng INVT<\/b>\u00a0cung c\u1ea5p \u0111a d\u1ea1ng ch\u1ee7ng lo\u1ea1i s\u1ea3n ph\u1ea9m ch\u1ea5t\u00a0l\u01b0\u1ee3ng cao c\u1ea5p\u00a0v\u00e0 d\u1ecbch v\u1ee5 h\u1eadu m\u00e3i\u00a0chuy\u00ean nghi\u1ec7p.<br \/>\nC\u00e1c s\u1ea3n ph\u1ea9m INVT \u00a0bao g\u1ed3m bi\u1ebfn t\u1ea7n \u0111i\u1ec7n \u00e1p th\u1ea5p, \u0111i\u1ec1u khi\u1ec3n t\u00edch h\u1ee3p v\u00e0 \u0111\u1eb7c bi\u1ec7t, servo, PLC v\u00e0 HMI, m\u1ea1nh v\u1ec1 nghi\u00ean c\u1ee9u v\u00e0 ph\u00e1t tri\u1ec3n c\u00f4ng ngh\u1ec7, \u0111\u1ee9ng v\u1ecb tr\u00ed h\u00e0ng \u0111\u1ea7u trong s\u1ed1 t\u1ea5t c\u1ea3 c\u00e1c c\u00f4ng ty trong ng\u00e0nh c\u00f4ng nghi\u1ec7p trong n\u01b0\u1edbc k\u1ec3 t\u1eeb khi th\u00e0nh l\u1eadp trong n\u0103m 2003.<br \/>\n<span style=\"text-decoration: underline;\"><strong>C\u00e1c d\u00f2ng bi\u1ebfn t\u1ea7n INVT th\u00f4ng d\u1ee5ng:<\/strong><\/span><\/p>\n<ul>\n<li><a href=\"https:\/\/banbientan.com\/bien-tan-invt-chf100a-gia-re\/\">Bi\u1ebfn t\u1ea7n CHF100A<\/a><\/li>\n<li><a href=\"https:\/\/banbientan.com\/bien-tan-invt-goodrive10\/\">Bi\u1ebfn t\u1ea7n Goodrive10<\/a><\/li>\n<li><a href=\"https:\/\/banbientan.com\/bien-tan-invt-goodrive-200\/\">Bi\u1ebfn t\u1ea7n Goodrive 200<\/a><\/li>\n<\/ul>\n<\/div>\n<\/div>\n","protected":false},"excerpt":{"rendered":"<p>INVT \u00a0l\u00e0\u00a0nh\u00e0 s\u1ea3n xu\u1ea5t\u00a0v\u00e0 th\u01b0\u01a1ng hi\u1ec7u bi\u1ebfn t\u1ea7n\u00a0l\u1edbn nh\u1ea5t Trung Qu\u1ed1c ,\u00a0s\u1ea3n xu\u1ea5t c\u00e1c\u00a0s\u1ea3n ph\u1ea9m ch\u1ea5t l\u01b0\u1ee3ng cao\u00a0v\u1edbi gi\u00e1 c\u1ea3 \u0111\u1eb7c bi\u1ec7t c\u1ea1nh tranh,\u00a0bi\u1ebfn t\u1ea7n\u00a0\u00a0INVT\u00a0\u0111\u00e3 \u0111\u01b0\u1ee3c \u1ee9ng d\u1ee5ng r\u1ed9ng r\u00e3i\u00a0tr\u00ean to\u00e0n th\u1ebf gi\u1edbi\u00a0trong nhi\u1ec1u n\u0103m qua nh\u1edd c\u00f3 c\u00e1c t\u00ednh n\u0103ng \u0111\u1eb7c bi\u1ec7t, \u0111a n\u0103ng, \u0111\u1ed9 b\u1ec1n cao, ti\u1ebft ki\u1ec7m \u0111i\u1ec7n v\u00e0 l\u1ee3i nhu\u1eadn cao [&hellip;]<\/p>\n","protected":false},"author":2,"featured_media":5,"parent":0,"menu_order":3,"comment_status":"open","ping_status":"closed","template":"","meta":{"footnotes":""},"class_list":["post-527","page","type-page","status-publish","has-post-thumbnail","hentry"],"_links":{"self":[{"href":"https:\/\/hunglong.banbientan.com\/index.php?rest_route=\/wp\/v2\/pages\/527","targetHints":{"allow":["GET"]}}],"collection":[{"href":"https:\/\/hunglong.banbientan.com\/index.php?rest_route=\/wp\/v2\/pages"}],"about":[{"href":"https:\/\/hunglong.banbientan.com\/index.php?rest_route=\/wp\/v2\/types\/page"}],"author":[{"embeddable":true,"href":"https:\/\/hunglong.banbientan.com\/index.php?rest_route=\/wp\/v2\/users\/2"}],"replies":[{"embeddable":true,"href":"https:\/\/hunglong.banbientan.com\/index.php?rest_route=%2Fwp%2Fv2%2Fcomments&post=527"}],"version-history":[{"count":0,"href":"https:\/\/hunglong.banbientan.com\/index.php?rest_route=\/wp\/v2\/pages\/527\/revisions"}],"wp:featuredmedia":[{"embeddable":true,"href":"https:\/\/hunglong.banbientan.com\/index.php?rest_route=\/"}],"wp:attachment":[{"href":"https:\/\/hunglong.banbientan.com\/index.php?rest_route=%2Fwp%2Fv2%2Fmedia&parent=527"}],"curies":[{"name":"wp","href":"https:\/\/api.w.org\/{rel}","templated":true}]}}