{"id":5301,"date":"2012-07-09T20:27:27","date_gmt":"2012-07-09T13:27:27","guid":{"rendered":"https:\/\/banbientan.com\/?page_id=5301"},"modified":"2012-07-09T20:27:27","modified_gmt":"2012-07-09T13:27:27","slug":"unidrive-sp-modular","status":"publish","type":"page","link":"https:\/\/hunglong.banbientan.com\/?page_id=5301","title":{"rendered":"Unidrive SP Modular"},"content":{"rendered":"<p><strong>Unidrive SP Modular \u2013 H\u1ec7 th\u1ed1ng c\u00f4ng su\u1ea5t linh ho\u1ea1t<\/strong><strong><\/strong><br \/>\n<strong><a href=\"https:\/\/banbientan.com\/wp-content\/uploads\/2012\/07\/unidrive-spm-1.jpg\"><img loading=\"lazy\" decoding=\"async\" class=\"alignnone size-full wp-image-5303\" title=\"unidrive-spm-1\" src=\"https:\/\/banbientan.com\/wp-content\/uploads\/2012\/07\/unidrive-spm-1.jpg\" alt=\"\" width=\"170\" height=\"120\" \/><\/a>\u00a0 \u00a0\u00a0<a href=\"https:\/\/banbientan.com\/wp-content\/uploads\/2012\/07\/unidrive-spm-5.jpg\"><img loading=\"lazy\" decoding=\"async\" class=\"alignnone size-full wp-image-5304\" title=\"unidrive-spm-5\" src=\"https:\/\/banbientan.com\/wp-content\/uploads\/2012\/07\/unidrive-spm-5.jpg\" alt=\"\" width=\"170\" height=\"200\" \/><\/a><\/strong><br \/>\n<strong><\/strong>D\u1ea3i c\u00f4ng su\u1ea5t: 45kW- 1.9MW (60 HP- 2800HP)<br \/>\nC\u00e1c lo\u1ea1i \u0111i\u1ec7n \u00e1p: 200\/400\/575\/690V<br \/>\n&nbsp;<br \/>\nUnidrive SP \u201c Modular\u201d bao g\u1ed3m t\u1ea5t c\u1ea3 c\u00e1c \u01b0u \u0111i\u1ec3m tr\u00ean n\u1ec1n t\u1ea3ng c\u1ee7a b\u1ed9 Unidrive SP c\u00f9ng v\u1edbi \u0111\u1ed9 linh ho\u1ea1t thi\u1ebft k\u1ebf h\u1ec7 th\u1ed1ng c\u00f4ng su\u1ea5t l\u1edbn nh\u1ea5t. C\u00e1c m\u00f4 \u0111un c\u00f3 th\u1ec3 \u0111\u01b0\u1ee3c gh\u00e9p n\u1ed1i c\u00f9ng nhau theo nhi\u1ec1u ki\u1ec3u kh\u00e1c nhau \u0111\u1ec3 t\u1ea1o n\u00ean c\u00f4ng su\u1ea5t chuy\u1ec3n \u0111\u1ed5i t\u00f9y \u00fd ch\u1eb3ng h\u1ea1n nh\u01b0 h\u1ec7 th\u1ed1ng gh\u00e9p n\u1ed1i bus DC, h\u1ec7 th\u1ed1ng \u0111\u1ea7u v\u00e0o t\u00edch c\u1ef1c \u0111\u1ec3 chuy\u1ec3n \u0111\u1ed5i n\u0103ng l\u01b0\u1ee3ng th\u1eeba v\u1ec1 ngu\u1ed3n cung c\u1ea5p v\u00e0 c\u00e1ch gh\u00e9p n\u1ed1i song song d\u00f9ng cho \u0111\u1ed9ng c\u01a1 c\u00f4ng su\u1ea5t l\u1edbn. C\u00e1c m\u00f4 \u0111un n\u00e0y cu4nh c\u00f3 th\u1ec3 s\u1eed d\u1ee5ng nh\u01b0 c\u00e1c b\u1ed9 ngh\u1ecbch l\u01b0u c\u00f4ng su\u1ea5t l\u1edbn d\u00e0nh cho h\u1ec7 th\u1ed1ng n\u0103ng l\u01b0\u1ee3ng m\u1eb7t tr\u1eddi.<br \/>\n<strong>\u0110i\u1ec1u khi\u1ec3n Unidrive SP v\u1edbi \u0111\u1ed9 linh ho\u1ea1t h\u1ec7 th\u1ed1ng\u00a0 c\u00f4ng su\u1ea5t theo ki\u1ec3u gh\u00e9p m\u00f4 \u0111un<\/strong><strong><\/strong><br \/>\nUnidrive SP \u201cModular\u201d c\u00f3 c\u00f9ng chung n\u1ec1n t\u1ea3ng \u0111i\u1ec1u khi\u1ec3n nh\u01b0 Unidrive SP \u201c Panel Mount \u201d,\u00a0 c\u00f3 3 khe c\u1eafm d\u00e0nh cho c\u00e1c g\u1eafn th\u00eam c\u00e1c m\u00f4 \u0111un t\u00f9y ch\u1ecdn, t\u00edch h\u1ee3p \u0111i\u1ec1u khi\u1ec3n \u0111\u1ed9ng c\u01a1 hi\u1ec7u su\u1ea5t cao, t\u00ednh n\u0103ng m\u1ea1nh v\u00e0 \u0111i\u1ec1u khi\u1ec3n t\u1ef1 \u0111\u1ed9ng.<br \/>\n<strong>Tin c\u1eady nhi\u1ec1u nh\u1ea5t<\/strong><br \/>\nUnidrive SP \u201cModular\u201d v\u1edbi \u0111\u1ed9 tin c\u1eady l\u1edbn nh\u1ea5t, ch\u00fang \u0111\u01b0\u1ee3c s\u1ea3n xu\u1ea5t v\u1edbi s\u1ed1 l\u01b0\u1ee3ng l\u1edbn v\u00e0 \u0111\u00e3 minh ch\u1ee9ng trong r\u1ea5t nhi\u1ec1u c\u00e1c \u1ee9ng d\u1ee5ng t\u1eeb qu\u1ea1t c\u00f4ng su\u1ea5t l\u1edbn \u0111\u1ebfn c\u00e1c c\u1ea7n c\u1ea9u\/ c\u1ea7u tr\u1ee5c l\u1edbn, v\u00e0 t\u1eeb h\u1ec7 th\u1ed1ng n\u0103ng l\u01b0\u1ee3ng t\u00e1i t\u1ea1o cho \u0111\u1ebfn s\u1ea3n xu\u1ea5t kim lo\u1ea1i<br \/>\n<strong>Linh ho\u1ea1t v\u1edbi m\u00f4 \u0111un<\/strong><br \/>\nGi\u1ea3i<strong>\u00a0<\/strong>s\u1ea3n ph\u1ea9m<strong>\u00a0<\/strong>Unidrive SP \u201c Modular \u201c (SPM) bao g\u1ed3m c\u00e1c m\u00f4 \u0111un ch\u1ee7 y\u1ebfu m\u00e0 ch\u00fang c\u00f3 th\u1ec3 gh\u00e9p n\u1ed1i \u0111\u1ec3 theo ti\u00eau ch\u00ed thi\u1ebft k\u1ebf c\u1ee7a kh\u00e1ch h\u00e0ng v\u1edbi l\u1ee3i \u00edch kinh t\u1ebf l\u1edbn nh\u1ea5t.<br \/>\n&nbsp;<\/p>\n<table border=\"0\" cellspacing=\"0\" cellpadding=\"0\">\n<tbody>\n<tr>\n<td width=\"216\"><strong>Model<\/strong><\/td>\n<td width=\"360\"><strong>Chi ti\u1ebft<\/strong><\/td>\n<\/tr>\n<tr>\n<td width=\"216\">SPMA<\/td>\n<td width=\"360\">M\u00f4 \u0111un \u0111\u1ea7u v\u00e0o AC \/ \u0111\u1ea7u ra AC<\/td>\n<\/tr>\n<tr>\n<td width=\"216\">SPMD<\/td>\n<td width=\"360\">M\u00f4 \u0111un \u0111\u1ea7u v\u00e0o DC \/ \u0111\u1ea7u ra AC.<\/td>\n<\/tr>\n<tr>\n<td width=\"216\">SPMC<\/td>\n<td width=\"360\">M\u00f4 \u0111un ch\u1ec9nh l\u01b0u \u0111\u1ea7u v\u00e0o AC \/ \u0110\u1ea7u ra DC.<\/td>\n<\/tr>\n<tr>\n<td width=\"216\">SM Control Master<\/td>\n<td width=\"360\">M\u00f4 \u0111un \u0111i\u1ec1u khi\u1ec3n ch\u1ee7 s\u1eed d\u1ee5ng cho SPMA\/D.<\/td>\n<\/tr>\n<tr>\n<td width=\"216\">SM Control Slave<\/td>\n<td width=\"360\">M\u00f4 \u0111un \u0111i\u1ec1u khi\u1ec3n ph\u1ee5 d\u00f9ng cho SPMA\/D.<\/td>\n<\/tr>\n<tr>\n<td width=\"216\">SPM Power Selector<\/td>\n<td width=\"360\">L\u1ef1a ch\u1ecdn \/ kh\u00f4ng l\u1ef1a ch\u1ecdn t\u1ef1 \u0111\u1ed9ng c\u00e1c m\u00f4 \u0111un<\/td>\n<\/tr>\n<\/tbody>\n<\/table>\n<p>&nbsp;<br \/>\n<strong>B\u1ed9 l\u1ef1a ch\u1ecdn c\u00f4ng su\u1ea5t SPM m\u1edbi<\/strong><strong><\/strong><br \/>\nThi\u1ebft b\u1ecb l\u1ef1a ch\u1ecdn c\u00f4ng su\u1ea5t SPM l\u00e0 1 thi\u1ebft b\u1ecb m\u1edbi th\u00eam v\u00e0o cho gi\u1ea3i s\u1ea3n ph\u1ea9m SPM. N\u00f3 cho ph\u00e9p ch\u1ecdn theo quy m\u00f4 h\u1ec7 th\u1ed1ng \u0111\u1ec3 t\u1ef1 \u0111\u1ed9ng s\u1eeda \u0111\u1ed5i ph\u00f9 h\u1ee3p v\u1edbi \u1ee9ng d\u1ee5ng.<br \/>\n\u00b7\u00a0\u00a0\u00a0\u00a0\u00a0\u00a0\u00a0Thi\u1ebft k\u1ebf h\u1ec7 th\u1ed1ng d\u1ef1 ph\u00f2ng\/ kh\u00f4ng s\u1ef1 c\u1ed1 , cho ph\u00e9p c\u00e1ch ly c\u00e1c m\u00f4 \u0111un kh\u00f4ng s\u1eed d\u1ee5ng ra, cho ph\u00e9p ph\u1ea7n c\u00f2n l\u1ea1i ti\u1ebfp t\u1ee5c ho\u1ea1t \u0111\u1ed9ng.<br \/>\n\u00b7\u00a0\u00a0\u00a0\u00a0\u00a0\u00a0\u00a0Cho ph\u00e9p m\u1ed9t h\u1ec7 th\u1ed1ng g\u1ed3m nhi\u1ec1u m\u00f4 \u0111un t\u1ef1 \u0111\u1ed9ng c\u1ea5u h\u00ecnh l\u1ea1i. v\u00ed d\u1ee5 h\u1ec7 th\u1ed1ng truy\u1ec1n \u0111\u1ed9ng 330kW g\u1ed3m 3 m\u00f4 \u0111un m\u1eafc song song nhau c\u00f3 th\u1ec3 c\u1ea5u h\u00ecnh l\u1ea1i \u0111\u1ec3 \u0111i\u1ec1u khi\u1ec3n 3 \u0111\u1ed9ng c\u01a1 110kW.<br \/>\n\u00b7\u00a0\u00a0\u00a0\u00a0\u00a0\u00a0\u00a0C\u00f4ng su\u1ea5t c\u1ee7a ph\u1ea7n ngh\u1ecbch l\u01b0u c\u00f3 th\u1ec3 t\u1ef1 \u0111\u1ed9ng \u0111i\u1ec1u ch\u1ec9nh , v\u00ed d\u1ee5 nh\u01b0 h\u1ec7 th\u1ed1ng \u0111o l\u1ef1c k\u1ebf \u00f4 t\u00f4 th\u01b0\u1eddng d\u00f9ng \u0111\u1ec3 ki\u1ec3m tra nhi\u1ec1u lo\u1ea1i ph\u01b0\u01a1ng ti\u1ec7n xe c\u00f4, c\u00f3 th\u1ec3 \u0111i\u1ec1u ch\u1ec9nh ph\u1ea7n ngh\u1ecbch l\u01b0u \u0111\u1ec3 \u0111\u00e1p \u1ee9ng momen y\u00eau c\u1ea7u c\u1ea3i thi\u1ec7n \u0111\u1ed9 ph\u00e2n gi\u1ea3i d\u00f2ng \u0111i\u1ec7n v\u00e0 c\u1ea3i thi\u1ec7n t\u00ednh n\u0103ng ki\u1ec3m tra.<br \/>\n<strong>Gi\u1ea3i ph\u00e1p s\u00f3ng h\u00e0i th\u1ea5p<\/strong><br \/>\n\u0110i\u1ec1u khi\u1ec3n s\u00f3ng h\u00e0i nh\u01a1 v\u00e0o gi\u1ea3i ph\u00e1p x\u1ea3 v\u1ec1 l\u01b0\u1edbi \u201c Active front end (AFE)\u201d hay theo c\u1ea5u h\u00ecnh 12,18 v\u00e0 24 xung , b\u1ea3o \u0111\u1ea3m b\u1ea1n s\u1ebd th\u1ecfa m\u00e3n hay v\u01b0\u1ee3t l\u00ean tr\u00ean c\u00e1c quy \u0111\u1ecbnh v\u1ec1 ngu\u1ed3n.<br \/>\n<strong>D\u1ec5 d\u00e0ng b\u1ea3o tr\u00ec<\/strong><br \/>\nC\u00e1c h\u1ec7 th\u1ed1ng c\u00f4ng su\u1ea5t cao th\u00f4ng th\u01b0\u1eddng r\u1ea5t l\u1edbn v\u00e0 \u0111\u00f2i h\u1ecfi nh\u00e2n s\u1ef1 b\u1ea3o tr\u00ec ph\u1ea3i c\u00f3 \u0111\u1ee7 k\u1ef9 n\u0103ng \u0111\u1ec3 ch\u1ea9n \u0111o\u00e1n s\u1ef1 c\u1ed1 cho c\u00e1c th\u00e0nh ph\u1ea7n. V\u1edbi Unidrive SP \u201c modular\u201d kh\u00f4ng c\u1ea7n y\u00eau c\u1ea7u \u1ea5y, c\u00e1c k\u1ef9 s\u01b0 b\u1ea3o tr\u00ec c\u00f3 th\u1ec3 thay \u0111\u1ed5i nguy\u00ean c\u00e1c m\u00f4 \u0111un t\u1ea1i hi\u1ec7n tr\u01b0\u1eddng b\u1eb1ng c\u00e1c m\u00f4 \u0111un \u0111\u00e3 \u0111\u01b0\u1ee3c nh\u00e0 m\u00e1y l\u1eafp s\u1eb5n v\u00e0 ki\u1ec3m tra.<br \/>\n<strong>T\u1ee7 kh\u00f4ng ti\u00eau chu\u1ea9n<\/strong><br \/>\nC\u00e1c m\u00f4 \u0111un c\u1ef1c g\u1ecdn cho ph\u00e9p h\u1ec7 th\u1ed1ng c\u00f4ng su\u1ea5t l\u1edbn c\u00f3 th\u1ec3 \u0111\u01b0\u1ee3c s\u1eafp x\u1ebfp v\u00e0o trong t\u1ee7 hi\u1ec7n h\u1eefu hay kh\u00f4ng theo ti\u00eau chu\u1ea9n, v\u00ed d\u1ee5 c\u00f3 th\u1ec3 th\u1ef1c hi\u1ec7n h\u1ec7 th\u1ed1ng truy\u1ec1n \u0111\u1ed9ng t\u1eeb 45kW -1,900 kW v\u00e0o t\u1ee7 c\u00f3 \u0111\u1ed9 cao kh\u00f4ng qu\u00e1 1m.<br \/>\n<strong>An to\u00e0n m\u00f4i tr\u01b0\u1eddng v\u00e0 tu\u00e2n th\u1ee7 v\u1ec1 \u0111i\u1ec7n<\/strong><strong>\u00a0<\/strong><br \/>\n\u00b7\u00a0\u00a0\u00a0\u00a0\u00a0\u00a0\u00a0C\u1ea5p b\u1ea3o v\u1ec7 IP20 (NEMA 1), IP54 (NEMA12) n\u1ebfu l\u1eafp xuy\u00ean l\u1ed7.<strong><\/strong><br \/>\n\u00b7\u00a0\u00a0\u00a0\u00a0\u00a0\u00a0\u00a0Nhi\u1ec7t \u0111\u1ed9 m\u00f4i tr\u01b0\u1eddng -15<sup>\u00a0o<\/sup>C t\u1edbi\u00a0 40<sup>o<\/sup>C. Suy gi\u1ea3m t\u1ea1i nhi\u1ec7t \u0111\u1ed9 50<sup>o<\/sup>C.<strong><\/strong><br \/>\n\u00b7\u00a0\u00a0\u00a0\u00a0\u00a0\u00a0\u00a0\u0110\u1ed9 \u1ea9m t\u1ed1i \u0111a 95% (kh\u00f4ng ng\u01b0ng t\u1ee5) t\u1ea1i nhi\u1ec7t\u00a0 \u0111\u1ed9 40<sup>o<\/sup>C.<strong><\/strong><br \/>\n\u00b7\u00a0\u00a0\u00a0\u00a0\u00a0\u00a0\u00a0\u0110\u1ed9 cao 0-3000m. Suy gi\u1ea3m 1% cho m\u1ed7i 100m cho \u0111\u1ed9 cao n\u1eb1m gi\u1eefa 1000m-3000m.<strong><\/strong><br \/>\n\u00b7\u00a0\u00a0\u00a0\u00a0\u00a0\u00a0\u00a0Rung \u0111\u1ed9ng : ki\u1ec3m tra tu\u00e2n th\u1ee7 theo ti\u00eau chu\u1ea9n IEC 60068-2-34.<strong><\/strong><br \/>\n\u00b7\u00a0\u00a0\u00a0\u00a0\u00a0\u00a0\u00a0Ki\u1ec3m tra s\u1ed1c c\u01a1 kh\u00ed : tu\u00e2n th\u1ee7 theo ti\u00eau chu\u1ea9n IEC60068-2-27.<strong><\/strong><br \/>\n\u00b7\u00a0\u00a0\u00a0\u00a0\u00a0\u00a0\u00a0Nhi\u1ec7t \u0111\u1ed9 c\u1ea5t gi\u1eef : &#8211; 40<sup>o<\/sup>C t\u1edbi\u00a0\u00a0 50<sup>o<\/sup>C.<strong><\/strong><br \/>\n\u00b7\u00a0\u00a0\u00a0\u00a0\u00a0\u00a0\u00a0Mi\u1ec5n nhi\u1ec3m \u0111i\u1ec7n t\u1eeb : t\u01b0\u01a1ng th\u00edch theo EN61800-3 v\u00e0 EN61000-6-2.<strong><\/strong><br \/>\n\u00b7\u00a0\u00a0\u00a0\u00a0\u00a0\u00a0\u00a0Ph\u00e1t x\u1ea1 \u0111i\u1ec7n t\u1eeb t\u01b0\u01a1ng th\u00edch v\u1edbi EN 61800-3 ( m\u00f4i tr\u01b0\u1eddng 2)<strong><\/strong><br \/>\n\u00b7\u00a0\u00a0\u00a0\u00a0\u00a0\u00a0\u00a0V\u1edbi b\u1ed9 l\u1ecdc EMC g\u1eb5n s\u1eb5n , t\u01b0\u01a1ng th\u00edch EN61800-3 ( m\u00f4i tr\u01b0\u1eddng 2).<strong><\/strong><br \/>\n\u00b7\u00a0\u00a0\u00a0\u00a0\u00a0\u00a0\u00a0T\u01b0\u01a1ng th\u00edch chu\u1ea9n EN61000-6-3 v\u00e0 EN61000-6-4 khi g\u1eafn th\u00eam b\u1ed9 l\u1ecdc EMC.<strong><\/strong><br \/>\n\u00b7\u00a0\u00a0\u00a0\u00a0\u00a0\u00a0\u00a0\u0110i\u1ec1u ki\u1ec7n ngu\u1ed3n theo chu\u1ea9n IEC 61000-3-4<strong><\/strong><br \/>\n\u00b7\u00a0\u00a0\u00a0\u00a0\u00a0\u00a0\u00a0\u0110i\u1ec1u ki\u1ec7n ngu\u1ed3n theo chu\u1ea9n IEC 60146-1-1.<strong><\/strong><br \/>\n\u00b7\u00a0\u00a0\u00a0\u00a0\u00a0\u00a0\u00a0H\u1ec7 th\u1ed1ng c\u00f4ng su\u1ea5t theo chu\u1ea9n IEC 61800-5-1.<strong><\/strong><br \/>\n\u00b7\u00a0\u00a0\u00a0\u00a0\u00a0\u00a0\u00a0\u0110\u1ea7u v\u00e0o \/ ra tu\u00e2n th\u1ee7 theo IEC 61131-2.<strong><\/strong><br \/>\n\u00b7\u00a0\u00a0\u00a0\u00a0\u00a0\u00a0\u00a0B\u1ea3o v\u1ec7 ch\u1ed1ng x\u00e2m nh\u1eadp theo chu\u1ea9n EN60529.<strong><\/strong><br \/>\n\u00b7\u00a0\u00a0\u00a0\u00a0\u00a0\u00a0\u00a0An to\u00e0n \u0111i\u1ec7n theo chu\u1ea9n EN 50178 (t\u01b0\u01a1ng lai IEC 62103).<strong><\/strong><br \/>\n\u00b7\u00a0\u00a0\u00a0\u00a0\u00a0\u00a0\u00a0Ki\u1ec3m \u0111\u1ecbnh \u0111\u1ed9c l\u1eadp b\u1edfi BIA ( th\u1ea9m quy\u1ec1n an to\u00e0n m\u00e1y) theo chu\u1ea9n EN 954-1 cat 3 ( ng\u1eaft an to\u00e0n momen)\u00a0 v\u00e0 EN 81-1 \u0111\u00e1nh gi\u00e1 b\u1edfi T\u00dcV.<strong><\/strong><br \/>\n\u00b7\u00a0\u00a0\u00a0\u00a0\u00a0\u00a0\u00a0EN 61000-6-2 , EN 61000-6-4 EMC.<strong><\/strong><br \/>\n\u00b7\u00a0\u00a0\u00a0\u00a0\u00a0\u00a0\u00a0UL508C, UL840.<\/p>\n","protected":false},"excerpt":{"rendered":"<p>Unidrive SP Modular \u2013 H\u1ec7 th\u1ed1ng c\u00f4ng su\u1ea5t linh ho\u1ea1t \u00a0 \u00a0\u00a0 D\u1ea3i c\u00f4ng su\u1ea5t: 45kW- 1.9MW (60 HP- 2800HP) C\u00e1c lo\u1ea1i \u0111i\u1ec7n \u00e1p: 200\/400\/575\/690V &nbsp; Unidrive SP \u201c Modular\u201d bao g\u1ed3m t\u1ea5t c\u1ea3 c\u00e1c \u01b0u \u0111i\u1ec3m tr\u00ean n\u1ec1n t\u1ea3ng c\u1ee7a b\u1ed9 Unidrive SP c\u00f9ng v\u1edbi \u0111\u1ed9 linh ho\u1ea1t thi\u1ebft k\u1ebf h\u1ec7 th\u1ed1ng c\u00f4ng su\u1ea5t [&hellip;]<\/p>\n","protected":false},"author":2,"featured_media":5303,"parent":4431,"menu_order":5,"comment_status":"open","ping_status":"closed","template":"","meta":{"footnotes":""},"class_list":["post-5301","page","type-page","status-publish","has-post-thumbnail","hentry"],"_links":{"self":[{"href":"https:\/\/hunglong.banbientan.com\/index.php?rest_route=\/wp\/v2\/pages\/5301","targetHints":{"allow":["GET"]}}],"collection":[{"href":"https:\/\/hunglong.banbientan.com\/index.php?rest_route=\/wp\/v2\/pages"}],"about":[{"href":"https:\/\/hunglong.banbientan.com\/index.php?rest_route=\/wp\/v2\/types\/page"}],"author":[{"embeddable":true,"href":"https:\/\/hunglong.banbientan.com\/index.php?rest_route=\/wp\/v2\/users\/2"}],"replies":[{"embeddable":true,"href":"https:\/\/hunglong.banbientan.com\/index.php?rest_route=%2Fwp%2Fv2%2Fcomments&post=5301"}],"version-history":[{"count":0,"href":"https:\/\/hunglong.banbientan.com\/index.php?rest_route=\/wp\/v2\/pages\/5301\/revisions"}],"up":[{"embeddable":true,"href":"https:\/\/hunglong.banbientan.com\/index.php?rest_route=\/wp\/v2\/pages\/4431"}],"wp:featuredmedia":[{"embeddable":true,"href":"https:\/\/hunglong.banbientan.com\/index.php?rest_route=\/"}],"wp:attachment":[{"href":"https:\/\/hunglong.banbientan.com\/index.php?rest_route=%2Fwp%2Fv2%2Fmedia&parent=5301"}],"curies":[{"name":"wp","href":"https:\/\/api.w.org\/{rel}","templated":true}]}}