{"id":5660,"date":"2012-07-13T00:15:00","date_gmt":"2012-07-12T17:15:00","guid":{"rendered":"https:\/\/banbientan.com\/?page_id=5660"},"modified":"2012-07-13T00:15:00","modified_gmt":"2012-07-12T17:15:00","slug":"ns-cam-ung-mau","status":"publish","type":"page","link":"https:\/\/hunglong.banbientan.com\/?page_id=5660","title":{"rendered":"NS C\u1ea3m \u1ee8ng M\u00e0u"},"content":{"rendered":"<p><a href=\"https:\/\/banbientan.com\/wp-content\/uploads\/2012\/07\/NS-C\u1ea3m-\u1ee8ng-M\u00e0u.jpg\"><img loading=\"lazy\" decoding=\"async\" class=\"alignnone size-medium wp-image-5661\" title=\"NS C\u1ea3m \u1ee8ng M\u00e0u\" src=\"https:\/\/banbientan.com\/wp-content\/uploads\/2012\/07\/NS-C\u1ea3m-\u1ee8ng-M\u00e0u-300x237.jpg\" alt=\"\" width=\"300\" height=\"237\" \/><\/a><br \/>\n<strong>\u00a0<a href=\"https:\/\/banbientan.com\/wp-content\/uploads\/2012\/07\/NS-series-V2.pdf\">T\u00e0i li\u1ec7u ti\u1ebfng vi\u1ec7t NS<\/a><\/strong><\/p>\n<ul>\n<li>M\u00e0n h\u00ecnh c\u1ea3m \u1ee9ng m\u00e0u TFT.<\/li>\n<li>Thi\u1ebft l\u1eadp t\u1ed1i \u0111a 91 n\u00fat nh\u1ea5n c\u1ea3m \u1ee9ng tr\u00ean 1 trang m\u00e0n h\u00ecnh.<\/li>\n<li>\u0110\u1ed9 ph\u00e2n gi\u1ea3i 260&#215;140 dot, Ngu\u1ed3n c\u1ea5p 24VDC \u00b115%.<\/li>\n<li>Giao ti\u1ebfp c\u1ed5ng RS233, RS422\/485. Ethernet, USB,<\/li>\n<li>G\u00f3c nh\u00ecnh \u00b1300 theo 2 h\u01b0\u1edbng tr\u1ef1c di\u1ec7n<\/li>\n<li>Tu\u1ed5i th\u1ecd \u0111\u00e8n n\u1ec1n h\u00ecnh t\u1ed1i thi\u1ec3u 50.000h<\/li>\n<li>Tu\u1ed5i th\u1ecd m\u00e0n h\u00ecnh c\u1ea3m \u1ee9ng t\u1ed1i thi\u1ec1u 1.000.000 t\u00e1c \u0111\u1ed9ng<\/li>\n<li>Nhi\u1ec7t \u0111\u1ed9 ho\u1ea1t \u0111\u1ed9ng 0~500C, \u0111\u1ea1t \u0111\u1ed9 k\u00edn b\u1ec1 m\u1eb7t IP65<\/li>\n<li>T\u1ed5ng s\u1ed1 l\u01b0\u1ee3ng m\u00e0n h\u00ecnh l\u01b0u tr\u1eed t\u1ed1i \u0111a 4.000 trang<\/li>\n<li>PLC giao ti\u1ebfp: omron<\/li>\n<\/ul>\n<ul>\n<li>M\u1ed9t s\u1ed1 model th\u00f4ng d\u1ee5ng:\n<ul>\n<li><strong>NS5-SQ00B-ECV2<\/strong>\u00a0m\u00e0u 5.7\u201d, v\u1ecf \u0111en<\/li>\n<li><strong>NS5-SQ10B-ECV2<\/strong>\u00a0m\u00e0u 5.7\u201d, v\u1ecf \u0111en<\/li>\n<li><strong>NS8-TV00B-ECV2<\/strong>\u00a0m\u00e0u 8\u201d, v\u1ecf \u0111en<\/li>\n<li><strong>NS8-TV00B-V2<\/strong>\u00a0m\u00e0u 8\u201d, v\u1ecf \u0111en<\/li>\n<li><strong>NS8-TV01B-V2<\/strong>\u00a0m\u00e0u 8\u201d, v\u1ecf \u0111en, c\u00f3 c\u1ed5ng internet<\/li>\n<li><strong>NS10-TV00B-V2<\/strong>\u00a0m\u00e0u 10\u201d, v\u1ecf \u0111en<\/li>\n<li><strong>NS10-TV01B-V2<\/strong>\u00a0m\u00e0u 10\u201d, v\u1ecf \u0111en, c\u00f3 c\u1ed5ng internet<\/li>\n<li><strong>NS12-TS00B-V2<\/strong>\u00a0m\u00e0u 12\u201d, v\u1ecf \u0111en<\/li>\n<li><strong>NS12-TS01B-V2<\/strong>\u00a0m\u00e0u 12\u201d, v\u1ecf \u0111en, c\u00f3 c\u1ed5ng internet<\/li>\n<\/ul>\n<\/li>\n<\/ul>\n","protected":false},"excerpt":{"rendered":"<p>\u00a0T\u00e0i li\u1ec7u ti\u1ebfng vi\u1ec7t NS M\u00e0n h\u00ecnh c\u1ea3m \u1ee9ng m\u00e0u TFT. Thi\u1ebft l\u1eadp t\u1ed1i \u0111a 91 n\u00fat nh\u1ea5n c\u1ea3m \u1ee9ng tr\u00ean 1 trang m\u00e0n h\u00ecnh. \u0110\u1ed9 ph\u00e2n gi\u1ea3i 260&#215;140 dot, Ngu\u1ed3n c\u1ea5p 24VDC \u00b115%. Giao ti\u1ebfp c\u1ed5ng RS233, RS422\/485. Ethernet, USB, G\u00f3c nh\u00ecnh \u00b1300 theo 2 h\u01b0\u1edbng tr\u1ef1c di\u1ec7n Tu\u1ed5i th\u1ecd \u0111\u00e8n n\u1ec1n h\u00ecnh t\u1ed1i [&hellip;]<\/p>\n","protected":false},"author":2,"featured_media":5661,"parent":5640,"menu_order":5,"comment_status":"open","ping_status":"closed","template":"","meta":{"footnotes":""},"class_list":["post-5660","page","type-page","status-publish","has-post-thumbnail","hentry"],"_links":{"self":[{"href":"https:\/\/hunglong.banbientan.com\/index.php?rest_route=\/wp\/v2\/pages\/5660","targetHints":{"allow":["GET"]}}],"collection":[{"href":"https:\/\/hunglong.banbientan.com\/index.php?rest_route=\/wp\/v2\/pages"}],"about":[{"href":"https:\/\/hunglong.banbientan.com\/index.php?rest_route=\/wp\/v2\/types\/page"}],"author":[{"embeddable":true,"href":"https:\/\/hunglong.banbientan.com\/index.php?rest_route=\/wp\/v2\/users\/2"}],"replies":[{"embeddable":true,"href":"https:\/\/hunglong.banbientan.com\/index.php?rest_route=%2Fwp%2Fv2%2Fcomments&post=5660"}],"version-history":[{"count":0,"href":"https:\/\/hunglong.banbientan.com\/index.php?rest_route=\/wp\/v2\/pages\/5660\/revisions"}],"up":[{"embeddable":true,"href":"https:\/\/hunglong.banbientan.com\/index.php?rest_route=\/wp\/v2\/pages\/5640"}],"wp:featuredmedia":[{"embeddable":true,"href":"https:\/\/hunglong.banbientan.com\/index.php?rest_route=\/"}],"wp:attachment":[{"href":"https:\/\/hunglong.banbientan.com\/index.php?rest_route=%2Fwp%2Fv2%2Fmedia&parent=5660"}],"curies":[{"name":"wp","href":"https:\/\/api.w.org\/{rel}","templated":true}]}}