{"id":5672,"date":"2012-07-13T00:37:14","date_gmt":"2012-07-12T17:37:14","guid":{"rendered":"https:\/\/banbientan.com\/?page_id=5672"},"modified":"2012-07-13T00:37:14","modified_gmt":"2012-07-12T17:37:14","slug":"e6a2-loai-kinh-te","status":"publish","type":"page","link":"https:\/\/hunglong.banbientan.com\/?page_id=5672","title":{"rendered":"E6A2 lo\u1ea1i Kinh t\u1ebf"},"content":{"rendered":"<div><a href=\"https:\/\/banbientan.com\/wp-content\/uploads\/2012\/07\/e6a2.jpg\"><img loading=\"lazy\" decoding=\"async\" class=\"alignnone size-medium wp-image-5679\" title=\"e6a2\" src=\"https:\/\/banbientan.com\/wp-content\/uploads\/2012\/07\/e6a2-300x237.jpg\" alt=\"\" width=\"300\" height=\"237\" \/><\/a><\/div>\n<div><strong><a href=\"https:\/\/banbientan.com\/wp-content\/uploads\/2012\/07\/E6A2.pdf\">T\u00e0i li\u1ec7u ti\u1ebfng vi\u1ec7t E6A2<\/a><\/strong><\/div>\n<div><strong><a href=\"https:\/\/banbientan.com\/wp-content\/uploads\/2012\/07\/E6A21.pdf\">T\u00e0i li\u1ec7u ti\u1ebfng anh<\/a><\/strong><\/div>\n<ul>\n<li>\u0110\u01b0\u1eddng k\u00ednh th\u00e2n 25mm, \u0111\u01b0\u1eddng k\u00ednh tr\u1ee5c 4mm<\/li>\n<li>Voltage ouput, NPN open colector A-B<\/li>\n<li>Ngu\u1ed3n c\u1ea5p 5~12VDC \u00b15%, d\u00f2ng ti\u00eau th\u1ee5 30mA max<\/li>\n<li>T\u1ea7n s\u1ed1 \u0111\u00e1p \u1ee9ng 30Kz max, t\u1ed1c \u0111\u1ed9 quay 5000 v\u00f2ng\/ph\u00fat max<\/li>\n<li>Nhi\u1ec7t \u0111\u1ed9 l\u00e0m vi\u1ec7c -10~50<sup>0<\/sup>C<\/li>\n<li>V\u1ecf b\u1eb1ng Aluminum, \u0111\u1ed9 k\u00edn \u0111\u1ea1t IP50 IEC60529<\/li>\n<li>Ki\u1ec3u \u0111\u1ea5u n\u1ed1i: d\u00e2y d\u00e0i 0.5m, 2m<\/li>\n<\/ul>\n<div>\n\u00a0Th\u00f4ng tin \u0111\u1eb7t h\u00e0ng<\/p>\n<table style=\"width: 569px;\" border=\"1\" cellspacing=\"0\" cellpadding=\"0\">\n<tbody>\n<tr>\n<td valign=\"bottom\" width=\"113\">\u0110i\u1ec7n \u00e1p ngu\u1ed3n<\/td>\n<td valign=\"bottom\" nowrap=\"nowrap\" width=\"132\">C\u1ea5u h\u00ecnh c\u1ee7a \u0111\u1ea7u ra<\/td>\n<td valign=\"bottom\" nowrap=\"nowrap\" width=\"132\">S\u1ed1 xung \/ v\u00f2ng quay (p\/r)<\/td>\n<td valign=\"bottom\" nowrap=\"nowrap\" width=\"79\">\u0110\u1ea7u ra<\/td>\n<td valign=\"bottom\" nowrap=\"nowrap\" width=\"113\">Model<\/td>\n<\/tr>\n<tr>\n<td valign=\"bottom\" nowrap=\"nowrap\" width=\"113\">5 \u0111\u1ebfn 12VDC<\/td>\n<td valign=\"bottom\" nowrap=\"nowrap\" width=\"132\">\u0110\u1ea7u ra \u0111i\u1ec7n \u00e1p<\/td>\n<td rowspan=\"3\" valign=\"bottom\" nowrap=\"nowrap\" width=\"132\">10\/20\/60\/100\/200\/300\/360\/500<\/td>\n<td valign=\"bottom\" nowrap=\"nowrap\" width=\"79\">A<\/td>\n<td valign=\"bottom\" nowrap=\"nowrap\" width=\"113\">E6A2-CS3E<\/td>\n<\/tr>\n<tr>\n<td valign=\"bottom\" nowrap=\"nowrap\" width=\"113\">5 \u0111\u1ebfn 12VDC<\/td>\n<td valign=\"bottom\" nowrap=\"nowrap\" width=\"132\">\u0110\u1ea7u ra collector h\u1edf<\/td>\n<td valign=\"bottom\" nowrap=\"nowrap\" width=\"79\">A<\/td>\n<td valign=\"bottom\" nowrap=\"nowrap\" width=\"113\">E6A2-CS3C<\/td>\n<\/tr>\n<tr>\n<td valign=\"bottom\" nowrap=\"nowrap\" width=\"113\">12 \u0111\u1ebfn 24VDC<\/td>\n<td valign=\"bottom\" nowrap=\"nowrap\" width=\"132\">\u0110\u1ea7u ra collector h\u1edf<\/td>\n<td valign=\"bottom\" nowrap=\"nowrap\" width=\"79\">A<\/td>\n<td valign=\"bottom\" nowrap=\"nowrap\" width=\"113\">E6A2-CS5C<\/td>\n<\/tr>\n<tr>\n<td valign=\"bottom\" nowrap=\"nowrap\" width=\"113\">5 \u0111\u1ebfn 12VDC<\/td>\n<td valign=\"bottom\" nowrap=\"nowrap\" width=\"132\">\u0110\u1ea7u ra \u0111i\u1ec7n \u00e1p<\/td>\n<td rowspan=\"3\" valign=\"bottom\" nowrap=\"nowrap\" width=\"132\">100\/200\/360\/500<\/td>\n<td valign=\"bottom\" nowrap=\"nowrap\" width=\"79\">A, B<\/td>\n<td valign=\"bottom\" nowrap=\"nowrap\" width=\"113\">E6A2-CW3E<\/td>\n<\/tr>\n<tr>\n<td valign=\"bottom\" nowrap=\"nowrap\" width=\"113\">5 \u0111\u1ebfn 12VDC<\/td>\n<td valign=\"bottom\" nowrap=\"nowrap\" width=\"132\">\u0110\u1ea7u ra collector h\u1edf<\/td>\n<td valign=\"bottom\" nowrap=\"nowrap\" width=\"79\">A, B<\/td>\n<td valign=\"bottom\" nowrap=\"nowrap\" width=\"113\">E6A2-CW3C<\/td>\n<\/tr>\n<tr>\n<td valign=\"bottom\" nowrap=\"nowrap\" width=\"113\">12 \u0111\u1ebfn 24VDC<\/td>\n<td valign=\"bottom\" nowrap=\"nowrap\" width=\"132\">\u0110\u1ea7u ra collector h\u1edf<\/td>\n<td valign=\"bottom\" nowrap=\"nowrap\" width=\"79\">A, B<\/td>\n<td valign=\"bottom\" nowrap=\"nowrap\" width=\"113\">E6A2-CW5C<\/td>\n<\/tr>\n<tr>\n<td valign=\"bottom\" nowrap=\"nowrap\" width=\"113\">5 \u0111\u1ebfn 12VDC<\/td>\n<td valign=\"bottom\" nowrap=\"nowrap\" width=\"132\">\u0110\u1ea7u ra \u0111i\u1ec7n \u00e1p<\/td>\n<td rowspan=\"3\" valign=\"bottom\" nowrap=\"nowrap\" width=\"132\">100\/200\/360\/500<\/td>\n<td valign=\"bottom\" nowrap=\"nowrap\" width=\"79\">A, B, Z<\/td>\n<td valign=\"bottom\" nowrap=\"nowrap\" width=\"113\">E6A2-CWZ3E<\/td>\n<\/tr>\n<tr>\n<td valign=\"bottom\" nowrap=\"nowrap\" width=\"113\">5 \u0111\u1ebfn 12VDC<\/td>\n<td valign=\"bottom\" nowrap=\"nowrap\" width=\"132\">\u0110\u1ea7u ra collector h\u1edf<\/td>\n<td valign=\"bottom\" nowrap=\"nowrap\" width=\"79\">A, B, Z<\/td>\n<td valign=\"bottom\" nowrap=\"nowrap\" width=\"113\">E6A2-CWZ3C<\/td>\n<\/tr>\n<tr>\n<td valign=\"bottom\" nowrap=\"nowrap\" width=\"113\">12 \u0111\u1ebfn 24VDC<\/td>\n<td valign=\"bottom\" nowrap=\"nowrap\" width=\"132\">\u0110\u1ea7u ra collector h\u1edf<\/td>\n<td valign=\"bottom\" nowrap=\"nowrap\" width=\"79\">A, B, Z<\/td>\n<td valign=\"bottom\" nowrap=\"nowrap\" width=\"113\">E6A2-CWZ5C<\/td>\n<\/tr>\n<\/tbody>\n<\/table>\n<p>&nbsp;\n<\/p><\/div>\n<div>\nC\u00e1c ph\u1ee5 ki\u1ec7n (\u0111\u1eb7t h\u00e0ng ri\u00eang)<\/p>\n<table style=\"width: 517px;\" border=\"1\" cellspacing=\"0\" cellpadding=\"0\">\n<tbody>\n<tr>\n<td valign=\"bottom\" nowrap=\"nowrap\" width=\"169\">S\u1ea3n ph\u1ea9m<\/td>\n<td valign=\"bottom\" nowrap=\"nowrap\" width=\"144\">Model<\/td>\n<td valign=\"bottom\" nowrap=\"nowrap\" width=\"204\">Ch\u00fa \u00fd<\/td>\n<\/tr>\n<tr>\n<td valign=\"bottom\" nowrap=\"nowrap\" width=\"169\">Kh\u1edbp n\u1ed1i<\/td>\n<td valign=\"bottom\" nowrap=\"nowrap\" width=\"144\">E69-C04B<\/td>\n<td valign=\"bottom\" nowrap=\"nowrap\" width=\"204\">Ch\u1ec9 d\u00f9ng cho E6A2<\/td>\n<\/tr>\n<tr>\n<td valign=\"bottom\" nowrap=\"nowrap\" width=\"169\">G\u1eafn l\u00ean thanh g\u00e1<\/td>\n<td valign=\"bottom\" nowrap=\"nowrap\" width=\"144\">E69-1<\/td>\n<td valign=\"bottom\" nowrap=\"nowrap\" width=\"204\">Ch\u1ec9 d\u00f9ng cho E6A2-CWZ<\/td>\n<\/tr>\n<\/tbody>\n<\/table>\n<\/div>\n<ul>\n<li>M\u1ed9t s\u1ed1 model th\u00f4ng d\u1ee5ng\n<ul>\n<li><strong>E6A2-CW3C 100P\/R\u00a0<\/strong>lo\u1ea1i 100 xung<\/li>\n<li><strong>E6A2-CW3C 360P\/R<\/strong>\u00a0lo\u1ea1i 360 xung\/v\u00f2ng<\/li>\n<li><strong>E6A2-CW5C 100P\/R\u00a0<\/strong>lo\u1ea1i 100 xung\/v\u00f2ng<\/li>\n<li><strong>E6A2-CW5C 360P\/R\u00a0<\/strong><strong>l<\/strong>o\u1ea1i 360 xung\/v\u00f2ng<\/li>\n<li><strong>E6A2-CW5C 500P\/R\u00a0<\/strong>lo\u1ea1i 500 xung\/v\u00f2ng<\/li>\n<\/ul>\n<\/li>\n<\/ul>\n","protected":false},"excerpt":{"rendered":"<p>T\u00e0i li\u1ec7u ti\u1ebfng vi\u1ec7t E6A2 T\u00e0i li\u1ec7u ti\u1ebfng anh \u0110\u01b0\u1eddng k\u00ednh th\u00e2n 25mm, \u0111\u01b0\u1eddng k\u00ednh tr\u1ee5c 4mm Voltage ouput, NPN open colector A-B Ngu\u1ed3n c\u1ea5p 5~12VDC \u00b15%, d\u00f2ng ti\u00eau th\u1ee5 30mA max T\u1ea7n s\u1ed1 \u0111\u00e1p \u1ee9ng 30Kz max, t\u1ed1c \u0111\u1ed9 quay 5000 v\u00f2ng\/ph\u00fat max Nhi\u1ec7t \u0111\u1ed9 l\u00e0m vi\u1ec7c -10~500C V\u1ecf b\u1eb1ng Aluminum, \u0111\u1ed9 k\u00edn \u0111\u1ea1t [&hellip;]<\/p>\n","protected":false},"author":2,"featured_media":5679,"parent":5673,"menu_order":1,"comment_status":"open","ping_status":"closed","template":"","meta":{"footnotes":""},"class_list":["post-5672","page","type-page","status-publish","has-post-thumbnail","hentry"],"_links":{"self":[{"href":"https:\/\/hunglong.banbientan.com\/index.php?rest_route=\/wp\/v2\/pages\/5672","targetHints":{"allow":["GET"]}}],"collection":[{"href":"https:\/\/hunglong.banbientan.com\/index.php?rest_route=\/wp\/v2\/pages"}],"about":[{"href":"https:\/\/hunglong.banbientan.com\/index.php?rest_route=\/wp\/v2\/types\/page"}],"author":[{"embeddable":true,"href":"https:\/\/hunglong.banbientan.com\/index.php?rest_route=\/wp\/v2\/users\/2"}],"replies":[{"embeddable":true,"href":"https:\/\/hunglong.banbientan.com\/index.php?rest_route=%2Fwp%2Fv2%2Fcomments&post=5672"}],"version-history":[{"count":0,"href":"https:\/\/hunglong.banbientan.com\/index.php?rest_route=\/wp\/v2\/pages\/5672\/revisions"}],"up":[{"embeddable":true,"href":"https:\/\/hunglong.banbientan.com\/index.php?rest_route=\/wp\/v2\/pages\/5673"}],"wp:featuredmedia":[{"embeddable":true,"href":"https:\/\/hunglong.banbientan.com\/index.php?rest_route=\/"}],"wp:attachment":[{"href":"https:\/\/hunglong.banbientan.com\/index.php?rest_route=%2Fwp%2Fv2%2Fmedia&parent=5672"}],"curies":[{"name":"wp","href":"https:\/\/api.w.org\/{rel}","templated":true}]}}