{"id":5673,"date":"2013-07-18T00:00:25","date_gmt":"2013-07-17T17:00:25","guid":{"rendered":"https:\/\/banbientan.com\/?page_id=5673"},"modified":"2013-07-18T00:00:25","modified_gmt":"2013-07-17T17:00:25","slug":"ma-hoa-xung-encoder-1","status":"publish","type":"page","link":"https:\/\/hunglong.banbientan.com\/?page_id=5673","title":{"rendered":"M\u00e3 H\u00f3a Xung &#8211; Encoder"},"content":{"rendered":"<ol>\n<li><a title=\"Permalink to E6A2 lo\u1ea1i Kinh t\u1ebf\" href=\"https:\/\/banbientan.com\/dai-ly-omron\/ma-hoa-xung-encoder-1\/e6a2-loai-kinh-te\/\" rel=\"bookmark\">B\u1ed9 m\u00e3 h\u00f3a xung encoder omron E6A2<\/a><\/li>\n<li><a title=\"Permalink to E6B2 Th\u00f4ng d\u1ee5ng\" href=\"https:\/\/banbientan.com\/dai-ly-omron\/ma-hoa-xung-encoder-1\/e6b2-thong-dung\/\" rel=\"bookmark\">B\u1ed9 \u00a0m\u00e3 h\u00f3a xung Encoder Omron E6B2\u00a0<\/a><\/li>\n<li><a title=\"Permalink to E6D \u0110\u1ed9 ph\u00e2n gi\u1ea3i cao\" href=\"https:\/\/banbientan.com\/dai-ly-omron\/ma-hoa-xung-encoder-1\/encoder-e6d\/\" rel=\"bookmark\">B\u1ed9 m\u00e3 h\u00f3a xung encoder E6D \u0110\u1ed9 ph\u00e2n gi\u1ea3i cao<\/a><\/li>\n<li><a title=\"Permalink to E6C3 Lo\u1ea1i Cao c\u1ea5p\" href=\"https:\/\/banbientan.com\/dai-ly-omron\/ma-hoa-xung-encoder-1\/e6c3-loai-cao-cap\/\" rel=\"bookmark\">B\u1ed9 m\u00e3 h\u00f3a xung encoder E6C3 Lo\u1ea1i Cao c\u1ea5p<\/a><\/li>\n<\/ol>\n","protected":false},"excerpt":{"rendered":"<p>B\u1ed9 m\u00e3 h\u00f3a xung encoder omron E6A2 B\u1ed9 \u00a0m\u00e3 h\u00f3a xung Encoder Omron E6B2\u00a0 B\u1ed9 m\u00e3 h\u00f3a xung encoder E6D \u0110\u1ed9 ph\u00e2n gi\u1ea3i cao B\u1ed9 m\u00e3 h\u00f3a xung encoder E6C3 Lo\u1ea1i Cao c\u1ea5p<\/p>\n","protected":false},"author":2,"featured_media":10317,"parent":17,"menu_order":9,"comment_status":"open","ping_status":"closed","template":"","meta":{"footnotes":""},"class_list":["post-5673","page","type-page","status-publish","has-post-thumbnail","hentry"],"_links":{"self":[{"href":"https:\/\/hunglong.banbientan.com\/index.php?rest_route=\/wp\/v2\/pages\/5673","targetHints":{"allow":["GET"]}}],"collection":[{"href":"https:\/\/hunglong.banbientan.com\/index.php?rest_route=\/wp\/v2\/pages"}],"about":[{"href":"https:\/\/hunglong.banbientan.com\/index.php?rest_route=\/wp\/v2\/types\/page"}],"author":[{"embeddable":true,"href":"https:\/\/hunglong.banbientan.com\/index.php?rest_route=\/wp\/v2\/users\/2"}],"replies":[{"embeddable":true,"href":"https:\/\/hunglong.banbientan.com\/index.php?rest_route=%2Fwp%2Fv2%2Fcomments&post=5673"}],"version-history":[{"count":0,"href":"https:\/\/hunglong.banbientan.com\/index.php?rest_route=\/wp\/v2\/pages\/5673\/revisions"}],"up":[{"embeddable":true,"href":"https:\/\/hunglong.banbientan.com\/index.php?rest_route=\/wp\/v2\/pages\/17"}],"wp:featuredmedia":[{"embeddable":true,"href":"https:\/\/hunglong.banbientan.com\/index.php?rest_route=\/"}],"wp:attachment":[{"href":"https:\/\/hunglong.banbientan.com\/index.php?rest_route=%2Fwp%2Fv2%2Fmedia&parent=5673"}],"curies":[{"name":"wp","href":"https:\/\/api.w.org\/{rel}","templated":true}]}}