{"id":5684,"date":"2012-07-13T00:50:08","date_gmt":"2012-07-12T17:50:08","guid":{"rendered":"https:\/\/banbientan.com\/?page_id=5684"},"modified":"2012-07-13T00:50:08","modified_gmt":"2012-07-12T17:50:08","slug":"e6b2-thong-dung","status":"publish","type":"page","link":"https:\/\/hunglong.banbientan.com\/?page_id=5684","title":{"rendered":"E6B2 Th\u00f4ng d\u1ee5ng"},"content":{"rendered":"<div><a href=\"https:\/\/banbientan.com\/wp-content\/uploads\/2012\/07\/E6B2.jpg\"><img loading=\"lazy\" decoding=\"async\" class=\"alignnone size-full wp-image-5685\" title=\"E6B2\" alt=\"\" src=\"https:\/\/banbientan.com\/wp-content\/uploads\/2012\/07\/E6B2.jpg\" width=\"198\" height=\"198\" \/><\/a><\/div>\n<div><strong><a href=\"https:\/\/banbientan.com\/wp-content\/uploads\/2012\/07\/E6B2-C.pdf\">T\u00e0i li\u1ec7u ti\u1ebfng vi\u1ec7t E6B2-C<\/a><\/strong><\/div>\n<div><strong><a href=\"https:\/\/banbientan.com\/wp-content\/uploads\/2012\/07\/tai-lieu-tieng-anh-E6B2.pdf\">T\u00e0i li\u1ec7u ti\u1ebfng anh E6B2<\/a><\/strong><\/div>\n<ul>\n<li>D\u1ea3i \u0111i\u1ec7n \u00e1p ho\u1ea1t \u0111\u1ed9ng r\u1ed9ng 5 \u0111\u1ebfn 24 VDC (model collector h\u1edf)<\/li>\n<li>\u0110\u1ed9 ph\u00e2n gi\u1ea3i cao (t\u1edbi 2000 xung\/v\u00f2ng) c\u1ea3i thi\u1ec7n \u0111\u1ed9 ch\u00ednh x\u00e1c c\u1ee7a ph\u00e9p \u0111o.<\/li>\n<li>D\u1ec5 d\u00e0ng ch\u1ec9nh ch\u1ec9 s\u1ed1 zero (pha Z) b\u1eb1ng ch\u1ee9c n\u0103ng ch\u1ec9 th\u1ecb g\u1ed1c.<\/li>\n<li>T\u1ea3i l\u1edbn: 30N theo ph\u01b0\u01a1ng c\u1ee7a b\u00e1n k\u00ednh v\u00e0 20N theo chi\u1ec1u d\u1ecdc tr\u1ee5c.<\/li>\n<li>Ch\u1ed1ng ng\u1eafn m\u1ea1ch c\u1ee7a t\u1ea3i v\u00e0 k\u1ebft n\u1ed1i ng\u01b0\u1ee3c<\/li>\n<li>C\u00f3 model \u0111\u1ea7u ra Line driver (c\u00e1p k\u00e9o d\u00e0i t\u1edbi 100 m)<\/li>\n<li>C\u00f3 kh\u1ea3 n\u0103ng ch\u1ed1ng s\u1ed1c t\u1ed1t h\u01a1n do c\u00f3 \u0111\u0129a kim lo\u1ea1i (t\u1ed1i \u0111a 600 p\/r)<\/li>\n<li>D\u00f2ng ti\u00eau th\u1ee5: 160mA max.<\/li>\n<\/ul>\n<ul>\n<li>\u0110\u01b0\u1eddng k\u00ednh th\u00e2n 40mm, \u0111\u01b0\u1eddng k\u00ednh tr\u1ee5c 6mm<\/li>\n<li>Line driver, Voltagte, Open colector A-B-Z<\/li>\n<li>Ngu\u1ed3n c\u1ea5p 5VDC \u00b15%, 5~24VDC \u00b15%, d\u00f2ng ti\u00eau th\u1ee5 160mA max<\/li>\n<li>T\u1ea7n s\u1ed1 \u0111\u00e1p \u1ee9ng 100Kz max, t\u1ed1c \u0111\u1ed9 quay 6000 v\u00f2ng\/ph\u00fat max<\/li>\n<li>Nhi\u1ec7t \u0111\u1ed9 l\u00e0m vi\u1ec7c -10~70<sup>0<\/sup>C<\/li>\n<li>V\u1ecf b\u1eb1ng Aluminum, \u0111\u1ed9 k\u00edn \u0111\u1ea1t IP50 IEC60529<\/li>\n<li>Ki\u1ec3u \u0111\u1ea5u n\u1ed1i: d\u00e2y d\u00e0i 0.5m, 2m<\/li>\n<\/ul>\n<div>\n<strong>Th\u00f4ng tin \u0111\u1eb7t h\u00e0ng\u00a0<\/strong><\/p>\n<table style=\"width: 661px;\" border=\"1\" cellspacing=\"0\" cellpadding=\"0\">\n<tbody>\n<tr>\n<td valign=\"bottom\" width=\"109\">\u0110i\u1ec7n \u00e1p ngu\u1ed3n<\/td>\n<td valign=\"bottom\" nowrap=\"nowrap\" width=\"84\">C\u1ea5u h\u00ecnh c\u1ee7a \u0111\u1ea7u ra<\/td>\n<td valign=\"bottom\" nowrap=\"nowrap\" width=\"314\">\u00a0S\u1ed1 xung \/ v\u00f2ng quay (p\/r)<\/td>\n<td valign=\"bottom\" nowrap=\"nowrap\" width=\"154\">\u00a0Model<\/td>\n<\/tr>\n<tr>\n<td valign=\"bottom\" nowrap=\"nowrap\" width=\"109\">5 \u0111\u1ebfn 24VDC<\/td>\n<td valign=\"bottom\" width=\"84\">\u0110\u1ea7u ra collector h\u1edf NPN<\/td>\n<td valign=\"bottom\" width=\"314\">10\/20\/30\/40\/50\/60\/100\/200\/300\/360\/400\/500\/<br \/>\n600\/720\/800\/1000\/1024\/1200\/1500\/1800\/2000<\/td>\n<td valign=\"bottom\" nowrap=\"nowrap\" width=\"154\">E6B2-CWZ6C<\/td>\n<\/tr>\n<tr>\n<td valign=\"bottom\" nowrap=\"nowrap\" width=\"109\">5 \u0111\u1ebfn 12VDC<\/td>\n<td valign=\"bottom\" width=\"84\">\u0110\u1ea7u ra \u0111i\u1ec7n \u00e1p<\/td>\n<td valign=\"bottom\" width=\"314\">10\/20\/30\/40\/50\/60\/100\/200\/300\/360\/400\/500\/<br \/>\n600\/1000\/1200\/1500\/1800\/2000<\/td>\n<td valign=\"bottom\" nowrap=\"nowrap\" width=\"154\">E6B2-CWZ3E<\/td>\n<\/tr>\n<tr>\n<td valign=\"bottom\" nowrap=\"nowrap\" width=\"109\">5VDC<\/td>\n<td valign=\"bottom\" nowrap=\"nowrap\" width=\"84\">Line driver output<\/td>\n<td valign=\"bottom\" width=\"314\">10\/20\/30\/40\/50\/60\/100\/200\/300\/360\/400\/500\/<br \/>\n600\/1000\/1024\/1200\/1500\/1800\/2000<\/td>\n<td valign=\"bottom\" nowrap=\"nowrap\" width=\"154\">E6B2-CWZ1X<\/td>\n<\/tr>\n<\/tbody>\n<\/table>\n<\/div>\n<ul>\n<li>M\u1ed9t s\u1ed1 model th\u00f4ng d\u1ee5ng\n<ul>\n<li><a href=\"https:\/\/banbientan.com\/e6b2-cwz1x-100pr\"><strong>E6B2-CWZ1X 100P\/R\u00a0<\/strong><\/a>\u00a0lo\u1ea1i 100 xung\/v\u00f2ng<\/li>\n<li><strong><a href=\"https:\/\/banbientan.com\/e6b2-cwz1x-200pr\">E6B2-CWZ1X 200P\/R\u00a0<\/a>\u00a0<strong>lo\u1ea1i 200 xung\/v\u00f2ng<\/strong><br \/>\n<\/strong><\/li>\n<li><strong><a href=\"https:\/\/banbientan.com\/e6b2-cwz1x-360pr\">E6B2-CWZ1X 360P\/R<\/a>\u00a0<strong>lo\u1ea1i 360 xung\/v\u00f2ng<\/strong><\/strong><\/li>\n<li><strong><a href=\"https:\/\/banbientan.com\/e6b2-cwz1x-1000pr\">E6B2-CWZ1X 1000P\/R\u00a0<\/a>\u00a0lo\u1ea1i 1000 xung\/v\u00f2ng<\/strong><\/li>\n<li><strong><a href=\"https:\/\/banbientan.com\/e6b2-cwz1x-1024pr\">E6B2-CWZ1X 1024P\/R\u00a0<\/a>\u00a0lo\u1ea1i 1024 xung\/v\u00f2ng<\/strong><\/li>\n<li><a href=\"https:\/\/banbientan.com\/e6b2-cwz1x-2000pr\"><strong>E6B2-CWZ1X 2000P\/R\u00a0<\/strong><\/a>lo\u1ea1i 1000 xung\/v\u00f2ng<\/li>\n<li><a href=\"https:\/\/banbientan.com\/e6b2-cwz6c-100p-r\"><strong>E6B2-CWZ6C 100P\/R\u00a0<\/strong><\/a>\u00a0lo\u1ea1i 100 xung\/v\u00f2ng<\/li>\n<li><strong><a href=\"https:\/\/banbientan.com\/e6b2-cwz6c-200p-r\">E6B2-CWZ6C 200P\/R<\/a>\u00a0 lo\u1ea1i 200 xung\/v\u00f2ng<\/strong><\/li>\n<li><strong><a href=\"https:\/\/banbientan.com\/e6b2-cwz6c-360p-r\">E6B2-CWZ6C 360P\/R<\/a>\u00a0 lo\u1ea1i 360 xung\/v\u00f2ng<\/strong><\/li>\n<li><a href=\"https:\/\/banbientan.com\/e6b2-cwz6c-1000p-r\"><strong>E6B2-CWZ6C 1000P\/R\u00a0<\/strong><\/a>\u00a0lo\u1ea1i 1000 xung\/v\u00f2ng<\/li>\n<li><a href=\"https:\/\/banbientan.com\/e6b2-cwz6c-1024p-r\"><strong>E6B2-CWZ6C 1024P\/R\u00a0<\/strong><\/a>lo\u1ea1i 1024 xung\/v\u00f2ng<\/li>\n<li><strong><strong><a href=\"https:\/\/banbientan.com\/e6b2-cwz6c-2000p-r\">E6B2-CWZ6C 2000P\/R<\/a>\u00a0<\/strong>\u00a0<\/strong>lo\u1ea1i 2000 xung\/v\u00f2ng<\/li>\n<li><a href=\"https:\/\/banbientan.com\/e6b2-cwz3e-1000pr\/\"><strong>E6B2-CWZ3E 1000P\/R<\/strong><\/a>\u00a0lo\u1ea1i 1000 xung\/v\u00f2ng<\/li>\n<li><strong><a href=\"https:\/\/banbientan.com\/e6b2-cwz3e-2000pr\/\"><strong>E6B2-CWZ3E 2000P\/R<\/strong><\/a>\u00a0<\/strong>lo\u1ea1i 2000 xung\/v\u00f2ng<\/li>\n<\/ul>\n<\/li>\n<\/ul>\n","protected":false},"excerpt":{"rendered":"<p>T\u00e0i li\u1ec7u ti\u1ebfng vi\u1ec7t E6B2-C T\u00e0i li\u1ec7u ti\u1ebfng anh E6B2 D\u1ea3i \u0111i\u1ec7n \u00e1p ho\u1ea1t \u0111\u1ed9ng r\u1ed9ng 5 \u0111\u1ebfn 24 VDC (model collector h\u1edf) \u0110\u1ed9 ph\u00e2n gi\u1ea3i cao (t\u1edbi 2000 xung\/v\u00f2ng) c\u1ea3i thi\u1ec7n \u0111\u1ed9 ch\u00ednh x\u00e1c c\u1ee7a ph\u00e9p \u0111o. D\u1ec5 d\u00e0ng ch\u1ec9nh ch\u1ec9 s\u1ed1 zero (pha Z) b\u1eb1ng ch\u1ee9c n\u0103ng ch\u1ec9 th\u1ecb g\u1ed1c. T\u1ea3i l\u1edbn: 30N [&hellip;]<\/p>\n","protected":false},"author":2,"featured_media":5685,"parent":5673,"menu_order":2,"comment_status":"open","ping_status":"closed","template":"","meta":{"footnotes":""},"class_list":["post-5684","page","type-page","status-publish","has-post-thumbnail","hentry"],"_links":{"self":[{"href":"https:\/\/hunglong.banbientan.com\/index.php?rest_route=\/wp\/v2\/pages\/5684","targetHints":{"allow":["GET"]}}],"collection":[{"href":"https:\/\/hunglong.banbientan.com\/index.php?rest_route=\/wp\/v2\/pages"}],"about":[{"href":"https:\/\/hunglong.banbientan.com\/index.php?rest_route=\/wp\/v2\/types\/page"}],"author":[{"embeddable":true,"href":"https:\/\/hunglong.banbientan.com\/index.php?rest_route=\/wp\/v2\/users\/2"}],"replies":[{"embeddable":true,"href":"https:\/\/hunglong.banbientan.com\/index.php?rest_route=%2Fwp%2Fv2%2Fcomments&post=5684"}],"version-history":[{"count":0,"href":"https:\/\/hunglong.banbientan.com\/index.php?rest_route=\/wp\/v2\/pages\/5684\/revisions"}],"up":[{"embeddable":true,"href":"https:\/\/hunglong.banbientan.com\/index.php?rest_route=\/wp\/v2\/pages\/5673"}],"wp:featuredmedia":[{"embeddable":true,"href":"https:\/\/hunglong.banbientan.com\/index.php?rest_route=\/"}],"wp:attachment":[{"href":"https:\/\/hunglong.banbientan.com\/index.php?rest_route=%2Fwp%2Fv2%2Fmedia&parent=5684"}],"curies":[{"name":"wp","href":"https:\/\/api.w.org\/{rel}","templated":true}]}}