{"id":5696,"date":"2012-07-13T01:01:35","date_gmt":"2012-07-12T18:01:35","guid":{"rendered":"https:\/\/banbientan.com\/?page_id=5696"},"modified":"2012-07-13T01:01:35","modified_gmt":"2012-07-12T18:01:35","slug":"e6c3-loai-cao-cap","status":"publish","type":"page","link":"https:\/\/hunglong.banbientan.com\/?page_id=5696","title":{"rendered":"E6C3 Lo\u1ea1i Cao c\u1ea5p"},"content":{"rendered":"<p><a href=\"https:\/\/banbientan.com\/wp-content\/uploads\/2012\/07\/e6c3.jpg\"><img loading=\"lazy\" decoding=\"async\" class=\"alignnone size-medium wp-image-5697\" title=\"e6c3\" src=\"https:\/\/banbientan.com\/wp-content\/uploads\/2012\/07\/e6c3-300x237.jpg\" alt=\"\" width=\"300\" height=\"237\" \/><\/a><br \/>\n<strong><a href=\"https:\/\/banbientan.com\/wp-content\/uploads\/2012\/07\/e6c3.pdf\">T\u00e0i li\u1ec7u ti\u1ebfng anh e6c3<\/a><\/strong><br \/>\n&nbsp;<\/p>\n<ul>\n<li>Lo\u1ea1i Absolute, Gray code, Open collector NPN, Voltage<\/li>\n<li>Ngu\u1ed3n c\u1ea5p 12~24VDC \u00b110%, d\u00f2ng ti\u00eau th\u1ee5 70mA max<\/li>\n<li>\u0110\u01b0\u1eddng k\u00ednh th\u00e2n 50mm, \u0111\u01b0\u1eddng k\u00ednh tr\u1ee5c 8mm<\/li>\n<li>T\u1ea7n s\u1ed1 \u0111\u00e1p \u1ee9ng 20Kz max, t\u1ed1c \u0111\u1ed9 quay 5000 v\u00f2ng\/ph\u00fat max<\/li>\n<li>Nhi\u1ec7t \u0111\u1ed9 l\u00e0m vi\u1ec7c -10~700C<\/li>\n<li>V\u1ecf b\u1eb1ng Aluminum, \u0111\u1ed9 k\u00edn \u0111\u1ea1t IP65 IEC60529<\/li>\n<li>Ki\u1ec3u \u0111\u1ea5u n\u1ed1i: d\u00e2y connector d\u00e0i 1m<\/li>\n<\/ul>\n<ul>\n<li>M\u1ed9t s\u1ed1 model th\u00f4ng d\u1ee5ng\n<ul>\n<li><strong>E6C3-AG5C-C 360P\/R<\/strong><\/li>\n<li><strong>E6C3-AG5C-C 720P\/R<\/strong><\/li>\n<li><strong>E6C3-AG5C 360P\/R<\/strong><\/li>\n<li><strong>E6C3-AG5C 720P\/R<\/strong><\/li>\n<li><strong>E6C3-AG5C 1024P\/R<\/strong><\/li>\n<\/ul>\n<\/li>\n<\/ul>\n","protected":false},"excerpt":{"rendered":"<p>T\u00e0i li\u1ec7u ti\u1ebfng anh e6c3 &nbsp; Lo\u1ea1i Absolute, Gray code, Open collector NPN, Voltage Ngu\u1ed3n c\u1ea5p 12~24VDC \u00b110%, d\u00f2ng ti\u00eau th\u1ee5 70mA max \u0110\u01b0\u1eddng k\u00ednh th\u00e2n 50mm, \u0111\u01b0\u1eddng k\u00ednh tr\u1ee5c 8mm T\u1ea7n s\u1ed1 \u0111\u00e1p \u1ee9ng 20Kz max, t\u1ed1c \u0111\u1ed9 quay 5000 v\u00f2ng\/ph\u00fat max Nhi\u1ec7t \u0111\u1ed9 l\u00e0m vi\u1ec7c -10~700C V\u1ecf b\u1eb1ng Aluminum, \u0111\u1ed9 k\u00edn \u0111\u1ea1t IP65 [&hellip;]<\/p>\n","protected":false},"author":2,"featured_media":5697,"parent":5673,"menu_order":4,"comment_status":"open","ping_status":"closed","template":"","meta":{"footnotes":""},"class_list":["post-5696","page","type-page","status-publish","has-post-thumbnail","hentry"],"_links":{"self":[{"href":"https:\/\/hunglong.banbientan.com\/index.php?rest_route=\/wp\/v2\/pages\/5696","targetHints":{"allow":["GET"]}}],"collection":[{"href":"https:\/\/hunglong.banbientan.com\/index.php?rest_route=\/wp\/v2\/pages"}],"about":[{"href":"https:\/\/hunglong.banbientan.com\/index.php?rest_route=\/wp\/v2\/types\/page"}],"author":[{"embeddable":true,"href":"https:\/\/hunglong.banbientan.com\/index.php?rest_route=\/wp\/v2\/users\/2"}],"replies":[{"embeddable":true,"href":"https:\/\/hunglong.banbientan.com\/index.php?rest_route=%2Fwp%2Fv2%2Fcomments&post=5696"}],"version-history":[{"count":0,"href":"https:\/\/hunglong.banbientan.com\/index.php?rest_route=\/wp\/v2\/pages\/5696\/revisions"}],"up":[{"embeddable":true,"href":"https:\/\/hunglong.banbientan.com\/index.php?rest_route=\/wp\/v2\/pages\/5673"}],"wp:featuredmedia":[{"embeddable":true,"href":"https:\/\/hunglong.banbientan.com\/index.php?rest_route=\/"}],"wp:attachment":[{"href":"https:\/\/hunglong.banbientan.com\/index.php?rest_route=%2Fwp%2Fv2%2Fmedia&parent=5696"}],"curies":[{"name":"wp","href":"https:\/\/api.w.org\/{rel}","templated":true}]}}