{"id":5698,"date":"2012-07-13T01:03:24","date_gmt":"2012-07-12T18:03:24","guid":{"rendered":"https:\/\/banbientan.com\/?page_id=5698"},"modified":"2012-07-13T01:03:24","modified_gmt":"2012-07-12T18:03:24","slug":"cong-tac-hanh-trinh","status":"publish","type":"page","link":"https:\/\/hunglong.banbientan.com\/?page_id=5698","title":{"rendered":"C\u00f4ng T\u1eafc H\u00e0nh Tr\u00ecnh"},"content":{"rendered":"<p>C\u00f4ng t\u1eafc h\u00e0nh tr\u00ecnh Omron, ch\u1ea5t l\u01b0\u1ee3ng t\u1ed1t.<\/p>\n<ul>\n<li><a title=\"Permalink to D4V lo\u1ea1i kinh t\u1ebf \u0111a n\u0103ng\" href=\"https:\/\/banbientan.com\/dai-ly-omron\/cong-tac-hanh-trinh\/d4v-loai-kinh-te-da-nang\/\" rel=\"bookmark\">C\u00f4ng t\u1eafc h\u00e0nh tr\u00ecnh omron D4V<\/a><\/li>\n<li><a title=\"Permalink to Z lo\u1ea1i nh\u1ecf th\u00f4ng d\u1ee5ng\" href=\"https:\/\/banbientan.com\/dai-ly-omron\/cong-tac-hanh-trinh\/z-loai-nho-thong-dung\/\" rel=\"bookmark\">C\u00f4ng t\u1eafc h\u00e0nh tr\u00ecnh Omron Z<\/a><\/li>\n<li><a title=\"Permalink to WL Lo\u1ea1i Ph\u1ed5 Bi\u1ebfn\" href=\"https:\/\/banbientan.com\/dai-ly-omron\/cong-tac-hanh-trinh\/wl-cong-tac-hanh-trinh\/\" rel=\"bookmark\">C\u00f4ng t\u1eafc h\u00e0nh tr\u00ecnh Omron WLC\u00a0<\/a><\/li>\n<\/ul>\n","protected":false},"excerpt":{"rendered":"<p>C\u00f4ng t\u1eafc h\u00e0nh tr\u00ecnh Omron, ch\u1ea5t l\u01b0\u1ee3ng t\u1ed1t. C\u00f4ng t\u1eafc h\u00e0nh tr\u00ecnh omron D4V C\u00f4ng t\u1eafc h\u00e0nh tr\u00ecnh Omron Z C\u00f4ng t\u1eafc h\u00e0nh tr\u00ecnh Omron WLC\u00a0<\/p>\n","protected":false},"author":2,"featured_media":8729,"parent":17,"menu_order":18,"comment_status":"open","ping_status":"closed","template":"","meta":{"footnotes":""},"class_list":["post-5698","page","type-page","status-publish","has-post-thumbnail","hentry"],"_links":{"self":[{"href":"https:\/\/hunglong.banbientan.com\/index.php?rest_route=\/wp\/v2\/pages\/5698","targetHints":{"allow":["GET"]}}],"collection":[{"href":"https:\/\/hunglong.banbientan.com\/index.php?rest_route=\/wp\/v2\/pages"}],"about":[{"href":"https:\/\/hunglong.banbientan.com\/index.php?rest_route=\/wp\/v2\/types\/page"}],"author":[{"embeddable":true,"href":"https:\/\/hunglong.banbientan.com\/index.php?rest_route=\/wp\/v2\/users\/2"}],"replies":[{"embeddable":true,"href":"https:\/\/hunglong.banbientan.com\/index.php?rest_route=%2Fwp%2Fv2%2Fcomments&post=5698"}],"version-history":[{"count":0,"href":"https:\/\/hunglong.banbientan.com\/index.php?rest_route=\/wp\/v2\/pages\/5698\/revisions"}],"up":[{"embeddable":true,"href":"https:\/\/hunglong.banbientan.com\/index.php?rest_route=\/wp\/v2\/pages\/17"}],"wp:featuredmedia":[{"embeddable":true,"href":"https:\/\/hunglong.banbientan.com\/index.php?rest_route=\/"}],"wp:attachment":[{"href":"https:\/\/hunglong.banbientan.com\/index.php?rest_route=%2Fwp%2Fv2%2Fmedia&parent=5698"}],"curies":[{"name":"wp","href":"https:\/\/api.w.org\/{rel}","templated":true}]}}