{"id":5703,"date":"2012-07-13T01:06:45","date_gmt":"2012-07-12T18:06:45","guid":{"rendered":"https:\/\/banbientan.com\/?page_id=5703"},"modified":"2012-07-13T01:06:45","modified_gmt":"2012-07-12T18:06:45","slug":"d4v-loai-kinh-te-da-nang","status":"publish","type":"page","link":"https:\/\/hunglong.banbientan.com\/?page_id=5703","title":{"rendered":"D4V lo\u1ea1i kinh t\u1ebf \u0111a n\u0103ng"},"content":{"rendered":"<p><a href=\"https:\/\/banbientan.com\/wp-content\/uploads\/2012\/07\/D4V.png\"><img loading=\"lazy\" decoding=\"async\" class=\"alignnone size-medium wp-image-5705\" title=\"D4V\" alt=\"\" src=\"https:\/\/banbientan.com\/wp-content\/uploads\/2012\/07\/D4V-300x239.png\" width=\"300\" height=\"239\" \/><\/a><br \/>\n<a href=\"https:\/\/banbientan.com\/wp-content\/uploads\/2012\/07\/Catalog-D4V1.pdf\">Catalog D4V<\/a><\/p>\n<ul>\n<li>Thi\u1ebft k\u1ebf nh\u1ecf g\u1ecdn<\/li>\n<li>D\u1ec5 d\u00e0ng th\u00e1o l\u1eafp \u0111\u1ec3 \u0111\u1ea5u d\u00e2y<\/li>\n<li>Kh\u1ea3 n\u0103ng ch\u1ed1ng rung v\u00e0 ch\u1ed1ng s\u1ed1c t\u1ed1t<\/li>\n<li>T\u01b0\u01a1ng th\u00edch v\u1edbi chu\u1ea9n RoSH<\/li>\n<li>Ti\u00eau chu\u1ea9n b\u1ea3o v\u1ec7 IP65<\/li>\n<\/ul>\n<p><strong>M\u1ed9t s\u1ed1 model th\u00f4ng d\u1ee5ng:<\/strong><\/p>\n<ul>\n<li><a href=\"https:\/\/banbientan.com\/d4v-8104z\/\">\u00a0<strong>D4V-8104Z<\/strong><\/a>: C\u1ea7n c\u00f3 b\u00e1nh xe<\/li>\n<li>\u00a0<strong><a href=\"https:\/\/banbientan.com\/d4v-8108z\/\">D4V-8108Z<\/a>\u00a0<\/strong>: C\u1ea7n c\u00f3 b\u00e1nh xe, c\u00f3 th\u1ec3 \u0111i\u1ec1u ch\u1ec9nh<\/li>\n<li>\u00a0<a href=\"https:\/\/banbientan.com\/d4v-8111z\/\">D4V-8111Z<\/a>\u00a0: Ch\u1ed1t \u0111\u1ea9y<\/li>\n<li><a href=\"https:\/\/banbientan.com\/d4v-8112z\">D4V-8112Z<\/a>\u00a0: Ch\u1ed1t \u0111\u1ea9y c\u00f3 b\u00e1nh xe ngang<\/li>\n<li><a href=\"https:\/\/banbientan.com\/d4v-8122z\/\">D4V-8122Z<\/a>\u00a0: Ch\u1ed1t \u0111\u1ea9y c\u00f3 b\u00e1nh xe d\u1ecdc<\/li>\n<li><strong><a href=\"https:\/\/banbientan.com\/d4v-8169z\">D4V-8169Z<\/a>\u00a0<\/strong>: Cu\u1ed9n d\u00e2y l\u00f2 xo<\/li>\n<li>\u00a0<a href=\"https:\/\/banbientan.com\/d4v-8107z\/\">D4V-8107Z<\/a>\u00a0: C\u1ea7n c\u00f3 th\u1ec3 \u0111i\u1ec1u ch\u1ec9nh<\/li>\n<\/ul>\n<p>&nbsp;<\/p>\n","protected":false},"excerpt":{"rendered":"<p>Catalog D4V Thi\u1ebft k\u1ebf nh\u1ecf g\u1ecdn D\u1ec5 d\u00e0ng th\u00e1o l\u1eafp \u0111\u1ec3 \u0111\u1ea5u d\u00e2y Kh\u1ea3 n\u0103ng ch\u1ed1ng rung v\u00e0 ch\u1ed1ng s\u1ed1c t\u1ed1t T\u01b0\u01a1ng th\u00edch v\u1edbi chu\u1ea9n RoSH Ti\u00eau chu\u1ea9n b\u1ea3o v\u1ec7 IP65 M\u1ed9t s\u1ed1 model th\u00f4ng d\u1ee5ng: \u00a0D4V-8104Z: C\u1ea7n c\u00f3 b\u00e1nh xe \u00a0D4V-8108Z\u00a0: C\u1ea7n c\u00f3 b\u00e1nh xe, c\u00f3 th\u1ec3 \u0111i\u1ec1u ch\u1ec9nh \u00a0D4V-8111Z\u00a0: Ch\u1ed1t \u0111\u1ea9y D4V-8112Z\u00a0: Ch\u1ed1t [&hellip;]<\/p>\n","protected":false},"author":2,"featured_media":5705,"parent":5698,"menu_order":0,"comment_status":"open","ping_status":"closed","template":"","meta":{"footnotes":""},"class_list":["post-5703","page","type-page","status-publish","has-post-thumbnail","hentry"],"_links":{"self":[{"href":"https:\/\/hunglong.banbientan.com\/index.php?rest_route=\/wp\/v2\/pages\/5703","targetHints":{"allow":["GET"]}}],"collection":[{"href":"https:\/\/hunglong.banbientan.com\/index.php?rest_route=\/wp\/v2\/pages"}],"about":[{"href":"https:\/\/hunglong.banbientan.com\/index.php?rest_route=\/wp\/v2\/types\/page"}],"author":[{"embeddable":true,"href":"https:\/\/hunglong.banbientan.com\/index.php?rest_route=\/wp\/v2\/users\/2"}],"replies":[{"embeddable":true,"href":"https:\/\/hunglong.banbientan.com\/index.php?rest_route=%2Fwp%2Fv2%2Fcomments&post=5703"}],"version-history":[{"count":0,"href":"https:\/\/hunglong.banbientan.com\/index.php?rest_route=\/wp\/v2\/pages\/5703\/revisions"}],"up":[{"embeddable":true,"href":"https:\/\/hunglong.banbientan.com\/index.php?rest_route=\/wp\/v2\/pages\/5698"}],"wp:featuredmedia":[{"embeddable":true,"href":"https:\/\/hunglong.banbientan.com\/index.php?rest_route=\/"}],"wp:attachment":[{"href":"https:\/\/hunglong.banbientan.com\/index.php?rest_route=%2Fwp%2Fv2%2Fmedia&parent=5703"}],"curies":[{"name":"wp","href":"https:\/\/api.w.org\/{rel}","templated":true}]}}