{"id":5708,"date":"2012-07-13T01:12:24","date_gmt":"2012-07-12T18:12:24","guid":{"rendered":"https:\/\/banbientan.com\/?page_id=5708"},"modified":"2012-07-13T01:12:24","modified_gmt":"2012-07-12T18:12:24","slug":"z-loai-nho-thong-dung","status":"publish","type":"page","link":"https:\/\/hunglong.banbientan.com\/?page_id=5708","title":{"rendered":"Z lo\u1ea1i nh\u1ecf th\u00f4ng d\u1ee5ng"},"content":{"rendered":"<p><a href=\"https:\/\/banbientan.com\/wp-content\/uploads\/2012\/07\/switches_basic_z_pic01_01oct2000.jpg\"><img loading=\"lazy\" decoding=\"async\" class=\"alignnone size-full wp-image-5710\" title=\"switches_basic_z_pic01_01oct2000\" alt=\"\" src=\"https:\/\/banbientan.com\/wp-content\/uploads\/2012\/07\/switches_basic_z_pic01_01oct2000.jpg\" width=\"232\" height=\"150\" \/><\/a><br \/>\n<strong><a href=\"https:\/\/banbientan.com\/wp-content\/uploads\/2012\/07\/Catalog-tieng-viet-Z.pdf\">Catalog tieng viet Z<\/a><\/strong><br \/>\n<strong><a href=\"https:\/\/banbientan.com\/wp-content\/uploads\/2012\/07\/Catalog-tieng-anh-Z.pdf\">Catalog tieng anh Z<\/a><\/strong><br \/>\nC\u00f4ng t\u1eafc h\u00e0nh tr\u00ecnh lo\u1ea1i th\u00f4ng d\u1ee5ng, ph\u1ed5 bi\u1ebfn 1 ti\u1ebfp \u0111i\u1ec3m 2 tr\u1ea1ng th\u00e1i NO\/NC &#8211; SPDT.<\/p>\n<ul>\n<li>Ch\u00ednh x\u00e1c, nhi\u1ec1u ki\u1ec3u d\u00e1ng t\u00e1c \u0111\u1ed9ng, cho c\u00e1c \u1ee9ng d\u1ee5ng kh\u00e1c nhau.<\/li>\n<li>Kh\u1ea3 n\u0103ng ch\u1ee5i t\u1ea3i ti\u1ebfp \u0111i\u1ec3m cao 15A, v\u1edbi \u0111\u1ed9 ch\u00ednh x\u00e1c l\u1eadp l\u1ea1i cao.<\/li>\n<li>Ch\u1ee5i \u0111\u1ef1ng t\u1ea7n s\u1ed1 ho\u1ea1t \u0111\u1ed9ng cao 120 l\u1ea7n\/ph\u00fat (t\u00e1c \u0111\u1ed9ng c\u01a1)<\/li>\n<li>Tu\u1ed5i th\u1ecd ho\u1ea1t \u0111\u1ed9ng t\u1ed1i thi\u1ec3u 1.000.000 (t\u00e1c \u0111\u1ed9ng c\u01a1), 100.000 l\u1ea7n (t\u00e1c \u0111\u1ed9ng \u0111i\u1ec7n)<\/li>\n<li>T\u1ed1c \u0111\u1ed9 t\u00e1c \u0111\u1ed9ng 1 mm\/s ~ 1 m\/s<\/li>\n<li>\u0110\u1ea5u n\u1ed1i ki\u1ec3u terminal<\/li>\n<li>\u0110\u1ea1t ti\u00eau chu\u1ea9n EC\/IEC, UL v\u00e0 CCC, c\u00f3 d\u1ea5u CE<\/li>\n<li>Ki\u1ec3u d\u00e1ng l\u1eafp \u0111\u1eb7t \u0111\u01a1n gi\u1ea3n, gi\u1ea3m th\u1eddi gian b\u1ea3o tr\u00ec, thay th\u1ebf.<\/li>\n<\/ul>\n<p>M\u1ed9t s\u1ed1 model th\u00f4ng d\u1ee5ng:<\/p>\n<ul>\n<li><strong><a href=\"https:\/\/banbientan.com\/z-15gd-b\">Z-15GD-B<\/a>\u00a0<\/strong>: Lo\u1ea1i ch\u1ed1t ng\u1eafn t\u00e1c \u0111\u1ed9ng l\u00ean\/xu\u1ed1ng<\/li>\n<li><strong><a href=\"https:\/\/banbientan.com\/z-15gq-b\">Z-15GQ-B<\/a>\u00a0<\/strong>: Lo\u1ea1i ch\u1ed1t d\u00e0i t\u00e1c \u0111\u1ed9ng l\u00ean\/xu\u1ed1ng<\/li>\n<li><strong><a href=\"https:\/\/banbientan.com\/z-15gq22-b\">Z-15GQ22-B<\/a>\u00a0<\/strong>: Lo\u1ea1i ch\u1ed1t d\u00e0i c\u00f3 b\u00e1nh xe t\u00e1c \u0111\u1ed9ng l\u00ean\/xu\u1ed1ng<\/li>\n<li><a href=\"https:\/\/banbientan.com\/z-15gw-b\/\">\u00a0<strong>Z-15GW-B<\/strong><\/a>\u00a0: lo\u1ea1i c\u1ea7n d\u00e0i 63mm<\/li>\n<li>\u00a0<strong><a href=\"https:\/\/banbientan.com\/z-15gw22-b\">Z-15GW22-B<\/a>\u00a0<\/strong>: lo\u1ea1i c\u1ea7n d\u00e0i 26mm c\u00f3 b\u00e1nh xe<\/li>\n<li><strong><a href=\"https:\/\/banbientan.com\/z-15hw78-b\/\">Z-15HW78-B<\/a>\u00a0<\/strong>: lo\u1ea1i thanh d=0.5mm d\u00e0i 100mm<\/li>\n<\/ul>\n","protected":false},"excerpt":{"rendered":"<p>Catalog tieng viet Z Catalog tieng anh Z C\u00f4ng t\u1eafc h\u00e0nh tr\u00ecnh lo\u1ea1i th\u00f4ng d\u1ee5ng, ph\u1ed5 bi\u1ebfn 1 ti\u1ebfp \u0111i\u1ec3m 2 tr\u1ea1ng th\u00e1i NO\/NC &#8211; SPDT. Ch\u00ednh x\u00e1c, nhi\u1ec1u ki\u1ec3u d\u00e1ng t\u00e1c \u0111\u1ed9ng, cho c\u00e1c \u1ee9ng d\u1ee5ng kh\u00e1c nhau. Kh\u1ea3 n\u0103ng ch\u1ee5i t\u1ea3i ti\u1ebfp \u0111i\u1ec3m cao 15A, v\u1edbi \u0111\u1ed9 ch\u00ednh x\u00e1c l\u1eadp l\u1ea1i cao. Ch\u1ee5i [&hellip;]<\/p>\n","protected":false},"author":2,"featured_media":0,"parent":5698,"menu_order":2,"comment_status":"open","ping_status":"closed","template":"","meta":{"footnotes":""},"class_list":["post-5708","page","type-page","status-publish","hentry"],"_links":{"self":[{"href":"https:\/\/hunglong.banbientan.com\/index.php?rest_route=\/wp\/v2\/pages\/5708","targetHints":{"allow":["GET"]}}],"collection":[{"href":"https:\/\/hunglong.banbientan.com\/index.php?rest_route=\/wp\/v2\/pages"}],"about":[{"href":"https:\/\/hunglong.banbientan.com\/index.php?rest_route=\/wp\/v2\/types\/page"}],"author":[{"embeddable":true,"href":"https:\/\/hunglong.banbientan.com\/index.php?rest_route=\/wp\/v2\/users\/2"}],"replies":[{"embeddable":true,"href":"https:\/\/hunglong.banbientan.com\/index.php?rest_route=%2Fwp%2Fv2%2Fcomments&post=5708"}],"version-history":[{"count":0,"href":"https:\/\/hunglong.banbientan.com\/index.php?rest_route=\/wp\/v2\/pages\/5708\/revisions"}],"up":[{"embeddable":true,"href":"https:\/\/hunglong.banbientan.com\/index.php?rest_route=\/wp\/v2\/pages\/5698"}],"wp:attachment":[{"href":"https:\/\/hunglong.banbientan.com\/index.php?rest_route=%2Fwp%2Fv2%2Fmedia&parent=5708"}],"curies":[{"name":"wp","href":"https:\/\/api.w.org\/{rel}","templated":true}]}}