{"id":5739,"date":"2012-07-13T01:36:19","date_gmt":"2012-07-12T18:36:19","guid":{"rendered":"https:\/\/banbientan.com\/?page_id=5739"},"modified":"2012-07-13T01:36:19","modified_gmt":"2012-07-12T18:36:19","slug":"e4pa-hinh-tru-analog","status":"publish","type":"page","link":"https:\/\/hunglong.banbientan.com\/?page_id=5739","title":{"rendered":"E4PA h\u00ecnh tr\u1ee5 analog"},"content":{"rendered":"<p><strong><a href=\"https:\/\/banbientan.com\/wp-content\/uploads\/2012\/07\/E4PA-h\u00ecnh-tr\u1ee5-analog.jpg\"><img loading=\"lazy\" decoding=\"async\" class=\"alignnone size-medium wp-image-5741\" title=\"E4PA h\u00ecnh tr\u1ee5 analog\" src=\"https:\/\/banbientan.com\/wp-content\/uploads\/2012\/07\/E4PA-h\u00ecnh-tr\u1ee5-analog-300x237.jpg\" alt=\"\" width=\"300\" height=\"237\" \/><\/a><\/strong><br \/>\n<strong><a href=\"https:\/\/banbientan.com\/wp-content\/uploads\/2012\/07\/catalog-E4PA.pdf\">catalog E4PA<\/a><\/strong><\/p>\n<ul>\n<li>C\u1ea3m bi\u1ebfn si\u00eau \u00e2m hi\u0300nh tru\u0323, v\u01a1\u0301i ngo\u0309 ra analog 4-20mA, 0-10VDC.<\/li>\n<li>Du\u0300ng \u0111\u00ea\u0309 \u0111o khoa\u0309ng ca\u0301ch va\u0300 \u0111\u00f4\u0323 d\u00e2\u0300y<\/li>\n<li>Ngu\u1ed3n c\u1ea5p 12-24VDC \u00b110%.<\/li>\n<li>Kh\u00f4ng phu\u0323 thu\u00f4\u0323c hi\u0300nh da\u0301ng, ti\u0301nh ch\u00e2\u0301t, ma\u0300u s\u0103\u0301c cu\u0309a v\u00e2\u0323t th\u00ea\u0309.<\/li>\n<li>T\u1ea7n s\u1ed1 s\u00f3ng si\u00eau \u00e2m hoa\u0323t \u0111\u00f4\u0323ng 65-380Kz<\/li>\n<li>G\u00f3c ph\u00e1t s\u00f3ng h\u1eb9p \u00b18<sup>0<\/sup>, ki\u1ec3m tra \u0111\u01b0\u1ee3c c\u00e1c v\u1eadt c\u00f3 di\u00ea\u0323n ti\u0301ch nh\u1ecf 100x100mm<\/li>\n<li>\u0110\u00e8n b\u00e1o ch\u1ec9 th\u1ecb tr\u1ea1ng th\u00e1i ng\u1ecf ra m\u00e0u xanh.<\/li>\n<li>Nhi\u1ec7t \u0111\u1ed9 ho\u1ea1t \u0111\u1ed9ng -10~55<sup>0<\/sup>C, \u0111\u1ea1t \u0111\u1ed9 k\u00edn IEC IP65<\/li>\n<li>L\u1eafp \u0111\u1eb7t \u0111\u01a1n gi\u1ea3n, d\u1ec5 d\u00e0ng b\u1ea3o tr\u00ec, thi\u1ebft k\u1ebf v\u1edbi tu\u1ed5i th\u1ecd cao.<\/li>\n<li>\u01af\u0301ng du\u0323ng pha\u0301t hi\u00ea\u0323n v\u00e2\u0323t th\u00ea\u0309<\/li>\n<\/ul>\n<ul>\n<li>M\u1ed9t s\u1ed1 model th\u00f4ng d\u1ee5ng:<\/li>\n<\/ul>\n<ul>\n<li>C\u1ea3m bi\u1ebfn si\u00eau \u00e2m hi\u0300nh tru\u0323, v\u01a1\u0301i ngo\u0309 ra analog 4-20mA, 0-10VDC.<\/li>\n<li>Du\u0300ng \u0111\u00ea\u0309 \u0111o khoa\u0309ng ca\u0301ch va\u0300 \u0111\u00f4\u0323 d\u00e2\u0300y<\/li>\n<li>Ngu\u1ed3n c\u1ea5p 12-24VDC \u00b110%.<\/li>\n<li>Kh\u00f4ng phu\u0323 thu\u00f4\u0323c hi\u0300nh da\u0301ng, ti\u0301nh ch\u00e2\u0301t, ma\u0300u s\u0103\u0301c cu\u0309a v\u00e2\u0323t th\u00ea\u0309.<\/li>\n<li>T\u1ea7n s\u1ed1 s\u00f3ng si\u00eau \u00e2m hoa\u0323t \u0111\u00f4\u0323ng 65-380Kz<\/li>\n<li>G\u00f3c ph\u00e1t s\u00f3ng h\u1eb9p \u00b18<sup>0<\/sup>, ki\u1ec3m tra \u0111\u01b0\u1ee3c c\u00e1c v\u1eadt c\u00f3 di\u00ea\u0323n ti\u0301ch nh\u1ecf 100x100mm<\/li>\n<li>\u0110\u00e8n b\u00e1o ch\u1ec9 th\u1ecb tr\u1ea1ng th\u00e1i ng\u1ecf ra m\u00e0u xanh.<\/li>\n<li>Nhi\u1ec7t \u0111\u1ed9 ho\u1ea1t \u0111\u1ed9ng -10~55<sup>0<\/sup>C, \u0111\u1ea1t \u0111\u1ed9 k\u00edn IEC IP65<\/li>\n<li>L\u1eafp \u0111\u1eb7t \u0111\u01a1n gi\u1ea3n, d\u1ec5 d\u00e0ng b\u1ea3o tr\u00ec, thi\u1ebft k\u1ebf v\u1edbi tu\u1ed5i th\u1ecd cao.<\/li>\n<li>\u01af\u0301ng du\u0323ng pha\u0301t hi\u00ea\u0323n v\u00e2\u0323t th\u00ea\u0309<\/li>\n<\/ul>\n<ul>\n<li>M\u1ed9t s\u1ed1 model th\u00f4ng d\u1ee5ng:\n<ul>\n<li><strong>E4PA-LS50-M1-N: <\/strong>loa\u0323i khoa\u0309ng ca\u0301ch \u0111o 50-500mm<\/li>\n<li><strong>E4PA-LS200-M1-N<\/strong><strong>:<\/strong><strong> <\/strong>loa\u0323i khoa\u0309ng ca\u0301ch \u0111o 120-2000mm<\/li>\n<li><strong>E4PA-LS400-M1-N<\/strong><strong>:<\/strong><strong> <\/strong>loa\u0323i khoa\u0309ng ca\u0301ch \u0111o 240-4000mm<\/li>\n<li><strong>E4PA-LS600-M1-N<\/strong><strong>:<\/strong><strong> <\/strong>loa\u0323i khoa\u0309ng ca\u0301ch \u0111o 400-6000mm<\/li>\n<li><strong>E4PA-P01<\/strong><strong>:<\/strong><strong> <\/strong>thi\u00ea\u0301t bi\u0323 \u0111\u00ea\u0309 hi\u00ea\u0323u chi\u0309nh ca\u0309m bi\u00ea\u0301n<\/li>\n<\/ul>\n<\/li>\n<\/ul>\n<p>&nbsp;<br \/>\n<a href=\"https:\/\/banbientan.com\/wp-content\/uploads\/2012\/07\/e4pa_pic01.jpg\"><img loading=\"lazy\" decoding=\"async\" class=\"alignnone size-full wp-image-5744\" title=\"e4pa_pic01\" src=\"https:\/\/banbientan.com\/wp-content\/uploads\/2012\/07\/e4pa_pic01.jpg\" alt=\"\" width=\"346\" height=\"380\" \/><\/a><\/p>\n","protected":false},"excerpt":{"rendered":"<p>catalog E4PA C\u1ea3m bi\u1ebfn si\u00eau \u00e2m hi\u0300nh tru\u0323, v\u01a1\u0301i ngo\u0309 ra analog 4-20mA, 0-10VDC. Du\u0300ng \u0111\u00ea\u0309 \u0111o khoa\u0309ng ca\u0301ch va\u0300 \u0111\u00f4\u0323 d\u00e2\u0300y Ngu\u1ed3n c\u1ea5p 12-24VDC \u00b110%. Kh\u00f4ng phu\u0323 thu\u00f4\u0323c hi\u0300nh da\u0301ng, ti\u0301nh ch\u00e2\u0301t, ma\u0300u s\u0103\u0301c cu\u0309a v\u00e2\u0323t th\u00ea\u0309. T\u1ea7n s\u1ed1 s\u00f3ng si\u00eau \u00e2m hoa\u0323t \u0111\u00f4\u0323ng 65-380Kz G\u00f3c ph\u00e1t s\u00f3ng h\u1eb9p \u00b180, ki\u1ec3m tra \u0111\u01b0\u1ee3c c\u00e1c [&hellip;]<\/p>\n","protected":false},"author":2,"featured_media":5741,"parent":5736,"menu_order":0,"comment_status":"open","ping_status":"closed","template":"","meta":{"footnotes":""},"class_list":["post-5739","page","type-page","status-publish","has-post-thumbnail","hentry"],"_links":{"self":[{"href":"https:\/\/hunglong.banbientan.com\/index.php?rest_route=\/wp\/v2\/pages\/5739","targetHints":{"allow":["GET"]}}],"collection":[{"href":"https:\/\/hunglong.banbientan.com\/index.php?rest_route=\/wp\/v2\/pages"}],"about":[{"href":"https:\/\/hunglong.banbientan.com\/index.php?rest_route=\/wp\/v2\/types\/page"}],"author":[{"embeddable":true,"href":"https:\/\/hunglong.banbientan.com\/index.php?rest_route=\/wp\/v2\/users\/2"}],"replies":[{"embeddable":true,"href":"https:\/\/hunglong.banbientan.com\/index.php?rest_route=%2Fwp%2Fv2%2Fcomments&post=5739"}],"version-history":[{"count":0,"href":"https:\/\/hunglong.banbientan.com\/index.php?rest_route=\/wp\/v2\/pages\/5739\/revisions"}],"up":[{"embeddable":true,"href":"https:\/\/hunglong.banbientan.com\/index.php?rest_route=\/wp\/v2\/pages\/5736"}],"wp:featuredmedia":[{"embeddable":true,"href":"https:\/\/hunglong.banbientan.com\/index.php?rest_route=\/"}],"wp:attachment":[{"href":"https:\/\/hunglong.banbientan.com\/index.php?rest_route=%2Fwp%2Fv2%2Fmedia&parent=5739"}],"curies":[{"name":"wp","href":"https:\/\/api.w.org\/{rel}","templated":true}]}}