{"id":5749,"date":"2012-07-13T01:42:18","date_gmt":"2012-07-12T18:42:18","guid":{"rendered":"https:\/\/banbientan.com\/?page_id=5749"},"modified":"2012-07-13T01:42:18","modified_gmt":"2012-07-12T18:42:18","slug":"e4c-hinh-tru-phi-18-nhua","status":"publish","type":"page","link":"https:\/\/hunglong.banbientan.com\/?page_id=5749","title":{"rendered":"E4C h\u00ecnh tr\u1ee5 phi 18 nh\u1ef1a"},"content":{"rendered":"<p><a href=\"https:\/\/banbientan.com\/wp-content\/uploads\/2012\/07\/E4C.jpg\"><img loading=\"lazy\" decoding=\"async\" class=\"alignnone size-medium wp-image-5750\" title=\"E4C\" src=\"https:\/\/banbientan.com\/wp-content\/uploads\/2012\/07\/E4C-300x237.jpg\" alt=\"\" width=\"300\" height=\"237\" \/><\/a><br \/>\n<strong><a href=\"https:\/\/banbientan.com\/wp-content\/uploads\/2012\/07\/Catalog-E4C.pdf\">Catalog E4C<\/a><\/strong><\/p>\n<ul>\n<li>C\u1ea3m bi\u1ebfn si\u00eau \u00e2m h\u00ecnh tr\u1ee5 \u1d1318, b\u00f4\u0323 khu\u00ea\u0301ch \u0111\u1ea1i r\u1eddi.<\/li>\n<li>Ngu\u1ed3n c\u1ea5p 12-24VDC \u00b110%.<\/li>\n<li>Kh\u00f4ng ph\u1ee5 thu\u00f4\u0323c h\u00ecnh d\u00e1ng, t\u00ednh ch\u00e2\u0301t, m\u00e0u s\u1eafc c\u1ee7a v\u00e2\u0323t th\u00ea\u0309.<\/li>\n<li>Ng\u1ecf ra d\u1ea1ng transistor NPN, PNP v\u1edbi tr\u1ea1ng th\u00e1i NO\/NC l\u1ef1a ch\u1ecdn<\/li>\n<li>Nhi\u1ec1u ki\u1ec3u c\u00f3 th\u1ec3 l\u1ef1a ch\u1ecdn: t\u1ef1 thu ph\u00e1t \u0111i\u1ec1u ch\u1ec9nh \u0111\u01b0\u1ee3c, thu ph\u00e1t ri\u00eang<\/li>\n<li>T\u1ea7n s\u1ed1 s\u00f3ng si\u00eau \u00e2m ho\u1ea1t \u0111\u00f4\u0323ng 270Kz<\/li>\n<li>G\u00f3c ph\u00e1t s\u00f3ng h\u1eb9p \u00b18<sup>0<\/sup>, ki\u1ec3m tra \u0111\u01b0\u1ee3c c\u00e1c v\u1eadt c\u00f3 di\u00ea\u0323n t\u00edch nh\u1ecf 100x100mm<\/li>\n<li>\u0110\u00e8n b\u00e1o ch\u1ec9 th\u1ecb tr\u1ea1ng th\u00e1i ng\u1ecf ra m\u00e0u xanh.<\/li>\n<li>Nhi\u1ec7t \u0111\u1ed9 ho\u1ea1t \u0111\u1ed9ng -10~550C, \u0111\u1ea1t \u0111\u1ed9 k\u00edn IEC IP66<\/li>\n<li>L\u1eafp \u0111\u1eb7t \u0111\u01a1n gi\u1ea3n, d\u1ec5 d\u00e0ng b\u1ea3o tr\u00ec, thi\u1ebft k\u1ebf v\u1edbi tu\u1ed5i th\u1ecd cao.<\/li>\n<li>\u1ee8ng d\u1ee5ng ph\u00e1t hi\u00ea\u0323n v\u00e2\u0323t th\u00ea\u0309, ki\u00ea\u0309m tra s\u1ea3n ph\u00e2\u0309m<\/li>\n<\/ul>\n<ul>\n<li>M\u1ed9t s\u1ed1 model th\u00f4ng d\u1ee5ng:\n<ul>\n<li><strong>E4C-LS35 2M <\/strong>\u0111\u00e2\u0300u c\u1ea3m bi\u00ea\u0301n lo\u1ea1i thu ph\u00e1t ri\u00eang kho\u1ea3ng c\u00e1ch 500mm<\/li>\n<li><strong>E4C-TS50 2M <\/strong>\u0111\u00e2\u0300u c\u1ea3m bi\u00ea\u0301n lo\u1ea1i ph\u1ea3n x\u1ea1 khu\u00ea\u0301ch t\u00e1n kho\u1ea3ng c\u00e1ch 100-350mm<\/li>\n<li><strong>E4C-WH4T <\/strong>B\u00f4\u0323 khu\u00ea\u0301ch \u0111\u1ea1i lo\u1ea1i thu ph\u00e1t<\/li>\n<li><strong>E4C-WH4L <\/strong>B\u00f4\u0323 khu\u00ea\u0301ch \u0111\u1ea1i lo\u1ea1i ph\u1ea3n x\u1ea1 khu\u00ea\u0301ch t\u00e1n<\/li>\n<\/ul>\n<\/li>\n<\/ul>\n<p>&nbsp;<\/p>\n","protected":false},"excerpt":{"rendered":"<p>Catalog E4C C\u1ea3m bi\u1ebfn si\u00eau \u00e2m h\u00ecnh tr\u1ee5 \u1d1318, b\u00f4\u0323 khu\u00ea\u0301ch \u0111\u1ea1i r\u1eddi. Ngu\u1ed3n c\u1ea5p 12-24VDC \u00b110%. Kh\u00f4ng ph\u1ee5 thu\u00f4\u0323c h\u00ecnh d\u00e1ng, t\u00ednh ch\u00e2\u0301t, m\u00e0u s\u1eafc c\u1ee7a v\u00e2\u0323t th\u00ea\u0309. Ng\u1ecf ra d\u1ea1ng transistor NPN, PNP v\u1edbi tr\u1ea1ng th\u00e1i NO\/NC l\u1ef1a ch\u1ecdn Nhi\u1ec1u ki\u1ec3u c\u00f3 th\u1ec3 l\u1ef1a ch\u1ecdn: t\u1ef1 thu ph\u00e1t \u0111i\u1ec1u ch\u1ec9nh \u0111\u01b0\u1ee3c, thu ph\u00e1t [&hellip;]<\/p>\n","protected":false},"author":2,"featured_media":5750,"parent":5736,"menu_order":2,"comment_status":"open","ping_status":"closed","template":"","meta":{"footnotes":""},"class_list":["post-5749","page","type-page","status-publish","has-post-thumbnail","hentry"],"_links":{"self":[{"href":"https:\/\/hunglong.banbientan.com\/index.php?rest_route=\/wp\/v2\/pages\/5749","targetHints":{"allow":["GET"]}}],"collection":[{"href":"https:\/\/hunglong.banbientan.com\/index.php?rest_route=\/wp\/v2\/pages"}],"about":[{"href":"https:\/\/hunglong.banbientan.com\/index.php?rest_route=\/wp\/v2\/types\/page"}],"author":[{"embeddable":true,"href":"https:\/\/hunglong.banbientan.com\/index.php?rest_route=\/wp\/v2\/users\/2"}],"replies":[{"embeddable":true,"href":"https:\/\/hunglong.banbientan.com\/index.php?rest_route=%2Fwp%2Fv2%2Fcomments&post=5749"}],"version-history":[{"count":0,"href":"https:\/\/hunglong.banbientan.com\/index.php?rest_route=\/wp\/v2\/pages\/5749\/revisions"}],"up":[{"embeddable":true,"href":"https:\/\/hunglong.banbientan.com\/index.php?rest_route=\/wp\/v2\/pages\/5736"}],"wp:featuredmedia":[{"embeddable":true,"href":"https:\/\/hunglong.banbientan.com\/index.php?rest_route=\/"}],"wp:attachment":[{"href":"https:\/\/hunglong.banbientan.com\/index.php?rest_route=%2Fwp%2Fv2%2Fmedia&parent=5749"}],"curies":[{"name":"wp","href":"https:\/\/api.w.org\/{rel}","templated":true}]}}