{"id":5759,"date":"2012-07-13T01:49:43","date_gmt":"2012-07-12T18:49:43","guid":{"rendered":"https:\/\/banbientan.com\/?page_id=5759"},"modified":"2012-07-13T01:49:43","modified_gmt":"2012-07-12T18:49:43","slug":"e4a-3k-loai-onoff-3m","status":"publish","type":"page","link":"https:\/\/hunglong.banbientan.com\/?page_id=5759","title":{"rendered":"E4A-3K lo\u1ea1i ON\/OFF 3m"},"content":{"rendered":"<p><a href=\"https:\/\/banbientan.com\/wp-content\/uploads\/2012\/07\/E4A-3K.jpg\"><img loading=\"lazy\" decoding=\"async\" class=\"alignnone size-full wp-image-5760\" title=\"E4A-3K\" src=\"https:\/\/banbientan.com\/wp-content\/uploads\/2012\/07\/E4A-3K.jpg\" alt=\"\" width=\"300\" height=\"237\" \/><\/a><br \/>\n<a href=\"https:\/\/banbientan.com\/wp-content\/uploads\/2012\/07\/Catalog-E4A-3K.pdf\">Catalog E4A-3K<\/a><\/p>\n<ul>\n<li>C\u1ea3m bi\u1ebfn si\u00eau \u00e2m d\u1ea1ng kh\u1ed1i 105x150x50mm<\/li>\n<li>Kho\u1ea3ng c\u00e1ch \u0111o c\u00f3 th\u1ec3 ch\u1ec9nh \u0111\u01b0\u1ee3c 0.3~3m<\/li>\n<li>Ngu\u1ed3n c\u1ea5p 100\/110, 200\/220VAC 50\/60Hz, 12-24VDC<\/li>\n<li>Ng\u1ecf ra d\u1ea1ng contact 3A-250VAC\/30VDC, NO-NC<\/li>\n<li>Cho ph\u00e9p n\u1ed1i nhi\u1ec1u c\u1ea3m bi\u1ebfn \u0111\u1ec3 ho\u1ea1t \u0111\u1ed9ng \u0111\u1ed3ng b\u1ed9<\/li>\n<li>\u0110\u00e8n b\u00e1o ch\u1ec9 th\u1ecb tr\u1ea1ng th\u00e1i ng\u1ecf ra m\u00e0u xanh.<\/li>\n<li>Nhi\u1ec7t \u0111\u1ed9 ho\u1ea1t \u0111\u1ed9ng -20~550C, \u0111\u1ea1t \u0111\u1ed9 k\u00edn IEC IP60<\/li>\n<li>L\u1eafp \u0111\u1eb7t \u0111\u01a1n gi\u1ea3n, d\u1ec5 d\u00e0ng b\u1ea3o tr\u00ec, thi\u1ebft k\u1ebf v\u1edbi tu\u1ed5i th\u1ecd cao.<\/li>\n<\/ul>\n<ul>\n<li>M\u1ed9t s\u1ed1 model th\u00f4ng d\u1ee5ng:\n<ul>\n<li><strong>E4A-3K <\/strong>C\u1ea3m bi\u00ea\u0301n si\u00eau \u00e2m ngu\u00f4\u0300n c\u00e2\u0301p AC110\/220V<\/li>\n<li><strong>E4A-3K AC120\/240 <\/strong>C\u1ea3m bi\u00ea\u0301n si\u00eau \u00e2m ngu\u00f4\u0300n c\u00e2\u0301p AC120\/240V<\/li>\n<li><strong>E4A-3K DC12-24<\/strong> C\u1ea3m bi\u00ea\u0301n si\u00eau \u00e2m ngu\u00f4\u0300n c\u00e2\u0301p DC12-24V<\/li>\n<\/ul>\n<\/li>\n<\/ul>\n<p>&nbsp;<\/p>\n","protected":false},"excerpt":{"rendered":"<p>Catalog E4A-3K C\u1ea3m bi\u1ebfn si\u00eau \u00e2m d\u1ea1ng kh\u1ed1i 105x150x50mm Kho\u1ea3ng c\u00e1ch \u0111o c\u00f3 th\u1ec3 ch\u1ec9nh \u0111\u01b0\u1ee3c 0.3~3m Ngu\u1ed3n c\u1ea5p 100\/110, 200\/220VAC 50\/60Hz, 12-24VDC Ng\u1ecf ra d\u1ea1ng contact 3A-250VAC\/30VDC, NO-NC Cho ph\u00e9p n\u1ed1i nhi\u1ec1u c\u1ea3m bi\u1ebfn \u0111\u1ec3 ho\u1ea1t \u0111\u1ed9ng \u0111\u1ed3ng b\u1ed9 \u0110\u00e8n b\u00e1o ch\u1ec9 th\u1ecb tr\u1ea1ng th\u00e1i ng\u1ecf ra m\u00e0u xanh. Nhi\u1ec7t \u0111\u1ed9 ho\u1ea1t \u0111\u1ed9ng -20~550C, [&hellip;]<\/p>\n","protected":false},"author":2,"featured_media":5760,"parent":5736,"menu_order":6,"comment_status":"open","ping_status":"closed","template":"","meta":{"footnotes":""},"class_list":["post-5759","page","type-page","status-publish","has-post-thumbnail","hentry"],"_links":{"self":[{"href":"https:\/\/hunglong.banbientan.com\/index.php?rest_route=\/wp\/v2\/pages\/5759","targetHints":{"allow":["GET"]}}],"collection":[{"href":"https:\/\/hunglong.banbientan.com\/index.php?rest_route=\/wp\/v2\/pages"}],"about":[{"href":"https:\/\/hunglong.banbientan.com\/index.php?rest_route=\/wp\/v2\/types\/page"}],"author":[{"embeddable":true,"href":"https:\/\/hunglong.banbientan.com\/index.php?rest_route=\/wp\/v2\/users\/2"}],"replies":[{"embeddable":true,"href":"https:\/\/hunglong.banbientan.com\/index.php?rest_route=%2Fwp%2Fv2%2Fcomments&post=5759"}],"version-history":[{"count":0,"href":"https:\/\/hunglong.banbientan.com\/index.php?rest_route=\/wp\/v2\/pages\/5759\/revisions"}],"up":[{"embeddable":true,"href":"https:\/\/hunglong.banbientan.com\/index.php?rest_route=\/wp\/v2\/pages\/5736"}],"wp:featuredmedia":[{"embeddable":true,"href":"https:\/\/hunglong.banbientan.com\/index.php?rest_route=\/"}],"wp:attachment":[{"href":"https:\/\/hunglong.banbientan.com\/index.php?rest_route=%2Fwp%2Fv2%2Fmedia&parent=5759"}],"curies":[{"name":"wp","href":"https:\/\/api.w.org\/{rel}","templated":true}]}}