{"id":6290,"date":"2012-07-17T05:06:29","date_gmt":"2012-07-16T22:06:29","guid":{"rendered":"https:\/\/banbientan.com\/?page_id=6290"},"modified":"2012-07-17T05:06:29","modified_gmt":"2012-07-16T22:06:29","slug":"s8jc-z-bo-nguon-gia-re-nha","status":"publish","type":"page","link":"https:\/\/hunglong.banbientan.com\/?page_id=6290","title":{"rendered":"S8JC-ZS kinh t\u1ebf cao c\u1ea5p"},"content":{"rendered":"<p><a href=\"https:\/\/banbientan.com\/wp-content\/uploads\/2012\/07\/S8JC-ZS-lo%E1%BA%A1i-kinh-t%E1%BA%BF-cao-c%E1%BA%A5p.png\"><img loading=\"lazy\" decoding=\"async\" title=\"S8JC-ZS lo\u1ea1i kinh t\u1ebf cao c\u1ea5p\" src=\"https:\/\/banbientan.com\/wp-content\/uploads\/2012\/07\/S8JC-ZS-lo%E1%BA%A1i-kinh-t%E1%BA%BF-cao-c%E1%BA%A5p-300x239.png\" alt=\"S8JC ZS lo\u1ea1i kinh t\u1ebf cao c\u1ea5p 300x239 S8JC ZS lo\u1ea1i kinh t\u1ebf cao c\u1ea5p\" width=\"300\" height=\"239\" \/><\/a><br \/>\n<strong><a href=\"https:\/\/banbientan.com\/wp-content\/uploads\/2012\/07\/T044.pdf\">T\u00e0i li\u1ec7u ti\u1ebfng anh S8JC-ZS<\/a><\/strong><\/p>\n<ul>\n<li>B\u1ed9 ngu\u1ed3n DC \u0111\u01a1n gi\u1ea3n, kinh t\u1ebf, v\u1ecf s\u1eaft g\u1eafn DIN rail<\/li>\n<li>Ngu\u1ed3n c\u1ea5p 200~240VAC (185~264VAC), 50\/60Hz.<\/li>\n<li>\u0110i\u1ec7n \u00e1p ng\u1ecf ra nhi\u1ec1u lo\u1ea1i l\u1ef1a ch\u1ecdn: 5, 12, 24VDC \u00b110%.<\/li>\n<li>Nhi\u1ec1u c\u1ea5p c\u00f4ng su\u1ea5t d\u1ec3 l\u1ef1a ch\u1ecdn: 15, 35, 50, 100, 150, 350W<\/li>\n<li>B\u1ea3o v\u1ec7 qu\u00e1 d\u00f2ng, ng\u1eafn m\u1ea1ch, qu\u00e1 \u00e1p, t\u1ef1 \u0111\u1ed9ng kh\u1edfi \u0111\u1ed9ng l\u1ea1i.<\/li>\n<li>Kh\u00f4ng cho ph\u00e9p k\u1ebft n\u1ed1i song song ho\u1eb7c n\u1ed1i ti\u1ebfp c\u00e1c ngu\u1ed3n c\u00f9ng c\u00f4ng su\u1ea5t v\u1edbi nhau.<\/li>\n<li>\u0110\u00e8n b\u00e1o ch\u1ec9 th\u1ecb tr\u1ea1ng th\u00e1i ng\u1ecf ra m\u00e0u xanh.<\/li>\n<li>\u0110\u1ea1t c\u00e1c ti\u00eau chu\u1ea9n an to\u00e0n v\u1ec1 \u0111i\u1ec7n UL508\/60950-1\/1604, CSA C22.2 No. 14\/No. 60950-1\/No. 213, EN50178, EN60950-1, d\u1ea5u CE<\/li>\n<li>L\u1eafp \u0111\u1eb7t \u0111\u01a1n gi\u1ea3n, d\u1ec5 d\u00e0ng b\u1ea3o tr\u00ec, thi\u1ebft k\u1ebf v\u1edbi tu\u1ed5i th\u1ecd cao.<\/li>\n<\/ul>\n<p>M\u1ed9t s\u1ed1 model th\u00f4ng d\u1ee5ng:<\/p>\n<ul>\n<li><strong><a href=\"https:\/\/banbientan.com\/s8jc-zs01505cd-ac2\/\">S8JC-ZS01505CD-AC2<\/a>\u00a0<\/strong>lo\u1ea1i 5VDC-3A, c\u00f4ng su\u1ea5t 15W, g\u1eafn DIN rail.<strong>\u00a0<\/strong><\/li>\n<li><strong><a href=\"https:\/\/banbientan.com\/s8jc-zs03505cd-ac2\/\"><strong>S8JC-ZS03505CD-AC2<\/strong><\/a>\u00a0<\/strong>lo\u1ea1i 5VDC-7A c\u00f4ng su\u1ea5t 35W, g\u1eafn DIN rail.<strong>\u00a0<\/strong><\/li>\n<li><strong><a href=\"https:\/\/banbientan.com\/s8jc-zs03512cd-ac2\/\"><strong>S8JC-ZS03512CD-AC2<\/strong><\/a>\u00a0<\/strong>lo\u1ea1i 12VDC-3A c\u00f4ng su\u1ea5t 35W g\u1eafn DIN rail.<strong>\u00a0<\/strong><\/li>\n<li><strong><a href=\"https:\/\/banbientan.com\/s8jc-zs03524cd-ac2\/\"><strong>S8JC-ZS03524CD-AC2<\/strong><\/a>\u00a0<\/strong>lo\u1ea1i 24VDC-1.5A c\u00f4ng su\u1ea5t 35W g\u1eafn DIN rail.<strong>\u00a0<\/strong><\/li>\n<li><strong><a href=\"https:\/\/banbientan.com\/s8jc-zs05012cd-ac2\/\">S8JC-ZS05012CD-AC2<\/a>\u00a0<\/strong>lo\u1ea1i 12VDC-4.1A c\u00f4ng su\u1ea5t 50W g\u1eafn DIN rail.<strong>\u00a0<\/strong><\/li>\n<li><strong><a href=\"https:\/\/banbientan.com\/s8jc-zs05024cd-ac2\/\"><strong>S8JC-ZS05024CD-AC2<\/strong><\/a>\u00a0<\/strong>lo\u1ea1i 24VDC-2.1A c\u00f4ng su\u1ea5t 50W g\u1eafn DIN rail.<strong>\u00a0<\/strong><\/li>\n<li><strong><a href=\"https:\/\/banbientan.com\/s8jc-zs10012cd-ac2\/\" target=\"_blank\" rel=\"noopener\"><strong>S8JC-ZS10012CD-AC2<\/strong><\/a>\u00a0<\/strong>lo\u1ea1i 12VDC-8.2A c\u00f4ng su\u1ea5t 100W g\u1eafn DIN rail.<strong>\u00a0<\/strong><\/li>\n<li><strong><a href=\"https:\/\/banbientan.com\/s8jc-zs10024cd-ac2\/\" target=\"_blank\" rel=\"noopener\"><strong>S8JC-ZS10024CD-AC2<\/strong><\/a>\u00a0<\/strong>lo\u1ea1i 24VDC-4.2A c\u00f4ng su\u1ea5t 100W g\u1eafn DIN rail.<\/li>\n<li><strong><a href=\"https:\/\/banbientan.com\/s8jc-zs15024cd-ac2\/\"><strong>S8JC-ZS15024CD-AC2<\/strong><\/a>\u00a0<\/strong>lo\u1ea1i 24VDC-6.5A c\u00f4ng su\u1ea5t 150W g\u1eafn DIN rail.<\/li>\n<li><strong><a href=\"https:\/\/banbientan.com\/s8jc-zs35024cd-ac2\/\">S8JC-ZS35024CD-AC2<\/a>\u00a0<\/strong>lo\u1ea1i 24VDC-14.5A c\u00f4ng su\u1ea5t 350W g\u1eafn DIN rail.<\/li>\n<\/ul>\n","protected":false},"excerpt":{"rendered":"<p>T\u00e0i li\u1ec7u ti\u1ebfng anh S8JC-ZS B\u1ed9 ngu\u1ed3n DC \u0111\u01a1n gi\u1ea3n, kinh t\u1ebf, v\u1ecf s\u1eaft g\u1eafn DIN rail Ngu\u1ed3n c\u1ea5p 200~240VAC (185~264VAC), 50\/60Hz. \u0110i\u1ec7n \u00e1p ng\u1ecf ra nhi\u1ec1u lo\u1ea1i l\u1ef1a ch\u1ecdn: 5, 12, 24VDC \u00b110%. Nhi\u1ec1u c\u1ea5p c\u00f4ng su\u1ea5t d\u1ec3 l\u1ef1a ch\u1ecdn: 15, 35, 50, 100, 150, 350W B\u1ea3o v\u1ec7 qu\u00e1 d\u00f2ng, ng\u1eafn m\u1ea1ch, qu\u00e1 \u00e1p, [&hellip;]<\/p>\n","protected":false},"author":2,"featured_media":18195,"parent":107,"menu_order":0,"comment_status":"open","ping_status":"closed","template":"","meta":{"footnotes":""},"class_list":["post-6290","page","type-page","status-publish","has-post-thumbnail","hentry"],"_links":{"self":[{"href":"https:\/\/hunglong.banbientan.com\/index.php?rest_route=\/wp\/v2\/pages\/6290","targetHints":{"allow":["GET"]}}],"collection":[{"href":"https:\/\/hunglong.banbientan.com\/index.php?rest_route=\/wp\/v2\/pages"}],"about":[{"href":"https:\/\/hunglong.banbientan.com\/index.php?rest_route=\/wp\/v2\/types\/page"}],"author":[{"embeddable":true,"href":"https:\/\/hunglong.banbientan.com\/index.php?rest_route=\/wp\/v2\/users\/2"}],"replies":[{"embeddable":true,"href":"https:\/\/hunglong.banbientan.com\/index.php?rest_route=%2Fwp%2Fv2%2Fcomments&post=6290"}],"version-history":[{"count":0,"href":"https:\/\/hunglong.banbientan.com\/index.php?rest_route=\/wp\/v2\/pages\/6290\/revisions"}],"up":[{"embeddable":true,"href":"https:\/\/hunglong.banbientan.com\/index.php?rest_route=\/wp\/v2\/pages\/107"}],"wp:featuredmedia":[{"embeddable":true,"href":"https:\/\/hunglong.banbientan.com\/index.php?rest_route=\/"}],"wp:attachment":[{"href":"https:\/\/hunglong.banbientan.com\/index.php?rest_route=%2Fwp%2Fv2%2Fmedia&parent=6290"}],"curies":[{"name":"wp","href":"https:\/\/api.w.org\/{rel}","templated":true}]}}