{"id":6352,"date":"2014-06-30T11:29:53","date_gmt":"2014-06-30T04:29:53","guid":{"rendered":"https:\/\/banbientan.com\/?page_id=6352"},"modified":"2014-06-30T11:29:53","modified_gmt":"2014-06-30T04:29:53","slug":"download","status":"publish","type":"page","link":"https:\/\/hunglong.banbientan.com\/?page_id=6352","title":{"rendered":"Download"},"content":{"rendered":"<p><strong>A. T\u00e0i Li\u1ec7u c\u00e1c lo\u1ea1i bi\u1ebfn t\u1ea7n<\/strong><\/p>\n<table width=\"708\">\n<tbody>\n<tr>\n<td width=\"207\"><a href=\"https:\/\/banbientan.com\/wp-content\/uploads\/2012\/07\/Commander-SK-Advanced-User-Guide.pdf\">Emerson \u00a0SK<\/a><br \/>\n<a href=\"https:\/\/banbientan.com\/wp-content\/uploads\/2013\/05\/31012390_EV2100_V2_20120305-English-31102011.pdf\">Emerson EV2100<\/a><br \/>\n<a href=\"https:\/\/banbientan.com\/wp-content\/uploads\/2014\/04\/Unidrive_M100-M101_UG_Iss3.pdf\">Emerson Unidrive M100<\/a><br \/>\n<a href=\"https:\/\/banbientan.com\/wp-content\/uploads\/2014\/04\/Unidrive_M200-M201_UG_Iss4.pdf\">Emerson Unidrive M200<\/a><br \/>\n<a href=\"https:\/\/banbientan.com\/wp-content\/uploads\/2014\/04\/Unidrive_M300_UG_Iss5.pdf\">Emerson Unidrive M300<\/a><br \/>\n<a href=\"https:\/\/banbientan.com\/wp-content\/uploads\/2014\/04\/Unidrive_M400_UG_Iss4.pdf\">Emerson Unidrive M400<\/a><br \/>\n<a href=\"https:\/\/banbientan.com\/wp-content\/uploads\/2014\/04\/Unidrive_M600_GettingStarted_iss2.pdf\">Emerson Unidrive M600<\/a><br \/>\n<a href=\"https:\/\/banbientan.com\/wp-content\/uploads\/2014\/04\/Unidrive_M700_M701_Getting_Started_Guide_English_Issue_7.pdf\">Emerson Unidrive M700\u00a0<\/a><br \/>\n<a href=\"https:\/\/banbientan.com\/wp-content\/uploads\/2011\/10\/3G3JX_training_material_vn.pdf\">OMRON 3G3JX<\/a><br \/>\n<a href=\"https:\/\/banbientan.com\/wp-content\/uploads\/2011\/10\/RX-Series-Users-Manual.pdf\">OMRON\u00a03G3RX<\/a><br \/>\n<a href=\"https:\/\/banbientan.com\/wp-content\/uploads\/2011\/10\/MX2+QuickStartGuide.pdf\">OMRON 3G3MX2<\/a><br \/>\n<a href=\"https:\/\/banbientan.com\/wp-content\/uploads\/2011\/10\/3g3mx_vn.pdf\">OMRON\u00a03G3MX<\/a><br \/>\n<a href=\"https:\/\/banbientan.com\/wp-content\/uploads\/2013\/12\/Inovance%E2%80%94MD320User-Manual.pdf\">Inovance MD310<\/a><br \/>\n<a href=\"https:\/\/banbientan.com\/wp-content\/uploads\/2013\/12\/Inovance%E2%80%94MD280MD280N-User-Manual-V2.pdf\">Inovance MD210<\/a><br \/>\n<a href=\"https:\/\/banbientan.com\/wp-content\/uploads\/2013\/01\/Inovance%E2%80%94MD280MD280N-User-Manual-V2.pdf\">Inovance MD280N<\/a><br \/>\n<a href=\"https:\/\/banbientan.com\/wp-content\/uploads\/2014\/03\/YASKAWA-AC-DRIVE-A-1000.pdf\">YASKAWA A1000<\/a><br \/>\n<a href=\"https:\/\/banbientan.com\/wp-content\/uploads\/2014\/03\/YASKAWA-AC-Drive-V1000.pdf\">YASKAWA V1000<\/a><br \/>\n<a href=\"https:\/\/banbientan.com\/wp-content\/uploads\/2014\/03\/TOEPC71061638.pdf\">Yaskawa L1000<\/a><br \/>\n<a href=\"https:\/\/banbientan.com\/wp-content\/uploads\/2014\/03\/YASKAWA-AC-Drive-J1000.pdf\">YASKAWA J1000<\/a><br \/>\n<a href=\"https:\/\/banbientan.com\/wp-content\/uploads\/2014\/03\/YASKAWA-G7.01.pdf\">YASKAWA G7<\/a><br \/>\n<a href=\"https:\/\/banbientan.com\/wp-content\/uploads\/2014\/03\/YEU_INV_MV1000_EN_v7_1013_web.pdf\">YASKAWA MV1000<\/a><br \/>\n<a href=\"https:\/\/banbientan.com\/wp-content\/uploads\/2011\/09\/vf_nc3_manual_user_short_eng_e6581595.pdf\">Toshiba vf_nc3<\/a><br \/>\n<a href=\"https:\/\/banbientan.com\/wp-content\/uploads\/2011\/09\/Bien-tan_vf_fs1_eng.pdf\">Toshiba vf_fs1<\/a><\/td>\n<td width=\"144\"><a href=\"https:\/\/banbientan.com\/wp-content\/uploads\/2014\/01\/en_acs310_um_c_a4_screen.pdf\">ABB acs310<\/a><br \/>\n<a href=\"https:\/\/banbientan.com\/wp-content\/uploads\/2011\/09\/Acs150-.pdf\">ABB Acs150<\/a><br \/>\n<a href=\"https:\/\/banbientan.com\/wp-content\/uploads\/2011\/09\/manual_acs550_01.pdf\">ABB acs550<\/a><br \/>\n<a href=\"https:\/\/banbientan.com\/wp-content\/uploads\/2011\/09\/EN_ACS3551.pdf\">ABB<\/a><a href=\"https:\/\/banbientan.com\/wp-content\/uploads\/2011\/09\/EN_ACS3551.pdf\">\u00a0ACS<\/a><a href=\"https:\/\/banbientan.com\/wp-content\/uploads\/2011\/09\/EN_ACS3551.pdf\">355<\/a><br \/>\n<a href=\"http:\/\/www.mediafire.com\/view\/fyjs3gtopqd9a33\/GD200-Operation-Manual.pdf\">INVT GD200<\/a><br \/>\n<a href=\"https:\/\/banbientan.com\/wp-content\/uploads\/2014\/02\/Goodrive10-Operation-ManualV1_3.pdf\">INVT Goodrive10<\/a><br \/>\n<a href=\"https:\/\/banbientan.com\/wp-content\/uploads\/2011\/09\/huong-dan-su-dung-chf100a-tieng-viet.pdf\">INVT CHF100A<\/a><br \/>\n<a href=\"https:\/\/banbientan.com\/wp-content\/uploads\/2011\/10\/CHV100-Uninversal-close-loop-vector-manual.pdf\">INVT\u00a0CHV100<\/a><br \/>\n<a href=\"https:\/\/banbientan.com\/wp-content\/uploads\/2012\/08\/CHV110UserManualEnglishVersion.pdf\">INVT CHV110<\/a><br \/>\n<a href=\"https:\/\/banbientan.com\/wp-content\/uploads\/2011\/10\/CHV130manual.pdf\">INVT CHV130)<\/a><br \/>\n<a href=\"https:\/\/banbientan.com\/wp-content\/uploads\/2011\/10\/CHV160A-Manual.pdf\">INVT CHV160<\/a><br \/>\n<a href=\"https:\/\/banbientan.com\/wp-content\/uploads\/2011\/10\/CHV180-User-Manual_2010.pdf\">INVT CHV180<\/a><br \/>\n<a href=\"https:\/\/banbientan.com\/wp-content\/uploads\/2011\/10\/CHV190-User-Manual_English-Version.pdf\">INVT CHV190<\/a><br \/>\n<a href=\"http:\/\/banbientan.files.wordpress.com\/2012\/01\/goodrive-300.pdf\">INVT Goodrive 300<\/a><br \/>\n<a href=\"https:\/\/banbientan.com\/wp-content\/uploads\/2011\/10\/VLT6000_VLT8000_InstructionManual.pdf\">Danfoss\u00a0VLT6000<\/a><br \/>\n<a href=\"https:\/\/banbientan.com\/wp-content\/uploads\/2011\/10\/VLT-5000-Instruction-Manual.pdf\">Danfoss VLT 5000<\/a><br \/>\n<a href=\"https:\/\/banbientan.com\/wp-content\/uploads\/2011\/10\/FC102-1.1-90kW-Manual.pdf\">Danfoss FC102<\/a><br \/>\n<a href=\"https:\/\/banbientan.com\/wp-content\/uploads\/2011\/10\/FC200_LowHarmonicDrive_OperatingInstructions_MG21B202.pdf\">Danfoss vlt fc202<\/a><br \/>\n<a href=\"https:\/\/banbientan.com\/wp-content\/uploads\/2011\/10\/VLTAutomationInstructionManualfc302pdf.pdf\">Danfoss VLT302<\/a><br \/>\n<a href=\"https:\/\/banbientan.com\/wp-content\/uploads\/2011\/10\/manual_VLT_2800_ENG.pdf\">Danfoss VLT2800<\/a><br \/>\n<a href=\"https:\/\/banbientan.com\/wp-content\/uploads\/2011\/10\/Danfoss-Micro-Drive-FC-51.pdf\">Danfoss \u00a0FC 51<\/a><br \/>\n<a href=\"https:\/\/banbientan.com\/wp-content\/uploads\/2011\/09\/vf-s11-toshiba-inverter.pdf\">Toshiba\u00a0vf-s11\u00a0<\/a><br \/>\n<a href=\"https:\/\/banbientan.com\/wp-content\/uploads\/2011\/09\/bien-tan-toshiba-VF-AS1.pdf\">Toshiba\u00a0VF-AS1<\/a><\/td>\n<td width=\"168\"><a href=\"https:\/\/banbientan.com\/wp-content\/uploads\/2013\/05\/iG5A_-manual.pdf\">LS\u00a0IG5A<\/a><br \/>\n<a href=\"https:\/\/banbientan.com\/wp-content\/uploads\/2011\/09\/manual-iP5E.pdf\">LS iP5<\/a><br \/>\n<a href=\"https:\/\/banbientan.com\/wp-content\/uploads\/2011\/09\/iS5_manual.pdf\">LS\u00a0<\/a><a href=\"https:\/\/banbientan.com\/wp-content\/uploads\/2011\/09\/iS5_manual.pdf\">IS5<\/a><br \/>\n<a href=\"https:\/\/banbientan.com\/wp-content\/uploads\/2011\/09\/iC5_E_manual.pdf\">LS\u00a0IC5<\/a><br \/>\n<a href=\"https:\/\/banbientan.com\/wp-content\/uploads\/2011\/10\/mm430_paralist_en.pdf\">Siemens MM430<\/a><br \/>\n<a href=\"http:\/\/banbientan.files.wordpress.com\/2011\/10\/440-standard-operators-manaul-116-pgs-issue-a1.pdf\">Siemens M440\u00a0<\/a><br \/>\n<a href=\"https:\/\/banbientan.com\/wp-content\/uploads\/2011\/10\/m420-manual.pdf\">Siemens MM420<\/a><br \/>\n<a href=\"https:\/\/banbientan.com\/wp-content\/uploads\/2011\/10\/G120_PL.pdf\">Siemens G120<\/a><br \/>\n<a href=\"https:\/\/banbientan.com\/wp-content\/uploads\/2011\/10\/MM410_OPI_English_A1.pdf\">Siemens\u00a0MM410<\/a><br \/>\n<a href=\"https:\/\/banbientan.com\/wp-content\/uploads\/2011\/10\/MASD_OI_EN.pdf\">SiemensSimovert<\/a><br \/>\n<a href=\"https:\/\/banbientan.com\/wp-content\/uploads\/2011\/10\/G110_BA.pdf\">Siemens<\/a><a href=\"https:\/\/banbientan.com\/wp-content\/uploads\/2011\/10\/G110_BA.pdf\">\u00a0G110<\/a><br \/>\n<a href=\"https:\/\/banbientan.com\/wp-content\/uploads\/2011\/10\/CP2000_Guide_EN_20120221.pdf\">Delta\u00a0CP2000<\/a><br \/>\n<a href=\"https:\/\/banbientan.com\/wp-content\/uploads\/2011\/10\/Delta_C2000.pdf\">Delta C2000<\/a><br \/>\n<a href=\"https:\/\/banbientan.com\/wp-content\/uploads\/2011\/10\/Delta_VFD.pdf\">Delta VFD<\/a><br \/>\n<a href=\"https:\/\/banbientan.com\/wp-content\/uploads\/2011\/10\/VFD-VL.pdf\">Delta\u00a0VFD-VL<\/a><br \/>\n<a href=\"https:\/\/banbientan.com\/wp-content\/uploads\/2011\/10\/VFD-VE.pdf\">Delta\u00a0VFD-VE<\/a><br \/>\n<a href=\"https:\/\/banbientan.com\/wp-content\/uploads\/2011\/09\/ATV71-Manual-User-Vietnamese.pdf\">Schneide ATV71\u00a0<\/a><br \/>\n<a href=\"https:\/\/banbientan.com\/wp-content\/uploads\/2011\/09\/atv61.pdf\">schneide Altivar 61<\/a><br \/>\n<a href=\"https:\/\/banbientan.com\/wp-content\/uploads\/2011\/09\/User-manual-vn.pdf\">schneide ATV31<\/a><br \/>\n<a href=\"https:\/\/banbientan.com\/wp-content\/uploads\/2011\/09\/UserManual-ATV21.pdf\">schneide ATV21<\/a><br \/>\n<a href=\"https:\/\/banbientan.com\/wp-content\/uploads\/2011\/09\/Altivar-11.pdf\">schneide Altivar 11<\/a><br \/>\n<a href=\"https:\/\/banbientan.com\/wp-content\/uploads\/2011\/09\/bien-tan-toshiba_ps1.pdf\">Toshiba ps1<\/a><br \/>\n<a href=\"https:\/\/banbientan.com\/wp-content\/uploads\/2014\/07\/senlan_sb200_manual.pdf\">Senlan sb200<\/a><\/td>\n<td width=\"189\"><a href=\"https:\/\/banbientan.com\/wp-content\/uploads\/2011\/10\/n100plus_instructionmanualenglish.pdf\">Hyundai N100<\/a><br \/>\n<a href=\"https:\/\/banbientan.com\/wp-content\/uploads\/2011\/10\/Hyundai-N300-Manual.pdf\">Hyundai\u00a0N300l<\/a><br \/>\n<a href=\"https:\/\/banbientan.com\/wp-content\/uploads\/2011\/10\/N300p-manual.pdf\">Hyundai\u00a0N300P<\/a><br \/>\n<a href=\"https:\/\/banbientan.com\/wp-content\/uploads\/2011\/10\/n50_instructionmanualenglish.pdf\">Hyundai N50<\/a><br \/>\n<a href=\"https:\/\/banbientan.com\/wp-content\/uploads\/2011\/10\/n700-manual.pdf\">Hyundai N700<\/a><br \/>\n<a href=\"https:\/\/banbientan.com\/wp-content\/uploads\/2011\/10\/n700e-manual.pdf\">Hyundai N700e<\/a><br \/>\n<a href=\"https:\/\/banbientan.com\/wp-content\/uploads\/2011\/10\/hitachi-l200.pdf\">Hitachi L200<\/a><br \/>\n<a href=\"https:\/\/banbientan.com\/wp-content\/uploads\/2011\/10\/Hitachi-SJ700-VFD-AC-Drives.pdf\">Hitachi-SJ700<\/a><br \/>\n<a href=\"https:\/\/banbientan.com\/wp-content\/uploads\/2011\/10\/hitachi-x200-series-inverter-instruction-manual.pdf\">Hitachi-X200<\/a><br \/>\n<a href=\"https:\/\/banbientan.com\/wp-content\/uploads\/2011\/10\/hitachi-l300p-series-inverter-instruction-manual.pdf\">Hitachi-L300P<\/a><br \/>\n<a href=\"https:\/\/banbientan.com\/wp-content\/uploads\/2011\/10\/sj200.pdf\">Hitachi SJ200<\/a><br \/>\n<a href=\"https:\/\/banbientan.com\/wp-content\/uploads\/2011\/10\/sj300.pdf\">Hitachi SJ300<\/a><br \/>\n<a href=\"https:\/\/banbientan.com\/wp-content\/uploads\/2011\/10\/FRENIC-HVAC_IM_EN_INR-SI47-1610-E.pdf\">Fuji\u00a0FRENIC-HVAC<\/a><br \/>\n<a href=\"https:\/\/banbientan.com\/wp-content\/uploads\/2011\/10\/FRENIC-Ace_UM_E_24A7-E-0043.pdf\">Fuji\u00a0FRENIC-Ace<\/a><br \/>\n<a href=\"https:\/\/banbientan.com\/wp-content\/uploads\/2011\/10\/frenic-lift-instruction-manual-inr-si47-1038e-e-fuji.pdf\">Fuji\u00a0frenic-lift<\/a><br \/>\n<a href=\"https:\/\/banbientan.com\/wp-content\/uploads\/2011\/10\/MEGA-Users-Manual-MEHT536.pdf\">Fuji\u00a0MEGA\u00a0<\/a><br \/>\n<a href=\"https:\/\/banbientan.com\/wp-content\/uploads\/2011\/10\/Fuji-FRENICmulti-instructionmanual.pdf\">Fuji\u00a0FRENIC multi<\/a><br \/>\n<a href=\"https:\/\/banbientan.com\/wp-content\/uploads\/2014\/03\/F700-Basic-Manual.pdf\">Mitsubishi FR\u00a0F700<\/a><br \/>\n<a href=\"https:\/\/banbientan.com\/wp-content\/uploads\/2014\/03\/FR-D700-JP-Instruction-Manual-Basic.pdf\">Mitsubishi FR-D700<\/a><br \/>\n<a href=\"https:\/\/banbientan.com\/wp-content\/uploads\/2014\/03\/FR-E700-JP-Instruction-Manual.pdf\">Mitsubishi FR-E700<\/a><br \/>\n<a href=\"https:\/\/banbientan.com\/wp-content\/uploads\/2014\/03\/mitsubishi-e500-series-manual.pdf\">Mitsubishi FR E500<\/a><br \/>\n<a href=\"https:\/\/banbientan.com\/wp-content\/uploads\/2014\/03\/fr-s500-a.pdf\">Mitsubishi FR-S500<\/a><br \/>\n<a href=\"https:\/\/banbientan.com\/wp-content\/uploads\/2011\/10\/A700-Basic-Manual.pdf\">Mitsubishi FR A700<\/a><\/td>\n<\/tr>\n<\/tbody>\n<\/table>\n<p><strong>B. C\u00e1c lo\u1ea1i ph\u1ea7n m\u1ec1m<\/strong><\/p>\n<table border=\"1\" cellspacing=\"0\" cellpadding=\"0\">\n<tbody>\n<tr>\n<td width=\"31%\"><strong>\u00a0<a href=\"https:\/\/banbientan.com\/wp-content\/uploads\/2012\/07\/ZENSupportSoftware.rar\">ZEN\u00a0 Software<\/a><\/strong><\/td>\n<td width=\"69%\"><strong>: Ph\u1ea7n m\u1ec1m l\u1eadp tr\u00ecnh v\u00e0 m\u00f4 ph\u1ecfng ZEN omron<\/strong><\/td>\n<\/tr>\n<tr>\n<td width=\"31%\"><a href=\"http:\/\/www.mediafire.com\/download.php?ai3y9v02pq78jnt\" target=\"_blank\" rel=\"noopener\">CX-Programmer for CP1E<\/a><\/td>\n<td width=\"69%\">: Ph\u1ea7n m\u1ec1m l\u1eadp tr\u00ecnh PLC Omron<\/td>\n<\/tr>\n<tr>\n<td width=\"31%\"><a href=\"http:\/\/www.mediafire.com\/download.php?15l26zvv4v542c3\" target=\"_blank\" rel=\"noopener\">NB-Designer<\/a><\/td>\n<td width=\"69%\">: Ph\u1ea7n m\u1ec1m thi\u1ebft k\u1ebf HMI NB omron<\/td>\n<\/tr>\n<tr>\n<td width=\"31%\"><a href=\"http:\/\/www.mediafire.com\/download.php?zark4snb40bbw8t\" target=\"_blank\" rel=\"noopener\">NV-Designer<\/a><\/td>\n<td width=\"69%\"><span style=\"color: #000000;\">: Ph\u1ea7n m\u1ec1m thi\u1ebft k\u1ebf HMI NV omron<\/span><\/td>\n<\/tr>\n<tr>\n<td width=\"31%\"><a href=\"http:\/\/www.mediafire.com\/download.php?lqdtjl5g2k56bz5\" target=\"_blank\" rel=\"noopener\">Thermomini<\/a><\/td>\n<td width=\"69%\">: Ph\u1ea7n m\u1ec1m cho b\u1ed9 \u0111i\u1ec1u khi\u1ec3n nhi\u1ec7t\u00a0<a href=\"http:\/\/www.mediafire.com\/download.php?lqdtjl5g2k56bz5\" target=\"_blank\" rel=\"noopener\">E5AN\/E5EN\/E5CN\u00a0<\/a><\/td>\n<\/tr>\n<tr>\n<td width=\"31%\"><a href=\"http:\/\/www.mediafire.com\/download.php?7vb4m6cd67dbbd6\" target=\"_blank\" rel=\"noopener\">NP-Designer<\/a><\/td>\n<td width=\"69%\"><span style=\"color: #000000;\">: Ph\u1ea7n m\u1ec1m thi\u1ebft k\u1ebf HMI NP omron<\/span><\/td>\n<\/tr>\n<tr>\n<td width=\"31%\"><a href=\"https:\/\/banbientan.com\/wp-content\/uploads\/2012\/07\/OS32C_CFG_Tool_v.1.5.0.zip\" target=\"_blank\" rel=\"noopener\">OS32C Configuration Tool<\/a><\/td>\n<td width=\"69%\">: Ph\u1ea7n m\u1ec1m c\u1ea5u h\u00ecnh OS32C<\/td>\n<\/tr>\n<tr>\n<td width=\"31%\"><a href=\"http:\/\/www.mediafire.com\/download.php?gnqun67b6fjesl6\" target=\"_blank\" rel=\"noopener\">S8M Support Software<\/a><\/td>\n<td width=\"69%\">: Ph\u1ea7n m\u1ec1m h\u1ed7 tr\u1ee3 v\u00e0 b\u1ea3o v\u1ec7 S8M<\/td>\n<\/tr>\n<tr>\n<td width=\"31%\"><span style=\"color: #0000ff;\"><a href=\"https:\/\/www.mediafire.com\/?qv1fvpgaypvv3ml\"><span style=\"color: #0000ff;\">GX Depverlop 8<\/span><\/a><\/span><\/td>\n<td width=\"69%\">: Ph\u1ea7n m\u1ec1m l\u1eadp tr\u00ecnh PLC Mitsubishi<\/td>\n<\/tr>\n<\/tbody>\n<\/table>\n<p><strong>\u00a0C. T\u00e0i li\u1ec7u OMRON vui l\u00f2ng ch\u1ecdn trong m\u1ee5c s\u1ea3n ph\u1ea9m d\u01b0\u1edbi<\/strong><\/p>\n<table style=\"height: 150px;\" width=\"647\">\n<tbody>\n<tr>\n<td><a href=\"https:\/\/banbientan.com\/tu-dong-hoa-omron\/inverter_omron\/\">B\u1ed9 bi\u1ebfn t\u1ea7n<\/a><br \/>\n<a href=\"https:\/\/banbientan.com\/tu-dong-hoa-omron\/bo-lap-trinh-plc\/\">B\u1ed9 l\u1eadp tr\u00ecnh PLC<\/a><br \/>\n<a href=\"https:\/\/banbientan.com\/tu-dong-hoa-omron\/bo-lap-trinh-zen-omron\/\">B\u1ed9 l\u1eadp tr\u00ecnh \u0111\u01a1n gi\u1ea3n ZEN<\/a><br \/>\n<a href=\"https:\/\/banbientan.com\/tu-dong-hoa-omron\/bo-nguon-xung-24v\/\">B\u1ed9 ngu\u1ed3n xung \u1ed5n \u00e1p<\/a><br \/>\n<a href=\"https:\/\/banbientan.com\/tu-dong-hoa-omron\/bo-dem-counter-omron\/\">B\u1ed9 \u0111\u1ebfm<\/a><br \/>\n<a href=\"https:\/\/banbientan.com\/tu-dong-hoa-omron\/bo-dat-thoi-gian-timer\/\">B\u1ed9 \u0111\u1eb7t th\u1eddi gian<\/a><br \/>\n<a href=\"https:\/\/banbientan.com\/tu-dong-hoa-omron\/bo-dieu-khien-nhiet-do-e5c\/\">B\u1ed9 \u0111i\u1ec1u khi\u1ec3n nhi\u1ec7t \u0111\u1ed9<\/a><br \/>\n<a href=\"https:\/\/banbientan.com\/tu-dong-hoa-omron\/dong-ho-do\/\">\u0110\u1ed3 h\u1ed3 \u0111o t\u00edn hi\u1ec7u<\/a><a href=\"https:\/\/banbientan.com\/wp-content\/uploads\/2012\/07\/ZENSupportSoftware.rar\">ZEN\u00a0 Software<\/a><\/td>\n<td><a href=\"https:\/\/banbientan.com\/tu-dong-hoa-omron\/ma-hoa-vong-quay-encoder\/\">B\u1ed9 m\u00e3 h\u00f3a v\u00f2ng quay Encoder<\/a><br \/>\n<a href=\"https:\/\/banbientan.com\/tu-dong-hoa-omron\/cam-bien-quang-photoelectric-sensors\/\">C\u1ea3m bi\u1ebfn quang<\/a><br \/>\n<a href=\"https:\/\/banbientan.com\/tu-dong-hoa-omron\/cam-bien-tiem-can-proximity-sensors\/\">C\u1ea3m bi\u1ebfn ti\u1ec7m c\u1eadn<\/a><br \/>\n<a href=\"https:\/\/banbientan.com\/tu-dong-hoa-omron\/cam-bien-tiem-can-dien-dung\/\">C\u1ea3m bi\u1ebfn \u0111i\u1ec7n dung<\/a><br \/>\n<a href=\"https:\/\/banbientan.com\/tu-dong-hoa-omron\/cam-bien-ap-suat\/\">C\u1ea3m bi\u1ebfn \u00e1p su\u1ea5t<\/a><br \/>\n<a href=\"https:\/\/banbientan.com\/cam-bien-hong-ngoai-do-am\/\">C\u1ea3m bi\u1ebfn h\u1ed3ng ngo\u1ea1i &amp; \u0111\u1ed9 \u1ea9m<\/a><br \/>\n<a href=\"https:\/\/banbientan.com\/cam-bien-an-toan\/\">C\u1ea3m bi\u1ebfn an to\u00e0n<\/a><br \/>\n<a href=\"https:\/\/banbientan.com\/tu-dong-hoa-omron\/cong-tac-hanh-trinh\/\">C\u00f4ng t\u1eafc h\u00e0nh tr\u00ecnh<\/a><a href=\"https:\/\/banbientan.com\/catalogue-omron-tieng-viet\/\">Catalogue Omron ti\u1ebfng vi\u1ec7t<\/a><\/td>\n<td><a href=\"https:\/\/banbientan.com\/tu-dong-hoa-omron\/dong-ho-can-omron\/\">\u0110\u1ed3ng h\u1ed3 hi\u1ec3n th\u1ecb c\u00e2n<\/a><br \/>\n<a href=\"https:\/\/banbientan.com\/tu-dong-hoa-omron\/ro-le-trung-gian-relay\/\">R\u01a1 le trung gian<\/a><br \/>\n<a href=\"https:\/\/banbientan.com\/tu-dong-hoa-omron\/role-ban-dan-solid-state-relay\/\">R\u01a1le b\u00e1n d\u1eabn<\/a><br \/>\n<a href=\"https:\/\/banbientan.com\/tu-dong-hoa-omron\/ro-le-mat-pha-qua-ap-dong\/\">R\u01a1 le b\u1ea3o v\u1ec7 pha, \u00e1p, d\u00f2ng<\/a><br \/>\n<a href=\"https:\/\/banbientan.com\/tu-dong-hoa-omron\/bo-bao-muc-nuoc\/\">B\u1ed9 \u0111o m\u1ee9c n\u01b0\u1edbc<\/a><br \/>\n<a href=\"https:\/\/banbientan.com\/tu-dong-hoa-omron\/man-hinh-hmi\/\">M\u00e0n h\u00ecnh HMI<\/a><br \/>\n<a href=\"https:\/\/banbientan.com\/servo-ac\/\">Servo AC<\/a><br \/>\n<a href=\"https:\/\/banbientan.com\/cap-noi\/\">C\u00e1p n\u1ed1i<\/a><br \/>\n<a href=\"https:\/\/banbientan.com\/tu-dong-hoa-omron\/phan-mem-plc-software\/\">Ph\u1ea7n m\u1ec1m<\/a><\/td>\n<\/tr>\n<\/tbody>\n<\/table>\n","protected":false},"excerpt":{"rendered":"<p>A. T\u00e0i Li\u1ec7u c\u00e1c lo\u1ea1i bi\u1ebfn t\u1ea7n Emerson \u00a0SK Emerson EV2100 Emerson Unidrive M100 Emerson Unidrive M200 Emerson Unidrive M300 Emerson Unidrive M400 Emerson Unidrive M600 Emerson Unidrive M700\u00a0 OMRON 3G3JX OMRON\u00a03G3RX OMRON 3G3MX2 OMRON\u00a03G3MX Inovance MD310 Inovance MD210 Inovance MD280N YASKAWA A1000 YASKAWA V1000 Yaskawa L1000 YASKAWA J1000 YASKAWA G7 YASKAWA MV1000 Toshiba vf_nc3 [&hellip;]<\/p>\n","protected":false},"author":2,"featured_media":0,"parent":0,"menu_order":10,"comment_status":"open","ping_status":"closed","template":"","meta":{"footnotes":""},"class_list":["post-6352","page","type-page","status-publish","hentry"],"_links":{"self":[{"href":"https:\/\/hunglong.banbientan.com\/index.php?rest_route=\/wp\/v2\/pages\/6352","targetHints":{"allow":["GET"]}}],"collection":[{"href":"https:\/\/hunglong.banbientan.com\/index.php?rest_route=\/wp\/v2\/pages"}],"about":[{"href":"https:\/\/hunglong.banbientan.com\/index.php?rest_route=\/wp\/v2\/types\/page"}],"author":[{"embeddable":true,"href":"https:\/\/hunglong.banbientan.com\/index.php?rest_route=\/wp\/v2\/users\/2"}],"replies":[{"embeddable":true,"href":"https:\/\/hunglong.banbientan.com\/index.php?rest_route=%2Fwp%2Fv2%2Fcomments&post=6352"}],"version-history":[{"count":0,"href":"https:\/\/hunglong.banbientan.com\/index.php?rest_route=\/wp\/v2\/pages\/6352\/revisions"}],"wp:attachment":[{"href":"https:\/\/hunglong.banbientan.com\/index.php?rest_route=%2Fwp%2Fv2%2Fmedia&parent=6352"}],"curies":[{"name":"wp","href":"https:\/\/api.w.org\/{rel}","templated":true}]}}