{"id":6826,"date":"2012-07-22T10:39:03","date_gmt":"2012-07-22T03:39:03","guid":{"rendered":"https:\/\/banbientan.com\/?page_id=6826"},"modified":"2012-07-22T10:39:03","modified_gmt":"2012-07-22T03:39:03","slug":"e3fae3ra-loai-moi","status":"publish","type":"page","link":"https:\/\/hunglong.banbientan.com\/?page_id=6826","title":{"rendered":"E3FA\/E3RA lo\u1ea1i m\u1edbi"},"content":{"rendered":"<p><strong>E3FA\/E3RA c\u1ea3m bi\u1ebfn quang th\u1ebf h\u1ec7 m\u1edbi, \u0111a n\u0103ng cao c\u1ea5p, kinh t\u1ebf<\/strong><br \/>\n<a href=\"https:\/\/banbientan.com\/wp-content\/uploads\/2012\/07\/e3fa_photoelectric_sensor.jpg\"><img loading=\"lazy\" decoding=\"async\" title=\"e3fa_photoelectric_sensor\" src=\"https:\/\/banbientan.com\/wp-content\/uploads\/2012\/07\/e3fa_photoelectric_sensor.jpg\" alt=\"\" width=\"231\" height=\"211\" \/><\/a><br \/>\n<strong><a href=\"https:\/\/banbientan.com\/wp-content\/uploads\/2012\/07\/E423.pdf\">Catalog ti\u1ebfng anh E3FA<\/a><\/strong><br \/>\nS\u1ea3n xu\u1ea5t h\u01a1n m\u1ed9t tri\u1ec7u USD m\u1ed7i n\u0103m, Omron l\u00e0 nh\u00e0 s\u1ea3n xu\u1ea5t \u0111\u1ee9ng \u0111\u1ea7u th\u1ebf gi\u1edbi trong c\u00e1c c\u1ea3m bi\u1ebfn quang \u0111i\u1ec7n.<br \/>\nTr\u1ea3i quan h\u01a1n 40 n\u0103m kinh nghi\u1ec7m, Omron l\u00e0 kh\u00f4ng ng\u1eebng t\u0103ng c\u01b0\u1eddng \u0111\u1ea7u t\u01b0\u00a0danh m\u1ee5c c\u1ee7a m\u00ecnh v\u00e0 b\u00e2y gi\u1edd tr\u00ean c\u01a1 s\u1edf c\u1ea3n bi\u1ebfn c\u0169 v\u00e0 m\u1edf r\u1ed9ng lo\u1ea1i M18 h\u00ecnh tr\u1ee5<br \/>\nN\u1ed5i ti\u1ebfng v\u1edbi ch\u1ea5t l\u01b0\u1ee3ng cao v\u00e0 \u0111\u1ed9 tin c\u1eady s\u1ea3n ph\u1ea9m, b\u1ed9 c\u1ea3m bi\u1ebfn quang th\u1ebf h\u1ec7 m\u1edbi c\u1ee7a Omron \u1ee9ng d\u1ee5ng r\u1ed9ng r\u00e3i\u00a0nh\u1ea5t tr\u00ean th\u1ecb tr\u01b0\u1eddng, \u0111\u00e1ng tin c\u1eady v\u00e0 d\u1ec5 s\u1eed d\u1ee5ng .\u00a0B\u1ea5t k\u1ec3 ng\u00e0nh c\u00f4ng nghi\u1ec7p ho\u1eb7c \u1ee9ng d\u1ee5ng c\u1ee7a b\u1ea1n, lo\u1ea1t E3FA c\u00f3 c\u1ea3m bi\u1ebfn ph\u00f9 h\u1ee3p v\u1edbi c\u00f4ng vi\u1ec7c \u1edf m\u1ee9c gi\u00e1 t\u1ed1t nh\u1ea5t so v\u1edbi hi\u1ec7u su\u1ea5t.<br \/>\n<strong>Model th\u00f4ng d\u1ee5ng:<\/strong><\/p>\n<table border=\"0\">\n<tbody>\n<tr>\n<td><a href=\"https:\/\/banbientan.com\/e3fa-tn11\/\">E3FA-TN11<\/a>:\u00a0<strong>Lo\u1ea1i thu ph\u00e1t 20m, NPN<\/strong><a href=\"https:\/\/banbientan.com\/e3fa-tp11\/\">E3FA-TP11<\/a>:\u00a0<strong>Lo\u1ea1i thu ph\u00e1t 20m, PNP<\/strong><br \/>\n<a href=\"https:\/\/banbientan.com\/e3fa-rn11\">E3FA-RN11<\/a>:\u00a0<strong>Lo\u1ea1i ph\u1ea3n x\u1ea1 g\u01b0\u01a1ng 4m, NPN<\/strong><br \/>\n<a href=\"https:\/\/banbientan.com\/e3fa-rp11\">E3FA-RP11<\/a>:\u00a0<strong>Lo\u1ea1i ph\u1ea3n x\u1ea1 g\u01b0\u01a1ng 4m, PNP<\/strong><br \/>\n<a href=\"https:\/\/banbientan.com\/e3fa-dn11\">E3FA-DN11<\/a>:\u00a0Lo\u1ea1i khu\u1ebfch t\u00e1n 100m NPN<\/td>\n<td><a href=\"https:\/\/banbientan.com\/e3fa-dp11\/\">E3FA-DP11<\/a>:\u00a0Lo\u1ea1i khu\u1ebfch t\u00e1n 100m PNP<a href=\"https:\/\/banbientan.com\/e3fa-dn12\/\">E3FA-DN12<\/a>:\u00a0Lo\u1ea1i khu\u1ebfch t\u00e1n 300m NPN<br \/>\n<a href=\"https:\/\/banbientan.com\/e3fa-dp12\/\">E3FA-DP12<\/a>:\u00a0\u00a0 Lo\u1ea1i khu\u1ebfch t\u00e1n 300m PNP<br \/>\n<a href=\"https:\/\/banbientan.com\/e3fa-dn13\/\">E3FA-DN13<\/a>\u00a0\u00a0Lo\u1ea1i khu\u1ebfch t\u00e1n 1 m\u00e9t NPN<br \/>\n<a href=\"https:\/\/banbientan.com\/e3fa-dp13\/\">E3FA-DP13<\/a>\u00a0Lo\u1ea1i khu\u1ebfch t\u00e1n 1 m\u00e9t \u00a0PNP<\/td>\n<\/tr>\n<\/tbody>\n<\/table>\n<p><strong>C\u00e1c t\u00ednh n\u0103ng<\/strong><br \/>\n<a href=\"https:\/\/banbientan.com\/wp-content\/uploads\/2012\/07\/e3fa_01.jpg\"><img loading=\"lazy\" decoding=\"async\" title=\"e3fa_01\" src=\"https:\/\/banbientan.com\/wp-content\/uploads\/2012\/07\/e3fa_01.jpg\" alt=\"\" width=\"425\" height=\"405\" \/><\/a><\/p>\n<p dir=\"ltr\" align=\"left\">D\u00f2ng s\u1ea3n ph\u1ea9m \u00a0E3FA c\u1ee7a Omron \u0111\u01b0\u1ee3c thi\u1ebft k\u1ebf \u00a0nh\u1ecf g\u1ecdn, d\u1ec5 l\u1eafp \u0111\u1eb7t \u00a0c\u0169ng nh\u01b0 d\u1ec5 d\u00e0ng quan s\u00e1t \u0111\u1ec3 \u0111i\u1ec1u ch\u1ec9nh.<\/p>\n<p dir=\"ltr\" align=\"left\">\u0110i\u1ec1u ch\u1ec9nh l\u1edbn v\u00e0 m\u1ea1nh m\u1ebd l\u00e0m cho cu\u1ed9c s\u1ed1ng d\u1ec5 d\u00e0ng h\u01a1n nhi\u1ec1u cho tr\u00ecnh c\u00e0i \u0111\u1eb7t \u0111\u1ec3 \u0111i\u1ec1u ch\u1ec9nh c\u1ea3m bi\u1ebfn, v\u1edbi \u00e1nh s\u00e1ng LED m\u00e0u \u0111\u1ecf, d\u1ec5 d\u00e0ng quan s\u00e1t, g\u00e1 l\u1eafp thu\u1eadn ti\u1ec7n, ngay c\u1ea3 tr\u00ean m\u1ed9t kho\u1ea3ng c\u00e1ch d\u00e0i h\u01a1n.<\/p>\n<p dir=\"ltr\" align=\"left\">T\u01b0\u01a1ng t\u1ef1 nh\u01b0 v\u1eady, LED ch\u1ec9 th\u1ecb c\u1ee7a b\u1ed9 c\u1ea3m bi\u1ebfn c\u00f3 th\u1ec3 \u0111\u01b0\u1ee3c xem t\u1eeb kho\u1ea3ng c\u00e1ch xa v\u00e0 g\u00f3c r\u1ed9ng.<\/p>\n<p dir=\"ltr\"><strong>M\u1ed9t Model cho nhi\u1ec1u \u1ee9ng d\u1ee5ng<\/strong><\/p>\n<p dir=\"ltr\"><a href=\"https:\/\/banbientan.com\/wp-content\/uploads\/2012\/07\/e3fa_02.jpg\"><img loading=\"lazy\" decoding=\"async\" title=\"e3fa_02\" src=\"https:\/\/banbientan.com\/wp-content\/uploads\/2012\/07\/e3fa_02.jpg\" alt=\"\" width=\"297\" height=\"206\" \/><\/a><\/p>\n<p dir=\"ltr\" align=\"left\">Th\u00f4ng th\u01b0\u1eddng \u0111\u01b0\u1ee3c l\u1eafp \u0111\u1eb7t trong c\u00e1c nh\u00e0 m\u00e1y c\u00f4ng nghi\u1ec7p kh\u00e1c nhau, t\u1eeb th\u1ef1c ph\u1ea9m v\u00e0 n\u01b0\u1edbc gi\u1ea3i kh\u00e1t, d\u1ec7t may, g\u1ed1m s\u1ee9 v\u00e0 s\u1ea3n xu\u1ea5t g\u1ea1ch, lu\u00f4n lu\u00f4n c\u00f3 m\u1ed9t m\u00f4 h\u00ecnh E3FA \u0111\u1ec3 ph\u00f9 h\u1ee3p v\u1edbi \u1ee9ng d\u1ee5ng c\u1ee7a b\u1ea1n.<\/p>\n<p dir=\"ltr\" align=\"left\">\u00a0Phi\u00ean b\u1ea3n th\u1eb3ng c\u0169ng c\u00f3 s\u1eb5n v\u1edbi ph\u00e1t hi\u1ec7n n\u1ec1n, ph\u00e1t hi\u1ec7n h\u1ea1n ch\u1ebf ph\u1ea3n x\u1ea1, v\u00e0 c\u00e1c lo\u1ea1i \u0111\u1ed1i t\u01b0\u1ee3ng ph\u00e1t hi\u1ec7n trong su\u1ed1t cho c\u00e1c \u1ee9ng d\u1ee5ng \u0111\u1eb7c bi\u1ec7t.<\/p>\n<p dir=\"ltr\"><strong>c\u00e1c m\u00f4 h\u00ecnh\u00a0<\/strong>\u00a0<strong>\u1ee8ng d\u1ee5ng c\u00e1c m\u00f4 h\u00ecnh c\u1ee5 th\u1ec3<\/strong><\/p>\n<p dir=\"ltr\"><a href=\"https:\/\/banbientan.com\/wp-content\/uploads\/2012\/07\/e3fa_03.jpg\"><img loading=\"lazy\" decoding=\"async\" title=\"e3fa_03\" src=\"https:\/\/banbientan.com\/wp-content\/uploads\/2012\/07\/e3fa_03.jpg\" alt=\"\" width=\"534\" height=\"259\" \/><\/a><\/p>\n<p dir=\"ltr\"><strong>Kh\u00f4ng ng\u1eebng ph\u00e1t hi\u1ec7n<\/strong><\/p>\n<p dir=\"ltr\"><a href=\"https:\/\/banbientan.com\/wp-content\/uploads\/2012\/07\/e3fa_04.jpg\"><img loading=\"lazy\" decoding=\"async\" title=\"e3fa_04\" src=\"https:\/\/banbientan.com\/wp-content\/uploads\/2012\/07\/e3fa_04.jpg\" alt=\"\" width=\"465\" height=\"424\" \/><\/a><\/p>\n<p dir=\"ltr\" align=\"left\">\u0110\u1eb7c bi\u1ec7t thi\u1ebft k\u1ebf cho c\u00e1c lo\u1ea1i m\u00e1y kh\u00f4ng bao gi\u1edd d\u1eebng l\u1ea1i, E3FA \u00a0cung c\u1ea5p c\u1ea3m bi\u1ebfn ho\u00e0n to\u00e0n \u0111\u00e1ng tin c\u1eady trong m\u1ed9t v\u1ecf b\u1ecdc m\u1ea1nh m\u1ebd v\u00e0 kh\u00f4ng th\u1ea5m n\u01b0\u1edbc th\u1eadm ch\u00ed ch\u1ecbu \u0111\u01b0\u1ee3c \u00e1p s\u1ea5t cao.<\/p>\n<p dir=\"ltr\" align=\"left\">V\u01b0\u1ee3t qu\u00e1 ti\u00eau chu\u1ea9n th\u1ecb tr\u01b0\u1eddng,E3FA\u00a0c\u0169ng c\u00f3 b\u1ea3o v\u1ec7 EMC cao v\u00e0 kh\u1ea3 n\u0103ng ch\u1ed1ng nhi\u1ec5u \u00e1nh s\u00e1ng.\u00a0Ngo\u00e0i ra, c\u00f3 th\u00eam l\u1ee3i \u00edch c\u1ee7a \u0111\u00e8n LED c\u00f4ng su\u1ea5t cao, g\u00f3p ph\u1ea7n \u1ed5n \u0111\u1ecbnh c\u1ea3m bi\u1ebfn cao, ngay c\u1ea3 trong m\u00f4i tr\u01b0\u1eddng b\u1ee5i, \u0111\u1ed9 rung \u0111\u1ed9ng.<\/p>\n<p dir=\"ltr\" align=\"left\"><strong>TH\u00d4NG TIN \u0110\u1eb6T H\u00c0NG:<\/strong><\/p>\n<table border=\"0\" cellspacing=\"0\" cellpadding=\"0\">\n<colgroup>\n<col width=\"103\" \/>\n<col width=\"84\" \/>\n<col width=\"120\" \/>\n<col width=\"138\" \/>\n<col width=\"153\" \/><\/colgroup>\n<tbody>\n<tr>\n<td width=\"103\" height=\"17\"><\/td>\n<td width=\"84\"><\/td>\n<td width=\"120\"><\/td>\n<td colspan=\"2\" width=\"291\">Model<\/td>\n<\/tr>\n<tr>\n<td height=\"17\">Lo\u1ea1i<\/td>\n<td>Kho\u1ea3ng c\u00e1ch ph\u00e1t hi\u1ec7n<\/td>\n<td>Ki\u1ec3u n\u1ed1i<\/td>\n<td>NPN<\/td>\n<td>PNP<\/td>\n<\/tr>\n<tr>\n<td height=\"17\">Thu ph\u00e1t<\/td>\n<td>20 m<\/td>\n<td>D\u00e2y n\u1ed1i th\u01b0\u1eddng<\/td>\n<td>E3FA-TN11 2M<\/td>\n<td>E3FA-TP11 2M<\/td>\n<\/tr>\n<tr>\n<td height=\"17\">\u00a0<a href=\"https:\/\/banbientan.com\/wp-content\/uploads\/2012\/07\/thu-phat.jpg\"><img loading=\"lazy\" decoding=\"async\" title=\"thu phat\" src=\"https:\/\/banbientan.com\/wp-content\/uploads\/2012\/07\/thu-phat.jpg\" alt=\"\" width=\"144\" height=\"28\" \/><\/a><\/td>\n<td>20 m<\/td>\n<td>R\u1eafc c\u1eafm M12<\/td>\n<td>E3FA-TN21<\/td>\n<td>\u00a0E3FA-TP21<\/td>\n<\/tr>\n<tr>\n<td height=\"17\">Ph\u1ea3n x\u1ea1 g\u01b0\u01a1ng<\/td>\n<td>0.1 &#8211; 4 m<\/td>\n<td>D\u00e2y n\u1ed1i th\u01b0\u1eddng<\/td>\n<td>E3FA-RN11 2M<\/td>\n<td>\u00a0E3FA-RP11 2M<\/td>\n<\/tr>\n<tr>\n<td height=\"17\">\u00a0<a href=\"https:\/\/banbientan.com\/wp-content\/uploads\/2012\/07\/px-guong.jpg\"><img loading=\"lazy\" decoding=\"async\" title=\"px guong\" src=\"https:\/\/banbientan.com\/wp-content\/uploads\/2012\/07\/px-guong.jpg\" alt=\"\" width=\"100\" height=\"29\" \/><\/a><\/td>\n<td>0.1 &#8211; 4 m<\/td>\n<td>R\u1eafc c\u1eafm M12<\/td>\n<td>E3FA-RN21<\/td>\n<td>\u00a0E3FA-RP21<\/td>\n<\/tr>\n<tr>\n<td height=\"17\">Ph\u1ea3n x\u1ea1 g\u01b0\u01a1ng \u0111\u1ed3ng tr\u1ee5c<\/td>\n<td>0-500 mm<\/td>\n<td>D\u00e2y n\u1ed1i th\u01b0\u1eddng<\/td>\n<td>E3FA-RN12 2M<\/td>\n<td>\u00a0E3FA-RP12 2M<\/td>\n<\/tr>\n<tr>\n<td height=\"17\">\u00a0<a href=\"https:\/\/banbientan.com\/wp-content\/uploads\/2012\/07\/g-dt.jpg\"><img loading=\"lazy\" decoding=\"async\" title=\"g dt\" src=\"https:\/\/banbientan.com\/wp-content\/uploads\/2012\/07\/g-dt.jpg\" alt=\"\" width=\"96\" height=\"32\" \/><\/a><\/td>\n<td>0-500 mm<\/td>\n<td>R\u1eafc c\u1eafm M12<\/td>\n<td>E3FA-RN22<\/td>\n<td>\u00a0E3FA-RP22<\/td>\n<\/tr>\n<tr>\n<td height=\"17\">Khu\u1ebfch t\u00e1n<\/td>\n<td>100 mm<\/td>\n<td>D\u00e2y n\u1ed1i th\u01b0\u1eddng<\/td>\n<td>E3FA-DN11 2M<\/td>\n<td>\u00a0E3FA-DP11 2M<\/td>\n<\/tr>\n<tr>\n<td rowspan=\"2\" height=\"17\">\u00a0\u00a0<a href=\"https:\/\/banbientan.com\/wp-content\/uploads\/2012\/07\/kt.jpg\"><img loading=\"lazy\" decoding=\"async\" title=\"kt\" src=\"https:\/\/banbientan.com\/wp-content\/uploads\/2012\/07\/kt.jpg\" alt=\"\" width=\"83\" height=\"29\" \/><\/a><\/td>\n<td>100 mm<\/td>\n<td>R\u1eafc c\u1eafm M12<\/td>\n<td>E3FA-DN21<\/td>\n<td>\u00a0E3FA-DP21<\/td>\n<\/tr>\n<tr>\n<td>300 mm<\/td>\n<td>D\u00e2y n\u1ed1i th\u01b0\u1eddng<\/td>\n<td>E3FA-DN12 2M<\/td>\n<td>\u00a0E3FA-DP12 2M<\/td>\n<\/tr>\n<tr>\n<td height=\"17\"><\/td>\n<td>300 mm<\/td>\n<td>R\u1eafc c\u1eafm M12<\/td>\n<td>E3FA-DN22<\/td>\n<td>\u00a0E3FA-DP22<\/td>\n<\/tr>\n<tr>\n<td height=\"17\"><\/td>\n<td>1 m<\/td>\n<td>D\u00e2y n\u1ed1i th\u01b0\u1eddng<\/td>\n<td>E3FA-DN13 2M<\/td>\n<td>\u00a0E3FA-DP13 2M<\/td>\n<\/tr>\n<tr>\n<td height=\"17\"><\/td>\n<td>1m<\/td>\n<td>R\u1eafc c\u1eafm M12<\/td>\n<td>E3FA-DN23<\/td>\n<td>\u00a0E3FA-DP23<\/td>\n<\/tr>\n<tr>\n<td height=\"17\">Ch\u1ed1ng ph\u00e1t hi\u1ec7n n\u1ec1n (BGS)<\/td>\n<td>100 mm<\/td>\n<td>D\u00e2y n\u1ed1i th\u01b0\u1eddng<\/td>\n<td>E3FA-LN11 2M<\/td>\n<td>\u00a0E3FA-LP11 2M<\/td>\n<\/tr>\n<tr>\n<td rowspan=\"3\" height=\"17\">\u00a0\u00a0\u00a0<a href=\"https:\/\/banbientan.com\/wp-content\/uploads\/2012\/07\/ph-nen.jpg\"><img loading=\"lazy\" decoding=\"async\" title=\"ph nen\" src=\"https:\/\/banbientan.com\/wp-content\/uploads\/2012\/07\/ph-nen.jpg\" alt=\"\" width=\"92\" height=\"29\" \/><\/a><\/td>\n<td>100 mm<\/td>\n<td>R\u1eafc c\u1eafm M12<\/td>\n<td>E3FA-LN21<\/td>\n<td>\u00a0E3FA-LP21<\/td>\n<\/tr>\n<tr>\n<td>200 mm<\/td>\n<td>D\u00e2y n\u1ed1i th\u01b0\u1eddng<\/td>\n<td>E3FA-LN12 2M<\/td>\n<td>\u00a0E3FA-LP12 2M<\/td>\n<\/tr>\n<tr>\n<td>200 mm<\/td>\n<td>R\u1eafc c\u1eafm M12<\/td>\n<td>E3FA-LN22<\/td>\n<td>\u00a0E3FA-LP22<\/td>\n<\/tr>\n<tr>\n<td height=\"17\">\u0110i\u1ec1u ch\u1ec9nh ng\u01b0\u1ee1ng<\/td>\n<td>10-50 mm<\/td>\n<td>D\u00e2y n\u1ed1i th\u01b0\u1eddng<\/td>\n<td>E3FA-VN11 2M<\/td>\n<td>\u00a0E3FA-VP11 2M<\/td>\n<\/tr>\n<tr>\n<td height=\"17\">\u00a0<a href=\"https:\/\/banbientan.com\/wp-content\/uploads\/2012\/07\/ph-nen.jpg\"><img loading=\"lazy\" decoding=\"async\" title=\"ph nen\" src=\"https:\/\/banbientan.com\/wp-content\/uploads\/2012\/07\/ph-nen.jpg\" alt=\"\" width=\"92\" height=\"29\" \/><\/a><\/td>\n<td>10-50 mm<\/td>\n<td>R\u1eafc c\u1eafm M12<\/td>\n<td>E3FA-VN21<\/td>\n<td>\u00a0E3FA-VP21<\/td>\n<\/tr>\n<tr>\n<td height=\"17\">Ph\u00e1t hi\u1ec7n v\u1eadt trong su\u1ed1t<\/td>\n<td>100- 500 mm<\/td>\n<td>D\u00e2y n\u1ed1i th\u01b0\u1eddng<\/td>\n<td>E3FA-BN11 2M<\/td>\n<td>E3FA-BP11 2M<\/td>\n<\/tr>\n<tr>\n<td height=\"17\">\u00a0<a href=\"https:\/\/banbientan.com\/wp-content\/uploads\/2012\/07\/g-dt.jpg\"><img loading=\"lazy\" decoding=\"async\" title=\"g dt\" src=\"https:\/\/banbientan.com\/wp-content\/uploads\/2012\/07\/g-dt.jpg\" alt=\"\" width=\"96\" height=\"32\" \/><\/a><\/td>\n<td>100- 500 mm<\/td>\n<td><\/td>\n<td>E3FA-BN21<\/td>\n<td>E3FA-BP21<\/td>\n<\/tr>\n<tr>\n<td rowspan=\"2\" height=\"17\">\u00a0\u00a0<a href=\"https:\/\/banbientan.com\/wp-content\/uploads\/2012\/07\/px-guong.jpg\"><img loading=\"lazy\" decoding=\"async\" title=\"px guong\" src=\"https:\/\/banbientan.com\/wp-content\/uploads\/2012\/07\/px-guong.jpg\" alt=\"\" width=\"100\" height=\"29\" \/><\/a><\/td>\n<td>0.1 &#8211; 2 m<\/td>\n<td>D\u00e2y n\u1ed1i th\u01b0\u1eddng<\/td>\n<td>E3FA-BN12 2M<\/td>\n<td>E3FA-BP12 2M<\/td>\n<\/tr>\n<tr>\n<td>0.1 &#8211; 2 m<\/td>\n<td>R\u1eafc c\u1eafm M12<\/td>\n<td>E3FA-BN22<\/td>\n<td>E3FA-BP22<\/td>\n<\/tr>\n<\/tbody>\n<\/table>\n","protected":false},"excerpt":{"rendered":"<p>E3FA\/E3RA c\u1ea3m bi\u1ebfn quang th\u1ebf h\u1ec7 m\u1edbi, \u0111a n\u0103ng cao c\u1ea5p, kinh t\u1ebf Catalog ti\u1ebfng anh E3FA S\u1ea3n xu\u1ea5t h\u01a1n m\u1ed9t tri\u1ec7u USD m\u1ed7i n\u0103m, Omron l\u00e0 nh\u00e0 s\u1ea3n xu\u1ea5t \u0111\u1ee9ng \u0111\u1ea7u th\u1ebf gi\u1edbi trong c\u00e1c c\u1ea3m bi\u1ebfn quang \u0111i\u1ec7n. Tr\u1ea3i quan h\u01a1n 40 n\u0103m kinh nghi\u1ec7m, Omron l\u00e0 kh\u00f4ng ng\u1eebng t\u0103ng c\u01b0\u1eddng \u0111\u1ea7u t\u01b0\u00a0danh [&hellip;]<\/p>\n","protected":false},"author":2,"featured_media":13656,"parent":98,"menu_order":0,"comment_status":"open","ping_status":"closed","template":"","meta":{"footnotes":""},"class_list":["post-6826","page","type-page","status-publish","has-post-thumbnail","hentry"],"_links":{"self":[{"href":"https:\/\/hunglong.banbientan.com\/index.php?rest_route=\/wp\/v2\/pages\/6826","targetHints":{"allow":["GET"]}}],"collection":[{"href":"https:\/\/hunglong.banbientan.com\/index.php?rest_route=\/wp\/v2\/pages"}],"about":[{"href":"https:\/\/hunglong.banbientan.com\/index.php?rest_route=\/wp\/v2\/types\/page"}],"author":[{"embeddable":true,"href":"https:\/\/hunglong.banbientan.com\/index.php?rest_route=\/wp\/v2\/users\/2"}],"replies":[{"embeddable":true,"href":"https:\/\/hunglong.banbientan.com\/index.php?rest_route=%2Fwp%2Fv2%2Fcomments&post=6826"}],"version-history":[{"count":0,"href":"https:\/\/hunglong.banbientan.com\/index.php?rest_route=\/wp\/v2\/pages\/6826\/revisions"}],"up":[{"embeddable":true,"href":"https:\/\/hunglong.banbientan.com\/index.php?rest_route=\/wp\/v2\/pages\/98"}],"wp:featuredmedia":[{"embeddable":true,"href":"https:\/\/hunglong.banbientan.com\/index.php?rest_route=\/"}],"wp:attachment":[{"href":"https:\/\/hunglong.banbientan.com\/index.php?rest_route=%2Fwp%2Fv2%2Fmedia&parent=6826"}],"curies":[{"name":"wp","href":"https:\/\/api.w.org\/{rel}","templated":true}]}}