{"id":7079,"date":"2012-07-24T10:22:13","date_gmt":"2012-07-24T03:22:13","guid":{"rendered":"https:\/\/banbientan.com\/?page_id=7079"},"modified":"2012-07-24T10:22:13","modified_gmt":"2012-07-24T03:22:13","slug":"es2-loai-do-do-am","status":"publish","type":"page","link":"https:\/\/hunglong.banbientan.com\/?page_id=7079","title":{"rendered":"ES2 Lo\u1ea1i \u0110o \u0110\u1ed9 \u1ea9m"},"content":{"rendered":"<p><a href=\"https:\/\/banbientan.com\/wp-content\/uploads\/2012\/07\/es2-hb_humidity_sensor.jpg\"><img loading=\"lazy\" decoding=\"async\" class=\"alignnone size-medium wp-image-7080\" title=\"es2-hb_humidity_sensor\" src=\"https:\/\/banbientan.com\/wp-content\/uploads\/2012\/07\/es2-hb_humidity_sensor-300x231.jpg\" alt=\"\" width=\"300\" height=\"231\" \/><\/a><br \/>\n<strong><a href=\"https:\/\/banbientan.com\/wp-content\/uploads\/2012\/07\/BH-2SE.pdf\">T\u00e0i li\u1ec7u ti\u1ebfng anh ES2<\/a><\/strong><\/p>\n<ul>\n<li>C\u1ea3m bi\u1ebfn nhi\u1ec7t \u0111\u1ed9 0~55<sup>0<\/sup>C v\u00e0 \u0111\u1ed9 \u1ea9m 20~95% ng\u1ecf ra analog.<\/li>\n<li>Ngu\u1ed3n c\u1ea5p 24VDC, d\u00f2ng ti\u00eau th\u1ee5 t\u1ed1i \u0111a 10mA.<\/li>\n<li>T\u1ea7m \u0111o \u0111\u1ed9 \u1ea9m 20~95% v\u1edbi ng\u1ecf ra analog 1-5VDC (0-100%)<\/li>\n<li>T\u1ea7m \u0111o nhi\u1ec7t \u0111\u1ed9 0~550C lo\u1ea1i Pt100, Class B (JIS)<\/li>\n<li>C\u1ea5p ch\u00ednh x\u00e1c \u00b13% \u1edf t\u1ea7m \u0111o 40~80%<\/li>\n<li>S\u1eed d\u1ee5ng ch\u1ea5t li\u1ec7u high-polymer-resistive tu\u1ed5i th\u1ecd cao<\/li>\n<li>\u1ee8ng d\u1ee5ng trong \u0111i\u1ec1u khi\u1ec3n nhi\u1ec7t \u0111\u1ed9 v\u00e0 \u0111\u1ed9 \u1ea9m kh\u00f4ng kh\u00ed trong nh\u00e0 kho, ph\u00f2ng l\u01b0u tr\u1eef, ph\u00f2ng tr\u1ed3ng c\u00e2y, \u2026.<\/li>\n<\/ul>\n<ul>\n<li>M\u1ed9t s\u1ed1 model th\u00f4ng d\u1ee5ng:\n<ul>\n<li><strong>ES2-THB<\/strong>\u00a0\u0111o nhi\u1ec7t \u0111\u1ed9 v\u00e0 \u0111\u1ed9 \u1ea9m<\/li>\n<li><strong>ES2-HB\u00a0<\/strong>\u0111o \u0111\u1ed9 \u1ea9m<\/li>\n<\/ul>\n<\/li>\n<\/ul>\n<p><strong>\u1ee9ng d\u1ee5ng:<\/strong><br \/>\n<strong>\u0110o nhi\u1ec7t \u0111\u1ed9 v\u00e0 ki\u1ec3m so\u00e1t \u0111\u1ed9 \u1ea9m cho rau v\u00e0 tr\u00e1i c\u00e2y ph\u00f2ng<\/strong><br \/>\n<a href=\"https:\/\/banbientan.com\/wp-content\/uploads\/2012\/07\/es2-hb_humidity_sensor_application_01.gif\"><img loading=\"lazy\" decoding=\"async\" class=\"alignnone size-full wp-image-7085\" title=\"es2-hb_humidity_sensor_application_01\" src=\"https:\/\/banbientan.com\/wp-content\/uploads\/2012\/07\/es2-hb_humidity_sensor_application_01.gif\" alt=\"\" width=\"397\" height=\"302\" \/><\/a><br \/>\n<strong>\u0110o nhi\u1ec7t \u0111\u1ed9 v\u00e0 ki\u1ec3m so\u00e1t \u0111\u1ed9 \u1ea9m cho l\u00f2 s\u1ea5y<\/strong><br \/>\n<a href=\"https:\/\/banbientan.com\/wp-content\/uploads\/2012\/07\/es2-hb_humidity_sensor_application_02.gif\"><img loading=\"lazy\" decoding=\"async\" class=\"alignnone size-full wp-image-7086\" title=\"es2-hb_humidity_sensor_application_02\" src=\"https:\/\/banbientan.com\/wp-content\/uploads\/2012\/07\/es2-hb_humidity_sensor_application_02.gif\" alt=\"\" width=\"375\" height=\"265\" \/><\/a><br \/>\n<strong>Gi\u00e1m s\u00e1t v\u00e0 thu th\u1eadp d\u1eef li\u1ec7u cho c\u00e1c ph\u00f2ng s\u1ea1ch v\u00e0 c\u00e1c \u0111\u1ecba \u0111i\u1ec3m l\u01b0u tr\u1eef<\/strong><br \/>\n<a href=\"https:\/\/banbientan.com\/wp-content\/uploads\/2012\/07\/es2-hb_humidity_sensor_application_03.gif\"><img loading=\"lazy\" decoding=\"async\" class=\"alignnone size-full wp-image-7087\" title=\"es2-hb_humidity_sensor_application_03\" src=\"https:\/\/banbientan.com\/wp-content\/uploads\/2012\/07\/es2-hb_humidity_sensor_application_03.gif\" alt=\"\" width=\"372\" height=\"193\" \/><\/a><br \/>\n<strong>Ki\u1ec3m so\u00e1t \u0111\u1ed9 \u1ea9m cho nh\u00e0 kho v\u00e0 c\u00e1c ph\u00f2ng, \u1ed5n \u0111\u1ecbnh \u0111\u1ed9 \u1ea9m cho qu\u00e1 tr\u00ecnh l\u00ean men ho\u1eb7c l\u00e0m ch\u00edn<\/strong><br \/>\n<a href=\"https:\/\/banbientan.com\/wp-content\/uploads\/2012\/07\/es2-hb_humidity_sensor_application_04.gif\"><img loading=\"lazy\" decoding=\"async\" class=\"alignnone size-full wp-image-7088\" title=\"es2-hb_humidity_sensor_application_04\" src=\"https:\/\/banbientan.com\/wp-content\/uploads\/2012\/07\/es2-hb_humidity_sensor_application_04.gif\" alt=\"\" width=\"331\" height=\"187\" \/><\/a><br \/>\n<strong>Ki\u1ec3m so\u00e1t \u0111\u1ed9 \u1ea9m cho nh\u00e0 x\u01b0\u1edfng tr\u1ed3ng c\u00e2y v\u00e0 nh\u00e0 k\u00ednh<\/strong><br \/>\n<a href=\"https:\/\/banbientan.com\/wp-content\/uploads\/2012\/07\/es2-hb_humidity_sensor_application_05.gif\"><img loading=\"lazy\" decoding=\"async\" class=\"alignnone size-full wp-image-7089\" title=\"es2-hb_humidity_sensor_application_05\" src=\"https:\/\/banbientan.com\/wp-content\/uploads\/2012\/07\/es2-hb_humidity_sensor_application_05.gif\" alt=\"\" width=\"334\" height=\"185\" \/><\/a><\/p>\n","protected":false},"excerpt":{"rendered":"<p>T\u00e0i li\u1ec7u ti\u1ebfng anh ES2 C\u1ea3m bi\u1ebfn nhi\u1ec7t \u0111\u1ed9 0~550C v\u00e0 \u0111\u1ed9 \u1ea9m 20~95% ng\u1ecf ra analog. Ngu\u1ed3n c\u1ea5p 24VDC, d\u00f2ng ti\u00eau th\u1ee5 t\u1ed1i \u0111a 10mA. T\u1ea7m \u0111o \u0111\u1ed9 \u1ea9m 20~95% v\u1edbi ng\u1ecf ra analog 1-5VDC (0-100%) T\u1ea7m \u0111o nhi\u1ec7t \u0111\u1ed9 0~550C lo\u1ea1i Pt100, Class B (JIS) C\u1ea5p ch\u00ednh x\u00e1c \u00b13% \u1edf t\u1ea7m \u0111o 40~80% [&hellip;]<\/p>\n","protected":false},"author":2,"featured_media":0,"parent":7058,"menu_order":4,"comment_status":"open","ping_status":"closed","template":"","meta":{"footnotes":""},"class_list":["post-7079","page","type-page","status-publish","hentry"],"_links":{"self":[{"href":"https:\/\/hunglong.banbientan.com\/index.php?rest_route=\/wp\/v2\/pages\/7079","targetHints":{"allow":["GET"]}}],"collection":[{"href":"https:\/\/hunglong.banbientan.com\/index.php?rest_route=\/wp\/v2\/pages"}],"about":[{"href":"https:\/\/hunglong.banbientan.com\/index.php?rest_route=\/wp\/v2\/types\/page"}],"author":[{"embeddable":true,"href":"https:\/\/hunglong.banbientan.com\/index.php?rest_route=\/wp\/v2\/users\/2"}],"replies":[{"embeddable":true,"href":"https:\/\/hunglong.banbientan.com\/index.php?rest_route=%2Fwp%2Fv2%2Fcomments&post=7079"}],"version-history":[{"count":0,"href":"https:\/\/hunglong.banbientan.com\/index.php?rest_route=\/wp\/v2\/pages\/7079\/revisions"}],"up":[{"embeddable":true,"href":"https:\/\/hunglong.banbientan.com\/index.php?rest_route=\/wp\/v2\/pages\/7058"}],"wp:attachment":[{"href":"https:\/\/hunglong.banbientan.com\/index.php?rest_route=%2Fwp%2Fv2%2Fmedia&parent=7079"}],"curies":[{"name":"wp","href":"https:\/\/api.w.org\/{rel}","templated":true}]}}