{"id":717,"date":"2011-10-02T00:43:56","date_gmt":"2011-10-01T17:43:56","guid":{"rendered":"http:\/\/banbientan.wordpress.com\/?page_id=717"},"modified":"2011-10-02T00:43:56","modified_gmt":"2011-10-01T17:43:56","slug":"3g3jx","status":"publish","type":"page","link":"https:\/\/hunglong.banbientan.com\/?page_id=717","title":{"rendered":"3G3JX lo\u1ea1i nh\u1ecf"},"content":{"rendered":"<p>&nbsp;<br \/>\n3G3JX Lo\u1ea1i\u00a0nh\u1ecf (0,1-7,5kW)<br \/>\n<a href=\"https:\/\/banbientan.com\/wp-content\/uploads\/2011\/10\/bien-tan-3g3jx-omron.jpg\"><img loading=\"lazy\" decoding=\"async\" class=\"alignnone size-full wp-image-4893\" title=\"bien tan 3g3jx omron\" src=\"https:\/\/banbientan.com\/wp-content\/uploads\/2011\/10\/bien-tan-3g3jx-omron.jpg\" alt=\"\" width=\"557\" height=\"277\" \/><\/a><br \/>\n<strong><a href=\"https:\/\/banbientan.com\/wp-content\/uploads\/2011\/10\/3G3JX_training_material_vn.pdf\">H\u01b0\u1edbng d\u1eabn c\u00e0i \u0111\u1eb7t bi\u1ebfn t\u1ea7n 3G3JX Omron ti\u1ebfng vi\u1ec7t<\/a><\/strong><br \/>\n<strong><a href=\"https:\/\/banbientan.com\/wp-content\/uploads\/2011\/10\/3G3JX_vn.pdf\">Catalog ti\u1ebfng vi\u1ec7t bi\u1ebfn t\u1ea7n 3G3JX<\/a><\/strong><br \/>\n<strong><a href=\"https:\/\/banbientan.com\/wp-content\/uploads\/2011\/10\/3G3JX.pdf\">Catalog ti\u1ebfng anh bi\u1ebfn t\u1ea7n 3G3JX<\/a><\/strong><br \/>\n\u2022\u00a0C\u00f4ng su\u1ea5t: 0,1 kw &#8211; 7,5kW, \u0111i\u1ec1u khi\u1ec3n d\u1ea1ng V\/f<br \/>\n\u2022\u00a0Ti\u1ebft ki\u1ec7m n\u0103ng l\u01b0\u1ee3ng v\u00e0 t\u0103ng tu\u1ed5i th\u1ecd \u0111\u1ed9ng c\u01a1<br \/>\n\u2022\u00a0\u0110\u00e1p \u1ee9ng ti\u00eau chu\u1ea9n RoHS kh\u00f4ng s\u1eed d\u1ee5ng 6 ch\u1ea5t \u0111\u1ed9c h\u1ea1i trong s\u1ea3n ph\u1ea9m (b\u1ea3o v\u1ec7 m\u00f4i tr\u01b0\u1eddng)<br \/>\n\u2022\u00a0L\u1eafp \u0111\u1eb7t, s\u1eed d\u1ee5ng d\u1ec5 d\u00e0ng, b\u1ea3o tr\u00ec thu\u1eadn ti\u1ec7n<br \/>\n\u2022\u00a0Nhi\u1ec1u ch\u1ee9c n\u0103ng m\u1edbi gi\u1ea3m thi\u1ec3u gi\u00e1 th\u00e0nh t\u1ed5ng th\u1ec3 cho kh\u00e1ch h\u00e0ng<br \/>\n\u2022\u00a0Thu\u1eadt \u0111i\u1ec1u khi\u1ec3n PID<br \/>\n\u2022\u00a0Kh\u1ea3 n\u0103ng l\u1eafp \u0111\u1eb7t s\u00e1t nhau<br \/>\n\u2022\u00a0Ch\u1ee9c n\u0103ng d\u1eebng kh\u1ea9n c\u1ea5p<br \/>\n\u2022\u00a0C\u00f3 s\u1eb5n l\u1ecdc nhi\u1ec5u t\u00edn hi\u1ec7u v\u00f4 tuy\u1ebfn<br \/>\n\u2022\u00a0T\u1ef1 kh\u1edfi \u0111\u1ed9ng sau m\u1ea5t \u0111i\u1ec7n nh\u1ea5t th\u1eddi<br \/>\n\u2022\u00a0C\u00f3 ch\u1ee9c n\u0103ng truy\u1ec1n th\u00f4ng<br \/>\n\u2022\u00a01 \u0111\u1ea7u ra s\u1ed1 v\u00e0 1 \u0111\u1ea7u ra analog th\u00f4ng b\u00e1o t\u00ecnh tr\u1ea1ng bi\u1ebfn t\u1ea7n.<br \/>\n\u2022\u00a0C\u00f3 chi\u1ebft \u00e1p ch\u1ec9nh t\u1ed1c \u0111\u1ed9 t\u00edch h\u1ee3p tr\u00ean bi\u1ebfn t\u1ea7n<br \/>\n\u2022\u00a0C\u00f3 c\u1ed5ng truy\u1ec1n th\u00f4ng RS-422\/485 s\u1eed d\u1ee5ng giao th\u1ee9c MODBUS-RTU<br \/>\n<span style=\"text-decoration: underline;\"><strong>Model th\u00f4ng d\u1ee5ng:<\/strong><\/span><br \/>\n&nbsp;<\/p>\n<table border=\"1\" cellspacing=\"0\" cellpadding=\"0\">\n<tbody>\n<tr>\n<td valign=\"top\" width=\"132\"><strong>3 pha 220AC<\/strong><\/td>\n<td valign=\"top\" width=\"120\"><strong>3 pha 380AC<\/strong><\/td>\n<td valign=\"top\" width=\"84\"><strong>C\u00f4ng su\u1ea5t<\/strong><\/td>\n<\/tr>\n<tr>\n<td valign=\"top\" width=\"132\">3G3JX-A2004<\/td>\n<td valign=\"top\" width=\"120\">3G3JX-A4004<\/td>\n<td valign=\"top\" width=\"84\"><strong>0,4 KW<\/strong><\/td>\n<\/tr>\n<tr>\n<td valign=\"top\" width=\"132\"><a href=\"https:\/\/banbientan.com\/3g3jx-a2007\/\"><strong>3G3JX-A2007<\/strong><\/a><\/td>\n<td valign=\"top\" width=\"120\"><a href=\"https:\/\/banbientan.com\/3g3jx-a4007\/\"><strong>3G3JX-A4007<\/strong><\/a><\/td>\n<td valign=\"top\" width=\"84\"><strong>0,75KW<\/strong><\/td>\n<\/tr>\n<tr>\n<td valign=\"top\" width=\"132\"><a href=\"https:\/\/banbientan.com\/3g3jx-a2015\"><strong>3G3JX-A2015<\/strong><\/a><\/td>\n<td valign=\"top\" width=\"120\"><a href=\"https:\/\/banbientan.com\/3g3jx-a4015\"><strong>3G3JX-A4015<\/strong><\/a><\/td>\n<td valign=\"top\" width=\"84\"><strong>1,5 KW<\/strong><\/td>\n<\/tr>\n<tr>\n<td valign=\"top\" width=\"132\"><a href=\"https:\/\/banbientan.com\/3g3jx-a2022\"><strong>3G3JX-A2022<\/strong><\/a><\/td>\n<td valign=\"top\" width=\"120\"><a href=\"https:\/\/banbientan.com\/3g3jx-a4022\"><strong>3G3JX-A4022<\/strong><\/a><\/td>\n<td valign=\"top\" width=\"84\"><strong>2,2 KW<\/strong><\/td>\n<\/tr>\n<tr>\n<td valign=\"top\" width=\"132\"><a href=\"https:\/\/banbientan.com\/3g3jx-a2037\"><strong>3G3JX-A2037<\/strong><\/a><\/td>\n<td valign=\"top\" width=\"120\"><a href=\"https:\/\/banbientan.com\/3g3jx-a4037\"><strong>3G3JX-A4037<\/strong><\/a><\/td>\n<td valign=\"top\" width=\"84\"><strong>3,7 KW<\/strong><\/td>\n<\/tr>\n<tr>\n<td valign=\"top\" width=\"132\"><a href=\"https:\/\/banbientan.com\/3g3jx-a2055\"><strong>3G3JX-A2055<\/strong><\/a><\/td>\n<td valign=\"top\" width=\"120\"><a href=\"https:\/\/banbientan.com\/3g3jx-a4055\"><strong>3G3JX-A4055<\/strong><\/a><\/td>\n<td valign=\"top\" width=\"84\"><strong>5,5 kW<\/strong><\/td>\n<\/tr>\n<tr>\n<td valign=\"top\" width=\"132\"><a href=\"https:\/\/banbientan.com\/3g3jx-a2075\"><strong>3G3JX-A2075<\/strong><\/a><\/td>\n<td valign=\"top\" width=\"120\"><a href=\"https:\/\/banbientan.com\/3g3jx-a4075\"><strong>3G3JX-A4075<\/strong><\/a><\/td>\n<td valign=\"top\" width=\"84\"><strong>7,5 kW<\/strong><\/td>\n<\/tr>\n<\/tbody>\n<\/table>\n<p>C\u00e1c lo\u1ea1i kh\u00e1c:<\/p>\n<ol>\n<li><a title=\"Permalink to Bi\u1ebfn t\u1ea7n \u0111a n\u0103ng cao c\u1ea5p 3G3MX2\" href=\"https:\/\/banbientan.com\/may-bien-tan-3g3mx2\/\" rel=\"bookmark\">3G3MX2<\/a><\/li>\n<li><a title=\"Permalink to 3G3MX bi\u1ebfn t\u1ea7n lo\u1ea1i trung 0.2 \u2013 7.5kw\" href=\"https:\/\/banbientan.com\/3g3mx\/\" rel=\"bookmark\">3G3MX<\/a><\/li>\n<li><a title=\"Permalink to 3G3RX Lo\u1ea1i l\u1edbn (0,4-400kW)\" href=\"https:\/\/banbientan.com\/bien-tan-3g3rx-omrom\/\" rel=\"bookmark\">3G3RX<\/a><\/li>\n<\/ol>\n","protected":false},"excerpt":{"rendered":"<p>&nbsp; 3G3JX Lo\u1ea1i\u00a0nh\u1ecf (0,1-7,5kW) H\u01b0\u1edbng d\u1eabn c\u00e0i \u0111\u1eb7t bi\u1ebfn t\u1ea7n 3G3JX Omron ti\u1ebfng vi\u1ec7t Catalog ti\u1ebfng vi\u1ec7t bi\u1ebfn t\u1ea7n 3G3JX Catalog ti\u1ebfng anh bi\u1ebfn t\u1ea7n 3G3JX \u2022\u00a0C\u00f4ng su\u1ea5t: 0,1 kw &#8211; 7,5kW, \u0111i\u1ec1u khi\u1ec3n d\u1ea1ng V\/f \u2022\u00a0Ti\u1ebft ki\u1ec7m n\u0103ng l\u01b0\u1ee3ng v\u00e0 t\u0103ng tu\u1ed5i th\u1ecd \u0111\u1ed9ng c\u01a1 \u2022\u00a0\u0110\u00e1p \u1ee9ng ti\u00eau chu\u1ea9n RoHS kh\u00f4ng s\u1eed d\u1ee5ng 6 [&hellip;]<\/p>\n","protected":false},"author":2,"featured_media":4893,"parent":112,"menu_order":2,"comment_status":"open","ping_status":"closed","template":"","meta":{"footnotes":""},"class_list":["post-717","page","type-page","status-publish","has-post-thumbnail","hentry"],"_links":{"self":[{"href":"https:\/\/hunglong.banbientan.com\/index.php?rest_route=\/wp\/v2\/pages\/717","targetHints":{"allow":["GET"]}}],"collection":[{"href":"https:\/\/hunglong.banbientan.com\/index.php?rest_route=\/wp\/v2\/pages"}],"about":[{"href":"https:\/\/hunglong.banbientan.com\/index.php?rest_route=\/wp\/v2\/types\/page"}],"author":[{"embeddable":true,"href":"https:\/\/hunglong.banbientan.com\/index.php?rest_route=\/wp\/v2\/users\/2"}],"replies":[{"embeddable":true,"href":"https:\/\/hunglong.banbientan.com\/index.php?rest_route=%2Fwp%2Fv2%2Fcomments&post=717"}],"version-history":[{"count":0,"href":"https:\/\/hunglong.banbientan.com\/index.php?rest_route=\/wp\/v2\/pages\/717\/revisions"}],"up":[{"embeddable":true,"href":"https:\/\/hunglong.banbientan.com\/index.php?rest_route=\/wp\/v2\/pages\/112"}],"wp:featuredmedia":[{"embeddable":true,"href":"https:\/\/hunglong.banbientan.com\/index.php?rest_route=\/"}],"wp:attachment":[{"href":"https:\/\/hunglong.banbientan.com\/index.php?rest_route=%2Fwp%2Fv2%2Fmedia&parent=717"}],"curies":[{"name":"wp","href":"https:\/\/api.w.org\/{rel}","templated":true}]}}